{"id":10452,"date":"2021-04-16T15:49:16","date_gmt":"2021-04-16T12:49:16","guid":{"rendered":"https:\/\/mahmutnurikaratoprak.com\/fr\/?page_id=10452"},"modified":"2021-07-27T13:20:46","modified_gmt":"2021-07-27T10:20:46","slug":"blog","status":"publish","type":"page","link":"https:\/\/mahmutnurikaratoprak.com\/fr\/blog","title":{"rendered":"Blog"},"content":{"rendered":"\t\t<div data-elementor-type=\"wp-page\" data-elementor-id=\"10452\" class=\"elementor elementor-10452\" data-elementor-settings=\"[]\">\n\t\t\t\t\t\t\t<div class=\"elementor-section-wrap\">\n\t\t\t\t\t\t\t<section class=\"elementor-section elementor-top-section elementor-element elementor-element-9382255 elementor-section-stretched elementor-section-boxed elementor-section-height-default elementor-section-height-default wd-section-disabled\" data-id=\"9382255\" data-element_type=\"section\" data-settings=\"{&quot;stretch_section&quot;:&quot;section-stretched&quot;,&quot;background_background&quot;:&quot;classic&quot;}\">\n\t\t\t\t\t\t<div class=\"elementor-container elementor-column-gap-extended\">\n\t\t\t\t\t<div class=\"elementor-column elementor-col-100 elementor-top-column elementor-element elementor-element-1221022\" data-id=\"1221022\" data-element_type=\"column\">\n\t\t\t<div class=\"elementor-widget-wrap elementor-element-populated\">\n\t\t\t\t\t\t\t\t<div class=\"elementor-element elementor-element-029e53e elementor-widget elementor-widget-wd_blog\" data-id=\"029e53e\" data-element_type=\"widget\" data-widget_type=\"wd_blog.default\">\n\t\t\t\t<div class=\"elementor-widget-container\">\n\t\t\t\t\t\t\t\t\t\t<div class=\"woodmart-blog-holder blog-shortcode blog-pagination- masonry-container woodmart-spacing-30 row\" id=\"69e779c2d5809\" data-paged=\"1\" data-atts=\"{&quot;post_type&quot;:&quot;post&quot;,&quot;items_per_page&quot;:12,&quot;include&quot;:null,&quot;taxonomies&quot;:&quot;&quot;,&quot;offset&quot;:&quot;&quot;,&quot;orderby&quot;:&quot;&quot;,&quot;order&quot;:&quot;DESC&quot;,&quot;meta_key&quot;:null,&quot;exclude&quot;:&quot;&quot;,&quot;parts_media&quot;:true,&quot;parts_title&quot;:&quot;1&quot;,&quot;parts_meta&quot;:&quot;&quot;,&quot;parts_text&quot;:&quot;1&quot;,&quot;parts_btn&quot;:&quot;&quot;,&quot;img_size&quot;:&quot;large&quot;,&quot;blog_design&quot;:&quot;masonry&quot;,&quot;blog_carousel_design&quot;:null,&quot;blog_columns&quot;:{&quot;unit&quot;:&quot;px&quot;,&quot;size&quot;:3,&quot;sizes&quot;:[]},&quot;blog_spacing&quot;:30,&quot;pagination&quot;:&quot;&quot;,&quot;speed&quot;:null,&quot;slides_per_view&quot;:null,&quot;wrap&quot;:null,&quot;autoplay&quot;:null,&quot;hide_pagination_control&quot;:null,&quot;hide_prev_next_buttons&quot;:null,&quot;scroll_per_page&quot;:null,&quot;lazy_loading&quot;:&quot;no&quot;,&quot;scroll_carousel_init&quot;:null,&quot;ajax_page&quot;:&quot;&quot;,&quot;custom_sizes&quot;:false,&quot;elementor&quot;:true}\" data-source=\"shortcode\">\n\t\t\t\t\t\t\t\n\t\t\t\t\t\t\t\t\t\t\t\t\t\t\n<article id=\"post-12233\" class=\"blog-design-masonry blog-post-loop blog-style-shadow  col-md-4 col-sm-6 col-12 post-12233 post type-post status-publish format-standard has-post-thumbnail hentry category-dr-mahmut-nuri\">\n\t<div class=\"article-inner\">\n\t\t\t\t\t<header class=\"entry-header\">\n\t\t\t\t\t\t\t\t\t<figure id=\"carousel-724\" class=\"entry-thumbnail\">\n\t\t\t\t\t\t\n\t\t\t\t\t\t\t<div class=\"post-img-wrapp\">\n\t\t\t\t\t\t\t\t<a href=\"https:\/\/mahmutnurikaratoprak.com\/fr\/chirurgie-de-liposuccion.html\">\n\t\t\t\t\t\t\t\t\t<img loading=\"lazy\" decoding=\"async\" width=\"1024\" height=\"720\" src=\"https:\/\/mahmutnurikaratoprak.com\/fr\/wp-content\/uploads\/2021\/06\/how-to-perform-liposuction-surgery-1.jpg\" class=\"attachment-large size-large\" alt=\"\" srcset=\"https:\/\/mahmutnurikaratoprak.com\/fr\/wp-content\/uploads\/2021\/06\/how-to-perform-liposuction-surgery-1.jpg 1024w, https:\/\/mahmutnurikaratoprak.com\/fr\/wp-content\/uploads\/2021\/06\/how-to-perform-liposuction-surgery-1-300x211.jpg 300w, https:\/\/mahmutnurikaratoprak.com\/fr\/wp-content\/uploads\/2021\/06\/how-to-perform-liposuction-surgery-1-768x540.jpg 768w\" sizes=\"auto, (max-width: 1024px) 100vw, 1024px\" \/>\t\t\t\t\t\t\t\t<\/a>\n\t\t\t\t\t\t\t<\/div>\n\t\t\t\t\t\t\t<div class=\"post-image-mask\">\n\t\t\t\t\t\t\t\t<span><\/span>\n\t\t\t\t\t\t\t<\/div>\n\t\t\t\t\t\t\t\n\t\t\t\t\t\t\n\t\t\t\t\t<\/figure>\n\t\t\t\t\t\t\t\t\n\t\t\t\t\t\t\t\t\t\t\t\t<div class=\"post-date woodmart-post-date\" onclick=\"\">\n\t\t\t\t<span class=\"post-date-day\">\n\t\t\t\t\t03\t\t\t\t<\/span>\n\t\t\t\t<span class=\"post-date-month\">\n\t\t\t\t\tHaz\t\t\t\t<\/span>\n\t\t\t<\/div>\n\t\t\t\t\t\t\n\t\t\t<\/header><!-- .entry-header -->\n\n\t\t<div class=\"article-body-container\">\n\t\t\t\n\t\t\t\t\n\t\t\t\t\t\t\t\t\t<h3 class=\"entry-title title\">\n\t\t\t\t\t\t<a href=\"https:\/\/mahmutnurikaratoprak.com\/fr\/chirurgie-de-liposuccion.html\" rel=\"bookmark\">Chirurgie de Liposuccion<\/a>\n\t\t\t\t\t<\/h3>\n\t\t\t\t\n\t\t\t\t\t\t\t\n\t\t\t\t\t\t\t<div class=\"entry-content woodmart-entry-content\">\n\t\t\t\t\tAvant la chirurgie de liposuccion, combien de graisse sera retir\u00e9 de quelle partie de la personne est discut\u00e9e entre le m\u00e9decin et le p...\t\t\t\t\t\t\t\t\t<\/div><!-- .entry-content -->\n\t\t\t\n\t\t\t\n\t\t\t\t\t<\/div>\n\t<\/div>\n<\/article><!-- #post -->\n\n\n\t\t\t\t\t\t\t\t\t\t\t\t\t\t\n<article id=\"post-12228\" class=\"blog-design-masonry blog-post-loop blog-style-shadow  col-md-4 col-sm-6 col-12 first  post-12228 post type-post status-publish format-standard has-post-thumbnail hentry category-dr-mahmut-nuri\">\n\t<div class=\"article-inner\">\n\t\t\t\t\t<header class=\"entry-header\">\n\t\t\t\t\t\t\t\t\t<figure id=\"carousel-547\" class=\"entry-thumbnail\">\n\t\t\t\t\t\t\n\t\t\t\t\t\t\t<div class=\"post-img-wrapp\">\n\t\t\t\t\t\t\t\t<a href=\"https:\/\/mahmutnurikaratoprak.com\/fr\/operation-daugmentation-mammaire.html\">\n\t\t\t\t\t\t\t\t\t<img loading=\"lazy\" decoding=\"async\" width=\"1024\" height=\"720\" src=\"https:\/\/mahmutnurikaratoprak.com\/fr\/wp-content\/uploads\/2021\/06\/Basliksiz-1.png\" class=\"attachment-large size-large\" alt=\"\" srcset=\"https:\/\/mahmutnurikaratoprak.com\/fr\/wp-content\/uploads\/2021\/06\/Basliksiz-1.png 1024w, https:\/\/mahmutnurikaratoprak.com\/fr\/wp-content\/uploads\/2021\/06\/Basliksiz-1-300x211.png 300w, https:\/\/mahmutnurikaratoprak.com\/fr\/wp-content\/uploads\/2021\/06\/Basliksiz-1-768x540.png 768w\" sizes=\"auto, (max-width: 1024px) 100vw, 1024px\" \/>\t\t\t\t\t\t\t\t<\/a>\n\t\t\t\t\t\t\t<\/div>\n\t\t\t\t\t\t\t<div class=\"post-image-mask\">\n\t\t\t\t\t\t\t\t<span><\/span>\n\t\t\t\t\t\t\t<\/div>\n\t\t\t\t\t\t\t\n\t\t\t\t\t\t\n\t\t\t\t\t<\/figure>\n\t\t\t\t\t\t\t\t\n\t\t\t\t\t\t\t\t\t\t\t\t<div class=\"post-date woodmart-post-date\" onclick=\"\">\n\t\t\t\t<span class=\"post-date-day\">\n\t\t\t\t\t03\t\t\t\t<\/span>\n\t\t\t\t<span class=\"post-date-month\">\n\t\t\t\t\tHaz\t\t\t\t<\/span>\n\t\t\t<\/div>\n\t\t\t\t\t\t\n\t\t\t<\/header><!-- .entry-header -->\n\n\t\t<div class=\"article-body-container\">\n\t\t\t\n\t\t\t\t\n\t\t\t\t\t\t\t\t\t<h3 class=\"entry-title title\">\n\t\t\t\t\t\t<a href=\"https:\/\/mahmutnurikaratoprak.com\/fr\/operation-daugmentation-mammaire.html\" rel=\"bookmark\">Op\u00e9ration D\u2019augmentation Mammaire<\/a>\n\t\t\t\t\t<\/h3>\n\t\t\t\t\n\t\t\t\t\t\t\t\n\t\t\t\t\t\t\t<div class=\"entry-content woodmart-entry-content\">\n\t\t\t\t\tLa chirurgie d\u2019augmentation mammaire est le plus souvent effectu\u00e9e pour agrandir la taille des seins chez les femmes qui sont insatisfa...\t\t\t\t\t\t\t\t\t<\/div><!-- .entry-content -->\n\t\t\t\n\t\t\t\n\t\t\t\t\t<\/div>\n\t<\/div>\n<\/article><!-- #post -->\n\n\n\t\t\t\t\t\t\t\t\t\t\t\t\t\t\n<article id=\"post-368\" class=\"blog-design-masonry blog-post-loop blog-style-shadow  col-md-4 col-sm-6 col-12 post-368 post type-post status-publish format-standard has-post-thumbnail hentry category-dr-mahmut-nuri\">\n\t<div class=\"article-inner\">\n\t\t\t\t\t<header class=\"entry-header\">\n\t\t\t\t\t\t\t\t\t<figure id=\"carousel-814\" class=\"entry-thumbnail\">\n\t\t\t\t\t\t\n\t\t\t\t\t\t\t<div class=\"post-img-wrapp\">\n\t\t\t\t\t\t\t\t<a href=\"https:\/\/mahmutnurikaratoprak.com\/fr\/quest-ce-que-la-chirurgie-esthetique-du-nez.html\">\n\t\t\t\t\t\t\t\t\t<img loading=\"lazy\" decoding=\"async\" width=\"1024\" height=\"720\" src=\"https:\/\/mahmutnurikaratoprak.com\/fr\/wp-content\/uploads\/2017\/06\/rhinoplasty-surgery-1.jpg\" class=\"attachment-large size-large\" alt=\"\" srcset=\"https:\/\/mahmutnurikaratoprak.com\/fr\/wp-content\/uploads\/2017\/06\/rhinoplasty-surgery-1.jpg 1024w, https:\/\/mahmutnurikaratoprak.com\/fr\/wp-content\/uploads\/2017\/06\/rhinoplasty-surgery-1-300x211.jpg 300w, https:\/\/mahmutnurikaratoprak.com\/fr\/wp-content\/uploads\/2017\/06\/rhinoplasty-surgery-1-768x540.jpg 768w\" sizes=\"auto, (max-width: 1024px) 100vw, 1024px\" \/>\t\t\t\t\t\t\t\t<\/a>\n\t\t\t\t\t\t\t<\/div>\n\t\t\t\t\t\t\t<div class=\"post-image-mask\">\n\t\t\t\t\t\t\t\t<span><\/span>\n\t\t\t\t\t\t\t<\/div>\n\t\t\t\t\t\t\t\n\t\t\t\t\t\t\n\t\t\t\t\t<\/figure>\n\t\t\t\t\t\t\t\t\n\t\t\t\t\t\t\t\t\t\t\t\t<div class=\"post-date woodmart-post-date\" onclick=\"\">\n\t\t\t\t<span class=\"post-date-day\">\n\t\t\t\t\t22\t\t\t\t<\/span>\n\t\t\t\t<span class=\"post-date-month\">\n\t\t\t\t\tHaz\t\t\t\t<\/span>\n\t\t\t<\/div>\n\t\t\t\t\t\t\n\t\t\t<\/header><!-- .entry-header -->\n\n\t\t<div class=\"article-body-container\">\n\t\t\t\n\t\t\t\t\n\t\t\t\t\t\t\t\t\t<h3 class=\"entry-title title\">\n\t\t\t\t\t\t<a href=\"https:\/\/mahmutnurikaratoprak.com\/fr\/quest-ce-que-la-chirurgie-esthetique-du-nez.html\" rel=\"bookmark\">Qu\u2019est-ce Que la Chirurgie Esth\u00e9tique du Nez?<\/a>\n\t\t\t\t\t<\/h3>\n\t\t\t\t\n\t\t\t\t\t\t\t\n\t\t\t\t\t\t\t<div class=\"entry-content woodmart-entry-content\">\n\t\t\t\t\tChaque ann\u00e9e, des millions de personnes subissent une rhinoplastie parce qu\u2019elles ne sont pas satisfaites de l\u2019apparence de leur nez ou...\t\t\t\t\t\t\t\t\t<\/div><!-- .entry-content -->\n\t\t\t\n\t\t\t\n\t\t\t\t\t<\/div>\n\t<\/div>\n<\/article><!-- #post -->\n\n\n\t\t\t\t\n\t\t\t\t\t\t\t<\/div>\n\t\t\t\n\t\t\t\t\t\t\t\t<\/div>\n\t\t\t\t<\/div>\n\t\t\t\t\t<\/div>\n\t\t<\/div>\n\t\t\t\t\t\t\t<\/div>\n\t\t<\/section>\n\t\t\t\t\t\t<\/div>\n\t\t\t\t\t<\/div>\n\t\t","protected":false},"excerpt":{"rendered":"","protected":false},"author":1,"featured_media":0,"parent":0,"menu_order":0,"comment_status":"closed","ping_status":"closed","template":"","meta":{"footnotes":""},"class_list":["post-10452","page","type-page","status-publish","hentry"],"_links":{"self":[{"href":"https:\/\/mahmutnurikaratoprak.com\/fr\/wp-json\/wp\/v2\/pages\/10452","targetHints":{"allow":["GET"]}}],"collection":[{"href":"https:\/\/mahmutnurikaratoprak.com\/fr\/wp-json\/wp\/v2\/pages"}],"about":[{"href":"https:\/\/mahmutnurikaratoprak.com\/fr\/wp-json\/wp\/v2\/types\/page"}],"author":[{"embeddable":true,"href":"https:\/\/mahmutnurikaratoprak.com\/fr\/wp-json\/wp\/v2\/users\/1"}],"replies":[{"embeddable":true,"href":"https:\/\/mahmutnurikaratoprak.com\/fr\/wp-json\/wp\/v2\/comments?post=10452"}],"version-history":[{"count":19,"href":"https:\/\/mahmutnurikaratoprak.com\/fr\/wp-json\/wp\/v2\/pages\/10452\/revisions"}],"predecessor-version":[{"id":12383,"href":"https:\/\/mahmutnurikaratoprak.com\/fr\/wp-json\/wp\/v2\/pages\/10452\/revisions\/12383"}],"wp:attachment":[{"href":"https:\/\/mahmutnurikaratoprak.com\/fr\/wp-json\/wp\/v2\/media?parent=10452"}],"curies":[{"name":"wp","href":"https:\/\/api.w.org\/{rel}","templated":true}]}}