{"id":11815,"date":"2021-06-02T10:58:46","date_gmt":"2021-06-02T07:58:46","guid":{"rendered":"https:\/\/mahmutnurikaratoprak.com\/fr\/?page_id=11815"},"modified":"2021-07-27T13:02:08","modified_gmt":"2021-07-27T10:02:08","slug":"lifting-du-visage","status":"publish","type":"page","link":"https:\/\/mahmutnurikaratoprak.com\/fr\/lifting-du-visage","title":{"rendered":"Lifting du Visage"},"content":{"rendered":"\t\t<div data-elementor-type=\"wp-page\" data-elementor-id=\"11815\" class=\"elementor elementor-11815\" data-elementor-settings=\"[]\">\n\t\t\t\t\t\t\t<div class=\"elementor-section-wrap\">\n\t\t\t\t\t\t\t<section class=\"elementor-section elementor-top-section elementor-element elementor-element-e9a5845 elementor-section-content-middle elementor-section-stretched elementor-section-boxed elementor-section-height-default elementor-section-height-default wd-section-disabled\" data-id=\"e9a5845\" data-element_type=\"section\" data-settings=\"{&quot;stretch_section&quot;:&quot;section-stretched&quot;,&quot;background_background&quot;:&quot;classic&quot;}\">\n\t\t\t\t\t\t<div class=\"elementor-container elementor-column-gap-extended\">\n\t\t\t\t\t<div class=\"elementor-column elementor-col-100 elementor-top-column elementor-element elementor-element-ece56e4 color-scheme-dark\" data-id=\"ece56e4\" data-element_type=\"column\">\n\t\t\t<div class=\"elementor-widget-wrap elementor-element-populated\">\n\t\t\t\t\t\t\t\t<div class=\"elementor-element elementor-element-99c18ce elementor-widget elementor-widget-wd_title\" data-id=\"99c18ce\" data-element_type=\"widget\" data-widget_type=\"wd_title.default\">\n\t\t\t\t<div class=\"elementor-widget-container\">\n\t\t\t\t\t<div class=\"title-wrapper woodmart-title-color-default woodmart-title-style-default woodmart-title-size-large text-left\">\n\n\t\t\t\n\t\t\t<div class=\"liner-continer\">\n\t\t\t\t<span class=\"left-line\"><\/span>\n\n\t\t\t\t<h4 class=\"woodmart-title-container title wd-underline-colored\">\n\t\t\t\t\tLifting du Visage\t\t\t\t<\/h4>\n\n\t\t\t\t\n\t\t\t\t<span class=\"right-line\"><\/span>\n\t\t\t<\/div>\n\n\t\t\t\t\t<\/div>\n\t\t\t\t<\/div>\n\t\t\t\t<\/div>\n\t\t\t\t<div class=\"elementor-element elementor-element-0de72b9 elementor-widget elementor-widget-spacer\" data-id=\"0de72b9\" data-element_type=\"widget\" data-widget_type=\"spacer.default\">\n\t\t\t\t<div class=\"elementor-widget-container\">\n\t\t\t\t\t<div class=\"elementor-spacer\">\n\t\t\t<div class=\"elementor-spacer-inner\"><\/div>\n\t\t<\/div>\n\t\t\t\t<\/div>\n\t\t\t\t<\/div>\n\t\t\t\t<div class=\"elementor-element elementor-element-d2373de color-scheme-inherit text-left elementor-widget elementor-widget-text-editor\" data-id=\"d2373de\" data-element_type=\"widget\" data-widget_type=\"text-editor.default\">\n\t\t\t\t<div class=\"elementor-widget-container\">\n\t\t\t\t\t\t\t\t<p>Bien que nous ne puissions pas prouver l\u2019existence du temps de mani\u00e8re tangible, il est possible de trouver des traces partout o\u00f9 il passe. Dans les enfants en pleine croissance, les vieux b\u00e2timents, les saisons changeantes, les peintures fan\u00e9es et de nombreux changements, nous ne pouvons pas passer sans mentionner son nom. De la m\u00eame mani\u00e8re, tout notre corps, m\u00eame nos pens\u00e9es, vivent et vieillissent au fil du temps, comme les poumons qui utilisent l\u2019oxyg\u00e8ne, jusqu\u2019\u00e0 ce que toutes les personnes qui sont venues au monde disparaissent.<\/p><p>La lutte du 21e si\u00e8cle au fil du temps n\u2019a jamais \u00e9t\u00e9 aussi controvers\u00e9e dans l\u2019histoire. Bien que nous puissions acc\u00e9l\u00e9rer beaucoup de choses dans notre vie quotidienne, lorsque nous regardons chaque miroir, nous pouvons voir que nous ne pouvons pas nous permettre certaines choses. \u00c0 ce stade, la chirurgie plastique entre en jeu et la beaut\u00e9 de la chirurgie de lifting du visage est r\u00e9v\u00e9l\u00e9e.<\/p><p>Avec l\u2019\u00e2ge avanc\u00e9, \u00e0 la fois li\u00e9 aux tissus et avec l\u2019effet de la gravit\u00e9, l\u2019affaissement du front, de la r\u00e9gion des yeux, des zones du cou, tombant vers le bas avec une diminution du volume des joues et donc des rides se produisent. Parfois, nous pouvons cr\u00e9er un visage plus vif et sans rides en ajoutant uniquement des \u00e9tirements face-cou et parfois une injection d\u2019huile.<\/p><p><strong> Technique d\u2019op\u00e9ration <\/strong><\/p><p>En g\u00e9n\u00e9ral, une incision est faite qui s\u2019\u00e9tend de juste derri\u00e8re l\u2019oreille au dos et au cuir chevelu. Contrairement \u00e0 la croyance populaire, enlever la peau l\u00e2che n\u2019est pas l\u2019op\u00e9ration principale de l\u2019op\u00e9ration. Une fois la structure de la peau l\u00e2che lib\u00e9r\u00e9e, la couche appel\u00e9e SMAS est \u00e9galement cousue aux points o\u00f9 l\u2019\u00e9tirement sera effectu\u00e9 avec des fils chirurgicaux qui ne fondent pas. C\u2019est le processus qui fournit l\u2019\u00e9tirement principal sur le visage. Ces points sont le dessus de la pommette, l\u2019avant de l\u2019oreille, l\u2019arri\u00e8re de l\u2019oreille. Apr\u00e8s cette proc\u00e9dure, l\u2019exc\u00e8s de structure de la peau est enlev\u00e9 et la ligne de coupe est sutur\u00e9e.<\/p><p>C\u2019est la suspension faite \u00e0 la structure SMAS qui d\u00e9termine le succ\u00e8s principal de l\u2019op\u00e9ration. De nombreuses techniques ont \u00e9t\u00e9 d\u00e9crites pour la suspension de cette structure. Si la suspension est effectu\u00e9e avec succ\u00e8s, peu importe la technique appliqu\u00e9e.<\/p>\t\t\t\t\t\t<\/div>\n\t\t\t\t<\/div>\n\t\t\t\t\t<\/div>\n\t\t<\/div>\n\t\t\t\t\t\t\t<\/div>\n\t\t<\/section>\n\t\t\t\t<section class=\"elementor-section elementor-top-section elementor-element elementor-element-98a31cc elementor-section-stretched elementor-section-boxed elementor-section-height-default elementor-section-height-default wd-section-disabled\" data-id=\"98a31cc\" data-element_type=\"section\" data-settings=\"{&quot;stretch_section&quot;:&quot;section-stretched&quot;,&quot;background_background&quot;:&quot;classic&quot;}\">\n\t\t\t\t\t\t<div class=\"elementor-container elementor-column-gap-default\">\n\t\t\t\t\t<div class=\"elementor-column elementor-col-50 elementor-top-column elementor-element elementor-element-a5ecceb color-scheme-dark\" data-id=\"a5ecceb\" data-element_type=\"column\">\n\t\t\t<div class=\"elementor-widget-wrap elementor-element-populated\">\n\t\t\t\t\t\t\t\t<div class=\"elementor-element elementor-element-a5a0bb3 color-scheme-inherit text-left elementor-widget elementor-widget-text-editor\" data-id=\"a5a0bb3\" data-element_type=\"widget\" data-widget_type=\"text-editor.default\">\n\t\t\t\t<div class=\"elementor-widget-container\">\n\t\t\t\t\t\t\t\t<p><strong>Mini Lifting du visage<\/strong><\/p><p>Si la face affaiss\u00e9e n\u2019est pas avanc\u00e9e, elle se fait avec une incision plus petite faite juste devant l\u2019oreille. Cependant, l\u2019aspect cosm\u00e9tique peut ne pas \u00eatre tol\u00e9r\u00e9 au d\u00e9but, car la ligne de couture est r\u00e9tr\u00e9cie de sorte qu\u2019il n\u2019y ait pas de pots sur les bords de la peau. Ce n\u2019est pas une technique que je pr\u00e9f\u00e8re personnellement. Je conseille \u00e0 mes patients d\u2019attendre un peu plus longtemps et d\u2019avoir un lifting normal.<\/p><p><strong>Qui peut subir une chirurgie de lifting du visage?<\/strong><\/p><p>En g\u00e9n\u00e9ral, les femmes et les hommes de plus de 50 ans peuvent subir cette chirurgie. Si l\u2019affaissement est plus \u00e9lev\u00e9 apr\u00e8s l\u2019examen clinique, cette chirurgie peut \u00eatre effectu\u00e9e \u00e0 un plus jeune \u00e2ge.<\/p><p><strong>\u00c9valuation pr\u00e9op\u00e9ratoire<\/strong><\/p><p>La quantit\u00e9 d\u2019affaissement, de rides, de perte de volume sur les joues et d\u2019affaissement du cou sont \u00e9valu\u00e9s. S\u2019il y a une perte grave de volume sur les joues, il peut \u00eatre n\u00e9cessaire de remplir avec des huiles obtenues par liposuccion dans la m\u00eame chirurgie. Le patient est inform\u00e9 du processus d\u2019op\u00e9ration et apr\u00e8s. Les risques possibles et les interventions dans de tels probl\u00e8mes sont expliqu\u00e9s.<\/p><p>Si vous avez d\u00e9j\u00e0 subi une intervention chirurgicale, de l\u2019hypertension art\u00e9rielle, du diab\u00e8te, des maladies chroniques telles que le goitre, une allergie \u00e0 tout m\u00e9dicament ou aliment, vous devez absolument informer si vous avez des m\u00e9dicaments que vous devez utiliser. Si vous fumez, vous devriez cesser de fumer avant la chirurgie, et vous ne devriez pas boire jusqu\u2019\u00e0 ce que les points de suture gu\u00e9rissent apr\u00e8s.<\/p>\t\t\t\t\t\t<\/div>\n\t\t\t\t<\/div>\n\t\t\t\t\t<\/div>\n\t\t<\/div>\n\t\t\t\t<div class=\"elementor-column elementor-col-50 elementor-top-column elementor-element elementor-element-d8af63b\" data-id=\"d8af63b\" data-element_type=\"column\">\n\t\t\t<div class=\"elementor-widget-wrap elementor-element-populated\">\n\t\t\t\t\t\t\t\t<div class=\"elementor-element elementor-element-9b3fe7c elementor-widget elementor-widget-image\" data-id=\"9b3fe7c\" data-element_type=\"widget\" data-widget_type=\"image.default\">\n\t\t\t\t<div class=\"elementor-widget-container\">\n\t\t\t\t\t\t\t\t\t\t\t\t\t\t\t<img loading=\"lazy\" decoding=\"async\" width=\"795\" height=\"765\" src=\"https:\/\/mahmutnurikaratoprak.com\/fr\/wp-content\/uploads\/2021\/06\/facelift-icerik1.jpg\" class=\"attachment-full size-full\" alt=\"\" srcset=\"https:\/\/mahmutnurikaratoprak.com\/fr\/wp-content\/uploads\/2021\/06\/facelift-icerik1.jpg 795w, https:\/\/mahmutnurikaratoprak.com\/fr\/wp-content\/uploads\/2021\/06\/facelift-icerik1-300x289.jpg 300w, https:\/\/mahmutnurikaratoprak.com\/fr\/wp-content\/uploads\/2021\/06\/facelift-icerik1-768x739.jpg 768w\" sizes=\"auto, (max-width: 795px) 100vw, 795px\" \/>\t\t\t\t\t\t\t\t\t\t\t\t\t\t\t<\/div>\n\t\t\t\t<\/div>\n\t\t\t\t\t<\/div>\n\t\t<\/div>\n\t\t\t\t\t\t\t<\/div>\n\t\t<\/section>\n\t\t\t\t<section class=\"elementor-section elementor-top-section elementor-element elementor-element-7978624 elementor-section-content-middle elementor-section-stretched elementor-section-boxed elementor-section-height-default elementor-section-height-default wd-section-disabled\" data-id=\"7978624\" data-element_type=\"section\" data-settings=\"{&quot;stretch_section&quot;:&quot;section-stretched&quot;,&quot;background_background&quot;:&quot;classic&quot;}\">\n\t\t\t\t\t\t<div class=\"elementor-container elementor-column-gap-extended\">\n\t\t\t\t\t<div class=\"elementor-column elementor-col-100 elementor-top-column elementor-element elementor-element-786180 color-scheme-dark\" data-id=\"786180\" data-element_type=\"column\">\n\t\t\t<div class=\"elementor-widget-wrap elementor-element-populated\">\n\t\t\t\t\t\t\t\t<div class=\"elementor-element elementor-element-0de5e50 elementor-widget elementor-widget-wd_title\" data-id=\"0de5e50\" data-element_type=\"widget\" data-widget_type=\"wd_title.default\">\n\t\t\t\t<div class=\"elementor-widget-container\">\n\t\t\t\t\t<div class=\"title-wrapper woodmart-title-color-default woodmart-title-style-default woodmart-title-size-large text-center\">\n\n\t\t\t\n\t\t\t<div class=\"liner-continer\">\n\t\t\t\t<span class=\"left-line\"><\/span>\n\n\t\t\t\t<h4 class=\"woodmart-title-container title wd-underline-colored\">\n\t\t\t\t\tDemander un Rendez-Vous\t\t\t\t<\/h4>\n\n\t\t\t\t\n\t\t\t\t<span class=\"right-line\"><\/span>\n\t\t\t<\/div>\n\n\t\t\t\t\t<\/div>\n\t\t\t\t<\/div>\n\t\t\t\t<\/div>\n\t\t\t\t<div class=\"elementor-element elementor-element-7f83964 color-scheme-inherit text-left elementor-widget elementor-widget-text-editor\" data-id=\"7f83964\" data-element_type=\"widget\" data-widget_type=\"text-editor.default\">\n\t\t\t\t<div class=\"elementor-widget-container\">\n\t\t\t\t\t\t\t\t<p>Envoyez-nous vos informations. Appelons-nous et prenons rendez-vous!<\/p>\t\t\t\t\t\t<\/div>\n\t\t\t\t<\/div>\n\t\t\t\t<section class=\"elementor-section elementor-inner-section elementor-element elementor-element-3b4ad17 elementor-section-boxed elementor-section-height-default elementor-section-height-default wd-section-disabled\" data-id=\"3b4ad17\" data-element_type=\"section\">\n\t\t\t\t\t\t<div class=\"elementor-container elementor-column-gap-default\">\n\t\t\t\t\t<div class=\"elementor-column elementor-col-33 elementor-inner-column elementor-element elementor-element-1297f45\" data-id=\"1297f45\" data-element_type=\"column\">\n\t\t\t<div class=\"elementor-widget-wrap\">\n\t\t\t\t\t\t\t\t\t<\/div>\n\t\t<\/div>\n\t\t\t\t<div class=\"elementor-column elementor-col-33 elementor-inner-column elementor-element elementor-element-ceaf1cb\" data-id=\"ceaf1cb\" data-element_type=\"column\">\n\t\t\t<div class=\"elementor-widget-wrap elementor-element-populated\">\n\t\t\t\t\t\t\t\t<div class=\"elementor-element elementor-element-bc5cfc8 color-scheme-inherit text-left elementor-widget elementor-widget-text-editor\" data-id=\"bc5cfc8\" data-element_type=\"widget\" data-widget_type=\"text-editor.default\">\n\t\t\t\t<div class=\"elementor-widget-container\">\n\t\t\t\t\t\t\t\t<div role=\"form\" class=\"wpcf7\" id=\"wpcf7-f9402-o1\" lang=\"en-US\" dir=\"ltr\">\n<div class=\"screen-reader-response\"><p role=\"status\" aria-live=\"polite\" aria-atomic=\"true\"><\/p> <ul><\/ul><\/div>\n<form action=\"\/fr\/wp-json\/wp\/v2\/pages\/11815#wpcf7-f9402-o1\" method=\"post\" class=\"wpcf7-form init\" novalidate=\"novalidate\" data-status=\"init\">\n<div style=\"display: none;\">\n<input type=\"hidden\" name=\"_wpcf7\" value=\"9402\" \/>\n<input type=\"hidden\" name=\"_wpcf7_version\" value=\"5.4.1\" \/>\n<input type=\"hidden\" name=\"_wpcf7_locale\" value=\"en_US\" \/>\n<input type=\"hidden\" name=\"_wpcf7_unit_tag\" value=\"wpcf7-f9402-o1\" \/>\n<input type=\"hidden\" name=\"_wpcf7_container_post\" value=\"0\" \/>\n<input type=\"hidden\" name=\"_wpcf7_posted_data_hash\" value=\"\" \/>\n<\/div>\n<div class=\"row\">\n<div class=\"col-lg\">\n<p><span class=\"wpcf7-form-control-wrap adi\"><input type=\"text\" name=\"adi\" value=\"\" size=\"40\" class=\"wpcf7-form-control wpcf7-text wpcf7-validates-as-required\" aria-required=\"true\" aria-invalid=\"false\" placeholder=\"Nom\" \/><\/span><\/p>\n<\/div>\n<div class=\"col-lg\">\n<p><span class=\"wpcf7-form-control-wrap telefon\"><input type=\"text\" name=\"telefon\" value=\"\" size=\"40\" class=\"wpcf7-form-control wpcf7-text wpcf7-validates-as-required\" aria-required=\"true\" aria-invalid=\"false\" placeholder=\"T\u00e9l\u00e9phone\" \/><\/span><\/p>\n<\/div>\n<div class=\"col-lg\">\n<p><span class=\"wpcf7-form-control-wrap mail\"><input type=\"text\" name=\"mail\" value=\"\" size=\"40\" class=\"wpcf7-form-control wpcf7-text\" aria-invalid=\"false\" placeholder=\"E-Mail\" \/><\/span><\/p>\n<\/div>\n<div class=\"col-lg-auto\">\n<p><input type=\"submit\" value=\"Soumettre le Formulaire\" class=\"wpcf7-form-control wpcf7-submit btn btn-color-primary\" \/><\/p>\n<\/div>\n<\/div>\n<div class=\"wpcf7-response-output\" aria-hidden=\"true\"><\/div><\/form><\/div>\t\t\t\t\t\t<\/div>\n\t\t\t\t<\/div>\n\t\t\t\t\t<\/div>\n\t\t<\/div>\n\t\t\t\t<div class=\"elementor-column elementor-col-33 elementor-inner-column elementor-element elementor-element-c44b51d\" data-id=\"c44b51d\" data-element_type=\"column\">\n\t\t\t<div class=\"elementor-widget-wrap\">\n\t\t\t\t\t\t\t\t\t<\/div>\n\t\t<\/div>\n\t\t\t\t\t\t\t<\/div>\n\t\t<\/section>\n\t\t\t\t\t<\/div>\n\t\t<\/div>\n\t\t\t\t\t\t\t<\/div>\n\t\t<\/section>\n\t\t\t\t<section class=\"elementor-section elementor-top-section elementor-element elementor-element-ca259a3 elementor-section-content-middle elementor-section-stretched elementor-section-boxed elementor-section-height-default elementor-section-height-default wd-section-disabled\" data-id=\"ca259a3\" data-element_type=\"section\" data-settings=\"{&quot;stretch_section&quot;:&quot;section-stretched&quot;,&quot;background_background&quot;:&quot;classic&quot;}\">\n\t\t\t\t\t\t<div class=\"elementor-container elementor-column-gap-extended\">\n\t\t\t\t\t<div class=\"elementor-column elementor-col-100 elementor-top-column elementor-element elementor-element-535ec85 color-scheme-dark\" data-id=\"535ec85\" data-element_type=\"column\">\n\t\t\t<div class=\"elementor-widget-wrap elementor-element-populated\">\n\t\t\t\t\t\t\t\t<div class=\"elementor-element elementor-element-8bd828f color-scheme-inherit text-left elementor-widget elementor-widget-text-editor\" data-id=\"8bd828f\" data-element_type=\"widget\" data-widget_type=\"text-editor.default\">\n\t\t\t\t<div class=\"elementor-widget-container\">\n\t\t\t\t\t\t\t\t<p><strong>H\u00f4ti et salle d\u2019op\u00e9ration<\/strong><\/p><p>Les examens pr\u00e9op\u00e9ratoires sont pr\u00e9par\u00e9s le m\u00eame jour ou 1 jour avant. Vous ne devriez rien manger ou boire 8 heures avant la chirurgie. Si les r\u00e9sultats sont \u00e9valu\u00e9s par l\u2019anesth\u00e9siologiste et qu\u2019il n\u2019y a pas d\u2019obstacle, votre chirurgie peut \u00eatre effectu\u00e9e. Le patient ne ressentira aucune douleur pendant la proc\u00e9dure car elle est effectu\u00e9e sous anesth\u00e9sie g\u00e9n\u00e9rale. Le temps d\u2019op\u00e9ration moyen est de 3 heures et le temps pass\u00e9 dans la salle d\u2019op\u00e9ration sera plus long apr\u00e8s que le patient soit endormi et r\u00e9veill\u00e9.<\/p><p>Dans le service postop\u00e9ratoire, vous recevrez des antibiotiques et des m\u00e9dicaments contre la douleur. Vous serez d\u00e9charg\u00e9 le lendemain en faisant un examen de contr\u00f4le et en \u00e9tant appel\u00e9 pour un check-up le 3\u00e8me jour.<\/p><p>Apr\u00e8s la chirurgie de lifting du visage, un drain est ins\u00e9r\u00e9 pour enlever le liquide et le sang qui coule entre les tissus. Les drains sont enlev\u00e9s lorsque la quantit\u00e9 entrante diminue (apr\u00e8s 3-7 jours).<\/p><p>Pour r\u00e9duire l\u2019\u0153d\u00e8me qui peut survenir dans les premiers jours sur votre visage, vous devez utiliser le pansement du visage pendant 5-7 jours.<\/p><p>Apr\u00e8s l\u2019op\u00e9ration, il faut ne pas permettre de fumer ou ne pas consommer d\u2019alcool. Apr\u00e8s avoir fum\u00e9, il y a un risque d\u2019ouverture au niveau des coutures et de d\u00e9composition des tissus sur les bords de la peau.<\/p>\t\t\t\t\t\t<\/div>\n\t\t\t\t<\/div>\n\t\t\t\t\t<\/div>\n\t\t<\/div>\n\t\t\t\t\t\t\t<\/div>\n\t\t<\/section>\n\t\t\t\t<section class=\"elementor-section elementor-top-section elementor-element elementor-element-1ee516b elementor-section-content-middle elementor-section-stretched elementor-section-boxed elementor-section-height-default elementor-section-height-default wd-section-disabled\" data-id=\"1ee516b\" data-element_type=\"section\" data-settings=\"{&quot;stretch_section&quot;:&quot;section-stretched&quot;,&quot;background_background&quot;:&quot;classic&quot;}\">\n\t\t\t\t\t\t<div class=\"elementor-container elementor-column-gap-extended\">\n\t\t\t\t\t<div class=\"elementor-column elementor-col-100 elementor-top-column elementor-element elementor-element-c894971 color-scheme-dark\" data-id=\"c894971\" data-element_type=\"column\">\n\t\t\t<div class=\"elementor-widget-wrap elementor-element-populated\">\n\t\t\t\t\t\t\t\t<div class=\"elementor-element elementor-element-826c68a color-scheme-inherit text-left elementor-widget elementor-widget-text-editor\" data-id=\"826c68a\" data-element_type=\"widget\" data-widget_type=\"text-editor.default\">\n\t\t\t\t<div class=\"elementor-widget-container\">\n\t\t\t\t\t\t\t\t<p><strong>Return \u00e0 travailler apr\u00e8s la chirurgie<\/strong><\/p><p>Les poches sur le visage dispara\u00eetront g\u00e9n\u00e9ralement dans environ 5-7 jours. Comme il n\u2019y a pas de chirurgie douloureuse, vous pouvez retourner au travail apr\u00e8s 7-10 jours.<\/p><p><strong> Y a-t-il une marque de point de suture?<\/strong><\/p><p>Dans la chirurgie de lifting du visage, la majeure partie de la couture reste dans le cuir chevelu et n\u2019est pas visible. Devant l\u2019oreille, une partie de la couture d\u2019environ 3 cm est fabriqu\u00e9e \u00e0 partir de l\u2019int\u00e9rieur de l\u2019oreille. Dans le reste, la ligne rouge clair dans la premi\u00e8re p\u00e9riode s\u2019estompe avec le temps, et presque 6 mois plus tard, presque tout dispara\u00eet.<\/p>\t\t\t\t\t\t<\/div>\n\t\t\t\t<\/div>\n\t\t\t\t\t<\/div>\n\t\t<\/div>\n\t\t\t\t\t\t\t<\/div>\n\t\t<\/section>\n\t\t\t\t\t\t<\/div>\n\t\t\t\t\t<\/div>\n\t\t","protected":false},"excerpt":{"rendered":"<p>Lifting du Visage Bien que nous ne puissions pas prouver l\u2019existence du temps de mani\u00e8re tangible, il est possible de<\/p>\n","protected":false},"author":1,"featured_media":0,"parent":0,"menu_order":0,"comment_status":"closed","ping_status":"closed","template":"","meta":{"footnotes":""},"class_list":["post-11815","page","type-page","status-publish","hentry"],"_links":{"self":[{"href":"https:\/\/mahmutnurikaratoprak.com\/fr\/wp-json\/wp\/v2\/pages\/11815","targetHints":{"allow":["GET"]}}],"collection":[{"href":"https:\/\/mahmutnurikaratoprak.com\/fr\/wp-json\/wp\/v2\/pages"}],"about":[{"href":"https:\/\/mahmutnurikaratoprak.com\/fr\/wp-json\/wp\/v2\/types\/page"}],"author":[{"embeddable":true,"href":"https:\/\/mahmutnurikaratoprak.com\/fr\/wp-json\/wp\/v2\/users\/1"}],"replies":[{"embeddable":true,"href":"https:\/\/mahmutnurikaratoprak.com\/fr\/wp-json\/wp\/v2\/comments?post=11815"}],"version-history":[{"count":14,"href":"https:\/\/mahmutnurikaratoprak.com\/fr\/wp-json\/wp\/v2\/pages\/11815\/revisions"}],"predecessor-version":[{"id":12455,"href":"https:\/\/mahmutnurikaratoprak.com\/fr\/wp-json\/wp\/v2\/pages\/11815\/revisions\/12455"}],"wp:attachment":[{"href":"https:\/\/mahmutnurikaratoprak.com\/fr\/wp-json\/wp\/v2\/media?parent=11815"}],"curies":[{"name":"wp","href":"https:\/\/api.w.org\/{rel}","templated":true}]}}