{"id":11829,"date":"2021-06-02T11:54:07","date_gmt":"2021-06-02T08:54:07","guid":{"rendered":"https:\/\/mahmutnurikaratoprak.com\/fr\/?page_id=11829"},"modified":"2021-07-27T13:07:16","modified_gmt":"2021-07-27T10:07:16","slug":"esthetique-de-loreille","status":"publish","type":"page","link":"https:\/\/mahmutnurikaratoprak.com\/fr\/esthetique-de-loreille","title":{"rendered":"Esth\u00e9tique de L\u2019oreille"},"content":{"rendered":"\t\t<div data-elementor-type=\"wp-page\" data-elementor-id=\"11829\" class=\"elementor elementor-11829\" data-elementor-settings=\"[]\">\n\t\t\t\t\t\t\t<div class=\"elementor-section-wrap\">\n\t\t\t\t\t\t\t<section class=\"elementor-section elementor-top-section elementor-element elementor-element-90a4457 elementor-section-content-middle elementor-section-stretched elementor-section-boxed elementor-section-height-default elementor-section-height-default wd-section-disabled\" data-id=\"90a4457\" data-element_type=\"section\" data-settings=\"{&quot;stretch_section&quot;:&quot;section-stretched&quot;,&quot;background_background&quot;:&quot;classic&quot;}\">\n\t\t\t\t\t\t<div class=\"elementor-container elementor-column-gap-extended\">\n\t\t\t\t\t<div class=\"elementor-column elementor-col-100 elementor-top-column elementor-element elementor-element-3c65eaf color-scheme-dark\" data-id=\"3c65eaf\" data-element_type=\"column\">\n\t\t\t<div class=\"elementor-widget-wrap elementor-element-populated\">\n\t\t\t\t\t\t\t\t<div class=\"elementor-element elementor-element-08a7714 elementor-widget elementor-widget-wd_title\" data-id=\"08a7714\" data-element_type=\"widget\" data-widget_type=\"wd_title.default\">\n\t\t\t\t<div class=\"elementor-widget-container\">\n\t\t\t\t\t<div class=\"title-wrapper woodmart-title-color-default woodmart-title-style-default woodmart-title-size-large text-left\">\n\n\t\t\t\n\t\t\t<div class=\"liner-continer\">\n\t\t\t\t<span class=\"left-line\"><\/span>\n\n\t\t\t\t<h4 class=\"woodmart-title-container title wd-underline-colored\">\n\t\t\t\t\tEsth\u00e9tique de L\u2019oreille\t\t\t\t<\/h4>\n\n\t\t\t\t\n\t\t\t\t<span class=\"right-line\"><\/span>\n\t\t\t<\/div>\n\n\t\t\t\t\t<\/div>\n\t\t\t\t<\/div>\n\t\t\t\t<\/div>\n\t\t\t\t<div class=\"elementor-element elementor-element-776eb08 elementor-widget elementor-widget-spacer\" data-id=\"776eb08\" data-element_type=\"widget\" data-widget_type=\"spacer.default\">\n\t\t\t\t<div class=\"elementor-widget-container\">\n\t\t\t\t\t<div class=\"elementor-spacer\">\n\t\t\t<div class=\"elementor-spacer-inner\"><\/div>\n\t\t<\/div>\n\t\t\t\t<\/div>\n\t\t\t\t<\/div>\n\t\t\t\t<div class=\"elementor-element elementor-element-47a05c7 color-scheme-inherit text-left elementor-widget elementor-widget-text-editor\" data-id=\"47a05c7\" data-element_type=\"widget\" data-widget_type=\"text-editor.default\">\n\t\t\t\t<div class=\"elementor-widget-container\">\n\t\t\t\t\t\t\t\t<p>L\u2019apparence des oreilles est importante pour l\u2019esth\u00e9tique de tout le visage. Les oreilles pro\u00e9minentes sont consid\u00e9r\u00e9es comme un signe de beaut\u00e9 dans certaines soci\u00e9t\u00e9s, mais cela peut faire l\u2019objet de moqueries et d\u2019\u00eatre marginalis\u00e9es, en particulier pour les enfants. S\u2019il n\u2019y a pas d\u2019autre plainte que des oreilles pro\u00e9minentes, une op\u00e9ration peut \u00eatre faite \u00e0 partir de cinq ans et plus de l\u2019enfant. Le probl\u00e8me peut \u00eatre r\u00e9solu t\u00f4t si l\u2019op\u00e9ration est faite sur cet \u00e2ge parce que l\u2019enfant n\u2019est pas au courant des effets postop\u00e9ratoires. Les op\u00e9rations esth\u00e9tiques des oreilles pro\u00e9minentes ne sont pas des impl\u00e9mentations \u00e0 risque tant pour les adultes que pour les enfants.<\/p><p>Cette op\u00e9ration est administr\u00e9e sous anesth\u00e9sie g\u00e9n\u00e9rale ou locale et ne n\u00e9cessite pas que le patient reste \u00e0 l\u2019h\u00f4pital. Les incisions sont faites \u00e0 l\u2019arri\u00e8re de l\u2019oreille et les cartilages des oreilles sont tir\u00e9s sur le cuir chevelu apr\u00e8s avoir \u00e9t\u00e9 reconstruits.<\/p>\t\t\t\t\t\t<\/div>\n\t\t\t\t<\/div>\n\t\t\t\t\t<\/div>\n\t\t<\/div>\n\t\t\t\t\t\t\t<\/div>\n\t\t<\/section>\n\t\t\t\t<section class=\"elementor-section elementor-top-section elementor-element elementor-element-98a31cc elementor-section-stretched elementor-section-boxed elementor-section-height-default elementor-section-height-default wd-section-disabled\" data-id=\"98a31cc\" data-element_type=\"section\" data-settings=\"{&quot;stretch_section&quot;:&quot;section-stretched&quot;,&quot;background_background&quot;:&quot;classic&quot;}\">\n\t\t\t\t\t\t<div class=\"elementor-container elementor-column-gap-default\">\n\t\t\t\t\t<div class=\"elementor-column elementor-col-50 elementor-top-column elementor-element elementor-element-a5ecceb color-scheme-dark\" data-id=\"a5ecceb\" data-element_type=\"column\">\n\t\t\t<div class=\"elementor-widget-wrap elementor-element-populated\">\n\t\t\t\t\t\t\t\t<div class=\"elementor-element elementor-element-a5a0bb3 color-scheme-inherit text-left elementor-widget elementor-widget-text-editor\" data-id=\"a5a0bb3\" data-element_type=\"widget\" data-widget_type=\"text-editor.default\">\n\t\t\t\t<div class=\"elementor-widget-container\">\n\t\t\t\t\t\t\t\t<p>Un pansement qui peut appliquer une pression est enroul\u00e9 autour des deux oreilles apr\u00e8s la chirurgie. Les analg\u00e9siques sont suffisants pour les douleurs postop\u00e9ratoires. Le pansement est enlev\u00e9 le lendemain de la chirurgie et le patient utilise un bandage de joueur de tennis tout comme le bandage couvrant les deux oreilles pendant 3 ou 4 semaines.<\/p><p>La rubescence et l\u2019enflure sur les oreilles dispara\u00eetront en 3 ou 5 jours. Cette op\u00e9ration n\u2019affecte pas l\u2019audition et la p\u00e9riode de r\u00e9cup\u00e9ration se terminera dans une semaine ou deux. Les chirurgies de l\u2019oreille ne marquent pas et leur p\u00e9riode de r\u00e9cup\u00e9ration rapide influence positivement la vie du patient.<\/p><p>Si l\u2019op\u00e9ration est administr\u00e9e avec une m\u00e9thode appropri\u00e9e, revenir en arri\u00e8re est une possibilit\u00e9 \u00e0 distance.<\/p><p>Pendant les chirurgies de l\u2019oreille, le patient ne ressent pas de douleur car ces op\u00e9rations sont administr\u00e9es sous anesth\u00e9sie locale. Les douleurs postop\u00e9ratoires peuvent \u00eatre soulag\u00e9es en prenant des analg\u00e9siques.<\/p>\t\t\t\t\t\t<\/div>\n\t\t\t\t<\/div>\n\t\t\t\t\t<\/div>\n\t\t<\/div>\n\t\t\t\t<div class=\"elementor-column elementor-col-50 elementor-top-column elementor-element elementor-element-d8af63b\" data-id=\"d8af63b\" data-element_type=\"column\">\n\t\t\t<div class=\"elementor-widget-wrap elementor-element-populated\">\n\t\t\t\t\t\t\t\t<div class=\"elementor-element elementor-element-9b3fe7c elementor-widget elementor-widget-image\" data-id=\"9b3fe7c\" data-element_type=\"widget\" data-widget_type=\"image.default\">\n\t\t\t\t<div class=\"elementor-widget-container\">\n\t\t\t\t\t\t\t\t\t\t\t\t\t\t\t<img loading=\"lazy\" decoding=\"async\" width=\"633\" height=\"370\" src=\"https:\/\/mahmutnurikaratoprak.com\/fr\/wp-content\/uploads\/2021\/06\/Basliksiz-2.jpg\" class=\"attachment-full size-full\" alt=\"\" srcset=\"https:\/\/mahmutnurikaratoprak.com\/fr\/wp-content\/uploads\/2021\/06\/Basliksiz-2.jpg 633w, https:\/\/mahmutnurikaratoprak.com\/fr\/wp-content\/uploads\/2021\/06\/Basliksiz-2-300x175.jpg 300w\" sizes=\"auto, (max-width: 633px) 100vw, 633px\" \/>\t\t\t\t\t\t\t\t\t\t\t\t\t\t\t<\/div>\n\t\t\t\t<\/div>\n\t\t\t\t\t<\/div>\n\t\t<\/div>\n\t\t\t\t\t\t\t<\/div>\n\t\t<\/section>\n\t\t\t\t<section class=\"elementor-section elementor-top-section elementor-element elementor-element-7978624 elementor-section-content-middle elementor-section-stretched elementor-section-boxed elementor-section-height-default elementor-section-height-default wd-section-disabled\" data-id=\"7978624\" data-element_type=\"section\" data-settings=\"{&quot;stretch_section&quot;:&quot;section-stretched&quot;,&quot;background_background&quot;:&quot;classic&quot;}\">\n\t\t\t\t\t\t<div class=\"elementor-container elementor-column-gap-extended\">\n\t\t\t\t\t<div class=\"elementor-column elementor-col-100 elementor-top-column elementor-element elementor-element-786180 color-scheme-dark\" data-id=\"786180\" data-element_type=\"column\">\n\t\t\t<div class=\"elementor-widget-wrap elementor-element-populated\">\n\t\t\t\t\t\t\t\t<div class=\"elementor-element elementor-element-0de5e50 elementor-widget elementor-widget-wd_title\" data-id=\"0de5e50\" data-element_type=\"widget\" data-widget_type=\"wd_title.default\">\n\t\t\t\t<div class=\"elementor-widget-container\">\n\t\t\t\t\t<div class=\"title-wrapper woodmart-title-color-default woodmart-title-style-default woodmart-title-size-large text-center\">\n\n\t\t\t\n\t\t\t<div class=\"liner-continer\">\n\t\t\t\t<span class=\"left-line\"><\/span>\n\n\t\t\t\t<h4 class=\"woodmart-title-container title wd-underline-colored\">\n\t\t\t\t\tDemander un Rendez-Vous\t\t\t\t<\/h4>\n\n\t\t\t\t\n\t\t\t\t<span class=\"right-line\"><\/span>\n\t\t\t<\/div>\n\n\t\t\t\t\t<\/div>\n\t\t\t\t<\/div>\n\t\t\t\t<\/div>\n\t\t\t\t<div class=\"elementor-element elementor-element-7f83964 color-scheme-inherit text-left elementor-widget elementor-widget-text-editor\" data-id=\"7f83964\" data-element_type=\"widget\" data-widget_type=\"text-editor.default\">\n\t\t\t\t<div class=\"elementor-widget-container\">\n\t\t\t\t\t\t\t\t<p>Envoyez-nous vos informations. Appelons-nous et prenons rendez-vous!<\/p>\t\t\t\t\t\t<\/div>\n\t\t\t\t<\/div>\n\t\t\t\t<section class=\"elementor-section elementor-inner-section elementor-element elementor-element-3b4ad17 elementor-section-boxed elementor-section-height-default elementor-section-height-default wd-section-disabled\" data-id=\"3b4ad17\" data-element_type=\"section\">\n\t\t\t\t\t\t<div class=\"elementor-container elementor-column-gap-default\">\n\t\t\t\t\t<div class=\"elementor-column elementor-col-33 elementor-inner-column elementor-element elementor-element-1297f45\" data-id=\"1297f45\" data-element_type=\"column\">\n\t\t\t<div class=\"elementor-widget-wrap\">\n\t\t\t\t\t\t\t\t\t<\/div>\n\t\t<\/div>\n\t\t\t\t<div class=\"elementor-column elementor-col-33 elementor-inner-column elementor-element elementor-element-ceaf1cb\" data-id=\"ceaf1cb\" data-element_type=\"column\">\n\t\t\t<div class=\"elementor-widget-wrap elementor-element-populated\">\n\t\t\t\t\t\t\t\t<div class=\"elementor-element elementor-element-bc5cfc8 color-scheme-inherit text-left elementor-widget elementor-widget-text-editor\" data-id=\"bc5cfc8\" data-element_type=\"widget\" data-widget_type=\"text-editor.default\">\n\t\t\t\t<div class=\"elementor-widget-container\">\n\t\t\t\t\t\t\t\t<div role=\"form\" class=\"wpcf7\" id=\"wpcf7-f9402-o1\" lang=\"en-US\" dir=\"ltr\">\n<div class=\"screen-reader-response\"><p role=\"status\" aria-live=\"polite\" aria-atomic=\"true\"><\/p> <ul><\/ul><\/div>\n<form action=\"\/fr\/wp-json\/wp\/v2\/pages\/11829#wpcf7-f9402-o1\" method=\"post\" class=\"wpcf7-form init\" novalidate=\"novalidate\" data-status=\"init\">\n<div style=\"display: none;\">\n<input type=\"hidden\" name=\"_wpcf7\" value=\"9402\" \/>\n<input type=\"hidden\" name=\"_wpcf7_version\" value=\"5.4.1\" \/>\n<input type=\"hidden\" name=\"_wpcf7_locale\" value=\"en_US\" \/>\n<input type=\"hidden\" name=\"_wpcf7_unit_tag\" value=\"wpcf7-f9402-o1\" \/>\n<input type=\"hidden\" name=\"_wpcf7_container_post\" value=\"0\" \/>\n<input type=\"hidden\" name=\"_wpcf7_posted_data_hash\" value=\"\" \/>\n<\/div>\n<div class=\"row\">\n<div class=\"col-lg\">\n<p><span class=\"wpcf7-form-control-wrap adi\"><input type=\"text\" name=\"adi\" value=\"\" size=\"40\" class=\"wpcf7-form-control wpcf7-text wpcf7-validates-as-required\" aria-required=\"true\" aria-invalid=\"false\" placeholder=\"Nom\" \/><\/span><\/p>\n<\/div>\n<div class=\"col-lg\">\n<p><span class=\"wpcf7-form-control-wrap telefon\"><input type=\"text\" name=\"telefon\" value=\"\" size=\"40\" class=\"wpcf7-form-control wpcf7-text wpcf7-validates-as-required\" aria-required=\"true\" aria-invalid=\"false\" placeholder=\"T\u00e9l\u00e9phone\" \/><\/span><\/p>\n<\/div>\n<div class=\"col-lg\">\n<p><span class=\"wpcf7-form-control-wrap mail\"><input type=\"text\" name=\"mail\" value=\"\" size=\"40\" class=\"wpcf7-form-control wpcf7-text\" aria-invalid=\"false\" placeholder=\"E-Mail\" \/><\/span><\/p>\n<\/div>\n<div class=\"col-lg-auto\">\n<p><input type=\"submit\" value=\"Soumettre le Formulaire\" class=\"wpcf7-form-control wpcf7-submit btn btn-color-primary\" \/><\/p>\n<\/div>\n<\/div>\n<div class=\"wpcf7-response-output\" aria-hidden=\"true\"><\/div><\/form><\/div>\t\t\t\t\t\t<\/div>\n\t\t\t\t<\/div>\n\t\t\t\t\t<\/div>\n\t\t<\/div>\n\t\t\t\t<div class=\"elementor-column elementor-col-33 elementor-inner-column elementor-element elementor-element-c44b51d\" data-id=\"c44b51d\" data-element_type=\"column\">\n\t\t\t<div class=\"elementor-widget-wrap\">\n\t\t\t\t\t\t\t\t\t<\/div>\n\t\t<\/div>\n\t\t\t\t\t\t\t<\/div>\n\t\t<\/section>\n\t\t\t\t\t<\/div>\n\t\t<\/div>\n\t\t\t\t\t\t\t<\/div>\n\t\t<\/section>\n\t\t\t\t<section class=\"elementor-section elementor-top-section elementor-element elementor-element-7db5a3a elementor-section-stretched elementor-section-boxed elementor-section-height-default elementor-section-height-default wd-section-disabled\" data-id=\"7db5a3a\" data-element_type=\"section\" data-settings=\"{&quot;stretch_section&quot;:&quot;section-stretched&quot;,&quot;background_background&quot;:&quot;classic&quot;}\">\n\t\t\t\t\t\t<div class=\"elementor-container elementor-column-gap-default\">\n\t\t\t\t\t<div class=\"elementor-column elementor-col-100 elementor-top-column elementor-element elementor-element-a8be6cd color-scheme-dark\" data-id=\"a8be6cd\" data-element_type=\"column\">\n\t\t\t<div class=\"elementor-widget-wrap elementor-element-populated\">\n\t\t\t\t\t\t\t\t<div class=\"elementor-element elementor-element-f3b3264 color-scheme-inherit text-left elementor-widget elementor-widget-text-editor\" data-id=\"f3b3264\" data-element_type=\"widget\" data-widget_type=\"text-editor.default\">\n\t\t\t\t<div class=\"elementor-widget-container\">\n\t\t\t\t\t\t\t\t<h3><strong>Comment la<\/strong><strong> chirurgie esth\u00e9tique de l\u2019oreille est-elle effectu\u00e9e?<\/strong><\/h3><p>L\u2019incision est faite de derri\u00e8re l\u2019oreille pendant la chirurgie esth\u00e9tique de l\u2019oreille qui peut \u00eatre effectu\u00e9e sur une ou les deux oreilles sous anesth\u00e9sie g\u00e9n\u00e9rale ou locale. \u00a0La structure cartilagineuse, qui perturbe la forme de l\u2019oreille, est atteinte avec l\u2019incision faite derri\u00e8re l\u2019oreille et les parties exc\u00e9dentaires du cartilage de l\u2019oreille sont enlev\u00e9es, sutur\u00e9es et la nouvelle forme est donn\u00e9e \u00e0 l\u2019oreille La r\u00e9gion est st\u00e9rilis\u00e9e, les oreilles sont band\u00e9es et l\u2019op\u00e9ration est termin\u00e9e apr\u00e8s une chirurgie de l\u2019oreille pro\u00e9minente.<\/p><p>Pendant otoplasty, seulement le probl\u00e8me en avant d\u2019oreille ne peut pas \u00eatre r\u00e9solu ; les formes des oreilles peuvent \u00eatre reconstruites pour \u00eatre compatibles les unes avec les autres, l\u2019exc\u00e8s de peau et de cartilage dans les grandes oreilles peut \u00eatre enlev\u00e9 ou le lobe de l\u2019oreille peut \u00eatre fa\u00e7onn\u00e9.<\/p><p>Il vise \u00e0 atteindre la forme de l\u2019oreille qui sera la plus appropri\u00e9e, naturelle et am\u00e9liorer l\u2019apparence de la personne apr\u00e8s l\u2019esth\u00e9tique de l\u2019oreille.<\/p><h3><strong> Chirurgie esth\u00e9tiquepost-eaar<\/strong><\/h3><p>Le patient peut retourner \u00e0 leur vie quotidienne dans un d\u00e9lai moyen de 1 semaine apr\u00e8s l\u2019otoplasty ex\u00e9cut\u00e9 avec une technique d\u2019une fa\u00e7on minimum invahissante. \u00a0Le processus de gu\u00e9rison est assez rapide, mais il est important de renouveler les bandages aux fuseaux horaires d\u00e9sign\u00e9s par les chirurgiens experts comme recommand\u00e9 afin de pr\u00e9venir l\u2019infection.<\/p>\t\t\t\t\t\t<\/div>\n\t\t\t\t<\/div>\n\t\t\t\t\t<\/div>\n\t\t<\/div>\n\t\t\t\t\t\t\t<\/div>\n\t\t<\/section>\n\t\t\t\t<section class=\"elementor-section elementor-top-section elementor-element elementor-element-e9a5845 elementor-section-content-middle elementor-section-stretched elementor-section-boxed elementor-section-height-default elementor-section-height-default wd-section-disabled\" data-id=\"e9a5845\" data-element_type=\"section\" data-settings=\"{&quot;stretch_section&quot;:&quot;section-stretched&quot;,&quot;background_background&quot;:&quot;classic&quot;}\">\n\t\t\t\t\t\t<div class=\"elementor-container elementor-column-gap-extended\">\n\t\t\t\t\t<div class=\"elementor-column elementor-col-100 elementor-top-column elementor-element elementor-element-ece56e4 color-scheme-dark\" data-id=\"ece56e4\" data-element_type=\"column\">\n\t\t\t<div class=\"elementor-widget-wrap elementor-element-populated\">\n\t\t\t\t\t\t\t\t<div class=\"elementor-element elementor-element-d2373de color-scheme-inherit text-left elementor-widget elementor-widget-text-editor\" data-id=\"d2373de\" data-element_type=\"widget\" data-widget_type=\"text-editor.default\">\n\t\t\t\t<div class=\"elementor-widget-container\">\n\t\t\t\t\t\t\t\t<h3><strong>L\u2019importance de l\u2019esth\u00e9tique de l\u2019oreille<\/strong><\/h3><p>Les personnes ayant des d\u00e9formations dans les oreilles se sentent psychologiquement perturb\u00e9es par leur apparence. Ils sont probablement rencontr\u00e9s avec des discours sarcastiques avec le d\u00e9but de leur vie scolaire, en particulier pendant l\u2019enfance. Ainsi, il est recommand\u00e9 que la chirurgie de l\u2019oreille pro\u00e9minente soit effectu\u00e9e \u00e0 l\u2019\u00e2ge de 5 \u00e0 6 ans lorsque le d\u00e9veloppement de l\u2019oreille est complet. Lorsque leurs pairs disent involontairement les mots sarcastiques, cela peut profond\u00e9ment affecter la vie enti\u00e8re des enfants qui ont un probl\u00e8me d\u2019oreille important. \u00a0Ce probl\u00e8me, qui peut entra\u00eener une perte de confiance en soi et l\u2019ali\u00e9nation de la vie sociale s\u2019il n\u2019est pas trait\u00e9, emp\u00eache l\u2019enfant d\u2019\u00eatre psychologiquement bless\u00e9 s\u2019il est r\u00e9solu sans commencer sa vie scolaire.<\/p><p>La chirurgie esth\u00e9tique de l\u2019oreille peut \u00e9galement \u00eatre appliqu\u00e9e aux adultes. Il am\u00e9liore \u00e9galement consid\u00e9rablement la vie des adultes qui veulent gu\u00e9rir leur apparence et se d\u00e9barrasser des probl\u00e8mes avec leur structure d\u2019oreille qui les a mis \u00e0 des inconv\u00e9nients pendant des ann\u00e9es. Ils gagnent en confiance en eux et ainsi, ils peuvent avoir plus de succ\u00e8s \u00e0 la fois dans leur vie professionnelle et dans leur vie sociale.<\/p><h3><strong> Esth\u00e9tique de l\u2019oreille pro\u00e9minente non surg\u0131cale<\/strong><\/h3><p>Parall\u00e8lement \u00e0 l\u2019avancement des technologies m\u00e9dicales et \u00e0 l\u2019\u00e9mergence de nouvelles applications, une nouvelle alternative a \u00e9t\u00e9 offerte \u00e0 ceux qui ont un probl\u00e8me d\u2019oreille important. \u00ab\u00a0L\u2019esth\u00e9tique de l\u2019oreille pro\u00e9minente sans incision\u00a0\u00bb, qui est r\u00e9alis\u00e9e sans aucune intervention chirurgicale, est pr\u00e9f\u00e9r\u00e9e par les personnes qui n\u2019ont pas beaucoup de d\u00e9formation de l\u2019oreille. \u00a0Cette proc\u00e9dure \u00e9tirant le cartilage de l\u2019oreille derri\u00e8re l\u2019oreille avec des coutures invisibles est plus efficace lorsqu\u2019elle est effectu\u00e9e pendant l\u2019enfance.<\/p>\t\t\t\t\t\t<\/div>\n\t\t\t\t<\/div>\n\t\t\t\t\t<\/div>\n\t\t<\/div>\n\t\t\t\t\t\t\t<\/div>\n\t\t<\/section>\n\t\t\t\t\t\t<\/div>\n\t\t\t\t\t<\/div>\n\t\t","protected":false},"excerpt":{"rendered":"<p>Esth\u00e9tique de L\u2019oreille L\u2019apparence des oreilles est importante pour l\u2019esth\u00e9tique de tout le visage. Les oreilles pro\u00e9minentes sont consid\u00e9r\u00e9es comme<\/p>\n","protected":false},"author":1,"featured_media":0,"parent":0,"menu_order":0,"comment_status":"closed","ping_status":"closed","template":"","meta":{"footnotes":""},"class_list":["post-11829","page","type-page","status-publish","hentry"],"_links":{"self":[{"href":"https:\/\/mahmutnurikaratoprak.com\/fr\/wp-json\/wp\/v2\/pages\/11829","targetHints":{"allow":["GET"]}}],"collection":[{"href":"https:\/\/mahmutnurikaratoprak.com\/fr\/wp-json\/wp\/v2\/pages"}],"about":[{"href":"https:\/\/mahmutnurikaratoprak.com\/fr\/wp-json\/wp\/v2\/types\/page"}],"author":[{"embeddable":true,"href":"https:\/\/mahmutnurikaratoprak.com\/fr\/wp-json\/wp\/v2\/users\/1"}],"replies":[{"embeddable":true,"href":"https:\/\/mahmutnurikaratoprak.com\/fr\/wp-json\/wp\/v2\/comments?post=11829"}],"version-history":[{"count":14,"href":"https:\/\/mahmutnurikaratoprak.com\/fr\/wp-json\/wp\/v2\/pages\/11829\/revisions"}],"predecessor-version":[{"id":12463,"href":"https:\/\/mahmutnurikaratoprak.com\/fr\/wp-json\/wp\/v2\/pages\/11829\/revisions\/12463"}],"wp:attachment":[{"href":"https:\/\/mahmutnurikaratoprak.com\/fr\/wp-json\/wp\/v2\/media?parent=11829"}],"curies":[{"name":"wp","href":"https:\/\/api.w.org\/{rel}","templated":true}]}}