{"id":11841,"date":"2021-06-02T11:56:46","date_gmt":"2021-06-02T08:56:46","guid":{"rendered":"https:\/\/mahmutnurikaratoprak.com\/fr\/?page_id=11841"},"modified":"2021-07-27T12:47:29","modified_gmt":"2021-07-27T09:47:29","slug":"augmentation-mammaire","status":"publish","type":"page","link":"https:\/\/mahmutnurikaratoprak.com\/fr\/augmentation-mammaire","title":{"rendered":"Augmentation Mammaire"},"content":{"rendered":"\t\t<div data-elementor-type=\"wp-page\" data-elementor-id=\"11841\" class=\"elementor elementor-11841\" data-elementor-settings=\"[]\">\n\t\t\t\t\t\t\t<div class=\"elementor-section-wrap\">\n\t\t\t\t\t\t\t<section class=\"elementor-section elementor-top-section elementor-element elementor-element-e9a5845 elementor-section-content-middle elementor-section-stretched elementor-section-boxed elementor-section-height-default elementor-section-height-default wd-section-disabled\" data-id=\"e9a5845\" data-element_type=\"section\" data-settings=\"{&quot;stretch_section&quot;:&quot;section-stretched&quot;,&quot;background_background&quot;:&quot;classic&quot;}\">\n\t\t\t\t\t\t<div class=\"elementor-container elementor-column-gap-extended\">\n\t\t\t\t\t<div class=\"elementor-column elementor-col-100 elementor-top-column elementor-element elementor-element-ece56e4 color-scheme-dark\" data-id=\"ece56e4\" data-element_type=\"column\">\n\t\t\t<div class=\"elementor-widget-wrap elementor-element-populated\">\n\t\t\t\t\t\t\t\t<div class=\"elementor-element elementor-element-99c18ce elementor-widget elementor-widget-wd_title\" data-id=\"99c18ce\" data-element_type=\"widget\" data-widget_type=\"wd_title.default\">\n\t\t\t\t<div class=\"elementor-widget-container\">\n\t\t\t\t\t<div class=\"title-wrapper woodmart-title-color-default woodmart-title-style-default woodmart-title-size-large text-left\">\n\n\t\t\t\n\t\t\t<div class=\"liner-continer\">\n\t\t\t\t<span class=\"left-line\"><\/span>\n\n\t\t\t\t<h4 class=\"woodmart-title-container title wd-underline-colored\">\n\t\t\t\t\tAugmentation Mammaire\t\t\t\t<\/h4>\n\n\t\t\t\t\n\t\t\t\t<span class=\"right-line\"><\/span>\n\t\t\t<\/div>\n\n\t\t\t\t\t<\/div>\n\t\t\t\t<\/div>\n\t\t\t\t<\/div>\n\t\t\t\t<div class=\"elementor-element elementor-element-0de72b9 elementor-widget elementor-widget-spacer\" data-id=\"0de72b9\" data-element_type=\"widget\" data-widget_type=\"spacer.default\">\n\t\t\t\t<div class=\"elementor-widget-container\">\n\t\t\t\t\t<div class=\"elementor-spacer\">\n\t\t\t<div class=\"elementor-spacer-inner\"><\/div>\n\t\t<\/div>\n\t\t\t\t<\/div>\n\t\t\t\t<\/div>\n\t\t\t\t<div class=\"elementor-element elementor-element-d2373de color-scheme-inherit text-left elementor-widget elementor-widget-text-editor\" data-id=\"d2373de\" data-element_type=\"widget\" data-widget_type=\"text-editor.default\">\n\t\t\t\t<div class=\"elementor-widget-container\">\n\t\t\t\t\t\t\t\t<p>Le sein, dont la fonction principale est l\u2019allaitement maternel, a \u00e9t\u00e9 un \u00e9l\u00e9ment compl\u00e9mentaire du sexe f\u00e9minin en dehors du syst\u00e8me reproducteur tout au long de l\u2019histoire humaine. Chaque course a une forme de poitrine unique, la largeur, la couleur et la taille des mamelons diff\u00e8rent les unes des autres. Parfois, les caract\u00e9ristiques d\u00e9veloppementales et parfois familiales ne se d\u00e9veloppent pas suffisamment \u00e0 la fin de l\u2019adolescence et peuvent normalement rester plus petites. Apr\u00e8s l\u2019allaitement, les seins peuvent r\u00e9tr\u00e9cir ou le tissu mammaire peut diminuer et provoquer un aspect creux. Chez les personnes ayant des probl\u00e8mes d\u2019ob\u00e9sit\u00e9, il peut se d\u00e9former et s\u2019affaisser dans les seins apr\u00e8s une chirurgie de r\u00e9duction de l\u2019alimentation ou de l\u2019estomac.<\/p><p>Il existe deux proc\u00e9dures chirurgicales s\u00fbres pour les femmes ayant de tels probl\u00e8mes; Augmentation mammaire avec proth\u00e8se en silicone et augmentation mammaire avec injection de greffe d\u2019huile.<\/p><p><strong>Abr\u00e9 avec proth\u00e8se en silicone<\/strong><\/p><p>Les proth\u00e8ses en silicone sont constitu\u00e9es de silicone dur \u00e0 l\u2019ext\u00e9rieur et de silicone fluide dense \u00e0 l\u2019int\u00e9rieur. Bien que diff\u00e9rentes proth\u00e8ses de marque soient propos\u00e9es dans notre pays, j\u2019utilise des produits avec des certificats FDA et CE pour mes patients.<br \/>Les proth\u00e8ses en silicone sont divis\u00e9es en 2 en fonction de leur forme;<\/p><p>Damla (anatomique) proth\u00e8se; Il a un fond plat et a une surface sup\u00e9rieure qui augmente de haut en bas. Il a une structure dure plus dense par rapport \u00e0 la proth\u00e8se ronde. Dans la partie d\u00e9collet\u00e9, il n\u2019est pas aussi pro\u00e9minent qu\u2019une proth\u00e8se ronde. Il est plus appropri\u00e9 pour l\u2019image naturelle du sein.<\/p><p>Proth\u00e8se ronde; Il a une forme h\u00e9misph\u00e9rique et a une consistance plus douce. Il est plus utile pour d\u00e9finir la zone de d\u00e9collet\u00e9.<\/p>\t\t\t\t\t\t<\/div>\n\t\t\t\t<\/div>\n\t\t\t\t\t<\/div>\n\t\t<\/div>\n\t\t\t\t\t\t\t<\/div>\n\t\t<\/section>\n\t\t\t\t<section class=\"elementor-section elementor-top-section elementor-element elementor-element-98a31cc elementor-section-stretched elementor-section-boxed elementor-section-height-default elementor-section-height-default wd-section-disabled\" data-id=\"98a31cc\" data-element_type=\"section\" data-settings=\"{&quot;stretch_section&quot;:&quot;section-stretched&quot;,&quot;background_background&quot;:&quot;classic&quot;}\">\n\t\t\t\t\t\t<div class=\"elementor-container elementor-column-gap-default\">\n\t\t\t\t\t<div class=\"elementor-column elementor-col-50 elementor-top-column elementor-element elementor-element-a5ecceb color-scheme-dark\" data-id=\"a5ecceb\" data-element_type=\"column\">\n\t\t\t<div class=\"elementor-widget-wrap elementor-element-populated\">\n\t\t\t\t\t\t\t\t<div class=\"elementor-element elementor-element-a5a0bb3 color-scheme-inherit text-left elementor-widget elementor-widget-text-editor\" data-id=\"a5a0bb3\" data-element_type=\"widget\" data-widget_type=\"text-editor.default\">\n\t\t\t\t<div class=\"elementor-widget-container\">\n\t\t\t\t\t\t\t\t<p><strong>Location de la proth\u00e8se:<\/strong><\/p><p>Mamelon, pli inf\u00e9rieur du mamelon, zones des aisselles peuvent \u00eatre pr\u00e9f\u00e9r\u00e9s pour l\u2019implantation. Chaque r\u00e9gion a ses propres avantages et inconv\u00e9nients.<br \/>La coupe du mamelon est avantageuse en termes de trace, et la ligne de couture est cach\u00e9e dans la zone color\u00e9e de ?? le mamelon. L\u2019inconv\u00e9nient est que les canaux de lait \u00e0 l\u2019endroit o\u00f9 l\u2019incision est coup\u00e9e peuvent entra\u00eener une diminution de la quantit\u00e9 de lait pendant l\u2019allaitement. En outre, la r\u00e9action du corps \u00e0 la proth\u00e8se, que nous appelons r\u00e9action de capsule, \u00e9tait plus fr\u00e9quente dans les proth\u00e8ses plac\u00e9es au niveau du mamelon.<br \/>L\u2019incision faite pour le placement des aisselles ne n\u00e9cessite aucune incision dans le sein. Cependant, la douleur postop\u00e9ratoire peut prendre plus de temps et peut causer des douleurs musculaires chroniques. En outre, ce n\u2019est pas un endroit privil\u00e9gi\u00e9 pour les proth\u00e8ses dentaires \u00e0 volume \u00e9lev\u00e9.<\/p><p>Le pli inf\u00e9rieur de la buse est la r\u00e9gion o\u00f9 le sein rencontre le corps. La proth\u00e8se est plac\u00e9e par une incision de 5 cm. Si la ligne de couture est pr\u00e9vue pour co\u00efncider avec le pli complet, la cicatrice visible dans la premi\u00e8re p\u00e9riode sera cach\u00e9e, qui dispara\u00eetra presque compl\u00e8tement apr\u00e8s 1 an.<\/p><p><strong>Introduit de la proth\u00e8se<\/strong><\/p><p>La proth\u00e8se en silicone peut \u00eatre plac\u00e9e sous le muscle, sous le tissu mammaire et sous la membrane musculaire. S\u2019il n\u2019y a pas de tissu mammaire, il peut \u00eatre pr\u00e9f\u00e9rable sous le muscle pour emp\u00eacher la proth\u00e8se de se toucher. S\u2019il y a une certaine \u00e9paisseur de sein, une proth\u00e8se est plac\u00e9e sous le tissu mammaire. La technique de la membrane sous-musculaire peut \u00e9galement \u00eatre consid\u00e9r\u00e9e comme une combinaison des 2 autres techniques. Apr\u00e8s l\u2019examen, le chirurgien d\u00e9cide quel niveau de proth\u00e8se sera plac\u00e9 et expliquera la raison de la pr\u00e9f\u00e9rence \u00e0 cet \u00e9gard.<\/p>\t\t\t\t\t\t<\/div>\n\t\t\t\t<\/div>\n\t\t\t\t\t<\/div>\n\t\t<\/div>\n\t\t\t\t<div class=\"elementor-column elementor-col-50 elementor-top-column elementor-element elementor-element-d8af63b\" data-id=\"d8af63b\" data-element_type=\"column\">\n\t\t\t<div class=\"elementor-widget-wrap elementor-element-populated\">\n\t\t\t\t\t\t\t\t<div class=\"elementor-element elementor-element-9b3fe7c elementor-widget elementor-widget-image\" data-id=\"9b3fe7c\" data-element_type=\"widget\" data-widget_type=\"image.default\">\n\t\t\t\t<div class=\"elementor-widget-container\">\n\t\t\t\t\t\t\t\t\t\t\t\t\t\t\t<img loading=\"lazy\" decoding=\"async\" width=\"624\" height=\"663\" src=\"https:\/\/mahmutnurikaratoprak.com\/fr\/wp-content\/uploads\/2021\/06\/Basliksiz-3.jpg\" class=\"attachment-full size-full\" alt=\"\" srcset=\"https:\/\/mahmutnurikaratoprak.com\/fr\/wp-content\/uploads\/2021\/06\/Basliksiz-3.jpg 624w, https:\/\/mahmutnurikaratoprak.com\/fr\/wp-content\/uploads\/2021\/06\/Basliksiz-3-282x300.jpg 282w\" sizes=\"auto, (max-width: 624px) 100vw, 624px\" \/>\t\t\t\t\t\t\t\t\t\t\t\t\t\t\t<\/div>\n\t\t\t\t<\/div>\n\t\t\t\t\t<\/div>\n\t\t<\/div>\n\t\t\t\t\t\t\t<\/div>\n\t\t<\/section>\n\t\t\t\t<section class=\"elementor-section elementor-top-section elementor-element elementor-element-7978624 elementor-section-content-middle elementor-section-stretched elementor-section-boxed elementor-section-height-default elementor-section-height-default wd-section-disabled\" data-id=\"7978624\" data-element_type=\"section\" data-settings=\"{&quot;stretch_section&quot;:&quot;section-stretched&quot;,&quot;background_background&quot;:&quot;classic&quot;}\">\n\t\t\t\t\t\t<div class=\"elementor-container elementor-column-gap-extended\">\n\t\t\t\t\t<div class=\"elementor-column elementor-col-100 elementor-top-column elementor-element elementor-element-786180 color-scheme-dark\" data-id=\"786180\" data-element_type=\"column\">\n\t\t\t<div class=\"elementor-widget-wrap elementor-element-populated\">\n\t\t\t\t\t\t\t\t<div class=\"elementor-element elementor-element-0de5e50 elementor-widget elementor-widget-wd_title\" data-id=\"0de5e50\" data-element_type=\"widget\" data-widget_type=\"wd_title.default\">\n\t\t\t\t<div class=\"elementor-widget-container\">\n\t\t\t\t\t<div class=\"title-wrapper woodmart-title-color-default woodmart-title-style-default woodmart-title-size-large text-center\">\n\n\t\t\t\n\t\t\t<div class=\"liner-continer\">\n\t\t\t\t<span class=\"left-line\"><\/span>\n\n\t\t\t\t<h4 class=\"woodmart-title-container title wd-underline-colored\">\n\t\t\t\t\tDemander un Rendez-Vous\t\t\t\t<\/h4>\n\n\t\t\t\t\n\t\t\t\t<span class=\"right-line\"><\/span>\n\t\t\t<\/div>\n\n\t\t\t\t\t<\/div>\n\t\t\t\t<\/div>\n\t\t\t\t<\/div>\n\t\t\t\t<div class=\"elementor-element elementor-element-7f83964 color-scheme-inherit text-left elementor-widget elementor-widget-text-editor\" data-id=\"7f83964\" data-element_type=\"widget\" data-widget_type=\"text-editor.default\">\n\t\t\t\t<div class=\"elementor-widget-container\">\n\t\t\t\t\t\t\t\t<p>Envoyez-nous vos informations. Appelons-nous et prenons rendez-vous!<\/p>\t\t\t\t\t\t<\/div>\n\t\t\t\t<\/div>\n\t\t\t\t<section class=\"elementor-section elementor-inner-section elementor-element elementor-element-3b4ad17 elementor-section-boxed elementor-section-height-default elementor-section-height-default wd-section-disabled\" data-id=\"3b4ad17\" data-element_type=\"section\">\n\t\t\t\t\t\t<div class=\"elementor-container elementor-column-gap-default\">\n\t\t\t\t\t<div class=\"elementor-column elementor-col-33 elementor-inner-column elementor-element elementor-element-1297f45\" data-id=\"1297f45\" data-element_type=\"column\">\n\t\t\t<div class=\"elementor-widget-wrap\">\n\t\t\t\t\t\t\t\t\t<\/div>\n\t\t<\/div>\n\t\t\t\t<div class=\"elementor-column elementor-col-33 elementor-inner-column elementor-element elementor-element-ceaf1cb\" data-id=\"ceaf1cb\" data-element_type=\"column\">\n\t\t\t<div class=\"elementor-widget-wrap elementor-element-populated\">\n\t\t\t\t\t\t\t\t<div class=\"elementor-element elementor-element-bc5cfc8 color-scheme-inherit text-left elementor-widget elementor-widget-text-editor\" data-id=\"bc5cfc8\" data-element_type=\"widget\" data-widget_type=\"text-editor.default\">\n\t\t\t\t<div class=\"elementor-widget-container\">\n\t\t\t\t\t\t\t\t<div role=\"form\" class=\"wpcf7\" id=\"wpcf7-f9402-o1\" lang=\"en-US\" dir=\"ltr\">\n<div class=\"screen-reader-response\"><p role=\"status\" aria-live=\"polite\" aria-atomic=\"true\"><\/p> <ul><\/ul><\/div>\n<form action=\"\/fr\/wp-json\/wp\/v2\/pages\/11841#wpcf7-f9402-o1\" method=\"post\" class=\"wpcf7-form init\" novalidate=\"novalidate\" data-status=\"init\">\n<div style=\"display: none;\">\n<input type=\"hidden\" name=\"_wpcf7\" value=\"9402\" \/>\n<input type=\"hidden\" name=\"_wpcf7_version\" value=\"5.4.1\" \/>\n<input type=\"hidden\" name=\"_wpcf7_locale\" value=\"en_US\" \/>\n<input type=\"hidden\" name=\"_wpcf7_unit_tag\" value=\"wpcf7-f9402-o1\" \/>\n<input type=\"hidden\" name=\"_wpcf7_container_post\" value=\"0\" \/>\n<input type=\"hidden\" name=\"_wpcf7_posted_data_hash\" value=\"\" \/>\n<\/div>\n<div class=\"row\">\n<div class=\"col-lg\">\n<p><span class=\"wpcf7-form-control-wrap adi\"><input type=\"text\" name=\"adi\" value=\"\" size=\"40\" class=\"wpcf7-form-control wpcf7-text wpcf7-validates-as-required\" aria-required=\"true\" aria-invalid=\"false\" placeholder=\"Nom\" \/><\/span><\/p>\n<\/div>\n<div class=\"col-lg\">\n<p><span class=\"wpcf7-form-control-wrap telefon\"><input type=\"text\" name=\"telefon\" value=\"\" size=\"40\" class=\"wpcf7-form-control wpcf7-text wpcf7-validates-as-required\" aria-required=\"true\" aria-invalid=\"false\" placeholder=\"T\u00e9l\u00e9phone\" \/><\/span><\/p>\n<\/div>\n<div class=\"col-lg\">\n<p><span class=\"wpcf7-form-control-wrap mail\"><input type=\"text\" name=\"mail\" value=\"\" size=\"40\" class=\"wpcf7-form-control wpcf7-text\" aria-invalid=\"false\" placeholder=\"E-Mail\" \/><\/span><\/p>\n<\/div>\n<div class=\"col-lg-auto\">\n<p><input type=\"submit\" value=\"Soumettre le Formulaire\" class=\"wpcf7-form-control wpcf7-submit btn btn-color-primary\" \/><\/p>\n<\/div>\n<\/div>\n<div class=\"wpcf7-response-output\" aria-hidden=\"true\"><\/div><\/form><\/div>\t\t\t\t\t\t<\/div>\n\t\t\t\t<\/div>\n\t\t\t\t\t<\/div>\n\t\t<\/div>\n\t\t\t\t<div class=\"elementor-column elementor-col-33 elementor-inner-column elementor-element elementor-element-c44b51d\" data-id=\"c44b51d\" data-element_type=\"column\">\n\t\t\t<div class=\"elementor-widget-wrap\">\n\t\t\t\t\t\t\t\t\t<\/div>\n\t\t<\/div>\n\t\t\t\t\t\t\t<\/div>\n\t\t<\/section>\n\t\t\t\t\t<\/div>\n\t\t<\/div>\n\t\t\t\t\t\t\t<\/div>\n\t\t<\/section>\n\t\t\t\t<section class=\"elementor-section elementor-top-section elementor-element elementor-element-ca259a3 elementor-section-content-middle elementor-section-stretched elementor-section-boxed elementor-section-height-default elementor-section-height-default wd-section-disabled\" data-id=\"ca259a3\" data-element_type=\"section\" data-settings=\"{&quot;stretch_section&quot;:&quot;section-stretched&quot;,&quot;background_background&quot;:&quot;classic&quot;}\">\n\t\t\t\t\t\t<div class=\"elementor-container elementor-column-gap-extended\">\n\t\t\t\t\t<div class=\"elementor-column elementor-col-100 elementor-top-column elementor-element elementor-element-535ec85 color-scheme-dark\" data-id=\"535ec85\" data-element_type=\"column\">\n\t\t\t<div class=\"elementor-widget-wrap elementor-element-populated\">\n\t\t\t\t\t\t\t\t<div class=\"elementor-element elementor-element-8bd828f color-scheme-inherit text-left elementor-widget elementor-widget-text-editor\" data-id=\"8bd828f\" data-element_type=\"widget\" data-widget_type=\"text-editor.default\">\n\t\t\t\t<div class=\"elementor-widget-container\">\n\t\t\t\t\t\t\t\t<p><strong>Pr\u00e9chirurgie;<\/strong><\/p><p>Si vous avez d\u00e9j\u00e0 subi une intervention chirurgicale, de l\u2019hypertension art\u00e9rielle, du diab\u00e8te, des maladies chroniques telles que le goitre, une allergie \u00e0 tout m\u00e9dicament ou aliment, vous devez absolument informer si vous avez des m\u00e9dicaments que vous devez utiliser.<br \/>Si vous avez un cancer du sein ou des maladies dans votre famille, assurez-vous de le mentionner.<br \/>Je recommande aux patientes qui subissent une chirurgie mammaire d\u2019avoir un usg mammaire avant la chirurgie et la mammographie si l\u2019\u00e2ge est appropri\u00e9. De tels rapports de formation image seront exig\u00e9s pour d\u00e9tecter des masses de sein et pour poursuivre postop\u00e9ratoirement.<\/p><p><strong>H\u00f4ti et salle d\u2019op\u00e9ration<\/strong><\/p><p>Les examens pr\u00e9op\u00e9ratoires sont pr\u00e9par\u00e9s le m\u00eame jour ou 1 jour avant. Vous ne devriez rien manger ou boire 8 heures avant la chirurgie. Si les r\u00e9sultats sont \u00e9valu\u00e9s par l\u2019anesth\u00e9siologiste et qu\u2019il n\u2019y a pas d\u2019obstacle, votre chirurgie peut \u00eatre effectu\u00e9e. Le patient ne ressentira aucune douleur pendant la proc\u00e9dure car elle est effectu\u00e9e sous anesth\u00e9sie g\u00e9n\u00e9rale. Le temps d\u2019op\u00e9ration moyen est de 1 heure et le temps pass\u00e9 dans la salle d\u2019op\u00e9ration sera plus long apr\u00e8s que le patient soit endormi et r\u00e9veill\u00e9.<\/p><p><strong> la chirurgie est-elle risqu\u00e9e?<\/strong><\/p><p>Dans les op\u00e9rations effectu\u00e9es sous anesth\u00e9sie g\u00e9n\u00e9rale, les risques peuvent \u00eatre divis\u00e9s en 2 en fonction de l\u2019anesth\u00e9sie et de la chirurgie. Compte tenu du d\u00e9veloppement de l\u2019\u00e9quipement et de la technologie anesth\u00e9siques, les proc\u00e9dures sont effectu\u00e9es de mani\u00e8re beaucoup plus s\u00fbre que par le pass\u00e9. Les tests de laboratoire effectu\u00e9s avant la chirurgie sont v\u00e9rifi\u00e9s et, si n\u00e9cessaire, une consultation est demand\u00e9e \u00e0 d\u2019autres branches. Si vous avez une maladie chronique, une allergie \u00e0 un m\u00e9dicament, un probl\u00e8me que vous avez eu lors de votre chirurgie pr\u00e9c\u00e9dente, vous devriez certainement le dire. Vous ne devriez rien manger ou boire 8 heures avant la chirurgie. Vous devez suivre cette r\u00e8gle pour emp\u00eacher tout aliment dans votre estomac de s\u2019\u00e9chapper dans vos poumons pendant la chirurgie et de rencontrer des probl\u00e8mes majeurs.<br \/>\u00c9tant donn\u00e9 que les proth\u00e8ses en silicone de nouvelle g\u00e9n\u00e9ration sont r\u00e9sistantes \u00e0 la haute pression, le risque d\u2019\u00e9clatement et de d\u00e9chirure du sein est tr\u00e8s faible. On administre un traitement antibiotique apr\u00e8s la chirurgie pour pr\u00e9venir l\u2019infection. Parfois, des drains sont plac\u00e9s dans le sein pour \u00e9liminer le liquide et le sang accumul\u00e9 dans la premi\u00e8re p\u00e9riode et les drains sont enlev\u00e9s le 3\u00e8me jour. Le patient doit utiliser un soutien-gorge de rassemblement m\u00e9dical pendant au moins 1 mois selon les instructions du m\u00e9decin et ne doit pas lever les bras plus haut que le niveau de l\u2019\u00e9paule pendant au moins 2 semaines chez ceux qui ont une proth\u00e8se plac\u00e9e sous le muscle.<\/p>\t\t\t\t\t\t<\/div>\n\t\t\t\t<\/div>\n\t\t\t\t\t<\/div>\n\t\t<\/div>\n\t\t\t\t\t\t\t<\/div>\n\t\t<\/section>\n\t\t\t\t<section class=\"elementor-section elementor-top-section elementor-element elementor-element-1ee516b elementor-section-content-middle elementor-section-stretched elementor-section-boxed elementor-section-height-default elementor-section-height-default wd-section-disabled\" data-id=\"1ee516b\" data-element_type=\"section\" data-settings=\"{&quot;stretch_section&quot;:&quot;section-stretched&quot;,&quot;background_background&quot;:&quot;classic&quot;}\">\n\t\t\t\t\t\t<div class=\"elementor-container elementor-column-gap-extended\">\n\t\t\t\t\t<div class=\"elementor-column elementor-col-100 elementor-top-column elementor-element elementor-element-c894971 color-scheme-dark\" data-id=\"c894971\" data-element_type=\"column\">\n\t\t\t<div class=\"elementor-widget-wrap elementor-element-populated\">\n\t\t\t\t\t\t\t\t<div class=\"elementor-element elementor-element-826c68a color-scheme-inherit text-left elementor-widget elementor-widget-text-editor\" data-id=\"826c68a\" data-element_type=\"widget\" data-widget_type=\"text-editor.default\">\n\t\t\t\t<div class=\"elementor-widget-container\">\n\t\t\t\t\t\t\t\t<p><strong>Qu\u2019est-ce qu\u2019une r\u00e9action de la capsule?<\/strong><\/p><p>C\u2019est une r\u00e9action du corps contre la proth\u00e8se en silicium. Cela peut \u00eatre d\u00fb \u00e0 la sensibilit\u00e9 tissulaire du patient, \u00e0 la surface proth\u00e9tique, au manque de st\u00e9rilit\u00e9 pendant la proc\u00e9dure et aux causes bact\u00e9riennes. Une certaine \u00e9paisseur de structure de la capsule est form\u00e9e autour de chaque proth\u00e8se, mais dans certains cas, elle se transforme en une structure plus \u00e9paisse et plus dure et des plaintes telles que la sensibilit\u00e9, la douleur et la rougeur se produisent chez la personne. Les antibiotiques, les analg\u00e9siques ou les st\u00e9ro\u00efdes sont trait\u00e9s t\u00f4t. Si aucune am\u00e9lioration n\u2019est observ\u00e9e, la proth\u00e8se en silicone peut devoir \u00eatre retir\u00e9e avec la structure de la capsule.<\/p><p><strong>Pourquoi la forme du sein?<\/strong><\/p><p>Dans les premiers jours apr\u00e8s la chirurgie, la proth\u00e8se en silicone appara\u00eetra au-dessus de la zone du d\u00e9collet\u00e9 plus haut que la normale en raison de la tension de la peau et des muscles. La proth\u00e8se s\u2019adapte \u00e0 sa position normale avec les massages recommand\u00e9s et la relaxation du tissu musculaire de la peau apr\u00e8s environ 3-4 semaines. La taille de la proth\u00e8se ins\u00e9r\u00e9e dans ce processus peut \u00eatre plus courte ou plus longue que la structure corporelle de la personne.<\/p><p><strong> Les buses seront-elles \u00e9gales ?<\/strong><\/p><p>Presque toutes les femmes ont plus ou moins de diff\u00e9rence de taille et de forme dans leurs seins. La synchronisation peut \u00eatre r\u00e9alis\u00e9e en installant des proth\u00e8ses de diff\u00e9rentes tailles dans la chirurgie.<\/p><p><strong>Est-ce qu\u2019il y a beaucoup de douleur apr\u00e8s la chirurgie?<\/strong><\/p><p>Lorsque la proth\u00e8se est plac\u00e9e sous le tissu mammaire, il n\u2019y a presque pas de douleur, mais la proth\u00e8se plac\u00e9e sous le muscle peut causer de la douleur dans les premiers jours. Pour \u00e9viter cela, l\u2019inconfort est r\u00e9duit au minimum en fabriquant des analg\u00e9siques narcotiques pendant la chirurgie et dans le service.<\/p><p><strong> Y a-t-il un probl\u00e8me d\u2019allaitement maternel?<\/strong><\/p><p>La chirurgie d\u2019augmentation mammaire avec proth\u00e8se en silicone ne cause aucun dommage aux glandes et aux canaux du lait. Il ne cr\u00e9e pas de probl\u00e8mes d\u2019allaitement apr\u00e8s la chirurgie.<\/p>\t\t\t\t\t\t<\/div>\n\t\t\t\t<\/div>\n\t\t\t\t\t<\/div>\n\t\t<\/div>\n\t\t\t\t\t\t\t<\/div>\n\t\t<\/section>\n\t\t\t\t\t\t<\/div>\n\t\t\t\t\t<\/div>\n\t\t","protected":false},"excerpt":{"rendered":"<p>Augmentation Mammaire Le sein, dont la fonction principale est l\u2019allaitement maternel, a \u00e9t\u00e9 un \u00e9l\u00e9ment compl\u00e9mentaire du sexe f\u00e9minin en<\/p>\n","protected":false},"author":1,"featured_media":0,"parent":0,"menu_order":0,"comment_status":"closed","ping_status":"closed","template":"","meta":{"footnotes":""},"class_list":["post-11841","page","type-page","status-publish","hentry"],"_links":{"self":[{"href":"https:\/\/mahmutnurikaratoprak.com\/fr\/wp-json\/wp\/v2\/pages\/11841","targetHints":{"allow":["GET"]}}],"collection":[{"href":"https:\/\/mahmutnurikaratoprak.com\/fr\/wp-json\/wp\/v2\/pages"}],"about":[{"href":"https:\/\/mahmutnurikaratoprak.com\/fr\/wp-json\/wp\/v2\/types\/page"}],"author":[{"embeddable":true,"href":"https:\/\/mahmutnurikaratoprak.com\/fr\/wp-json\/wp\/v2\/users\/1"}],"replies":[{"embeddable":true,"href":"https:\/\/mahmutnurikaratoprak.com\/fr\/wp-json\/wp\/v2\/comments?post=11841"}],"version-history":[{"count":11,"href":"https:\/\/mahmutnurikaratoprak.com\/fr\/wp-json\/wp\/v2\/pages\/11841\/revisions"}],"predecessor-version":[{"id":12434,"href":"https:\/\/mahmutnurikaratoprak.com\/fr\/wp-json\/wp\/v2\/pages\/11841\/revisions\/12434"}],"wp:attachment":[{"href":"https:\/\/mahmutnurikaratoprak.com\/fr\/wp-json\/wp\/v2\/media?parent=11841"}],"curies":[{"name":"wp","href":"https:\/\/api.w.org\/{rel}","templated":true}]}}