{"id":11843,"date":"2021-06-02T11:57:05","date_gmt":"2021-06-02T08:57:05","guid":{"rendered":"https:\/\/mahmutnurikaratoprak.com\/fr\/?page_id=11843"},"modified":"2021-07-27T12:52:17","modified_gmt":"2021-07-27T09:52:17","slug":"lifting-des-seins","status":"publish","type":"page","link":"https:\/\/mahmutnurikaratoprak.com\/fr\/lifting-des-seins","title":{"rendered":"Lifting des Seins"},"content":{"rendered":"\t\t<div data-elementor-type=\"wp-page\" data-elementor-id=\"11843\" class=\"elementor elementor-11843\" data-elementor-settings=\"[]\">\n\t\t\t\t\t\t\t<div class=\"elementor-section-wrap\">\n\t\t\t\t\t\t\t<section class=\"elementor-section elementor-top-section elementor-element elementor-element-e9a5845 elementor-section-content-middle elementor-section-stretched elementor-section-boxed elementor-section-height-default elementor-section-height-default wd-section-disabled\" data-id=\"e9a5845\" data-element_type=\"section\" data-settings=\"{&quot;stretch_section&quot;:&quot;section-stretched&quot;,&quot;background_background&quot;:&quot;classic&quot;}\">\n\t\t\t\t\t\t<div class=\"elementor-container elementor-column-gap-extended\">\n\t\t\t\t\t<div class=\"elementor-column elementor-col-100 elementor-top-column elementor-element elementor-element-ece56e4 color-scheme-dark\" data-id=\"ece56e4\" data-element_type=\"column\">\n\t\t\t<div class=\"elementor-widget-wrap elementor-element-populated\">\n\t\t\t\t\t\t\t\t<div class=\"elementor-element elementor-element-99c18ce elementor-widget elementor-widget-wd_title\" data-id=\"99c18ce\" data-element_type=\"widget\" data-widget_type=\"wd_title.default\">\n\t\t\t\t<div class=\"elementor-widget-container\">\n\t\t\t\t\t<div class=\"title-wrapper woodmart-title-color-default woodmart-title-style-default woodmart-title-size-large text-left\">\n\n\t\t\t\n\t\t\t<div class=\"liner-continer\">\n\t\t\t\t<span class=\"left-line\"><\/span>\n\n\t\t\t\t<h4 class=\"woodmart-title-container title wd-underline-colored\">\n\t\t\t\t\tLifting des Seins\t\t\t\t<\/h4>\n\n\t\t\t\t\n\t\t\t\t<span class=\"right-line\"><\/span>\n\t\t\t<\/div>\n\n\t\t\t\t\t<\/div>\n\t\t\t\t<\/div>\n\t\t\t\t<\/div>\n\t\t\t\t<div class=\"elementor-element elementor-element-0de72b9 elementor-widget elementor-widget-spacer\" data-id=\"0de72b9\" data-element_type=\"widget\" data-widget_type=\"spacer.default\">\n\t\t\t\t<div class=\"elementor-widget-container\">\n\t\t\t\t\t<div class=\"elementor-spacer\">\n\t\t\t<div class=\"elementor-spacer-inner\"><\/div>\n\t\t<\/div>\n\t\t\t\t<\/div>\n\t\t\t\t<\/div>\n\t\t\t\t<div class=\"elementor-element elementor-element-d2373de color-scheme-inherit text-left elementor-widget elementor-widget-text-editor\" data-id=\"d2373de\" data-element_type=\"widget\" data-widget_type=\"text-editor.default\">\n\t\t\t\t<div class=\"elementor-widget-container\">\n\t\t\t\t\t\t\t\t<p>Pendant l\u2019adolescence, malgr\u00e9 la fin de l\u2019allaitement ou le gain de seins d\u00fb \u00e0 la prise de poids peut \u00eatre plus grand que la normale. Le tissu mammaire lourd et affaiss\u00e9 provoque des douleurs au cou et au dos, un bossu, une irritation de la peau- d\u00e9mangeaisons-rougeurs, un engourdissement dans les bras, ne pas pouvoir respirer confortablement, ne pas pouvoir utiliser des soutiens-gorge et des v\u00eatements appropri\u00e9s et restreindre la vie sociale.<\/p><p>Avec la chirurgie de lifting des seins, l\u2019exc\u00e8s de tissu mammaire est enlev\u00e9 et le sein affaiss\u00e9 est \u00e9rig\u00e9 et les extr\u00e9mit\u00e9s sont d\u00e9plac\u00e9es au point appropri\u00e9 en fonction de la taille et de la structure corporelle de la personne.<\/p><p><strong>Avant la chirurgie<\/strong><\/p><p>Les femmes qui ont plus de 18 ans qui ont les plaintes mentionn\u00e9es ci-dessus en raison de l\u2019affaissement des seins, qui n\u2019ont aucun obstacle dans l\u2019anesth\u00e9sie g\u00e9n\u00e9rale peuvent avoir cette chirurgie.<\/p><p>Au cours de l\u2019entretien, la taille des seins, l\u2019affaissement de la longueur, la sym\u00e9trie et la structure du corps sont \u00e9valu\u00e9s et la quantit\u00e9 de r\u00e9tr\u00e9cissement souhait\u00e9e par la patiente est apprise. Des informations sont donn\u00e9es sur la technique chirurgicale \u00e0 appliquer, l\u2019h\u00f4pital et le processus suivant. La proc\u00e9dure de r\u00e9duction \u00e0 effectuer peut \u00eatre ajust\u00e9e entre certains taux \u00e0 la demande du patient.<\/p><p>Je recommande \u00e0 tous les patients d\u2019avoir le sein Usg avant la chirurgie et ceux qui ont plus de 40 ans. Si une masse suspecte est dans le domaine chirurgical, je la prends pour la chirurgie et l\u2019envoie \u00e0 l\u2019examen pathologique pour l\u2019examen de la pi\u00e8ce.<\/p>\t\t\t\t\t\t<\/div>\n\t\t\t\t<\/div>\n\t\t\t\t\t<\/div>\n\t\t<\/div>\n\t\t\t\t\t\t\t<\/div>\n\t\t<\/section>\n\t\t\t\t<section class=\"elementor-section elementor-top-section elementor-element elementor-element-98a31cc elementor-section-stretched elementor-section-boxed elementor-section-height-default elementor-section-height-default wd-section-disabled\" data-id=\"98a31cc\" data-element_type=\"section\" data-settings=\"{&quot;stretch_section&quot;:&quot;section-stretched&quot;,&quot;background_background&quot;:&quot;classic&quot;}\">\n\t\t\t\t\t\t<div class=\"elementor-container elementor-column-gap-default\">\n\t\t\t\t\t<div class=\"elementor-column elementor-col-50 elementor-top-column elementor-element elementor-element-a5ecceb color-scheme-dark\" data-id=\"a5ecceb\" data-element_type=\"column\">\n\t\t\t<div class=\"elementor-widget-wrap elementor-element-populated\">\n\t\t\t\t\t\t\t\t<div class=\"elementor-element elementor-element-a5a0bb3 color-scheme-inherit text-left elementor-widget elementor-widget-text-editor\" data-id=\"a5a0bb3\" data-element_type=\"widget\" data-widget_type=\"text-editor.default\">\n\t\t\t\t<div class=\"elementor-widget-container\">\n\t\t\t\t\t\t\t\t<p><strong>Pr\u00e9chirurgie;<\/strong><\/p><p>Si vous avez d\u00e9j\u00e0 subi une intervention chirurgicale, de l\u2019hypertension art\u00e9rielle, du diab\u00e8te, des maladies chroniques telles que le goitre, une allergie \u00e0 tout m\u00e9dicament ou aliment, vous devez absolument informer si vous avez des m\u00e9dicaments que vous devez utiliser.<\/p><p>Si vous avez un cancer du sein ou des maladies dans votre famille, assurez-vous de le mentionner.<br \/>Je recommande aux patientes qui subissent une chirurgie mammaire d\u2019avoir un usg mammaire avant la chirurgie et la mammographie si l\u2019\u00e2ge est appropri\u00e9. De tels rapports de formation image seront exig\u00e9s pour d\u00e9tecter des masses de sein et pour poursuivre postop\u00e9ratoirement.<\/p><p><strong>H\u00f4ti et salle d\u2019op\u00e9ration<\/strong><\/p><p>Les examens pr\u00e9op\u00e9ratoires sont pr\u00e9par\u00e9s le m\u00eame jour ou 1 jour avant. Vous ne devriez rien manger ou boire 8 heures avant la chirurgie. Si les r\u00e9sultats sont \u00e9valu\u00e9s par l\u2019anesth\u00e9siologiste et qu\u2019il n\u2019y a pas d\u2019obstacle, votre chirurgie peut \u00eatre effectu\u00e9e. Le patient ne ressentira aucune douleur pendant la proc\u00e9dure car elle est effectu\u00e9e sous anesth\u00e9sie g\u00e9n\u00e9rale. Le temps d\u2019op\u00e9ration moyen est de 2_ 3 heures et le temps pass\u00e9 dans la salle d\u2019op\u00e9ration sera plus long apr\u00e8s que le patient soit endormi et r\u00e9veill\u00e9.<\/p><p>Dans le service postop\u00e9ratoire, vous recevrez des antibiotiques et des m\u00e9dicaments contre la douleur. Vous serez d\u00e9charg\u00e9 le lendemain en faisant un examen de contr\u00f4le et en \u00e9tant appel\u00e9 pour un check-up le 3\u00e8me jour.<\/p><p>Apr\u00e8s la chirurgie de r\u00e9duction mammaire, un drain est ins\u00e9r\u00e9 afin d\u2019\u00e9liminer le liquide et le sang qui fuit entre les tissus. Les drains sont enlev\u00e9s le 3\u00e8me jour lorsque la quantit\u00e9 entrante diminue.<\/p><p>Vous devez utiliser le soutien-gorge m\u00e9dical de rassemblement pendant au moins 4 semaines. Dans la prochaine p\u00e9riode, je vous sugg\u00e8re d\u2019utiliser athl\u00e8te demi-athl\u00e8te.<\/p>\t\t\t\t\t\t<\/div>\n\t\t\t\t<\/div>\n\t\t\t\t\t<\/div>\n\t\t<\/div>\n\t\t\t\t<div class=\"elementor-column elementor-col-50 elementor-top-column elementor-element elementor-element-d8af63b\" data-id=\"d8af63b\" data-element_type=\"column\">\n\t\t\t<div class=\"elementor-widget-wrap elementor-element-populated\">\n\t\t\t\t\t\t\t\t<div class=\"elementor-element elementor-element-9b3fe7c elementor-widget elementor-widget-image\" data-id=\"9b3fe7c\" data-element_type=\"widget\" data-widget_type=\"image.default\">\n\t\t\t\t<div class=\"elementor-widget-container\">\n\t\t\t\t\t\t\t\t\t\t\t\t\t\t\t<img loading=\"lazy\" decoding=\"async\" width=\"625\" height=\"727\" src=\"https:\/\/mahmutnurikaratoprak.com\/fr\/wp-content\/uploads\/2021\/06\/Basliksiz-5.jpg\" class=\"attachment-full size-full\" alt=\"\" srcset=\"https:\/\/mahmutnurikaratoprak.com\/fr\/wp-content\/uploads\/2021\/06\/Basliksiz-5.jpg 625w, https:\/\/mahmutnurikaratoprak.com\/fr\/wp-content\/uploads\/2021\/06\/Basliksiz-5-258x300.jpg 258w\" sizes=\"auto, (max-width: 625px) 100vw, 625px\" \/>\t\t\t\t\t\t\t\t\t\t\t\t\t\t\t<\/div>\n\t\t\t\t<\/div>\n\t\t\t\t\t<\/div>\n\t\t<\/div>\n\t\t\t\t\t\t\t<\/div>\n\t\t<\/section>\n\t\t\t\t<section class=\"elementor-section elementor-top-section elementor-element elementor-element-7978624 elementor-section-content-middle elementor-section-stretched elementor-section-boxed elementor-section-height-default elementor-section-height-default wd-section-disabled\" data-id=\"7978624\" data-element_type=\"section\" data-settings=\"{&quot;stretch_section&quot;:&quot;section-stretched&quot;,&quot;background_background&quot;:&quot;classic&quot;}\">\n\t\t\t\t\t\t<div class=\"elementor-container elementor-column-gap-extended\">\n\t\t\t\t\t<div class=\"elementor-column elementor-col-100 elementor-top-column elementor-element elementor-element-786180 color-scheme-dark\" data-id=\"786180\" data-element_type=\"column\">\n\t\t\t<div class=\"elementor-widget-wrap elementor-element-populated\">\n\t\t\t\t\t\t\t\t<div class=\"elementor-element elementor-element-0de5e50 elementor-widget elementor-widget-wd_title\" data-id=\"0de5e50\" data-element_type=\"widget\" data-widget_type=\"wd_title.default\">\n\t\t\t\t<div class=\"elementor-widget-container\">\n\t\t\t\t\t<div class=\"title-wrapper woodmart-title-color-default woodmart-title-style-default woodmart-title-size-large text-center\">\n\n\t\t\t\n\t\t\t<div class=\"liner-continer\">\n\t\t\t\t<span class=\"left-line\"><\/span>\n\n\t\t\t\t<h4 class=\"woodmart-title-container title wd-underline-colored\">\n\t\t\t\t\tDemander un Rendez-Vous\t\t\t\t<\/h4>\n\n\t\t\t\t\n\t\t\t\t<span class=\"right-line\"><\/span>\n\t\t\t<\/div>\n\n\t\t\t\t\t<\/div>\n\t\t\t\t<\/div>\n\t\t\t\t<\/div>\n\t\t\t\t<div class=\"elementor-element elementor-element-7f83964 color-scheme-inherit text-left elementor-widget elementor-widget-text-editor\" data-id=\"7f83964\" data-element_type=\"widget\" data-widget_type=\"text-editor.default\">\n\t\t\t\t<div class=\"elementor-widget-container\">\n\t\t\t\t\t\t\t\t<p>Envoyez-nous vos informations. Appelons-nous et prenons rendez-vous!<\/p>\t\t\t\t\t\t<\/div>\n\t\t\t\t<\/div>\n\t\t\t\t<section class=\"elementor-section elementor-inner-section elementor-element elementor-element-3b4ad17 elementor-section-boxed elementor-section-height-default elementor-section-height-default wd-section-disabled\" data-id=\"3b4ad17\" data-element_type=\"section\">\n\t\t\t\t\t\t<div class=\"elementor-container elementor-column-gap-default\">\n\t\t\t\t\t<div class=\"elementor-column elementor-col-33 elementor-inner-column elementor-element elementor-element-1297f45\" data-id=\"1297f45\" data-element_type=\"column\">\n\t\t\t<div class=\"elementor-widget-wrap\">\n\t\t\t\t\t\t\t\t\t<\/div>\n\t\t<\/div>\n\t\t\t\t<div class=\"elementor-column elementor-col-33 elementor-inner-column elementor-element elementor-element-ceaf1cb\" data-id=\"ceaf1cb\" data-element_type=\"column\">\n\t\t\t<div class=\"elementor-widget-wrap elementor-element-populated\">\n\t\t\t\t\t\t\t\t<div class=\"elementor-element elementor-element-bc5cfc8 color-scheme-inherit text-left elementor-widget elementor-widget-text-editor\" data-id=\"bc5cfc8\" data-element_type=\"widget\" data-widget_type=\"text-editor.default\">\n\t\t\t\t<div class=\"elementor-widget-container\">\n\t\t\t\t\t\t\t\t<div role=\"form\" class=\"wpcf7\" id=\"wpcf7-f9402-o1\" lang=\"en-US\" dir=\"ltr\">\n<div class=\"screen-reader-response\"><p role=\"status\" aria-live=\"polite\" aria-atomic=\"true\"><\/p> <ul><\/ul><\/div>\n<form action=\"\/fr\/wp-json\/wp\/v2\/pages\/11843#wpcf7-f9402-o1\" method=\"post\" class=\"wpcf7-form init\" novalidate=\"novalidate\" data-status=\"init\">\n<div style=\"display: none;\">\n<input type=\"hidden\" name=\"_wpcf7\" value=\"9402\" \/>\n<input type=\"hidden\" name=\"_wpcf7_version\" value=\"5.4.1\" \/>\n<input type=\"hidden\" name=\"_wpcf7_locale\" value=\"en_US\" \/>\n<input type=\"hidden\" name=\"_wpcf7_unit_tag\" value=\"wpcf7-f9402-o1\" \/>\n<input type=\"hidden\" name=\"_wpcf7_container_post\" value=\"0\" \/>\n<input type=\"hidden\" name=\"_wpcf7_posted_data_hash\" value=\"\" \/>\n<\/div>\n<div class=\"row\">\n<div class=\"col-lg\">\n<p><span class=\"wpcf7-form-control-wrap adi\"><input type=\"text\" name=\"adi\" value=\"\" size=\"40\" class=\"wpcf7-form-control wpcf7-text wpcf7-validates-as-required\" aria-required=\"true\" aria-invalid=\"false\" placeholder=\"Nom\" \/><\/span><\/p>\n<\/div>\n<div class=\"col-lg\">\n<p><span class=\"wpcf7-form-control-wrap telefon\"><input type=\"text\" name=\"telefon\" value=\"\" size=\"40\" class=\"wpcf7-form-control wpcf7-text wpcf7-validates-as-required\" aria-required=\"true\" aria-invalid=\"false\" placeholder=\"T\u00e9l\u00e9phone\" \/><\/span><\/p>\n<\/div>\n<div class=\"col-lg\">\n<p><span class=\"wpcf7-form-control-wrap mail\"><input type=\"text\" name=\"mail\" value=\"\" size=\"40\" class=\"wpcf7-form-control wpcf7-text\" aria-invalid=\"false\" placeholder=\"E-Mail\" \/><\/span><\/p>\n<\/div>\n<div class=\"col-lg-auto\">\n<p><input type=\"submit\" value=\"Soumettre le Formulaire\" class=\"wpcf7-form-control wpcf7-submit btn btn-color-primary\" \/><\/p>\n<\/div>\n<\/div>\n<div class=\"wpcf7-response-output\" aria-hidden=\"true\"><\/div><\/form><\/div>\t\t\t\t\t\t<\/div>\n\t\t\t\t<\/div>\n\t\t\t\t\t<\/div>\n\t\t<\/div>\n\t\t\t\t<div class=\"elementor-column elementor-col-33 elementor-inner-column elementor-element elementor-element-c44b51d\" data-id=\"c44b51d\" data-element_type=\"column\">\n\t\t\t<div class=\"elementor-widget-wrap\">\n\t\t\t\t\t\t\t\t\t<\/div>\n\t\t<\/div>\n\t\t\t\t\t\t\t<\/div>\n\t\t<\/section>\n\t\t\t\t\t<\/div>\n\t\t<\/div>\n\t\t\t\t\t\t\t<\/div>\n\t\t<\/section>\n\t\t\t\t<section class=\"elementor-section elementor-top-section elementor-element elementor-element-ca259a3 elementor-section-content-middle elementor-section-stretched elementor-section-boxed elementor-section-height-default elementor-section-height-default wd-section-disabled\" data-id=\"ca259a3\" data-element_type=\"section\" data-settings=\"{&quot;stretch_section&quot;:&quot;section-stretched&quot;,&quot;background_background&quot;:&quot;classic&quot;}\">\n\t\t\t\t\t\t<div class=\"elementor-container elementor-column-gap-extended\">\n\t\t\t\t\t<div class=\"elementor-column elementor-col-100 elementor-top-column elementor-element elementor-element-535ec85 color-scheme-dark\" data-id=\"535ec85\" data-element_type=\"column\">\n\t\t\t<div class=\"elementor-widget-wrap elementor-element-populated\">\n\t\t\t\t\t\t\t\t<div class=\"elementor-element elementor-element-8bd828f color-scheme-inherit text-left elementor-widget elementor-widget-text-editor\" data-id=\"8bd828f\" data-element_type=\"widget\" data-widget_type=\"text-editor.default\">\n\t\t\t\t<div class=\"elementor-widget-container\">\n\t\t\t\t\t\t\t\t<p><strong> Quel est le risque d\u2019allaitement maternel?<\/strong><\/p><p>Le risque d\u2019allaitement varie en fonction de la technique de r\u00e9tr\u00e9cissement. Si l\u2019affaissage est faible, le risque est tr\u00e8s faible selon la technique \u00e0 utiliser. Cependant, si le mamelon s\u2019affaisse d\u2019environ 18 \u00e0 20 cm et que le tissu mammaire est faible, le risque de ne pas allaiter est plus \u00e9lev\u00e9. De tels risques peuvent toujours survenir, bien que je n\u2019aie eu aucun probl\u00e8me d\u2019allaitement jusqu\u2019\u00e0 pr\u00e9sent. Bien que ces risques soient faibles dans la technique de T inverse et de cicatrice verticale, ils sont beaucoup plus \u00e9lev\u00e9s dans la technique de buse libre.<\/p><p><strong> Douleur postop\u00e9ratoire et retour au travail?<\/strong><\/p><p>Le premier jour apr\u00e8s l\u2019op\u00e9ration, vous pouvez ressentir une douleur l\u00e9g\u00e8re (points de sortie de drain) et une tension dans le sein. Votre douleur diminuera avec l\u2019utilisation de m\u00e9dicaments prescrits et le drain le 3\u00e8me jour, et vous pourrez retourner au travail apr\u00e8s environ 6-7 jours.<\/p><p><strong> Y a-t-il une marque de point de suture?<\/strong><\/p><p>La quantit\u00e9 de cicatrice laiss\u00e9e apr\u00e8s l\u2019incision chirurgicale d\u00e9pend de la gu\u00e9rison tissulaire du patient, de la technique de couture et des soins du chirurgien. M\u00eame si tous les patients sont cousus en utilisant la m\u00eame technique de couture et le m\u00eame mat\u00e9riel, la quantit\u00e9 de cicatrices qui resteront d\u2019une personne \u00e0 l\u2019autre diff\u00e9rera. L\u2019\u00e2ge, la couleur de la peau, la taille des seins, les maladies concomitantes, le tabagisme, les soins postop\u00e9ratoires et l\u2019hygi\u00e8ne sont les facteurs d\u00e9terminants de la cicatrice. Dans la premi\u00e8re p\u00e9riode, la ligne de point en forme de ligne rose compl\u00e8te la gu\u00e9rison apr\u00e8s environ 12 mois et devient compatible avec votre couleur de peau. Les patients peuvent souvent comparer avec une cicatrice de point c\u00e9sarien, mais une couture de peau plus \u00e9tir\u00e9e pendant la chirurgie de r\u00e9duction mammaire. La chirurgie c\u00e9sarienne, en revanche, peut \u00eatre dite qu\u2019il n\u2019y a pas de cicatrice puisqu\u2019il y a une suture l\u00e2che de la peau.<\/p>\t\t\t\t\t\t<\/div>\n\t\t\t\t<\/div>\n\t\t\t\t\t<\/div>\n\t\t<\/div>\n\t\t\t\t\t\t\t<\/div>\n\t\t<\/section>\n\t\t\t\t\t\t<\/div>\n\t\t\t\t\t<\/div>\n\t\t","protected":false},"excerpt":{"rendered":"<p>Lifting des Seins Pendant l\u2019adolescence, malgr\u00e9 la fin de l\u2019allaitement ou le gain de seins d\u00fb \u00e0 la prise de<\/p>\n","protected":false},"author":1,"featured_media":0,"parent":0,"menu_order":0,"comment_status":"closed","ping_status":"closed","template":"","meta":{"footnotes":""},"class_list":["post-11843","page","type-page","status-publish","hentry"],"_links":{"self":[{"href":"https:\/\/mahmutnurikaratoprak.com\/fr\/wp-json\/wp\/v2\/pages\/11843","targetHints":{"allow":["GET"]}}],"collection":[{"href":"https:\/\/mahmutnurikaratoprak.com\/fr\/wp-json\/wp\/v2\/pages"}],"about":[{"href":"https:\/\/mahmutnurikaratoprak.com\/fr\/wp-json\/wp\/v2\/types\/page"}],"author":[{"embeddable":true,"href":"https:\/\/mahmutnurikaratoprak.com\/fr\/wp-json\/wp\/v2\/users\/1"}],"replies":[{"embeddable":true,"href":"https:\/\/mahmutnurikaratoprak.com\/fr\/wp-json\/wp\/v2\/comments?post=11843"}],"version-history":[{"count":11,"href":"https:\/\/mahmutnurikaratoprak.com\/fr\/wp-json\/wp\/v2\/pages\/11843\/revisions"}],"predecessor-version":[{"id":12442,"href":"https:\/\/mahmutnurikaratoprak.com\/fr\/wp-json\/wp\/v2\/pages\/11843\/revisions\/12442"}],"wp:attachment":[{"href":"https:\/\/mahmutnurikaratoprak.com\/fr\/wp-json\/wp\/v2\/media?parent=11843"}],"curies":[{"name":"wp","href":"https:\/\/api.w.org\/{rel}","templated":true}]}}