{"id":11844,"date":"2021-06-02T11:57:14","date_gmt":"2021-06-02T08:57:14","guid":{"rendered":"https:\/\/mahmutnurikaratoprak.com\/fr\/?page_id=11844"},"modified":"2021-07-27T12:54:17","modified_gmt":"2021-07-27T09:54:17","slug":"gynecomastie","status":"publish","type":"page","link":"https:\/\/mahmutnurikaratoprak.com\/fr\/gynecomastie","title":{"rendered":"Gyn\u00e9comastie"},"content":{"rendered":"\t\t<div data-elementor-type=\"wp-page\" data-elementor-id=\"11844\" class=\"elementor elementor-11844\" data-elementor-settings=\"[]\">\n\t\t\t\t\t\t\t<div class=\"elementor-section-wrap\">\n\t\t\t\t\t\t\t<section class=\"elementor-section elementor-top-section elementor-element elementor-element-e9a5845 elementor-section-content-middle elementor-section-stretched elementor-section-boxed elementor-section-height-default elementor-section-height-default wd-section-disabled\" data-id=\"e9a5845\" data-element_type=\"section\" data-settings=\"{&quot;stretch_section&quot;:&quot;section-stretched&quot;,&quot;background_background&quot;:&quot;classic&quot;}\">\n\t\t\t\t\t\t<div class=\"elementor-container elementor-column-gap-extended\">\n\t\t\t\t\t<div class=\"elementor-column elementor-col-100 elementor-top-column elementor-element elementor-element-ece56e4 color-scheme-dark\" data-id=\"ece56e4\" data-element_type=\"column\">\n\t\t\t<div class=\"elementor-widget-wrap elementor-element-populated\">\n\t\t\t\t\t\t\t\t<div class=\"elementor-element elementor-element-99c18ce elementor-widget elementor-widget-wd_title\" data-id=\"99c18ce\" data-element_type=\"widget\" data-widget_type=\"wd_title.default\">\n\t\t\t\t<div class=\"elementor-widget-container\">\n\t\t\t\t\t<div class=\"title-wrapper woodmart-title-color-default woodmart-title-style-default woodmart-title-size-large text-left\">\n\n\t\t\t\n\t\t\t<div class=\"liner-continer\">\n\t\t\t\t<span class=\"left-line\"><\/span>\n\n\t\t\t\t<h4 class=\"woodmart-title-container title wd-underline-colored\">\n\t\t\t\t\tGyn\u00e9comastie\t\t\t\t<\/h4>\n\n\t\t\t\t\n\t\t\t\t<span class=\"right-line\"><\/span>\n\t\t\t<\/div>\n\n\t\t\t\t\t<\/div>\n\t\t\t\t<\/div>\n\t\t\t\t<\/div>\n\t\t\t\t<div class=\"elementor-element elementor-element-0de72b9 elementor-widget elementor-widget-spacer\" data-id=\"0de72b9\" data-element_type=\"widget\" data-widget_type=\"spacer.default\">\n\t\t\t\t<div class=\"elementor-widget-container\">\n\t\t\t\t\t<div class=\"elementor-spacer\">\n\t\t\t<div class=\"elementor-spacer-inner\"><\/div>\n\t\t<\/div>\n\t\t\t\t<\/div>\n\t\t\t\t<\/div>\n\t\t\t\t<div class=\"elementor-element elementor-element-d2373de color-scheme-inherit text-left elementor-widget elementor-widget-text-editor\" data-id=\"d2373de\" data-element_type=\"widget\" data-widget_type=\"text-editor.default\">\n\t\t\t\t<div class=\"elementor-widget-container\">\n\t\t\t\t\t\t\t\t<p>L\u2019\u00e9largissement du sein chez les hommes est appel\u00e9 gyn\u00e9comastie. Il s\u2019agit en fait d\u2019une condition tr\u00e8s courante. Les causes de l\u2019\u00e9largissement du sein sont les probl\u00e8mes hormonaux, la pubert\u00e9, les maladies de la thyro\u00efde, les troubles h\u00e9patiques, la vieillesse, la consommation excessive d\u2019alcool et l\u2019utilisation de certains m\u00e9dicaments.<\/p><p>Le tissu mammaire masculin n\u2019est pas diff\u00e9rent du tissu mammaire f\u00e9minin. Il a des glandes de synth\u00e8se du lait, des canaux et du tissu adipeux. La gyn\u00e9comastie observ\u00e9e chez les hommes, c\u2019est-\u00e0-dire l\u2019\u00e9largissement du sein se produit de diff\u00e9rentes mani\u00e8res. Il peut appara\u00eetre en raison d\u2019une augmentation seulement dans le tissu mammaire, seulement dans le tissu adipeux, ou les deux dans le tissu mammaire et le tissu adipeux. Dans la plupart des patients gyn\u00e9comastie, l\u2019\u00e9largissement du sein se produit quand il n\u2019y a aucune raison.<\/p><p>L\u2019\u00e9largissement du sein n\u2019est pas nocif en termes de sant\u00e9. Cependant, c\u2019est une condition qui cause des probl\u00e8mes sociaux et psychologiques chez les hommes. Surtout si le patient est une personne adolescente, ce probl\u00e8me lui causera de plus grands probl\u00e8mes. Par cons\u00e9quent, il doit \u00eatre intervenu imm\u00e9diatement et l\u2019\u00e9tat psychologique de la personne doit \u00eatre ma\u00eetris\u00e9.<\/p>\t\t\t\t\t\t<\/div>\n\t\t\t\t<\/div>\n\t\t\t\t\t<\/div>\n\t\t<\/div>\n\t\t\t\t\t\t\t<\/div>\n\t\t<\/section>\n\t\t\t\t<section class=\"elementor-section elementor-top-section elementor-element elementor-element-98a31cc elementor-section-stretched elementor-section-boxed elementor-section-height-default elementor-section-height-default wd-section-disabled\" data-id=\"98a31cc\" data-element_type=\"section\" data-settings=\"{&quot;stretch_section&quot;:&quot;section-stretched&quot;,&quot;background_background&quot;:&quot;classic&quot;}\">\n\t\t\t\t\t\t<div class=\"elementor-container elementor-column-gap-default\">\n\t\t\t\t\t<div class=\"elementor-column elementor-col-50 elementor-top-column elementor-element elementor-element-a5ecceb color-scheme-dark\" data-id=\"a5ecceb\" data-element_type=\"column\">\n\t\t\t<div class=\"elementor-widget-wrap elementor-element-populated\">\n\t\t\t\t\t\t\t\t<div class=\"elementor-element elementor-element-a5a0bb3 color-scheme-inherit text-left elementor-widget elementor-widget-text-editor\" data-id=\"a5a0bb3\" data-element_type=\"widget\" data-widget_type=\"text-editor.default\">\n\t\t\t\t<div class=\"elementor-widget-container\">\n\t\t\t\t\t\t\t\t<p>Si cette condition appara\u00eet \u00e0 la suite d\u2019une maladie, et si vous n\u2019\u00eates pas \u00e0 la pubert\u00e9, une intervention chirurgicale sera n\u00e9cessaire. Gyn\u00e9comastie provoque g\u00e9n\u00e9ralement des conditions esth\u00e9tiquement inconfortables et des probl\u00e8mes psychologiques. Par cons\u00e9quent, s\u2019il n\u2019est pas possible pour le patient d\u2019avoir une chirurgie de gyn\u00e9comastie, il lui est conseill\u00e9 de porter des chemises de compression gyn\u00e9comastie. Les chemises de compression gyn\u00e9comastie, comme les corsets port\u00e9s par les femmes, cachent l\u2019exc\u00e8s de volume de vos seins.<\/p><p>Il n\u2019y a pas de limite d\u2019\u00e2ge pour la chirurgie de gyn\u00e9comastie. Cependant, si le patient est \u00e0 la pubert\u00e9, nous lui conseillons d\u2019abord d\u2019attendre la fin de la pubert\u00e9. C\u2019est parce que l\u2019\u00e9largissement du sein vu \u00e0 la pubert\u00e9 a \u00e9t\u00e9 observ\u00e9 pour dispara\u00eetre spontan\u00e9ment apr\u00e8s cette p\u00e9riode. Cette intervention chirurgicale peut \u00eatre facilement effectu\u00e9e apr\u00e8s la fin de la pubert\u00e9. Tout d\u2019abord, la personne doit \u00eatre charg\u00e9e de passer les tests requis, puis une chirurgie de gyn\u00e9comastie doit \u00eatre effectu\u00e9e sans d\u00e9lai. Par ce moyen, l\u2019\u00e9largissement du sein sera \u00e9vit\u00e9 avant que des probl\u00e8mes psychologiques ne surviennent.<\/p><p>Si la cause de l\u2019\u00e9largissement du sein est l\u2019augmentation de la quantit\u00e9 de graisse dans la r\u00e9gion, le probl\u00e8me peut \u00eatre r\u00e9solu par liposuccion. \u00c9tant donn\u00e9 que la proc\u00e9dure de liposuccion est effectu\u00e9e en ouvrant de petits trous, elle ne vivra aucune cicatrice chirurgicale. Cependant, si l\u2019\u00e9largissement du sein est caus\u00e9 par la croissance du tissu de la glande mammaire, plus de tissu doit \u00eatre enlev\u00e9 par une incision \u00e0 faire sous le mamelon. \u00c9tant donn\u00e9 que l\u2019incision sera faite sous la zone de couleur fonc\u00e9e, les cicatrices ne seront pas perceptibles et deviendront indistinctes au fil du temps.<\/p>\t\t\t\t\t\t<\/div>\n\t\t\t\t<\/div>\n\t\t\t\t\t<\/div>\n\t\t<\/div>\n\t\t\t\t<div class=\"elementor-column elementor-col-50 elementor-top-column elementor-element elementor-element-d8af63b\" data-id=\"d8af63b\" data-element_type=\"column\">\n\t\t\t<div class=\"elementor-widget-wrap elementor-element-populated\">\n\t\t\t\t\t\t\t\t<div class=\"elementor-element elementor-element-9b3fe7c elementor-widget elementor-widget-image\" data-id=\"9b3fe7c\" data-element_type=\"widget\" data-widget_type=\"image.default\">\n\t\t\t\t<div class=\"elementor-widget-container\">\n\t\t\t\t\t\t\t\t\t\t\t\t\t\t\t<img loading=\"lazy\" decoding=\"async\" width=\"625\" height=\"550\" src=\"https:\/\/mahmutnurikaratoprak.com\/fr\/wp-content\/uploads\/2021\/06\/Basliksiz-1-1.jpg\" class=\"attachment-full size-full\" alt=\"\" srcset=\"https:\/\/mahmutnurikaratoprak.com\/fr\/wp-content\/uploads\/2021\/06\/Basliksiz-1-1.jpg 625w, https:\/\/mahmutnurikaratoprak.com\/fr\/wp-content\/uploads\/2021\/06\/Basliksiz-1-1-300x264.jpg 300w\" sizes=\"auto, (max-width: 625px) 100vw, 625px\" \/>\t\t\t\t\t\t\t\t\t\t\t\t\t\t\t<\/div>\n\t\t\t\t<\/div>\n\t\t\t\t\t<\/div>\n\t\t<\/div>\n\t\t\t\t\t\t\t<\/div>\n\t\t<\/section>\n\t\t\t\t<section class=\"elementor-section elementor-top-section elementor-element elementor-element-7978624 elementor-section-content-middle elementor-section-stretched elementor-section-boxed elementor-section-height-default elementor-section-height-default wd-section-disabled\" data-id=\"7978624\" data-element_type=\"section\" data-settings=\"{&quot;stretch_section&quot;:&quot;section-stretched&quot;,&quot;background_background&quot;:&quot;classic&quot;}\">\n\t\t\t\t\t\t<div class=\"elementor-container elementor-column-gap-extended\">\n\t\t\t\t\t<div class=\"elementor-column elementor-col-100 elementor-top-column elementor-element elementor-element-786180 color-scheme-dark\" data-id=\"786180\" data-element_type=\"column\">\n\t\t\t<div class=\"elementor-widget-wrap elementor-element-populated\">\n\t\t\t\t\t\t\t\t<div class=\"elementor-element elementor-element-0de5e50 elementor-widget elementor-widget-wd_title\" data-id=\"0de5e50\" data-element_type=\"widget\" data-widget_type=\"wd_title.default\">\n\t\t\t\t<div class=\"elementor-widget-container\">\n\t\t\t\t\t<div class=\"title-wrapper woodmart-title-color-default woodmart-title-style-default woodmart-title-size-large text-center\">\n\n\t\t\t\n\t\t\t<div class=\"liner-continer\">\n\t\t\t\t<span class=\"left-line\"><\/span>\n\n\t\t\t\t<h4 class=\"woodmart-title-container title wd-underline-colored\">\n\t\t\t\t\tDemander un Rendez-Vous\t\t\t\t<\/h4>\n\n\t\t\t\t\n\t\t\t\t<span class=\"right-line\"><\/span>\n\t\t\t<\/div>\n\n\t\t\t\t\t<\/div>\n\t\t\t\t<\/div>\n\t\t\t\t<\/div>\n\t\t\t\t<div class=\"elementor-element elementor-element-7f83964 color-scheme-inherit text-left elementor-widget elementor-widget-text-editor\" data-id=\"7f83964\" data-element_type=\"widget\" data-widget_type=\"text-editor.default\">\n\t\t\t\t<div class=\"elementor-widget-container\">\n\t\t\t\t\t\t\t\t<p>Envoyez-nous vos informations. Appelons-nous et prenons rendez-vous!<\/p>\t\t\t\t\t\t<\/div>\n\t\t\t\t<\/div>\n\t\t\t\t<section class=\"elementor-section elementor-inner-section elementor-element elementor-element-3b4ad17 elementor-section-boxed elementor-section-height-default elementor-section-height-default wd-section-disabled\" data-id=\"3b4ad17\" data-element_type=\"section\">\n\t\t\t\t\t\t<div class=\"elementor-container elementor-column-gap-default\">\n\t\t\t\t\t<div class=\"elementor-column elementor-col-33 elementor-inner-column elementor-element elementor-element-1297f45\" data-id=\"1297f45\" data-element_type=\"column\">\n\t\t\t<div class=\"elementor-widget-wrap\">\n\t\t\t\t\t\t\t\t\t<\/div>\n\t\t<\/div>\n\t\t\t\t<div class=\"elementor-column elementor-col-33 elementor-inner-column elementor-element elementor-element-ceaf1cb\" data-id=\"ceaf1cb\" data-element_type=\"column\">\n\t\t\t<div class=\"elementor-widget-wrap elementor-element-populated\">\n\t\t\t\t\t\t\t\t<div class=\"elementor-element elementor-element-bc5cfc8 color-scheme-inherit text-left elementor-widget elementor-widget-text-editor\" data-id=\"bc5cfc8\" data-element_type=\"widget\" data-widget_type=\"text-editor.default\">\n\t\t\t\t<div class=\"elementor-widget-container\">\n\t\t\t\t\t\t\t\t<div role=\"form\" class=\"wpcf7\" id=\"wpcf7-f9402-o1\" lang=\"en-US\" dir=\"ltr\">\n<div class=\"screen-reader-response\"><p role=\"status\" aria-live=\"polite\" aria-atomic=\"true\"><\/p> <ul><\/ul><\/div>\n<form action=\"\/fr\/wp-json\/wp\/v2\/pages\/11844#wpcf7-f9402-o1\" method=\"post\" class=\"wpcf7-form init\" novalidate=\"novalidate\" data-status=\"init\">\n<div style=\"display: none;\">\n<input type=\"hidden\" name=\"_wpcf7\" value=\"9402\" \/>\n<input type=\"hidden\" name=\"_wpcf7_version\" value=\"5.4.1\" \/>\n<input type=\"hidden\" name=\"_wpcf7_locale\" value=\"en_US\" \/>\n<input type=\"hidden\" name=\"_wpcf7_unit_tag\" value=\"wpcf7-f9402-o1\" \/>\n<input type=\"hidden\" name=\"_wpcf7_container_post\" value=\"0\" \/>\n<input type=\"hidden\" name=\"_wpcf7_posted_data_hash\" value=\"\" \/>\n<\/div>\n<div class=\"row\">\n<div class=\"col-lg\">\n<p><span class=\"wpcf7-form-control-wrap adi\"><input type=\"text\" name=\"adi\" value=\"\" size=\"40\" class=\"wpcf7-form-control wpcf7-text wpcf7-validates-as-required\" aria-required=\"true\" aria-invalid=\"false\" placeholder=\"Nom\" \/><\/span><\/p>\n<\/div>\n<div class=\"col-lg\">\n<p><span class=\"wpcf7-form-control-wrap telefon\"><input type=\"text\" name=\"telefon\" value=\"\" size=\"40\" class=\"wpcf7-form-control wpcf7-text wpcf7-validates-as-required\" aria-required=\"true\" aria-invalid=\"false\" placeholder=\"T\u00e9l\u00e9phone\" \/><\/span><\/p>\n<\/div>\n<div class=\"col-lg\">\n<p><span class=\"wpcf7-form-control-wrap mail\"><input type=\"text\" name=\"mail\" value=\"\" size=\"40\" class=\"wpcf7-form-control wpcf7-text\" aria-invalid=\"false\" placeholder=\"E-Mail\" \/><\/span><\/p>\n<\/div>\n<div class=\"col-lg-auto\">\n<p><input type=\"submit\" value=\"Soumettre le Formulaire\" class=\"wpcf7-form-control wpcf7-submit btn btn-color-primary\" \/><\/p>\n<\/div>\n<\/div>\n<div class=\"wpcf7-response-output\" aria-hidden=\"true\"><\/div><\/form><\/div>\t\t\t\t\t\t<\/div>\n\t\t\t\t<\/div>\n\t\t\t\t\t<\/div>\n\t\t<\/div>\n\t\t\t\t<div class=\"elementor-column elementor-col-33 elementor-inner-column elementor-element elementor-element-c44b51d\" data-id=\"c44b51d\" data-element_type=\"column\">\n\t\t\t<div class=\"elementor-widget-wrap\">\n\t\t\t\t\t\t\t\t\t<\/div>\n\t\t<\/div>\n\t\t\t\t\t\t\t<\/div>\n\t\t<\/section>\n\t\t\t\t\t<\/div>\n\t\t<\/div>\n\t\t\t\t\t\t\t<\/div>\n\t\t<\/section>\n\t\t\t\t<section class=\"elementor-section elementor-top-section elementor-element elementor-element-ca259a3 elementor-section-content-middle elementor-section-stretched elementor-section-boxed elementor-section-height-default elementor-section-height-default wd-section-disabled\" data-id=\"ca259a3\" data-element_type=\"section\" data-settings=\"{&quot;stretch_section&quot;:&quot;section-stretched&quot;,&quot;background_background&quot;:&quot;classic&quot;}\">\n\t\t\t\t\t\t<div class=\"elementor-container elementor-column-gap-extended\">\n\t\t\t\t\t<div class=\"elementor-column elementor-col-100 elementor-top-column elementor-element elementor-element-535ec85 color-scheme-dark\" data-id=\"535ec85\" data-element_type=\"column\">\n\t\t\t<div class=\"elementor-widget-wrap elementor-element-populated\">\n\t\t\t\t\t\t\t\t<div class=\"elementor-element elementor-element-8bd828f color-scheme-inherit text-left elementor-widget elementor-widget-text-editor\" data-id=\"8bd828f\" data-element_type=\"widget\" data-widget_type=\"text-editor.default\">\n\t\t\t\t<div class=\"elementor-widget-container\">\n\t\t\t\t\t\t\t\t<p>La chirurgie gyn\u00e9comastie, c\u2019est-\u00e0-dire la chirurgie de r\u00e9duction mammaire, est r\u00e9alis\u00e9e sous anesth\u00e9sie s\u00e9dation ou anesth\u00e9sie g\u00e9n\u00e9rale. Apr\u00e8s des chirurgies effectu\u00e9es de pr\u00e9f\u00e9rence sous anesth\u00e9sie s\u00e9dation, les patients peuvent rentrer chez eux le jour m\u00eame. Le temps d\u2019op\u00e9ration de la proc\u00e9dure de gyn\u00e9comastie varie d\u2019une demi-heure \u00e0 une heure, en fonction de la taille des seins et de la m\u00e9thode utilis\u00e9e. Avec l\u2019aide d\u2019anesth\u00e9siques administr\u00e9s sous les tissus, vous ne ressentirez aucune douleur postop\u00e9ratoire. Cependant, vous pouvez ressentir des douleurs l\u00e9g\u00e8res apr\u00e8s quelques jours. C\u2019est extr\u00eamement normal. Habituellement, les m\u00e9decins conseillent aux patients de porter un corset pendant une p\u00e9riode d\u2019environ un mois apr\u00e8s la chirurgie gyn\u00e9comastie, avec l\u2019intention de permettre aux tissus mammaires de mieux adh\u00e9rer \u00e0 leur nouvel endroit, et aussi resserrer cette zone.<\/p><p>Pour obtenir des r\u00e9sultats permanents de la chirurgie de r\u00e9duction mammaire chez les hommes, le poids doit \u00eatre maintenu. \u00c9tant donn\u00e9 que les tissus adipeux seront compl\u00e8tement retir\u00e9s de la r\u00e9gion, la croissance des seins ne sera plus vue, tant que le gain de poids ne se produit pas. En bref, vous serez compl\u00e8tement se d\u00e9barrasser du probl\u00e8me d\u2019\u00e9largissement du sein apr\u00e8s la chirurgie de gyn\u00e9comastie.<\/p>\t\t\t\t\t\t<\/div>\n\t\t\t\t<\/div>\n\t\t\t\t\t<\/div>\n\t\t<\/div>\n\t\t\t\t\t\t\t<\/div>\n\t\t<\/section>\n\t\t\t\t\t\t<\/div>\n\t\t\t\t\t<\/div>\n\t\t","protected":false},"excerpt":{"rendered":"<p>Gyn\u00e9comastie L\u2019\u00e9largissement du sein chez les hommes est appel\u00e9 gyn\u00e9comastie. Il s\u2019agit en fait d\u2019une condition tr\u00e8s courante. Les causes<\/p>\n","protected":false},"author":1,"featured_media":0,"parent":0,"menu_order":0,"comment_status":"closed","ping_status":"closed","template":"","meta":{"footnotes":""},"class_list":["post-11844","page","type-page","status-publish","hentry"],"_links":{"self":[{"href":"https:\/\/mahmutnurikaratoprak.com\/fr\/wp-json\/wp\/v2\/pages\/11844","targetHints":{"allow":["GET"]}}],"collection":[{"href":"https:\/\/mahmutnurikaratoprak.com\/fr\/wp-json\/wp\/v2\/pages"}],"about":[{"href":"https:\/\/mahmutnurikaratoprak.com\/fr\/wp-json\/wp\/v2\/types\/page"}],"author":[{"embeddable":true,"href":"https:\/\/mahmutnurikaratoprak.com\/fr\/wp-json\/wp\/v2\/users\/1"}],"replies":[{"embeddable":true,"href":"https:\/\/mahmutnurikaratoprak.com\/fr\/wp-json\/wp\/v2\/comments?post=11844"}],"version-history":[{"count":11,"href":"https:\/\/mahmutnurikaratoprak.com\/fr\/wp-json\/wp\/v2\/pages\/11844\/revisions"}],"predecessor-version":[{"id":12446,"href":"https:\/\/mahmutnurikaratoprak.com\/fr\/wp-json\/wp\/v2\/pages\/11844\/revisions\/12446"}],"wp:attachment":[{"href":"https:\/\/mahmutnurikaratoprak.com\/fr\/wp-json\/wp\/v2\/media?parent=11844"}],"curies":[{"name":"wp","href":"https:\/\/api.w.org\/{rel}","templated":true}]}}