{"id":11865,"date":"2021-06-02T12:00:02","date_gmt":"2021-06-02T09:00:02","guid":{"rendered":"https:\/\/mahmutnurikaratoprak.com\/fr\/?page_id=11865"},"modified":"2021-07-27T12:36:26","modified_gmt":"2021-07-27T09:36:26","slug":"abdominoplastie","status":"publish","type":"page","link":"https:\/\/mahmutnurikaratoprak.com\/fr\/abdominoplastie","title":{"rendered":"Abdominoplastie"},"content":{"rendered":"\t\t<div data-elementor-type=\"wp-page\" data-elementor-id=\"11865\" class=\"elementor elementor-11865\" data-elementor-settings=\"[]\">\n\t\t\t\t\t\t\t<div class=\"elementor-section-wrap\">\n\t\t\t\t\t\t\t<section class=\"elementor-section elementor-top-section elementor-element elementor-element-e9a5845 elementor-section-content-middle elementor-section-stretched elementor-section-boxed elementor-section-height-default elementor-section-height-default wd-section-disabled\" data-id=\"e9a5845\" data-element_type=\"section\" data-settings=\"{&quot;stretch_section&quot;:&quot;section-stretched&quot;,&quot;background_background&quot;:&quot;classic&quot;}\">\n\t\t\t\t\t\t<div class=\"elementor-container elementor-column-gap-extended\">\n\t\t\t\t\t<div class=\"elementor-column elementor-col-100 elementor-top-column elementor-element elementor-element-ece56e4 color-scheme-dark\" data-id=\"ece56e4\" data-element_type=\"column\">\n\t\t\t<div class=\"elementor-widget-wrap elementor-element-populated\">\n\t\t\t\t\t\t\t\t<div class=\"elementor-element elementor-element-99c18ce elementor-widget elementor-widget-wd_title\" data-id=\"99c18ce\" data-element_type=\"widget\" data-widget_type=\"wd_title.default\">\n\t\t\t\t<div class=\"elementor-widget-container\">\n\t\t\t\t\t<div class=\"title-wrapper woodmart-title-color-default woodmart-title-style-default woodmart-title-size-large text-left\">\n\n\t\t\t\n\t\t\t<div class=\"liner-continer\">\n\t\t\t\t<span class=\"left-line\"><\/span>\n\n\t\t\t\t<h4 class=\"woodmart-title-container title wd-underline-colored\">\n\t\t\t\t\tAbdominoplastie\t\t\t\t<\/h4>\n\n\t\t\t\t\n\t\t\t\t<span class=\"right-line\"><\/span>\n\t\t\t<\/div>\n\n\t\t\t\t\t<\/div>\n\t\t\t\t<\/div>\n\t\t\t\t<\/div>\n\t\t\t\t<div class=\"elementor-element elementor-element-0de72b9 elementor-widget elementor-widget-spacer\" data-id=\"0de72b9\" data-element_type=\"widget\" data-widget_type=\"spacer.default\">\n\t\t\t\t<div class=\"elementor-widget-container\">\n\t\t\t\t\t<div class=\"elementor-spacer\">\n\t\t\t<div class=\"elementor-spacer-inner\"><\/div>\n\t\t<\/div>\n\t\t\t\t<\/div>\n\t\t\t\t<\/div>\n\t\t\t\t<div class=\"elementor-element elementor-element-d2373de color-scheme-inherit text-left elementor-widget elementor-widget-text-editor\" data-id=\"d2373de\" data-element_type=\"widget\" data-widget_type=\"text-editor.default\">\n\t\t\t\t<div class=\"elementor-widget-container\">\n\t\t\t\t\t\t\t\t<p>La chirurgie d\u2019\u00e9tirement abdominal peut \u00eatre effectu\u00e9e pour corriger l\u2019affaissement et l\u2019\u00e9largissement dans la r\u00e9gion abdominale apr\u00e8s une r\u00e9duction de l\u2019alimentation ou de l\u2019estomac et en raison de la grossesse. Le principe de base de l\u2019op\u00e9ration est d\u2019appliquer des points de serrage pour \u00e9liminer l\u2019exc\u00e8s de structure de la peau et restaurer la tension musculaire abdominale d\u00e9tendue. Avec cette chirurgie, les larmes (stria) sur la peau qui se forment en raison du poids ou de la grossesse dans l\u2019abdomen sont \u00e9galement enlev\u00e9es.<\/p><p><strong>Mini Tummy Tuck<\/strong><\/p><p>Si seulement l\u2019affaissement de la peau est enlev\u00e9 et que les sutures resserr\u00e9es ne sont pas appliqu\u00e9es sur la structure musculaire abdominale, on parle de mini \u00e9tirement abdominal. Il peut \u00eatre appliqu\u00e9 s\u2019il n\u2019y a pas de forte relaxation dans les muscles ou s\u2019il y a une structure musculaire forte et un l\u00e9ger affaissement de la peau.<\/p><p><strong>\u00c9valuation pr\u00e9op\u00e9ratoire<\/strong><\/p><p>Votre r\u00e9gion abdominale est examin\u00e9e et l\u2019exc\u00e8s de peau et le rel\u00e2chement des muscles abdominaux sont \u00e9valu\u00e9s. S\u2019il y a une augmentation du tissu adipeux sur les c\u00f4t\u00e9s du nombril et du tronc, la proc\u00e9dure de liposuccion peut \u00eatre effectu\u00e9e dans la m\u00eame chirurgie. Le patient est inform\u00e9 du processus chirurgical, des risques postop\u00e9ratoires et possibles. Afin d\u2019avoir une chirurgie de l\u2019abdominoplastie, votre indice de masse corporelle doit \u00eatre appropri\u00e9. Pour cela, l\u2019\u00e9paisseur et la tension de la graisse de la peau sont \u00e9valu\u00e9es lors de l\u2019examen. S\u2019il n\u2019y a pas assez de minceur et d\u2019affaissement, vous devrez perdre du poids. Je ne trouve pas appropri\u00e9 de le faire avant 6 mois apr\u00e8s la naissance. Si vous avez d\u00e9j\u00e0 subi une intervention chirurgicale, de l\u2019hypertension art\u00e9rielle, du diab\u00e8te, des maladies chroniques telles que le goitre, une allergie \u00e0 tout m\u00e9dicament ou aliment, vous devez absolument informer si vous avez des m\u00e9dicaments que vous devez utiliser. Si vous fumez, vous devriez cesser de fumer avant la chirurgie, et vous ne devriez pas boire jusqu\u2019\u00e0 ce que les points de suture gu\u00e9rissent apr\u00e8s.<\/p>\t\t\t\t\t\t<\/div>\n\t\t\t\t<\/div>\n\t\t\t\t\t<\/div>\n\t\t<\/div>\n\t\t\t\t\t\t\t<\/div>\n\t\t<\/section>\n\t\t\t\t<section class=\"elementor-section elementor-top-section elementor-element elementor-element-98a31cc elementor-section-stretched elementor-section-boxed elementor-section-height-default elementor-section-height-default wd-section-disabled\" data-id=\"98a31cc\" data-element_type=\"section\" data-settings=\"{&quot;stretch_section&quot;:&quot;section-stretched&quot;,&quot;background_background&quot;:&quot;classic&quot;}\">\n\t\t\t\t\t\t<div class=\"elementor-container elementor-column-gap-default\">\n\t\t\t\t\t<div class=\"elementor-column elementor-col-50 elementor-top-column elementor-element elementor-element-a5ecceb color-scheme-dark\" data-id=\"a5ecceb\" data-element_type=\"column\">\n\t\t\t<div class=\"elementor-widget-wrap elementor-element-populated\">\n\t\t\t\t\t\t\t\t<div class=\"elementor-element elementor-element-a5a0bb3 color-scheme-inherit text-left elementor-widget elementor-widget-text-editor\" data-id=\"a5a0bb3\" data-element_type=\"widget\" data-widget_type=\"text-editor.default\">\n\t\t\t\t<div class=\"elementor-widget-container\">\n\t\t\t\t\t\t\t\t<p><strong>H\u00f4ti et salle d\u2019op\u00e9ration<\/strong><\/p><p>Les examens pr\u00e9op\u00e9ratoires sont pr\u00e9par\u00e9s le m\u00eame jour ou 1 jour avant. Vous ne devriez rien manger ou boire 8 heures avant la chirurgie. Si les r\u00e9sultats sont \u00e9valu\u00e9s par l\u2019anesth\u00e9siologiste et qu\u2019il n\u2019y a pas d\u2019obstacle, votre chirurgie peut \u00eatre effectu\u00e9e. Le patient ne ressentira aucune douleur pendant la proc\u00e9dure car elle est effectu\u00e9e sous anesth\u00e9sie g\u00e9n\u00e9rale. Le temps d\u2019op\u00e9ration moyen est de 2 heures et le temps pass\u00e9 dans la salle d\u2019op\u00e9ration sera plus long apr\u00e8s que le patient soit endormi et r\u00e9veill\u00e9.<\/p><p>Dans le service postop\u00e9ratoire, vous recevrez des antibiotiques et des m\u00e9dicaments contre la douleur. Vous serez d\u00e9charg\u00e9 le lendemain en faisant un examen de contr\u00f4le et en \u00e9tant appel\u00e9 pour un check-up le 3\u00e8me jour.<\/p><p>Apr\u00e8s la chirurgie de la abdominoplastie, un drain est ins\u00e9r\u00e9 pour enlever le liquide et le sang qui s\u2019\u00e9coule entre les tissus. Les drains sont enlev\u00e9s lorsque la quantit\u00e9 entrante diminue (apr\u00e8s 3-7 jours).<\/p><p><strong> Douleur postop\u00e9ratoire et retour au travail?<\/strong><\/p><p>Vous pouvez ressentir de la tension et de la douleur (points de sortie de vidange) dans votre abdomen dans les premiers jours suivant la chirurgie. Votre douleur diminuera avec l\u2019utilisation des m\u00e9dicaments prescrits et l\u2019\u00e9limination du drain, environ 7-10. vous pourrez retourner au travail apr\u00e8s quelques jours.<\/p><p><strong> Y a-t-il une marque de point de suture?<\/strong><\/p><p>La quantit\u00e9 de cicatrice laiss\u00e9e apr\u00e8s l\u2019incision chirurgicale d\u00e9pend de la gu\u00e9rison tissulaire du patient, de la technique de couture et des soins du chirurgien. M\u00eame si tous les patients sont cousus en utilisant la m\u00eame technique de couture et le m\u00eame mat\u00e9riel, la quantit\u00e9 de cicatrices qui resteront d\u2019une personne \u00e0 l\u2019autre diff\u00e9rera. L\u2019\u00e2ge, la couleur de la peau, les maladies accompagn\u00e9es de tensions cutan\u00e9es, le tabagisme, les soins postop\u00e9ratoires et l\u2019hygi\u00e8ne sont les facteurs d\u00e9terminants de la cicatrice. Dans la premi\u00e8re p\u00e9riode, la ligne de point en forme de ligne rose compl\u00e8te la gu\u00e9rison apr\u00e8s environ 12 mois et devient compatible avec votre couleur de peau. Chez certains patients, une cicatrice hypertrophique peut survenir en raison d\u2019une cicatrisation illimit\u00e9e des plaies. Dans ce cas, des plaques de presse en silicone, des gels de silicone sont utilis\u00e9s sur les lignes de point gonflable rouge, et enfin, une injection de st\u00e9ro\u00efdes peut \u00eatre n\u00e9cessaire.<\/p>\t\t\t\t\t\t<\/div>\n\t\t\t\t<\/div>\n\t\t\t\t\t<\/div>\n\t\t<\/div>\n\t\t\t\t<div class=\"elementor-column elementor-col-50 elementor-top-column elementor-element elementor-element-d8af63b\" data-id=\"d8af63b\" data-element_type=\"column\">\n\t\t\t<div class=\"elementor-widget-wrap elementor-element-populated\">\n\t\t\t\t\t\t\t\t<div class=\"elementor-element elementor-element-9b3fe7c elementor-widget elementor-widget-image\" data-id=\"9b3fe7c\" data-element_type=\"widget\" data-widget_type=\"image.default\">\n\t\t\t\t<div class=\"elementor-widget-container\">\n\t\t\t\t\t\t\t\t\t\t\t\t\t\t\t<img loading=\"lazy\" decoding=\"async\" width=\"625\" height=\"800\" src=\"https:\/\/mahmutnurikaratoprak.com\/fr\/wp-content\/uploads\/2021\/06\/tummy.jpg\" class=\"attachment-full size-full\" alt=\"\" srcset=\"https:\/\/mahmutnurikaratoprak.com\/fr\/wp-content\/uploads\/2021\/06\/tummy.jpg 625w, https:\/\/mahmutnurikaratoprak.com\/fr\/wp-content\/uploads\/2021\/06\/tummy-234x300.jpg 234w\" sizes=\"auto, (max-width: 625px) 100vw, 625px\" \/>\t\t\t\t\t\t\t\t\t\t\t\t\t\t\t<\/div>\n\t\t\t\t<\/div>\n\t\t\t\t\t<\/div>\n\t\t<\/div>\n\t\t\t\t\t\t\t<\/div>\n\t\t<\/section>\n\t\t\t\t<section class=\"elementor-section elementor-top-section elementor-element elementor-element-7978624 elementor-section-content-middle elementor-section-stretched elementor-section-boxed elementor-section-height-default elementor-section-height-default wd-section-disabled\" data-id=\"7978624\" data-element_type=\"section\" data-settings=\"{&quot;stretch_section&quot;:&quot;section-stretched&quot;,&quot;background_background&quot;:&quot;classic&quot;}\">\n\t\t\t\t\t\t<div class=\"elementor-container elementor-column-gap-extended\">\n\t\t\t\t\t<div class=\"elementor-column elementor-col-100 elementor-top-column elementor-element elementor-element-786180 color-scheme-dark\" data-id=\"786180\" data-element_type=\"column\">\n\t\t\t<div class=\"elementor-widget-wrap elementor-element-populated\">\n\t\t\t\t\t\t\t\t<div class=\"elementor-element elementor-element-0de5e50 elementor-widget elementor-widget-wd_title\" data-id=\"0de5e50\" data-element_type=\"widget\" data-widget_type=\"wd_title.default\">\n\t\t\t\t<div class=\"elementor-widget-container\">\n\t\t\t\t\t<div class=\"title-wrapper woodmart-title-color-default woodmart-title-style-default woodmart-title-size-large text-center\">\n\n\t\t\t\n\t\t\t<div class=\"liner-continer\">\n\t\t\t\t<span class=\"left-line\"><\/span>\n\n\t\t\t\t<h4 class=\"woodmart-title-container title wd-underline-colored\">\n\t\t\t\t\tDemander un Rendez-Vous\t\t\t\t<\/h4>\n\n\t\t\t\t\n\t\t\t\t<span class=\"right-line\"><\/span>\n\t\t\t<\/div>\n\n\t\t\t\t\t<\/div>\n\t\t\t\t<\/div>\n\t\t\t\t<\/div>\n\t\t\t\t<div class=\"elementor-element elementor-element-7f83964 color-scheme-inherit text-left elementor-widget elementor-widget-text-editor\" data-id=\"7f83964\" data-element_type=\"widget\" data-widget_type=\"text-editor.default\">\n\t\t\t\t<div class=\"elementor-widget-container\">\n\t\t\t\t\t\t\t\t<p>Envoyez-nous vos informations. Appelons-nous et prenons rendez-vous!<\/p>\t\t\t\t\t\t<\/div>\n\t\t\t\t<\/div>\n\t\t\t\t<section class=\"elementor-section elementor-inner-section elementor-element elementor-element-3b4ad17 elementor-section-boxed elementor-section-height-default elementor-section-height-default wd-section-disabled\" data-id=\"3b4ad17\" data-element_type=\"section\">\n\t\t\t\t\t\t<div class=\"elementor-container elementor-column-gap-default\">\n\t\t\t\t\t<div class=\"elementor-column elementor-col-33 elementor-inner-column elementor-element elementor-element-1297f45\" data-id=\"1297f45\" data-element_type=\"column\">\n\t\t\t<div class=\"elementor-widget-wrap\">\n\t\t\t\t\t\t\t\t\t<\/div>\n\t\t<\/div>\n\t\t\t\t<div class=\"elementor-column elementor-col-33 elementor-inner-column elementor-element elementor-element-ceaf1cb\" data-id=\"ceaf1cb\" data-element_type=\"column\">\n\t\t\t<div class=\"elementor-widget-wrap elementor-element-populated\">\n\t\t\t\t\t\t\t\t<div class=\"elementor-element elementor-element-bc5cfc8 color-scheme-inherit text-left elementor-widget elementor-widget-text-editor\" data-id=\"bc5cfc8\" data-element_type=\"widget\" data-widget_type=\"text-editor.default\">\n\t\t\t\t<div class=\"elementor-widget-container\">\n\t\t\t\t\t\t\t\t<div role=\"form\" class=\"wpcf7\" id=\"wpcf7-f9402-o1\" lang=\"en-US\" dir=\"ltr\">\n<div class=\"screen-reader-response\"><p role=\"status\" aria-live=\"polite\" aria-atomic=\"true\"><\/p> <ul><\/ul><\/div>\n<form action=\"\/fr\/wp-json\/wp\/v2\/pages\/11865#wpcf7-f9402-o1\" method=\"post\" class=\"wpcf7-form init\" novalidate=\"novalidate\" data-status=\"init\">\n<div style=\"display: none;\">\n<input type=\"hidden\" name=\"_wpcf7\" value=\"9402\" \/>\n<input type=\"hidden\" name=\"_wpcf7_version\" value=\"5.4.1\" \/>\n<input type=\"hidden\" name=\"_wpcf7_locale\" value=\"en_US\" \/>\n<input type=\"hidden\" name=\"_wpcf7_unit_tag\" value=\"wpcf7-f9402-o1\" \/>\n<input type=\"hidden\" name=\"_wpcf7_container_post\" value=\"0\" \/>\n<input type=\"hidden\" name=\"_wpcf7_posted_data_hash\" value=\"\" \/>\n<\/div>\n<div class=\"row\">\n<div class=\"col-lg\">\n<p><span class=\"wpcf7-form-control-wrap adi\"><input type=\"text\" name=\"adi\" value=\"\" size=\"40\" class=\"wpcf7-form-control wpcf7-text wpcf7-validates-as-required\" aria-required=\"true\" aria-invalid=\"false\" placeholder=\"Nom\" \/><\/span><\/p>\n<\/div>\n<div class=\"col-lg\">\n<p><span class=\"wpcf7-form-control-wrap telefon\"><input type=\"text\" name=\"telefon\" value=\"\" size=\"40\" class=\"wpcf7-form-control wpcf7-text wpcf7-validates-as-required\" aria-required=\"true\" aria-invalid=\"false\" placeholder=\"T\u00e9l\u00e9phone\" \/><\/span><\/p>\n<\/div>\n<div class=\"col-lg\">\n<p><span class=\"wpcf7-form-control-wrap mail\"><input type=\"text\" name=\"mail\" value=\"\" size=\"40\" class=\"wpcf7-form-control wpcf7-text\" aria-invalid=\"false\" placeholder=\"E-Mail\" \/><\/span><\/p>\n<\/div>\n<div class=\"col-lg-auto\">\n<p><input type=\"submit\" value=\"Soumettre le Formulaire\" class=\"wpcf7-form-control wpcf7-submit btn btn-color-primary\" \/><\/p>\n<\/div>\n<\/div>\n<div class=\"wpcf7-response-output\" aria-hidden=\"true\"><\/div><\/form><\/div>\t\t\t\t\t\t<\/div>\n\t\t\t\t<\/div>\n\t\t\t\t\t<\/div>\n\t\t<\/div>\n\t\t\t\t<div class=\"elementor-column elementor-col-33 elementor-inner-column elementor-element elementor-element-c44b51d\" data-id=\"c44b51d\" data-element_type=\"column\">\n\t\t\t<div class=\"elementor-widget-wrap\">\n\t\t\t\t\t\t\t\t\t<\/div>\n\t\t<\/div>\n\t\t\t\t\t\t\t<\/div>\n\t\t<\/section>\n\t\t\t\t\t<\/div>\n\t\t<\/div>\n\t\t\t\t\t\t\t<\/div>\n\t\t<\/section>\n\t\t\t\t<section class=\"elementor-section elementor-top-section elementor-element elementor-element-ca259a3 elementor-section-content-middle elementor-section-stretched elementor-section-boxed elementor-section-height-default elementor-section-height-default wd-section-disabled\" data-id=\"ca259a3\" data-element_type=\"section\" data-settings=\"{&quot;stretch_section&quot;:&quot;section-stretched&quot;,&quot;background_background&quot;:&quot;classic&quot;}\">\n\t\t\t\t\t\t<div class=\"elementor-container elementor-column-gap-extended\">\n\t\t\t\t\t<div class=\"elementor-column elementor-col-100 elementor-top-column elementor-element elementor-element-535ec85 color-scheme-dark\" data-id=\"535ec85\" data-element_type=\"column\">\n\t\t\t<div class=\"elementor-widget-wrap elementor-element-populated\">\n\t\t\t\t\t\t\t\t<div class=\"elementor-element elementor-element-8bd828f color-scheme-inherit text-left elementor-widget elementor-widget-text-editor\" data-id=\"8bd828f\" data-element_type=\"widget\" data-widget_type=\"text-editor.default\">\n\t\t\t\t<div class=\"elementor-widget-container\">\n\t\t\t\t\t\t\t\t<p><strong> la chirurgie est-elle risqu\u00e9e?<\/strong><\/p><p>Dans les op\u00e9rations effectu\u00e9es sous anesth\u00e9sie g\u00e9n\u00e9rale, les risques peuvent \u00eatre divis\u00e9s en 2 en fonction de l\u2019anesth\u00e9sie et de la chirurgie. Compte tenu du d\u00e9veloppement de l\u2019\u00e9quipement et de la technologie anesth\u00e9siques, les proc\u00e9dures sont effectu\u00e9es de mani\u00e8re beaucoup plus s\u00fbre que par le pass\u00e9. Les tests de laboratoire effectu\u00e9s avant la chirurgie sont v\u00e9rifi\u00e9s et, si n\u00e9cessaire, une consultation est demand\u00e9e \u00e0 d\u2019autres branches. Si vous avez une maladie chronique, une allergie \u00e0 un m\u00e9dicament, un probl\u00e8me que vous avez eu lors de votre chirurgie pr\u00e9c\u00e9dente, vous devriez certainement le dire. Vous ne devriez rien manger ou boire 8 heures avant la chirurgie. Vous devez suivre cette r\u00e8gle pour emp\u00eacher tout aliment dans votre estomac de s\u2019\u00e9chapper dans vos poumons pendant la chirurgie et de rencontrer des probl\u00e8mes majeurs.<br \/>Risques chirurgicaux; L\u2019infection est une accumulation de liquide dans l\u2019abdomen, une ouverture au niveau des coutures, un rel\u00e2chement des points de suture jet\u00e9s sur la membrane musculaire abdominale. On administre un traitement antibiotique apr\u00e8s la chirurgie pour pr\u00e9venir l\u2019infection. Des pansements r\u00e9guliers doivent \u00eatre effectu\u00e9s et le lieu de la chirurgie ne doit pas \u00eatre laiss\u00e9 ouvert jusqu\u2019\u00e0 ce que le chirurgien le permette.<\/p><p>Afin d\u2019\u00e9liminer le liquide et le sang accumul\u00e9s dans l\u2019abdomen au d\u00e9but de la p\u00e9riode, un drain est plac\u00e9 et la quantit\u00e9 qui entre n\u2019est pas enlev\u00e9e jusqu\u2019\u00e0 ce que la quantit\u00e9 diminue (3-7 jours peuvent \u00eatre attendus).<\/p><p>Dans la chirurgie de la abdominoplastie, bien que les points de suture soient sut\u00e9s sous la peau et sous la peau, certains points peuvent parfois s\u2019ouvrir. Cela peut \u00eatre caus\u00e9 par une tension cutan\u00e9e, des probl\u00e8mes dans la gu\u00e9rison des tissus du patient, le diab\u00e8te d\u2019accompagnement, le goitre, le tabagisme, l\u2019utilisation r\u00e9guli\u00e8re de corset, un mouvement inappropri\u00e9, le levage d\u2019objets lourds. Dans un tel cas, il peut \u00eatre suivi d\u2019un habillage en fonction de la quantit\u00e9 d\u2019ouverture ou des coutures peuvent \u00eatre faites \u00e0 nouveau dans cette zone. Le patient doit utiliser le corset abdominal pendant au moins 1 mois selon les instructions du m\u00e9decin, les 7-10 premiers jours doivent \u00eatre l\u00e9g\u00e8rement pli\u00e9s vers l\u2019avant et ne doivent pas soulever d\u2019objets lourds.<\/p><p>Dans de rares cas, s\u2019il y a une ouverture ou un rel\u00e2chement des sutures dans la membrane musculaire intra-abdominale, il peut \u00eatre n\u00e9cessaire de rectifier en fonction de l\u2019\u00e9tat du patient.<\/p>\t\t\t\t\t\t<\/div>\n\t\t\t\t<\/div>\n\t\t\t\t\t<\/div>\n\t\t<\/div>\n\t\t\t\t\t\t\t<\/div>\n\t\t<\/section>\n\t\t\t\t\t\t<\/div>\n\t\t\t\t\t<\/div>\n\t\t","protected":false},"excerpt":{"rendered":"<p>Abdominoplastie La chirurgie d\u2019\u00e9tirement abdominal peut \u00eatre effectu\u00e9e pour corriger l\u2019affaissement et l\u2019\u00e9largissement dans la r\u00e9gion abdominale apr\u00e8s une r\u00e9duction<\/p>\n","protected":false},"author":1,"featured_media":0,"parent":0,"menu_order":0,"comment_status":"closed","ping_status":"closed","template":"","meta":{"footnotes":""},"class_list":["post-11865","page","type-page","status-publish","hentry"],"_links":{"self":[{"href":"https:\/\/mahmutnurikaratoprak.com\/fr\/wp-json\/wp\/v2\/pages\/11865","targetHints":{"allow":["GET"]}}],"collection":[{"href":"https:\/\/mahmutnurikaratoprak.com\/fr\/wp-json\/wp\/v2\/pages"}],"about":[{"href":"https:\/\/mahmutnurikaratoprak.com\/fr\/wp-json\/wp\/v2\/types\/page"}],"author":[{"embeddable":true,"href":"https:\/\/mahmutnurikaratoprak.com\/fr\/wp-json\/wp\/v2\/users\/1"}],"replies":[{"embeddable":true,"href":"https:\/\/mahmutnurikaratoprak.com\/fr\/wp-json\/wp\/v2\/comments?post=11865"}],"version-history":[{"count":14,"href":"https:\/\/mahmutnurikaratoprak.com\/fr\/wp-json\/wp\/v2\/pages\/11865\/revisions"}],"predecessor-version":[{"id":12418,"href":"https:\/\/mahmutnurikaratoprak.com\/fr\/wp-json\/wp\/v2\/pages\/11865\/revisions\/12418"}],"wp:attachment":[{"href":"https:\/\/mahmutnurikaratoprak.com\/fr\/wp-json\/wp\/v2\/media?parent=11865"}],"curies":[{"name":"wp","href":"https:\/\/api.w.org\/{rel}","templated":true}]}}