{"id":11866,"date":"2021-06-02T12:00:13","date_gmt":"2021-06-02T09:00:13","guid":{"rendered":"https:\/\/mahmutnurikaratoprak.com\/fr\/?page_id=11866"},"modified":"2021-07-27T12:34:23","modified_gmt":"2021-07-27T09:34:23","slug":"liposuccion","status":"publish","type":"page","link":"https:\/\/mahmutnurikaratoprak.com\/fr\/liposuccion","title":{"rendered":"Liposuccion"},"content":{"rendered":"\t\t<div data-elementor-type=\"wp-page\" data-elementor-id=\"11866\" class=\"elementor elementor-11866\" data-elementor-settings=\"[]\">\n\t\t\t\t\t\t\t<div class=\"elementor-section-wrap\">\n\t\t\t\t\t\t\t<section class=\"elementor-section elementor-top-section elementor-element elementor-element-e9a5845 elementor-section-content-middle elementor-section-stretched elementor-section-boxed elementor-section-height-default elementor-section-height-default wd-section-disabled\" data-id=\"e9a5845\" data-element_type=\"section\" data-settings=\"{&quot;stretch_section&quot;:&quot;section-stretched&quot;,&quot;background_background&quot;:&quot;classic&quot;}\">\n\t\t\t\t\t\t<div class=\"elementor-container elementor-column-gap-extended\">\n\t\t\t\t\t<div class=\"elementor-column elementor-col-100 elementor-top-column elementor-element elementor-element-ece56e4 color-scheme-dark\" data-id=\"ece56e4\" data-element_type=\"column\">\n\t\t\t<div class=\"elementor-widget-wrap elementor-element-populated\">\n\t\t\t\t\t\t\t\t<div class=\"elementor-element elementor-element-99c18ce elementor-widget elementor-widget-wd_title\" data-id=\"99c18ce\" data-element_type=\"widget\" data-widget_type=\"wd_title.default\">\n\t\t\t\t<div class=\"elementor-widget-container\">\n\t\t\t\t\t<div class=\"title-wrapper woodmart-title-color-default woodmart-title-style-default woodmart-title-size-large text-left\">\n\n\t\t\t\n\t\t\t<div class=\"liner-continer\">\n\t\t\t\t<span class=\"left-line\"><\/span>\n\n\t\t\t\t<h4 class=\"woodmart-title-container title wd-underline-colored\">\n\t\t\t\t\tLiposuccion\t\t\t\t<\/h4>\n\n\t\t\t\t\n\t\t\t\t<span class=\"right-line\"><\/span>\n\t\t\t<\/div>\n\n\t\t\t\t\t<\/div>\n\t\t\t\t<\/div>\n\t\t\t\t<\/div>\n\t\t\t\t<div class=\"elementor-element elementor-element-0de72b9 elementor-widget elementor-widget-spacer\" data-id=\"0de72b9\" data-element_type=\"widget\" data-widget_type=\"spacer.default\">\n\t\t\t\t<div class=\"elementor-widget-container\">\n\t\t\t\t\t<div class=\"elementor-spacer\">\n\t\t\t<div class=\"elementor-spacer-inner\"><\/div>\n\t\t<\/div>\n\t\t\t\t<\/div>\n\t\t\t\t<\/div>\n\t\t\t\t<div class=\"elementor-element elementor-element-d2373de color-scheme-inherit text-left elementor-widget elementor-widget-text-editor\" data-id=\"d2373de\" data-element_type=\"widget\" data-widget_type=\"text-editor.default\">\n\t\t\t\t<div class=\"elementor-widget-container\">\n\t\t\t\t\t\t\t\t<p>C\u2019est l\u2019\u00e9limination du tissu adipeux sous-cutan\u00e9 \u00e9paissi qui provoque une d\u00e9formation du corps \u00e0 l\u2019aide du vide. Alors que les hommes ont g\u00e9n\u00e9ralement de la graisse sur les c\u00f4t\u00e9s du ventre et du tronc, les femmes ont une lubrification sur les hanches, \u00e0 l\u2019int\u00e9rieur de la cuisse, du ventre, des c\u00f4t\u00e9s du tronc, des bras, du dos et des zones alimentaires. Il est appliqu\u00e9 avec succ\u00e8s dans les r\u00e9gions qui causent des probl\u00e8mes de fonte malgr\u00e9 l\u2019alimentation et les sports, dans les zones qui provoquent une saillie asym\u00e9trique dans la forme du corps, et montrent des bras \u00e9pais, montrant les femmes masculines.<\/p><p><strong>Que technique de liposuccion?<\/strong><br \/>Lorsque vous faites des recherches sur Internet, vous rencontrez des noms techniques tr\u00e8s diff\u00e9rents li\u00e9s \u00e0 la liposuccion. Certains; Cette liste continue comme lipoplastie, liposhaping, liposculpture, liposuccion ultrasonique, liposuccion intelligente, liposuccion microcannule, liposuccion 3D, lipomatique. Mais y a-t-il tant de techniques ou de chirurgies diff\u00e9rentes? Je r\u00e9ponds: ABSOLUMENT NON. Des noms diff\u00e9rents sont \u00e9crits afin d\u2019augmenter la demande en termes d\u2019\u00e9conomie, alors que la plupart des m\u00eames op\u00e9rations sont effectu\u00e9es. La raison en est que les machines qui fournissent la m\u00eame fonction produite par diff\u00e9rentes entreprises re\u00e7oivent des noms diff\u00e9rents et qu\u2019elles l\u2019annoncent sous son nom technique pour \u00eatre mentionn\u00e9es par son propre nom. En d\u2019autres termes, ne percevez pas chaque mot \u00e9tranger qui vient avant la liposuccion comme une technique diff\u00e9rente.<br \/>Comme je l\u2019ai mentionn\u00e9 dans d\u2019autres sujets, le chirurgien vous op\u00e9rera. Le r\u00e9sultat d\u00e9pend des comp\u00e9tences du chirurgien et de votre gu\u00e9rison tissulaire. Aucune technique utilis\u00e9e pour cela ne peut \u00eatre consid\u00e9r\u00e9e comme la meilleure seule. Chacun d\u2019eux a ses propres avantages et inconv\u00e9nients. Le chirurgien vous sauvera pas technique.<\/p><p>Dans toutes les chirurgies de liposuccion, un s\u00e9rum contenant des analg\u00e9siques et des m\u00e9dicaments qui resserrent les veines est administr\u00e9 et gonfl\u00e9 par l\u2019incision de 5 mm dans la zone o\u00f9 la graisse sera enlev\u00e9e. Les diff\u00e9rences techniques commencent apr\u00e8s ce point.<\/p>\t\t\t\t\t\t<\/div>\n\t\t\t\t<\/div>\n\t\t\t\t\t<\/div>\n\t\t<\/div>\n\t\t\t\t\t\t\t<\/div>\n\t\t<\/section>\n\t\t\t\t<section class=\"elementor-section elementor-top-section elementor-element elementor-element-98a31cc elementor-section-stretched elementor-section-boxed elementor-section-height-default elementor-section-height-default wd-section-disabled\" data-id=\"98a31cc\" data-element_type=\"section\" data-settings=\"{&quot;stretch_section&quot;:&quot;section-stretched&quot;,&quot;background_background&quot;:&quot;classic&quot;}\">\n\t\t\t\t\t\t<div class=\"elementor-container elementor-column-gap-default\">\n\t\t\t\t\t<div class=\"elementor-column elementor-col-50 elementor-top-column elementor-element elementor-element-a5ecceb color-scheme-dark\" data-id=\"a5ecceb\" data-element_type=\"column\">\n\t\t\t<div class=\"elementor-widget-wrap elementor-element-populated\">\n\t\t\t\t\t\t\t\t<div class=\"elementor-element elementor-element-a5a0bb3 color-scheme-inherit text-left elementor-widget elementor-widget-text-editor\" data-id=\"a5a0bb3\" data-element_type=\"widget\" data-widget_type=\"text-editor.default\">\n\t\t\t\t<div class=\"elementor-widget-container\">\n\t\t\t\t\t\t\t\t<p>En liposuccion classique, le chirurgien avance avec la force du bras et \u00e9limine la graisse du corps \u00e0 l\u2019aide du vide. L\u2019avantage est qu\u2019il n\u2019y a aucun risque de d\u00e9coloration de la peau et de la peau dans le laser et la liposuccion vaser. L\u2019inconv\u00e9nient est que le chirurgien prend plus d\u2019efforts, les ecchymoses pr\u00e9coces peuvent \u00eatre un peu plus.<\/p><p>Une fois le liquide de liposuccion Vaser administr\u00e9, les huiles sont cass\u00e9es avec une sonde de machine sp\u00e9ciale du m\u00eame trou. Les huiles s\u00e9par\u00e9es sont \u00e9limin\u00e9es sous effet de vide \u00e0 l\u2019aide de canules. La pointe de la sonde de la machine vibre des milliers de fois par seconde et d\u00e9compose les huiles \u00e0 l\u2019int\u00e9rieur, n\u2019endommage pas la veine et le nerf. L\u2019avantage du chirurgien est moins d\u2019effort, la structure du nerf vasculaire est mieux pr\u00e9serv\u00e9e, l\u2019ecchymose est moindre.<\/p><p>Dans la liposuccion laser, le point g\u00e9n\u00e9rateur de chaleur \u00e9lev\u00e9 \u00e0 l\u2019extr\u00e9mit\u00e9 de la sonde fait fondre les huiles sous la peau. Les huiles fondues sont \u00e0 nouveau tir\u00e9es sous effet de vide \u00e0 l\u2019aide de canules. La protection des structures veineuses et nerveuses, bien que pas aussi ive que Vaser, peut facilement d\u00e9composer et faire fondre m\u00eame les huiles dures<\/p><p>La sonde de liposuccion infrasonique d\u00e9compose le tissu adipeux avec des vibrations m\u00e9caniques circulaires dans le tissu et fournit en m\u00eame temps l\u2019\u00e9limination de la graisse avec l\u2019effet du vide. C\u2019est une m\u00e9thode pratique et utile qui raccourcit le temps de fonctionnement. Il prot\u00e8ge la structure vasculaire et nerveuse. Dans micro liposuccion de l\u2019air, la sonde se d\u00e9place d\u2019avant en arri\u00e8re et d\u00e9compose l\u2019huile avec une force m\u00e9canique.<\/p><p>J Plasma Liposuccion principe de travail a une technologie tr\u00e8s avanc\u00e9e. Le tissu adipeux est d\u00e9compos\u00e9 avec l\u2019\u00e9nergie obtenue par le transfert d\u2019h\u00e9lium gazeux dans le plasma avec effet de radiofr\u00e9quence. Sa meilleure caract\u00e9ristique est qu\u2019il ne g\u00e9n\u00e8re pas assez de chaleur pour endommager le corps. Cependant, son co\u00fbt est beaucoup plus \u00e9lev\u00e9 que les autres m\u00e9thodes pour l\u2019instant.<\/p><p>\u00c9valuation pr\u00e9op\u00e9ratoire<br \/>La liposuccion n\u2019est certainement pas une m\u00e9thode minceur. Les graisses dans la zone trait\u00e9e sont \u00e9limin\u00e9es et un amincissement est fourni, mais le but ici n\u2019est pas d\u2019affaiblir la personne mais de remodeler la forme du corps. Premi\u00e8rement, les r\u00e9gions dont vous vous plaignez sont \u00e9valu\u00e9es. Vous serez inform\u00e9 de la technique \u00e0 appliquer et de la p\u00e9riode postop\u00e9ratoire.<\/p>\t\t\t\t\t\t<\/div>\n\t\t\t\t<\/div>\n\t\t\t\t\t<\/div>\n\t\t<\/div>\n\t\t\t\t<div class=\"elementor-column elementor-col-50 elementor-top-column elementor-element elementor-element-d8af63b\" data-id=\"d8af63b\" data-element_type=\"column\">\n\t\t\t<div class=\"elementor-widget-wrap elementor-element-populated\">\n\t\t\t\t\t\t\t\t<div class=\"elementor-element elementor-element-9b3fe7c elementor-widget elementor-widget-image\" data-id=\"9b3fe7c\" data-element_type=\"widget\" data-widget_type=\"image.default\">\n\t\t\t\t<div class=\"elementor-widget-container\">\n\t\t\t\t\t\t\t\t\t\t\t\t\t\t\t<img loading=\"lazy\" decoding=\"async\" width=\"569\" height=\"784\" src=\"https:\/\/mahmutnurikaratoprak.com\/fr\/wp-content\/uploads\/2021\/06\/Basliksiz-2-3.jpg\" class=\"attachment-full size-full\" alt=\"\" srcset=\"https:\/\/mahmutnurikaratoprak.com\/fr\/wp-content\/uploads\/2021\/06\/Basliksiz-2-3.jpg 569w, https:\/\/mahmutnurikaratoprak.com\/fr\/wp-content\/uploads\/2021\/06\/Basliksiz-2-3-218x300.jpg 218w\" sizes=\"auto, (max-width: 569px) 100vw, 569px\" \/>\t\t\t\t\t\t\t\t\t\t\t\t\t\t\t<\/div>\n\t\t\t\t<\/div>\n\t\t\t\t\t<\/div>\n\t\t<\/div>\n\t\t\t\t\t\t\t<\/div>\n\t\t<\/section>\n\t\t\t\t<section class=\"elementor-section elementor-top-section elementor-element elementor-element-7978624 elementor-section-content-middle elementor-section-stretched elementor-section-boxed elementor-section-height-default elementor-section-height-default wd-section-disabled\" data-id=\"7978624\" data-element_type=\"section\" data-settings=\"{&quot;stretch_section&quot;:&quot;section-stretched&quot;,&quot;background_background&quot;:&quot;classic&quot;}\">\n\t\t\t\t\t\t<div class=\"elementor-container elementor-column-gap-extended\">\n\t\t\t\t\t<div class=\"elementor-column elementor-col-100 elementor-top-column elementor-element elementor-element-786180 color-scheme-dark\" data-id=\"786180\" data-element_type=\"column\">\n\t\t\t<div class=\"elementor-widget-wrap elementor-element-populated\">\n\t\t\t\t\t\t\t\t<div class=\"elementor-element elementor-element-0de5e50 elementor-widget elementor-widget-wd_title\" data-id=\"0de5e50\" data-element_type=\"widget\" data-widget_type=\"wd_title.default\">\n\t\t\t\t<div class=\"elementor-widget-container\">\n\t\t\t\t\t<div class=\"title-wrapper woodmart-title-color-default woodmart-title-style-default woodmart-title-size-large text-center\">\n\n\t\t\t\n\t\t\t<div class=\"liner-continer\">\n\t\t\t\t<span class=\"left-line\"><\/span>\n\n\t\t\t\t<h4 class=\"woodmart-title-container title wd-underline-colored\">\n\t\t\t\t\tDemander un Rendez-Vous\t\t\t\t<\/h4>\n\n\t\t\t\t\n\t\t\t\t<span class=\"right-line\"><\/span>\n\t\t\t<\/div>\n\n\t\t\t\t\t<\/div>\n\t\t\t\t<\/div>\n\t\t\t\t<\/div>\n\t\t\t\t<div class=\"elementor-element elementor-element-7f83964 color-scheme-inherit text-left elementor-widget elementor-widget-text-editor\" data-id=\"7f83964\" data-element_type=\"widget\" data-widget_type=\"text-editor.default\">\n\t\t\t\t<div class=\"elementor-widget-container\">\n\t\t\t\t\t\t\t\t<p>Envoyez-nous vos informations. Appelons-nous et prenons rendez-vous!<\/p>\t\t\t\t\t\t<\/div>\n\t\t\t\t<\/div>\n\t\t\t\t<section class=\"elementor-section elementor-inner-section elementor-element elementor-element-3b4ad17 elementor-section-boxed elementor-section-height-default elementor-section-height-default wd-section-disabled\" data-id=\"3b4ad17\" data-element_type=\"section\">\n\t\t\t\t\t\t<div class=\"elementor-container elementor-column-gap-default\">\n\t\t\t\t\t<div class=\"elementor-column elementor-col-33 elementor-inner-column elementor-element elementor-element-1297f45\" data-id=\"1297f45\" data-element_type=\"column\">\n\t\t\t<div class=\"elementor-widget-wrap\">\n\t\t\t\t\t\t\t\t\t<\/div>\n\t\t<\/div>\n\t\t\t\t<div class=\"elementor-column elementor-col-33 elementor-inner-column elementor-element elementor-element-ceaf1cb\" data-id=\"ceaf1cb\" data-element_type=\"column\">\n\t\t\t<div class=\"elementor-widget-wrap elementor-element-populated\">\n\t\t\t\t\t\t\t\t<div class=\"elementor-element elementor-element-bc5cfc8 color-scheme-inherit text-left elementor-widget elementor-widget-text-editor\" data-id=\"bc5cfc8\" data-element_type=\"widget\" data-widget_type=\"text-editor.default\">\n\t\t\t\t<div class=\"elementor-widget-container\">\n\t\t\t\t\t\t\t\t<div role=\"form\" class=\"wpcf7\" id=\"wpcf7-f9402-o1\" lang=\"en-US\" dir=\"ltr\">\n<div class=\"screen-reader-response\"><p role=\"status\" aria-live=\"polite\" aria-atomic=\"true\"><\/p> <ul><\/ul><\/div>\n<form action=\"\/fr\/wp-json\/wp\/v2\/pages\/11866#wpcf7-f9402-o1\" method=\"post\" class=\"wpcf7-form init\" novalidate=\"novalidate\" data-status=\"init\">\n<div style=\"display: none;\">\n<input type=\"hidden\" name=\"_wpcf7\" value=\"9402\" \/>\n<input type=\"hidden\" name=\"_wpcf7_version\" value=\"5.4.1\" \/>\n<input type=\"hidden\" name=\"_wpcf7_locale\" value=\"en_US\" \/>\n<input type=\"hidden\" name=\"_wpcf7_unit_tag\" value=\"wpcf7-f9402-o1\" \/>\n<input type=\"hidden\" name=\"_wpcf7_container_post\" value=\"0\" \/>\n<input type=\"hidden\" name=\"_wpcf7_posted_data_hash\" value=\"\" \/>\n<\/div>\n<div class=\"row\">\n<div class=\"col-lg\">\n<p><span class=\"wpcf7-form-control-wrap adi\"><input type=\"text\" name=\"adi\" value=\"\" size=\"40\" class=\"wpcf7-form-control wpcf7-text wpcf7-validates-as-required\" aria-required=\"true\" aria-invalid=\"false\" placeholder=\"Nom\" \/><\/span><\/p>\n<\/div>\n<div class=\"col-lg\">\n<p><span class=\"wpcf7-form-control-wrap telefon\"><input type=\"text\" name=\"telefon\" value=\"\" size=\"40\" class=\"wpcf7-form-control wpcf7-text wpcf7-validates-as-required\" aria-required=\"true\" aria-invalid=\"false\" placeholder=\"T\u00e9l\u00e9phone\" \/><\/span><\/p>\n<\/div>\n<div class=\"col-lg\">\n<p><span class=\"wpcf7-form-control-wrap mail\"><input type=\"text\" name=\"mail\" value=\"\" size=\"40\" class=\"wpcf7-form-control wpcf7-text\" aria-invalid=\"false\" placeholder=\"E-Mail\" \/><\/span><\/p>\n<\/div>\n<div class=\"col-lg-auto\">\n<p><input type=\"submit\" value=\"Soumettre le Formulaire\" class=\"wpcf7-form-control wpcf7-submit btn btn-color-primary\" \/><\/p>\n<\/div>\n<\/div>\n<div class=\"wpcf7-response-output\" aria-hidden=\"true\"><\/div><\/form><\/div>\t\t\t\t\t\t<\/div>\n\t\t\t\t<\/div>\n\t\t\t\t\t<\/div>\n\t\t<\/div>\n\t\t\t\t<div class=\"elementor-column elementor-col-33 elementor-inner-column elementor-element elementor-element-c44b51d\" data-id=\"c44b51d\" data-element_type=\"column\">\n\t\t\t<div class=\"elementor-widget-wrap\">\n\t\t\t\t\t\t\t\t\t<\/div>\n\t\t<\/div>\n\t\t\t\t\t\t\t<\/div>\n\t\t<\/section>\n\t\t\t\t\t<\/div>\n\t\t<\/div>\n\t\t\t\t\t\t\t<\/div>\n\t\t<\/section>\n\t\t\t\t<section class=\"elementor-section elementor-top-section elementor-element elementor-element-ca259a3 elementor-section-content-middle elementor-section-stretched elementor-section-boxed elementor-section-height-default elementor-section-height-default wd-section-disabled\" data-id=\"ca259a3\" data-element_type=\"section\" data-settings=\"{&quot;stretch_section&quot;:&quot;section-stretched&quot;,&quot;background_background&quot;:&quot;classic&quot;}\">\n\t\t\t\t\t\t<div class=\"elementor-container elementor-column-gap-extended\">\n\t\t\t\t\t<div class=\"elementor-column elementor-col-100 elementor-top-column elementor-element elementor-element-535ec85 color-scheme-dark\" data-id=\"535ec85\" data-element_type=\"column\">\n\t\t\t<div class=\"elementor-widget-wrap elementor-element-populated\">\n\t\t\t\t\t\t\t\t<div class=\"elementor-element elementor-element-8bd828f color-scheme-inherit text-left elementor-widget elementor-widget-text-editor\" data-id=\"8bd828f\" data-element_type=\"widget\" data-widget_type=\"text-editor.default\">\n\t\t\t\t<div class=\"elementor-widget-container\">\n\t\t\t\t\t\t\t\t<p><strong>Urrurgie et processus hospitalier.<\/strong><\/p><p>Les examens pr\u00e9op\u00e9ratoires sont pr\u00e9par\u00e9s le m\u00eame jour ou 1 jour avant. Vous ne devriez rien manger ou boire 8 heures avant la chirurgie. Si les r\u00e9sultats sont \u00e9valu\u00e9s par l\u2019anesth\u00e9siologiste et qu\u2019il n\u2019y a pas d\u2019obstacle, votre chirurgie peut \u00eatre effectu\u00e9e. Le patient ne ressentira aucune douleur pendant la proc\u00e9dure car elle est effectu\u00e9e sous anesth\u00e9sie g\u00e9n\u00e9rale. la dur\u00e9e de la chirurgie varie en fonction du nombre de r\u00e9gions \u00e0 liposuccion et de la quantit\u00e9 d\u2019huile. Seul le processus de zone alimentaire prendra 20 minutes tandis que le processus de zone 2-3 prendra plus de temps. Le temps pass\u00e9 dans la salle d\u2019op\u00e9ration sera plus long apr\u00e8s que le patient soit endormi et r\u00e9veill\u00e9 par anesth\u00e9sie.<\/p><p>Dans le service postop\u00e9ratoire, vous recevrez des antibiotiques et des m\u00e9dicaments contre la douleur. Vous serez d\u00e9charg\u00e9 le lendemain en faisant un examen de contr\u00f4le et en \u00e9tant appel\u00e9 pour un check-up le 3\u00e8me jour. Un drain peut \u00eatre fix\u00e9 \u00e0 l\u2019abdomen et aux zones arri\u00e8re o\u00f9 la liposuccion Vaser ou Laser est appliqu\u00e9e. Cela permet d\u2019expulser le liquide accumul\u00e9 dans le corps et la graisse fondue restante. Apr\u00e8s une moyenne de 3 jours, les drains sont enlev\u00e9s.<\/p><p><strong>L\u2019\u00e9tat de <\/strong><br \/>Apr\u00e8s la proc\u00e9dure, vous verrez un certain amincissement dans ces zones, mais apr\u00e8s que l\u2019\u0153d\u00e8me sous la peau diminue et que les tissus se resserrent et s\u2019adaptent \u00e0 la surface sous-jacente, la forme d\u2019origine commencera \u00e0 appara\u00eetre apr\u00e8s environ 4-5 semaines. Pendant cette p\u00e9riode, un massage quotidien \u00e0 la cr\u00e8me hydratante est recommand\u00e9 dans les zones o\u00f9 la graisse est \u00e9limin\u00e9e.<\/p><p><strong>Quels sont les risques de liposuccion?<\/strong><br \/>Comme pour toute chirurgie, il existe des risques de liposuccion. Le sang ou le liquide peut s\u2019accumuler dans la zone de traitement. Dans un tel cas, en fonction de la quantit\u00e9, le liquide peut \u00eatre \u00e9vacu\u00e9 dans des conditions polycliniques. Tr\u00e8s rarement, si une infection est suspect\u00e9e, une antibioth\u00e9rapie suppl\u00e9mentaire est lanc\u00e9e.<\/p>\t\t\t\t\t\t<\/div>\n\t\t\t\t<\/div>\n\t\t\t\t\t<\/div>\n\t\t<\/div>\n\t\t\t\t\t\t\t<\/div>\n\t\t<\/section>\n\t\t\t\t<section class=\"elementor-section elementor-top-section elementor-element elementor-element-1ee516b elementor-section-content-middle elementor-section-stretched elementor-section-boxed elementor-section-height-default elementor-section-height-default wd-section-disabled\" data-id=\"1ee516b\" data-element_type=\"section\" data-settings=\"{&quot;stretch_section&quot;:&quot;section-stretched&quot;,&quot;background_background&quot;:&quot;classic&quot;}\">\n\t\t\t\t\t\t<div class=\"elementor-container elementor-column-gap-extended\">\n\t\t\t\t\t<div class=\"elementor-column elementor-col-100 elementor-top-column elementor-element elementor-element-c894971 color-scheme-dark\" data-id=\"c894971\" data-element_type=\"column\">\n\t\t\t<div class=\"elementor-widget-wrap elementor-element-populated\">\n\t\t\t\t\t\t\t\t<div class=\"elementor-element elementor-element-826c68a color-scheme-inherit text-left elementor-widget elementor-widget-text-editor\" data-id=\"826c68a\" data-element_type=\"widget\" data-widget_type=\"text-editor.default\">\n\t\t\t\t<div class=\"elementor-widget-container\">\n\t\t\t\t\t\t\t\t<p><strong>L\u2019affaissement se produit-il apr\u00e8s une liposuccion?<\/strong><\/p><p>C\u2019est une condition qui change en fonction de l\u2019\u00e2ge, du sexe et de la quantit\u00e9 de graisse de la personne. Si toutes les huiles sont pr\u00e9lev\u00e9es dans une zone trop grasse et que le patient est d\u2019\u00e2ge moyen ou sup\u00e9rieur, la structure de la peau n\u2019est pas r\u00e9siliente et ne peut pas r\u00e9cup\u00e9rer compl\u00e8tement et une certaine quantit\u00e9 de rides peut appara\u00eetre. Pour cela, le patient doit \u00eatre inform\u00e9 \u00e0 l\u2019avance et la quantit\u00e9 de graisse \u00e0 enlever doit \u00eatre limit\u00e9e. Si le patient est jeune, il n\u2019y aura pas d\u2019affaissement puisque la peau se r\u00e9tablira mieux.<\/p><p><strong> Combien de litres d\u2019huile sont-ils pr\u00e9lev\u00e9s?<\/strong><br \/>Le but de la liposuccion est d\u2019enlever et de fa\u00e7onner l\u2019exc\u00e8s de tissus adipeux dans cette zone. Je n\u2019entre aucune quantit\u00e9 d\u2019huile \u00e0 faire fonctionner. Une estimation moyenne peut \u00eatre faite, mais ce n\u2019est pas un facteur qui affecte le succ\u00e8s de la transaction. En outre, essayer d\u2019\u00e9liminer trop d\u2019huile du tissu peut provoquer la graisse et le caillot de sang \u00e0 p\u00e9n\u00e9trer dans les veines et endommager les organes vitaux.<\/p><p><strong> Est-ce que je reprends du poids dans la m\u00eame zone?<\/strong><br \/>La meilleure partie de la liposuccion est le stockage des cellules graisseuses avec les graisses. Pour cette raison, une lubrification excessive ne se produit pas dans les zones trait\u00e9es. Cependant, si vous ne faites pas attention \u00e0 votre alimentation, ces huiles sont stock\u00e9es dans d\u2019autres parties de votre corps et provoquent un \u00e9paississement.<\/p>\t\t\t\t\t\t<\/div>\n\t\t\t\t<\/div>\n\t\t\t\t\t<\/div>\n\t\t<\/div>\n\t\t\t\t\t\t\t<\/div>\n\t\t<\/section>\n\t\t\t\t\t\t<\/div>\n\t\t\t\t\t<\/div>\n\t\t","protected":false},"excerpt":{"rendered":"<p>Liposuccion C\u2019est l\u2019\u00e9limination du tissu adipeux sous-cutan\u00e9 \u00e9paissi qui provoque une d\u00e9formation du corps \u00e0 l\u2019aide du vide. Alors que<\/p>\n","protected":false},"author":1,"featured_media":0,"parent":0,"menu_order":0,"comment_status":"closed","ping_status":"closed","template":"","meta":{"footnotes":""},"class_list":["post-11866","page","type-page","status-publish","hentry"],"_links":{"self":[{"href":"https:\/\/mahmutnurikaratoprak.com\/fr\/wp-json\/wp\/v2\/pages\/11866","targetHints":{"allow":["GET"]}}],"collection":[{"href":"https:\/\/mahmutnurikaratoprak.com\/fr\/wp-json\/wp\/v2\/pages"}],"about":[{"href":"https:\/\/mahmutnurikaratoprak.com\/fr\/wp-json\/wp\/v2\/types\/page"}],"author":[{"embeddable":true,"href":"https:\/\/mahmutnurikaratoprak.com\/fr\/wp-json\/wp\/v2\/users\/1"}],"replies":[{"embeddable":true,"href":"https:\/\/mahmutnurikaratoprak.com\/fr\/wp-json\/wp\/v2\/comments?post=11866"}],"version-history":[{"count":20,"href":"https:\/\/mahmutnurikaratoprak.com\/fr\/wp-json\/wp\/v2\/pages\/11866\/revisions"}],"predecessor-version":[{"id":12411,"href":"https:\/\/mahmutnurikaratoprak.com\/fr\/wp-json\/wp\/v2\/pages\/11866\/revisions\/12411"}],"wp:attachment":[{"href":"https:\/\/mahmutnurikaratoprak.com\/fr\/wp-json\/wp\/v2\/media?parent=11866"}],"curies":[{"name":"wp","href":"https:\/\/api.w.org\/{rel}","templated":true}]}}