{"id":11868,"date":"2021-06-02T12:00:33","date_gmt":"2021-06-02T09:00:33","guid":{"rendered":"https:\/\/mahmutnurikaratoprak.com\/fr\/?page_id=11868"},"modified":"2021-07-27T12:41:51","modified_gmt":"2021-07-27T09:41:51","slug":"lifting-des-bras","status":"publish","type":"page","link":"https:\/\/mahmutnurikaratoprak.com\/fr\/lifting-des-bras","title":{"rendered":"Lifting des Bras"},"content":{"rendered":"\t\t<div data-elementor-type=\"wp-page\" data-elementor-id=\"11868\" class=\"elementor elementor-11868\" data-elementor-settings=\"[]\">\n\t\t\t\t\t\t\t<div class=\"elementor-section-wrap\">\n\t\t\t\t\t\t\t<section class=\"elementor-section elementor-top-section elementor-element elementor-element-e9a5845 elementor-section-content-middle elementor-section-stretched elementor-section-boxed elementor-section-height-default elementor-section-height-default wd-section-disabled\" data-id=\"e9a5845\" data-element_type=\"section\" data-settings=\"{&quot;stretch_section&quot;:&quot;section-stretched&quot;,&quot;background_background&quot;:&quot;classic&quot;}\">\n\t\t\t\t\t\t<div class=\"elementor-container elementor-column-gap-extended\">\n\t\t\t\t\t<div class=\"elementor-column elementor-col-100 elementor-top-column elementor-element elementor-element-ece56e4 color-scheme-dark\" data-id=\"ece56e4\" data-element_type=\"column\">\n\t\t\t<div class=\"elementor-widget-wrap elementor-element-populated\">\n\t\t\t\t\t\t\t\t<div class=\"elementor-element elementor-element-99c18ce elementor-widget elementor-widget-wd_title\" data-id=\"99c18ce\" data-element_type=\"widget\" data-widget_type=\"wd_title.default\">\n\t\t\t\t<div class=\"elementor-widget-container\">\n\t\t\t\t\t<div class=\"title-wrapper woodmart-title-color-default woodmart-title-style-default woodmart-title-size-large text-left\">\n\n\t\t\t\n\t\t\t<div class=\"liner-continer\">\n\t\t\t\t<span class=\"left-line\"><\/span>\n\n\t\t\t\t<h4 class=\"woodmart-title-container title wd-underline-colored\">\n\t\t\t\t\tLifting des Bras\t\t\t\t<\/h4>\n\n\t\t\t\t\n\t\t\t\t<span class=\"right-line\"><\/span>\n\t\t\t<\/div>\n\n\t\t\t\t\t<\/div>\n\t\t\t\t<\/div>\n\t\t\t\t<\/div>\n\t\t\t\t<div class=\"elementor-element elementor-element-0de72b9 elementor-widget elementor-widget-spacer\" data-id=\"0de72b9\" data-element_type=\"widget\" data-widget_type=\"spacer.default\">\n\t\t\t\t<div class=\"elementor-widget-container\">\n\t\t\t\t\t<div class=\"elementor-spacer\">\n\t\t\t<div class=\"elementor-spacer-inner\"><\/div>\n\t\t<\/div>\n\t\t\t\t<\/div>\n\t\t\t\t<\/div>\n\t\t\t\t<div class=\"elementor-element elementor-element-d2373de color-scheme-inherit text-left elementor-widget elementor-widget-text-editor\" data-id=\"d2373de\" data-element_type=\"widget\" data-widget_type=\"text-editor.default\">\n\t\t\t\t<div class=\"elementor-widget-container\">\n\t\t\t\t\t\t\t\t<p>L\u2019affaissement de la partie arri\u00e8re et les c\u00f4t\u00e9s internes du bras apparaissent principalement avec les accumulations de graisse excessives et l\u2019affaissement de la peau. D\u2019autres causes d\u2019affaissement sont li\u00e9es \u00e0 la vieillesse, \u00e0 la gravit\u00e9 et \u00e0 la perte de poids intermittente. C\u2019est parce que la peau et les tissus sous-cutan\u00e9s dans ces r\u00e9gions sont plus l\u00e2ches. Le taux d\u2019affaissement et de tissus adipeux accumul\u00e9s diff\u00e8re d\u2019une personne \u00e0 l\u2019autre. Par cons\u00e9quent, chaque patient \u00e0 traiter avec la chirurgie de levage de bras devrait \u00eatre \u00e9valu\u00e9 individuellement. Les op\u00e9rations de levage des bras peuvent \u00eatre effectu\u00e9es seules ou en conjonction avec la r\u00e9duction mammaire, le lifting des seins, l\u2019abdominoplastie, le lifting des jambes, la liposuccion ad. La chirurgie de levage du bras doit \u00eatre effectu\u00e9e dans un h\u00f4pital ad\u00e9quatement \u00e9quip\u00e9. La chirurgie se fait sous anesth\u00e9sie g\u00e9n\u00e9rale et dure environ 1 \u00e0 3 heures. Passer le premier jour postop\u00e9ratoire sous surveillance m\u00e9dicale \u00e0 l\u2019h\u00f4pital serait suffisant car il n\u2019y aura pas de douleur \u00e0 un degr\u00e9 inqui\u00e9tant.<\/p>\t\t\t\t\t\t<\/div>\n\t\t\t\t<\/div>\n\t\t\t\t\t<\/div>\n\t\t<\/div>\n\t\t\t\t\t\t\t<\/div>\n\t\t<\/section>\n\t\t\t\t<section class=\"elementor-section elementor-top-section elementor-element elementor-element-98a31cc elementor-section-stretched elementor-section-boxed elementor-section-height-default elementor-section-height-default wd-section-disabled\" data-id=\"98a31cc\" data-element_type=\"section\" data-settings=\"{&quot;stretch_section&quot;:&quot;section-stretched&quot;,&quot;background_background&quot;:&quot;classic&quot;}\">\n\t\t\t\t\t\t<div class=\"elementor-container elementor-column-gap-default\">\n\t\t\t\t\t<div class=\"elementor-column elementor-col-50 elementor-top-column elementor-element elementor-element-a5ecceb color-scheme-dark\" data-id=\"a5ecceb\" data-element_type=\"column\">\n\t\t\t<div class=\"elementor-widget-wrap elementor-element-populated\">\n\t\t\t\t\t\t\t\t<div class=\"elementor-element elementor-element-a5a0bb3 color-scheme-inherit text-left elementor-widget elementor-widget-text-editor\" data-id=\"a5a0bb3\" data-element_type=\"widget\" data-widget_type=\"text-editor.default\">\n\t\t\t\t<div class=\"elementor-widget-container\">\n\t\t\t\t\t\t\t\t<p>La proc\u00e9dure qui implique l\u2019\u00e9limination de l\u2019exc\u00e8s de graisse et de l\u2019exc\u00e8s de peau dans les bras d\u2019une personne, de mani\u00e8re \u00e0 rendre les bras plus minces et plus serr\u00e9s, est appel\u00e9e lifting des bras (brachioplastie) Les op\u00e9rations de lifting des bras sont g\u00e9n\u00e9ralement effectu\u00e9es sur les femmes de plus de 40 ans. La proc\u00e9dure de levage du bras peut \u00eatre effectu\u00e9e sur toute personne qui a un exc\u00e8s de graisse et un exc\u00e8s de peau dans son bras et se sent mal \u00e0 l\u2019aise avec l\u2019apparence r\u00e9sultante.<\/p><p>Comme dans toutes les chirurgies, vous devez arr\u00eater de fumer et l\u2019utilisation d\u2019aspirine, d\u2019anticoagulants et d\u2019autres substances similaires environ 3 semaines avant la chirurgie de lifting des bras. Imm\u00e9diatement avant la chirurgie, vous devrez \u00e9galement donner \u00e0 votre m\u00e9decin les informations requises sur votre \u00e9tat de sant\u00e9 g\u00e9n\u00e9ral et les m\u00e9dicaments que vous utilisez. Vous devriez \u00e9galement \u00e9viter d\u2019utiliser certains m\u00e9dicaments analg\u00e9siques, y compris Apranax, Vermidon, et Voltaren, pilules multivitamin\u00e9es, produits \u00e0 base de plantes tels que le th\u00e9 vert, graines de tomates, tiges de cerise, et graines de lin, et tous les produits de perte de poids.<\/p><p>La proc\u00e9dure de levage du bras est commenc\u00e9e par une incision \u00ab\u00a0en forme de L\u00a0\u00bb s\u2019\u00e9tendant de l\u2019aisselle vers le cou. Habituellement, le bras est rendu plus serr\u00e9 en enlevant seulement l\u2019exc\u00e8s de peau du patient. Cependant, lorsqu\u2019elle est effectu\u00e9e sur des patients avec des bras extr\u00eamement \u00e9pais, la proc\u00e9dure de levage du bras comprend \u00e9galement la liposuccion. Si cette proc\u00e9dure est ajout\u00e9e, la chirurgie devient plus r\u00e9ussie. L\u2019intervention chirurgicale est effectu\u00e9e sous anesth\u00e9sie g\u00e9n\u00e9rale et le temps d\u2019op\u00e9ration varie d\u2019une demi-heure \u00e0 trois heures.<\/p>\t\t\t\t\t\t<\/div>\n\t\t\t\t<\/div>\n\t\t\t\t\t<\/div>\n\t\t<\/div>\n\t\t\t\t<div class=\"elementor-column elementor-col-50 elementor-top-column elementor-element elementor-element-d8af63b\" data-id=\"d8af63b\" data-element_type=\"column\">\n\t\t\t<div class=\"elementor-widget-wrap elementor-element-populated\">\n\t\t\t\t\t\t\t\t<div class=\"elementor-element elementor-element-9b3fe7c elementor-widget elementor-widget-image\" data-id=\"9b3fe7c\" data-element_type=\"widget\" data-widget_type=\"image.default\">\n\t\t\t\t<div class=\"elementor-widget-container\">\n\t\t\t\t\t\t\t\t\t\t\t\t\t\t\t<img loading=\"lazy\" decoding=\"async\" width=\"625\" height=\"503\" src=\"https:\/\/mahmutnurikaratoprak.com\/fr\/wp-content\/uploads\/2021\/06\/arm-ltf.jpg\" class=\"attachment-full size-full\" alt=\"\" srcset=\"https:\/\/mahmutnurikaratoprak.com\/fr\/wp-content\/uploads\/2021\/06\/arm-ltf.jpg 625w, https:\/\/mahmutnurikaratoprak.com\/fr\/wp-content\/uploads\/2021\/06\/arm-ltf-300x241.jpg 300w\" sizes=\"auto, (max-width: 625px) 100vw, 625px\" \/>\t\t\t\t\t\t\t\t\t\t\t\t\t\t\t<\/div>\n\t\t\t\t<\/div>\n\t\t\t\t\t<\/div>\n\t\t<\/div>\n\t\t\t\t\t\t\t<\/div>\n\t\t<\/section>\n\t\t\t\t<section class=\"elementor-section elementor-top-section elementor-element elementor-element-7978624 elementor-section-content-middle elementor-section-stretched elementor-section-boxed elementor-section-height-default elementor-section-height-default wd-section-disabled\" data-id=\"7978624\" data-element_type=\"section\" data-settings=\"{&quot;stretch_section&quot;:&quot;section-stretched&quot;,&quot;background_background&quot;:&quot;classic&quot;}\">\n\t\t\t\t\t\t<div class=\"elementor-container elementor-column-gap-extended\">\n\t\t\t\t\t<div class=\"elementor-column elementor-col-100 elementor-top-column elementor-element elementor-element-786180 color-scheme-dark\" data-id=\"786180\" data-element_type=\"column\">\n\t\t\t<div class=\"elementor-widget-wrap elementor-element-populated\">\n\t\t\t\t\t\t\t\t<div class=\"elementor-element elementor-element-0de5e50 elementor-widget elementor-widget-wd_title\" data-id=\"0de5e50\" data-element_type=\"widget\" data-widget_type=\"wd_title.default\">\n\t\t\t\t<div class=\"elementor-widget-container\">\n\t\t\t\t\t<div class=\"title-wrapper woodmart-title-color-default woodmart-title-style-default woodmart-title-size-large text-center\">\n\n\t\t\t\n\t\t\t<div class=\"liner-continer\">\n\t\t\t\t<span class=\"left-line\"><\/span>\n\n\t\t\t\t<h4 class=\"woodmart-title-container title wd-underline-colored\">\n\t\t\t\t\tDemander un Rendez-Vous\t\t\t\t<\/h4>\n\n\t\t\t\t\n\t\t\t\t<span class=\"right-line\"><\/span>\n\t\t\t<\/div>\n\n\t\t\t\t\t<\/div>\n\t\t\t\t<\/div>\n\t\t\t\t<\/div>\n\t\t\t\t<div class=\"elementor-element elementor-element-7f83964 color-scheme-inherit text-left elementor-widget elementor-widget-text-editor\" data-id=\"7f83964\" data-element_type=\"widget\" data-widget_type=\"text-editor.default\">\n\t\t\t\t<div class=\"elementor-widget-container\">\n\t\t\t\t\t\t\t\t<p>Envoyez-nous vos informations. Appelons-nous et prenons rendez-vous!<\/p>\t\t\t\t\t\t<\/div>\n\t\t\t\t<\/div>\n\t\t\t\t<section class=\"elementor-section elementor-inner-section elementor-element elementor-element-3b4ad17 elementor-section-boxed elementor-section-height-default elementor-section-height-default wd-section-disabled\" data-id=\"3b4ad17\" data-element_type=\"section\">\n\t\t\t\t\t\t<div class=\"elementor-container elementor-column-gap-default\">\n\t\t\t\t\t<div class=\"elementor-column elementor-col-33 elementor-inner-column elementor-element elementor-element-1297f45\" data-id=\"1297f45\" data-element_type=\"column\">\n\t\t\t<div class=\"elementor-widget-wrap\">\n\t\t\t\t\t\t\t\t\t<\/div>\n\t\t<\/div>\n\t\t\t\t<div class=\"elementor-column elementor-col-33 elementor-inner-column elementor-element elementor-element-ceaf1cb\" data-id=\"ceaf1cb\" data-element_type=\"column\">\n\t\t\t<div class=\"elementor-widget-wrap elementor-element-populated\">\n\t\t\t\t\t\t\t\t<div class=\"elementor-element elementor-element-bc5cfc8 color-scheme-inherit text-left elementor-widget elementor-widget-text-editor\" data-id=\"bc5cfc8\" data-element_type=\"widget\" data-widget_type=\"text-editor.default\">\n\t\t\t\t<div class=\"elementor-widget-container\">\n\t\t\t\t\t\t\t\t<div role=\"form\" class=\"wpcf7\" id=\"wpcf7-f9402-o1\" lang=\"en-US\" dir=\"ltr\">\n<div class=\"screen-reader-response\"><p role=\"status\" aria-live=\"polite\" aria-atomic=\"true\"><\/p> <ul><\/ul><\/div>\n<form action=\"\/fr\/wp-json\/wp\/v2\/pages\/11868#wpcf7-f9402-o1\" method=\"post\" class=\"wpcf7-form init\" novalidate=\"novalidate\" data-status=\"init\">\n<div style=\"display: none;\">\n<input type=\"hidden\" name=\"_wpcf7\" value=\"9402\" \/>\n<input type=\"hidden\" name=\"_wpcf7_version\" value=\"5.4.1\" \/>\n<input type=\"hidden\" name=\"_wpcf7_locale\" value=\"en_US\" \/>\n<input type=\"hidden\" name=\"_wpcf7_unit_tag\" value=\"wpcf7-f9402-o1\" \/>\n<input type=\"hidden\" name=\"_wpcf7_container_post\" value=\"0\" \/>\n<input type=\"hidden\" name=\"_wpcf7_posted_data_hash\" value=\"\" \/>\n<\/div>\n<div class=\"row\">\n<div class=\"col-lg\">\n<p><span class=\"wpcf7-form-control-wrap adi\"><input type=\"text\" name=\"adi\" value=\"\" size=\"40\" class=\"wpcf7-form-control wpcf7-text wpcf7-validates-as-required\" aria-required=\"true\" aria-invalid=\"false\" placeholder=\"Nom\" \/><\/span><\/p>\n<\/div>\n<div class=\"col-lg\">\n<p><span class=\"wpcf7-form-control-wrap telefon\"><input type=\"text\" name=\"telefon\" value=\"\" size=\"40\" class=\"wpcf7-form-control wpcf7-text wpcf7-validates-as-required\" aria-required=\"true\" aria-invalid=\"false\" placeholder=\"T\u00e9l\u00e9phone\" \/><\/span><\/p>\n<\/div>\n<div class=\"col-lg\">\n<p><span class=\"wpcf7-form-control-wrap mail\"><input type=\"text\" name=\"mail\" value=\"\" size=\"40\" class=\"wpcf7-form-control wpcf7-text\" aria-invalid=\"false\" placeholder=\"E-Mail\" \/><\/span><\/p>\n<\/div>\n<div class=\"col-lg-auto\">\n<p><input type=\"submit\" value=\"Soumettre le Formulaire\" class=\"wpcf7-form-control wpcf7-submit btn btn-color-primary\" \/><\/p>\n<\/div>\n<\/div>\n<div class=\"wpcf7-response-output\" aria-hidden=\"true\"><\/div><\/form><\/div>\t\t\t\t\t\t<\/div>\n\t\t\t\t<\/div>\n\t\t\t\t\t<\/div>\n\t\t<\/div>\n\t\t\t\t<div class=\"elementor-column elementor-col-33 elementor-inner-column elementor-element elementor-element-c44b51d\" data-id=\"c44b51d\" data-element_type=\"column\">\n\t\t\t<div class=\"elementor-widget-wrap\">\n\t\t\t\t\t\t\t\t\t<\/div>\n\t\t<\/div>\n\t\t\t\t\t\t\t<\/div>\n\t\t<\/section>\n\t\t\t\t\t<\/div>\n\t\t<\/div>\n\t\t\t\t\t\t\t<\/div>\n\t\t<\/section>\n\t\t\t\t<section class=\"elementor-section elementor-top-section elementor-element elementor-element-ca259a3 elementor-section-content-middle elementor-section-stretched elementor-section-boxed elementor-section-height-default elementor-section-height-default wd-section-disabled\" data-id=\"ca259a3\" data-element_type=\"section\" data-settings=\"{&quot;stretch_section&quot;:&quot;section-stretched&quot;,&quot;background_background&quot;:&quot;classic&quot;}\">\n\t\t\t\t\t\t<div class=\"elementor-container elementor-column-gap-extended\">\n\t\t\t\t\t<div class=\"elementor-column elementor-col-100 elementor-top-column elementor-element elementor-element-535ec85 color-scheme-dark\" data-id=\"535ec85\" data-element_type=\"column\">\n\t\t\t<div class=\"elementor-widget-wrap elementor-element-populated\">\n\t\t\t\t\t\t\t\t<div class=\"elementor-element elementor-element-8bd828f color-scheme-inherit text-left elementor-widget elementor-widget-text-editor\" data-id=\"8bd828f\" data-element_type=\"widget\" data-widget_type=\"text-editor.default\">\n\t\t\t\t<div class=\"elementor-widget-container\">\n\t\t\t\t\t\t\t\t<p>Les patients peuvent recevoir leur cong\u00e9 apr\u00e8s une chirurgie de lifting du bras. Il y aura un pansement protecteur sur les sutures pendant deux jours postop\u00e9ratoires. \u00c9tant donn\u00e9 que toutes les sutures restent sous la peau, il n\u2019est pas n\u00e9cessaire de les enlever. Au bout de deux jours, les patients peuvent facilement prendre un bain. Au cours des trois premi\u00e8res semaines postop\u00e9ratoires, les patients doivent \u00e9viter les mouvements excessifs du bras. Le plus gros probl\u00e8me \u00e0 rencontrer apr\u00e8s la chirurgie de lifting des bras sera les cicatrices chirurgicales laiss\u00e9es sur les bras. De telles cicatrices ne sont pas des cicatrices qui peuvent \u00eatre vues de face. Puisque les cicatrices seront sur les c\u00f4t\u00e9s int\u00e9rieurs des bras, elles ne seront vues que par le patient. Si ces cicatrices gu\u00e9rissent sans aucun probl\u00e8me, elles deviendront indistinctes apr\u00e8s six mois. Vous devrez porter un corset en continu pendant 4 semaines apr\u00e8s l\u2019op\u00e9ration de levage du bras. Le 5\u00e8me jour apr\u00e8s la chirurgie, le pansement sera chang\u00e9 pour la premi\u00e8re fois. Vous pouvez avoir une l\u00e9g\u00e8re somnolence, des ecchymoses et un \u0153d\u00e8me dans ce processus, mais ils dispara\u00eetront rapidement. Vous pouvez facilement retourner au travail dans la premi\u00e8re semaine postop\u00e9ratoire.<\/p><p>Parce que le processus de vieillissement se poursuivra apr\u00e8s la chirurgie de levage des bras, la peau se d\u00e9tachera dans une certaine mesure. Les gains et pertes de poids ult\u00e9rieurs acc\u00e9l\u00e9reront ce processus. Cependant, vos bras ne reviendront jamais \u00e0 leur \u00e9tat ant\u00e9rieur. Les patients doivent surveiller leur poids et faire de l\u2019exercice r\u00e9guli\u00e8rement apr\u00e8s la chirurgie, afin d\u2019\u00eatre en mesure de maintenir le r\u00e9sultat.<\/p>\t\t\t\t\t\t<\/div>\n\t\t\t\t<\/div>\n\t\t\t\t\t<\/div>\n\t\t<\/div>\n\t\t\t\t\t\t\t<\/div>\n\t\t<\/section>\n\t\t\t\t\t\t<\/div>\n\t\t\t\t\t<\/div>\n\t\t","protected":false},"excerpt":{"rendered":"<p>Lifting des Bras L\u2019affaissement de la partie arri\u00e8re et les c\u00f4t\u00e9s internes du bras apparaissent principalement avec les accumulations de<\/p>\n","protected":false},"author":1,"featured_media":0,"parent":0,"menu_order":0,"comment_status":"closed","ping_status":"closed","template":"","meta":{"footnotes":""},"class_list":["post-11868","page","type-page","status-publish","hentry"],"_links":{"self":[{"href":"https:\/\/mahmutnurikaratoprak.com\/fr\/wp-json\/wp\/v2\/pages\/11868","targetHints":{"allow":["GET"]}}],"collection":[{"href":"https:\/\/mahmutnurikaratoprak.com\/fr\/wp-json\/wp\/v2\/pages"}],"about":[{"href":"https:\/\/mahmutnurikaratoprak.com\/fr\/wp-json\/wp\/v2\/types\/page"}],"author":[{"embeddable":true,"href":"https:\/\/mahmutnurikaratoprak.com\/fr\/wp-json\/wp\/v2\/users\/1"}],"replies":[{"embeddable":true,"href":"https:\/\/mahmutnurikaratoprak.com\/fr\/wp-json\/wp\/v2\/comments?post=11868"}],"version-history":[{"count":11,"href":"https:\/\/mahmutnurikaratoprak.com\/fr\/wp-json\/wp\/v2\/pages\/11868\/revisions"}],"predecessor-version":[{"id":12426,"href":"https:\/\/mahmutnurikaratoprak.com\/fr\/wp-json\/wp\/v2\/pages\/11868\/revisions\/12426"}],"wp:attachment":[{"href":"https:\/\/mahmutnurikaratoprak.com\/fr\/wp-json\/wp\/v2\/media?parent=11868"}],"curies":[{"name":"wp","href":"https:\/\/api.w.org\/{rel}","templated":true}]}}