{"id":11869,"date":"2021-06-02T12:00:40","date_gmt":"2021-06-02T09:00:40","guid":{"rendered":"https:\/\/mahmutnurikaratoprak.com\/fr\/?page_id=11869"},"modified":"2021-07-27T12:44:41","modified_gmt":"2021-07-27T09:44:41","slug":"lifting-des-jambes","status":"publish","type":"page","link":"https:\/\/mahmutnurikaratoprak.com\/fr\/lifting-des-jambes","title":{"rendered":"Lifting des Jambes"},"content":{"rendered":"\t\t<div data-elementor-type=\"wp-page\" data-elementor-id=\"11869\" class=\"elementor elementor-11869\" data-elementor-settings=\"[]\">\n\t\t\t\t\t\t\t<div class=\"elementor-section-wrap\">\n\t\t\t\t\t\t\t<section class=\"elementor-section elementor-top-section elementor-element elementor-element-e9a5845 elementor-section-content-middle elementor-section-stretched elementor-section-boxed elementor-section-height-default elementor-section-height-default wd-section-disabled\" data-id=\"e9a5845\" data-element_type=\"section\" data-settings=\"{&quot;stretch_section&quot;:&quot;section-stretched&quot;,&quot;background_background&quot;:&quot;classic&quot;}\">\n\t\t\t\t\t\t<div class=\"elementor-container elementor-column-gap-extended\">\n\t\t\t\t\t<div class=\"elementor-column elementor-col-100 elementor-top-column elementor-element elementor-element-ece56e4 color-scheme-dark\" data-id=\"ece56e4\" data-element_type=\"column\">\n\t\t\t<div class=\"elementor-widget-wrap elementor-element-populated\">\n\t\t\t\t\t\t\t\t<div class=\"elementor-element elementor-element-99c18ce elementor-widget elementor-widget-wd_title\" data-id=\"99c18ce\" data-element_type=\"widget\" data-widget_type=\"wd_title.default\">\n\t\t\t\t<div class=\"elementor-widget-container\">\n\t\t\t\t\t<div class=\"title-wrapper woodmart-title-color-default woodmart-title-style-default woodmart-title-size-large text-left\">\n\n\t\t\t\n\t\t\t<div class=\"liner-continer\">\n\t\t\t\t<span class=\"left-line\"><\/span>\n\n\t\t\t\t<h4 class=\"woodmart-title-container title wd-underline-colored\">\n\t\t\t\t\tLifting des Jambes\t\t\t\t<\/h4>\n\n\t\t\t\t\n\t\t\t\t<span class=\"right-line\"><\/span>\n\t\t\t<\/div>\n\n\t\t\t\t\t<\/div>\n\t\t\t\t<\/div>\n\t\t\t\t<\/div>\n\t\t\t\t<div class=\"elementor-element elementor-element-0de72b9 elementor-widget elementor-widget-spacer\" data-id=\"0de72b9\" data-element_type=\"widget\" data-widget_type=\"spacer.default\">\n\t\t\t\t<div class=\"elementor-widget-container\">\n\t\t\t\t\t<div class=\"elementor-spacer\">\n\t\t\t<div class=\"elementor-spacer-inner\"><\/div>\n\t\t<\/div>\n\t\t\t\t<\/div>\n\t\t\t\t<\/div>\n\t\t\t\t<div class=\"elementor-element elementor-element-d2373de color-scheme-inherit text-left elementor-widget elementor-widget-text-editor\" data-id=\"d2373de\" data-element_type=\"widget\" data-widget_type=\"text-editor.default\">\n\t\t\t\t<div class=\"elementor-widget-container\">\n\t\t\t\t\t\t\t\t<h2><strong>Qu\u2019est-ce que le lifting des cuisses?<\/strong><\/h2>\nCette op\u00e9ration est effectu\u00e9e pour \u00e9liminer le probl\u00e8me de l\u2019affaissement prolong\u00e9 de la peau dans la r\u00e9gion de la cuisse du corps par l\u2019effet du gain de surpoids ou de l\u2019\u00e2ge avanc\u00e9.\n<h2><strong>Qu\u2019est-ce que c\u2019est fait?<\/strong><\/h2>\nCette op\u00e9ration est effectu\u00e9e pour r\u00e9soudre le probl\u00e8me du rel\u00e2chement et de l\u2019affaissement de la peau dans la r\u00e9gion de la cuisse du corps caus\u00e9 par un exc\u00e8s de gain de poids et une perte ou un vieillissement.\n<h2><strong>Qu\u2019est-ce que l\u2019affaissement de la cuisse? Pourquoi cela se produit-il?<\/strong><\/h2>\nLa peau perd son \u00e9lasticit\u00e9 avec le vieillissement ainsi que son \u00e9tanch\u00e9it\u00e9 avec un exc\u00e8s de gain et de perte de poids et le tissu adipeux sous-cutan\u00e9 s\u2019amininc, ce qui provoque une baisse de la peau des jambes, en particulier dans l\u2019int\u00e9rieur de la cuisse. Les plis de la peau qui tombent s\u2019accumulent g\u00e9n\u00e9ralement vers la mi-cuisse et parfois vers le genou.\n<h2><strong>Comment effectue-t-on le lifting des cuisses ?<\/strong><\/h2>\nLa chirurgie de levage de la cuisse \u00e9limine l\u2019exc\u00e8s de plis de la peau et l\u2019engraissement dans les c\u00f4t\u00e9s sup\u00e9rieurs et int\u00e9rieurs des jambes. Chez les patients minces pr\u00e9sentant un exc\u00e8s mineur de plis cutan\u00e9s, l\u2019exc\u00e8s de peau est enlev\u00e9 et la peau est \u00e9tir\u00e9e et sutur\u00e9e, laissant une cicatrice plate sur les c\u00f4t\u00e9s internes de l\u2019aine. Chez les patients pr\u00e9sentant un exc\u00e8s \u00e9lev\u00e9 de plis cutan\u00e9s et d\u2019engraissement, il est appliqu\u00e9 avec la m\u00e9thode de liposuccion.\n<h3><strong> Combien de temps dure l\u2019op\u00e9ration de levage de la cuisse?<\/strong><\/h3>\nIl varie en fonction de l\u2019\u00e9tat corporel du patient. La chirurgie du lifting de la cuisse prend habituellement environ 2-3 heures.\n<h3><strong>Est-ce que le soul\u00e8vement de la cuisse est une proc\u00e9dure douloureuse?<\/strong><\/h3>\nLa chirurgie de levage de cuisse n\u2019entra\u00eene pas de douleurs intenses. Tous les maux et douleurs dans les premiers jours peuvent \u00eatre r\u00e9solus avec de simples analg\u00e9siques.\n<h3><strong>Type d\u2019anesth\u00e9sie<\/strong><\/h3>\nLa chirurgie de levage de la cuisse est effectu\u00e9e sous anesth\u00e9sie g\u00e9n\u00e9rale.\t\t\t\t\t\t<\/div>\n\t\t\t\t<\/div>\n\t\t\t\t\t<\/div>\n\t\t<\/div>\n\t\t\t\t\t\t\t<\/div>\n\t\t<\/section>\n\t\t\t\t<section class=\"elementor-section elementor-top-section elementor-element elementor-element-98a31cc elementor-section-stretched elementor-section-boxed elementor-section-height-default elementor-section-height-default wd-section-disabled\" data-id=\"98a31cc\" data-element_type=\"section\" data-settings=\"{&quot;stretch_section&quot;:&quot;section-stretched&quot;,&quot;background_background&quot;:&quot;classic&quot;}\">\n\t\t\t\t\t\t<div class=\"elementor-container elementor-column-gap-default\">\n\t\t\t\t\t<div class=\"elementor-column elementor-col-50 elementor-top-column elementor-element elementor-element-a5ecceb color-scheme-dark\" data-id=\"a5ecceb\" data-element_type=\"column\">\n\t\t\t<div class=\"elementor-widget-wrap elementor-element-populated\">\n\t\t\t\t\t\t\t\t<div class=\"elementor-element elementor-element-a5a0bb3 color-scheme-inherit text-left elementor-widget elementor-widget-text-editor\" data-id=\"a5a0bb3\" data-element_type=\"widget\" data-widget_type=\"text-editor.default\">\n\t\t\t\t<div class=\"elementor-widget-container\">\n\t\t\t\t\t\t\t\t<h2><strong>Avant la chirurgie du lifting de la cuisse<\/strong><\/h2><h3><strong>Qui peut subir une chirurgie du lifting de la cuisse?<\/strong><\/h3><p>Toute personne qui a un laxisme mod\u00e9r\u00e9 \u00e0 s\u00e9v\u00e8re, un rel\u00e2chement et un exc\u00e8s de peau dans la peau des jambes peut subir une chirurgie du lifting des cuisses.<\/p><p>Dans le groupe de patients qui ont \u00e9t\u00e9 trait\u00e9s pour l\u2019ob\u00e9sit\u00e9, le diam\u00e8tre de cuisse diminue avec l\u2019augmentation de la perte de poids et la diminution du tissu adipeux et, par cons\u00e9quent, le rel\u00e2chement de la peau ne peut pas r\u00e9cup\u00e9rer et s\u2019affaisse ad\u00e9quatement.<\/p><h3><strong>S\u00e9lection du <\/strong><\/h3><p>Les op\u00e9rations de levage de la cuisse sont effectu\u00e9es par des chirurgiens esth\u00e9tiques et plasticiens.<\/p><h3><strong>T \u00e0 consid\u00e9rer avant la chirurgie<\/strong><\/h3><p>Il n\u2019y a pas de pr\u00e9paration sp\u00e9ciale pour cette chirurgie. Comme pour toute op\u00e9ration, arr\u00eatez de fumer et de prendre de l\u2019alcool et arr\u00eatez de prendre des anticoagulants au moins 1 semaine avant la chirurgie.<\/p><p>Si vous d\u00e9veloppez un rhume ou une autre infection, il peut \u00eatre n\u00e9cessaire de reporter l\u2019op\u00e9ration.<\/p><h2><strong>Apr\u00e8s un lifting de la cuisse<\/strong><\/h2><h3><strong> \u00c0 consid\u00e9rer apr\u00e8s la chirurgie<\/strong><\/h3><p>Vous pouvez commencer \u00e0 faire une promenade 1 semaine apr\u00e8s la chirurgie, mais \u00e9vitez les sports intenses et les activit\u00e9s physiques pendant 4 semaines.<\/p><p>Il est conseill\u00e9 d\u2019\u00e9viter de fumer pour une r\u00e9cup\u00e9ration rapide.<\/p>\t\t\t\t\t\t<\/div>\n\t\t\t\t<\/div>\n\t\t\t\t\t<\/div>\n\t\t<\/div>\n\t\t\t\t<div class=\"elementor-column elementor-col-50 elementor-top-column elementor-element elementor-element-d8af63b\" data-id=\"d8af63b\" data-element_type=\"column\">\n\t\t\t<div class=\"elementor-widget-wrap elementor-element-populated\">\n\t\t\t\t\t\t\t\t<div class=\"elementor-element elementor-element-9b3fe7c elementor-widget elementor-widget-image\" data-id=\"9b3fe7c\" data-element_type=\"widget\" data-widget_type=\"image.default\">\n\t\t\t\t<div class=\"elementor-widget-container\">\n\t\t\t\t\t\t\t\t\t\t\t\t\t\t\t<img loading=\"lazy\" decoding=\"async\" width=\"795\" height=\"875\" src=\"https:\/\/mahmutnurikaratoprak.com\/fr\/wp-content\/uploads\/2021\/06\/ll5.png\" class=\"attachment-full size-full\" alt=\"\" srcset=\"https:\/\/mahmutnurikaratoprak.com\/fr\/wp-content\/uploads\/2021\/06\/ll5.png 795w, https:\/\/mahmutnurikaratoprak.com\/fr\/wp-content\/uploads\/2021\/06\/ll5-273x300.png 273w, https:\/\/mahmutnurikaratoprak.com\/fr\/wp-content\/uploads\/2021\/06\/ll5-768x845.png 768w\" sizes=\"auto, (max-width: 795px) 100vw, 795px\" \/>\t\t\t\t\t\t\t\t\t\t\t\t\t\t\t<\/div>\n\t\t\t\t<\/div>\n\t\t\t\t\t<\/div>\n\t\t<\/div>\n\t\t\t\t\t\t\t<\/div>\n\t\t<\/section>\n\t\t\t\t<section class=\"elementor-section elementor-top-section elementor-element elementor-element-7978624 elementor-section-content-middle elementor-section-stretched elementor-section-boxed elementor-section-height-default elementor-section-height-default wd-section-disabled\" data-id=\"7978624\" data-element_type=\"section\" data-settings=\"{&quot;stretch_section&quot;:&quot;section-stretched&quot;,&quot;background_background&quot;:&quot;classic&quot;}\">\n\t\t\t\t\t\t<div class=\"elementor-container elementor-column-gap-extended\">\n\t\t\t\t\t<div class=\"elementor-column elementor-col-100 elementor-top-column elementor-element elementor-element-786180 color-scheme-dark\" data-id=\"786180\" data-element_type=\"column\">\n\t\t\t<div class=\"elementor-widget-wrap elementor-element-populated\">\n\t\t\t\t\t\t\t\t<div class=\"elementor-element elementor-element-0de5e50 elementor-widget elementor-widget-wd_title\" data-id=\"0de5e50\" data-element_type=\"widget\" data-widget_type=\"wd_title.default\">\n\t\t\t\t<div class=\"elementor-widget-container\">\n\t\t\t\t\t<div class=\"title-wrapper woodmart-title-color-default woodmart-title-style-default woodmart-title-size-large text-center\">\n\n\t\t\t\n\t\t\t<div class=\"liner-continer\">\n\t\t\t\t<span class=\"left-line\"><\/span>\n\n\t\t\t\t<h4 class=\"woodmart-title-container title wd-underline-colored\">\n\t\t\t\t\tDemander un Rendez-Vous\t\t\t\t<\/h4>\n\n\t\t\t\t\n\t\t\t\t<span class=\"right-line\"><\/span>\n\t\t\t<\/div>\n\n\t\t\t\t\t<\/div>\n\t\t\t\t<\/div>\n\t\t\t\t<\/div>\n\t\t\t\t<div class=\"elementor-element elementor-element-7f83964 color-scheme-inherit text-left elementor-widget elementor-widget-text-editor\" data-id=\"7f83964\" data-element_type=\"widget\" data-widget_type=\"text-editor.default\">\n\t\t\t\t<div class=\"elementor-widget-container\">\n\t\t\t\t\t\t\t\t<p>Envoyez-nous vos informations. Appelons-nous et prenons rendez-vous!<\/p>\t\t\t\t\t\t<\/div>\n\t\t\t\t<\/div>\n\t\t\t\t<section class=\"elementor-section elementor-inner-section elementor-element elementor-element-3b4ad17 elementor-section-boxed elementor-section-height-default elementor-section-height-default wd-section-disabled\" data-id=\"3b4ad17\" data-element_type=\"section\">\n\t\t\t\t\t\t<div class=\"elementor-container elementor-column-gap-default\">\n\t\t\t\t\t<div class=\"elementor-column elementor-col-33 elementor-inner-column elementor-element elementor-element-1297f45\" data-id=\"1297f45\" data-element_type=\"column\">\n\t\t\t<div class=\"elementor-widget-wrap\">\n\t\t\t\t\t\t\t\t\t<\/div>\n\t\t<\/div>\n\t\t\t\t<div class=\"elementor-column elementor-col-33 elementor-inner-column elementor-element elementor-element-ceaf1cb\" data-id=\"ceaf1cb\" data-element_type=\"column\">\n\t\t\t<div class=\"elementor-widget-wrap elementor-element-populated\">\n\t\t\t\t\t\t\t\t<div class=\"elementor-element elementor-element-bc5cfc8 color-scheme-inherit text-left elementor-widget elementor-widget-text-editor\" data-id=\"bc5cfc8\" data-element_type=\"widget\" data-widget_type=\"text-editor.default\">\n\t\t\t\t<div class=\"elementor-widget-container\">\n\t\t\t\t\t\t\t\t<div role=\"form\" class=\"wpcf7\" id=\"wpcf7-f9402-o1\" lang=\"en-US\" dir=\"ltr\">\n<div class=\"screen-reader-response\"><p role=\"status\" aria-live=\"polite\" aria-atomic=\"true\"><\/p> <ul><\/ul><\/div>\n<form action=\"\/fr\/wp-json\/wp\/v2\/pages\/11869#wpcf7-f9402-o1\" method=\"post\" class=\"wpcf7-form init\" novalidate=\"novalidate\" data-status=\"init\">\n<div style=\"display: none;\">\n<input type=\"hidden\" name=\"_wpcf7\" value=\"9402\" \/>\n<input type=\"hidden\" name=\"_wpcf7_version\" value=\"5.4.1\" \/>\n<input type=\"hidden\" name=\"_wpcf7_locale\" value=\"en_US\" \/>\n<input type=\"hidden\" name=\"_wpcf7_unit_tag\" value=\"wpcf7-f9402-o1\" \/>\n<input type=\"hidden\" name=\"_wpcf7_container_post\" value=\"0\" \/>\n<input type=\"hidden\" name=\"_wpcf7_posted_data_hash\" value=\"\" \/>\n<\/div>\n<div class=\"row\">\n<div class=\"col-lg\">\n<p><span class=\"wpcf7-form-control-wrap adi\"><input type=\"text\" name=\"adi\" value=\"\" size=\"40\" class=\"wpcf7-form-control wpcf7-text wpcf7-validates-as-required\" aria-required=\"true\" aria-invalid=\"false\" placeholder=\"Nom\" \/><\/span><\/p>\n<\/div>\n<div class=\"col-lg\">\n<p><span class=\"wpcf7-form-control-wrap telefon\"><input type=\"text\" name=\"telefon\" value=\"\" size=\"40\" class=\"wpcf7-form-control wpcf7-text wpcf7-validates-as-required\" aria-required=\"true\" aria-invalid=\"false\" placeholder=\"T\u00e9l\u00e9phone\" \/><\/span><\/p>\n<\/div>\n<div class=\"col-lg\">\n<p><span class=\"wpcf7-form-control-wrap mail\"><input type=\"text\" name=\"mail\" value=\"\" size=\"40\" class=\"wpcf7-form-control wpcf7-text\" aria-invalid=\"false\" placeholder=\"E-Mail\" \/><\/span><\/p>\n<\/div>\n<div class=\"col-lg-auto\">\n<p><input type=\"submit\" value=\"Soumettre le Formulaire\" class=\"wpcf7-form-control wpcf7-submit btn btn-color-primary\" \/><\/p>\n<\/div>\n<\/div>\n<div class=\"wpcf7-response-output\" aria-hidden=\"true\"><\/div><\/form><\/div>\t\t\t\t\t\t<\/div>\n\t\t\t\t<\/div>\n\t\t\t\t\t<\/div>\n\t\t<\/div>\n\t\t\t\t<div class=\"elementor-column elementor-col-33 elementor-inner-column elementor-element elementor-element-c44b51d\" data-id=\"c44b51d\" data-element_type=\"column\">\n\t\t\t<div class=\"elementor-widget-wrap\">\n\t\t\t\t\t\t\t\t\t<\/div>\n\t\t<\/div>\n\t\t\t\t\t\t\t<\/div>\n\t\t<\/section>\n\t\t\t\t\t<\/div>\n\t\t<\/div>\n\t\t\t\t\t\t\t<\/div>\n\t\t<\/section>\n\t\t\t\t<section class=\"elementor-section elementor-top-section elementor-element elementor-element-ca259a3 elementor-section-content-middle elementor-section-stretched elementor-section-boxed elementor-section-height-default elementor-section-height-default wd-section-disabled\" data-id=\"ca259a3\" data-element_type=\"section\" data-settings=\"{&quot;stretch_section&quot;:&quot;section-stretched&quot;,&quot;background_background&quot;:&quot;classic&quot;}\">\n\t\t\t\t\t\t<div class=\"elementor-container elementor-column-gap-extended\">\n\t\t\t\t\t<div class=\"elementor-column elementor-col-100 elementor-top-column elementor-element elementor-element-535ec85 color-scheme-dark\" data-id=\"535ec85\" data-element_type=\"column\">\n\t\t\t<div class=\"elementor-widget-wrap elementor-element-populated\">\n\t\t\t\t\t\t\t\t<div class=\"elementor-element elementor-element-8bd828f color-scheme-inherit text-left elementor-widget elementor-widget-text-editor\" data-id=\"8bd828f\" data-element_type=\"widget\" data-widget_type=\"text-editor.default\">\n\t\t\t\t<div class=\"elementor-widget-container\">\n\t\t\t\t\t\t\t\t<h3><strong>Recovery Process<\/strong><\/h3>\n&#8211; Vous n\u2019aurez pas de douleurs intenses apr\u00e8s la chirurgie. Vous pourriez avoir des douleurs l\u00e9g\u00e8res, qui peuvent \u00eatre contr\u00f4l\u00e9es avec des analg\u00e9siques.\n\n&#8211; Vous pouvez vous lever le jour m\u00eame et il vous suffit de passer la nuit \u00e0 l\u2019h\u00f4pital.\n\n&#8211; Vous pouvez prendre un bain le jour 2 ou 3 apr\u00e8s la chirurgie.\n\n&#8211; Apr\u00e8s avoir subi une chirurgie du lifting de la cuisse, vous pourriez avoir de l\u00e9g\u00e8res ecchymoses et un gonflement de la surface interne de vos jambes, qui devraient dispara\u00eetre compl\u00e8tement apr\u00e8s environ plusieurs semaines.\n\n&#8211; Vous pouvez reprendre le travail apr\u00e8s environ une semaine apr\u00e8s la chirurgie.\n<h2><strong>Prix de l\u2019op\u00e9ration de levage de cuisse<\/strong><\/h2>\nLa politique de prix de l\u2019op\u00e9ration de levage de cuisse varie en fonction de l\u2019\u00e9tat de la r\u00e9gion \u00e0 faire fonctionner et des m\u00e9thodes choisies lors de la planification de l\u2019op\u00e9ration.\n<h2><strong>Quels sont les risques li\u00e9s au levage des cuisses?<\/strong><\/h2>\nApr\u00e8s toutes les op\u00e9rations chirurgicales, il peut y avoir des risques, y compris des saignements et une r\u00e9cup\u00e9ration tardive, bien que tr\u00e8s rares. Gr\u00e2ce \u00e0 l\u2019avancement des techniques m\u00e9dicales, les risques potentiels de chirurgie du lifting de la cuisse ont \u00e9t\u00e9 minimis\u00e9s.\n<h2><strong>Questions fr\u00e9quemment pos\u00e9es sur le lifting des cuisses<\/strong><\/h2>\n<h3><strong>Le liposhaping n\u2019est-il pas suffisant pour remodeler la r\u00e9gion de l\u2019int\u00e9rieur de la cuisse?<\/strong><\/h3>\nLiposhaping signifie remodelage par l\u2019\u00e9limination des graisses et l\u2019administration de graisse. Il ne suffira pas \u00e0 lui seul d\u2019am\u00e9liorer la peau qui a perdu son \u00e9lasticit\u00e9 et s\u2019est affaiss\u00e9e.\t\t\t\t\t\t<\/div>\n\t\t\t\t<\/div>\n\t\t\t\t\t<\/div>\n\t\t<\/div>\n\t\t\t\t\t\t\t<\/div>\n\t\t<\/section>\n\t\t\t\t<section class=\"elementor-section elementor-top-section elementor-element elementor-element-1ee516b elementor-section-content-middle elementor-section-stretched elementor-section-boxed elementor-section-height-default elementor-section-height-default wd-section-disabled\" data-id=\"1ee516b\" data-element_type=\"section\" data-settings=\"{&quot;stretch_section&quot;:&quot;section-stretched&quot;,&quot;background_background&quot;:&quot;classic&quot;}\">\n\t\t\t\t\t\t<div class=\"elementor-container elementor-column-gap-extended\">\n\t\t\t\t\t<div class=\"elementor-column elementor-col-100 elementor-top-column elementor-element elementor-element-c894971 color-scheme-dark\" data-id=\"c894971\" data-element_type=\"column\">\n\t\t\t<div class=\"elementor-widget-wrap elementor-element-populated\">\n\t\t\t\t\t\t\t\t<div class=\"elementor-element elementor-element-826c68a color-scheme-inherit text-left elementor-widget elementor-widget-text-editor\" data-id=\"826c68a\" data-element_type=\"widget\" data-widget_type=\"text-editor.default\">\n\t\t\t\t<div class=\"elementor-widget-container\">\n\t\t\t\t\t\t\t\t<h3><strong>Peut-on effectuer une liposuccion avec cette chirurgie?<\/strong><\/h3>\nDans le cas de patients pr\u00e9sentant une quantit\u00e9 \u00e9lev\u00e9e de graisse dans la r\u00e9gion de la cuisse, l\u2019op\u00e9ration peut \u00eatre planifi\u00e9e sous la forme de deux s\u00e9ances individuelles. Tout d\u2019abord, l\u2019exc\u00e8s de graisse est \u00e9limin\u00e9 par liposuccion, puis la peau affaiss\u00e9e est remodel\u00e9e par la chirurgie de levage de la cuisse, d\u2019o\u00f9 l\u2019op\u00e9ration est termin\u00e9e.\n<h3><strong>La cicatrice reste-t-il apr\u00e8s la chirurgie du lifting de la cuisse?<\/strong><\/h3>\nLes marques de suture sont cach\u00e9es dans les plis du corps, comme l\u2019aine, de sorte qu\u2019elles restent sous les sous-v\u00eatements. Ces marques s\u2019estompent avec le temps et deviennent visibles.\n<h3><strong> N\u2019est-il pas possible d\u2019emp\u00eacher l\u2019affaissement des cuisses \u00e0 l\u2019aide de m\u00e9dicaments et de cr\u00e8mes?<\/strong><\/h3>\nUne certaine quantit\u00e9 de serrage peut \u00eatre obtenue avec des cr\u00e8mes ou des m\u00e9dicaments sp\u00e9ciaux, mais ils ne peuvent pas enti\u00e8rement r\u00e9soudre l\u2019affaissement.\n<h3><strong>Op\u00e9rateur de cuisse donne-t-il des r\u00e9sultats permanents?<\/strong><\/h3>\nLes r\u00e9sultats de la chirurgie de l\u2019\u00e9tirement de la cuisse sont permanents, sauf dans les cas suivants:\n\nSi vous continuez \u00e0 perdre du poids, des poches affaiss\u00e9e sur la peau continueront de se former.\n\nSi vous \u00eates susceptible de gagner et de perdre du poids rapidement, la peau d\u00e9j\u00e0 amincie sera expos\u00e9e \u00e0 plus d\u2019\u00e9tirements et, par cons\u00e9quent, les vergetures de la peau et les grandes cicatrices deviendront visibles\n<h3><strong> Y a-t-il une limite d\u2019\u00e2ge pour cette op\u00e9ration ?<\/strong><\/h3>\nLes adultes de tous \u00e2ges sans aucune condition m\u00e9dicale risqu\u00e9e dont la perte de poids est devenue stable et qui a des attentes r\u00e9alistes de l\u2019op\u00e9ration de remodelage du corps peuvent avoir cette op\u00e9ration.\n<h3><strong>Puis-je faire du sport apr\u00e8s une chirurgie?<\/strong><\/h3>\nEnviron un mois apr\u00e8s la chirurgie, vous pouvez commencer \u00e0 faire du sport.\n<h3><strong> La jambe s\u2019affale-t-elle \u00e0 nouveau apr\u00e8s la chirurgie?<\/strong><\/h3>\nSi vous gagnez et perdez un poids excessif et que vous n\u2019adoptez pas un mode de vie sain, vous risquez d\u2019avoir \u00e0 nouveau un affaissement de la peau des jambes.\n<h3><strong>Quand puis-je reprendre le travail apr\u00e8s une intervention chirurgicale?<\/strong><\/h3>\nVous pouvez reprendre le travail une semaine apr\u00e8s la chirurgie.\n<h3><strong>Puis-je avoir un lifting de la cuisse sans chirurgie?<\/strong><\/h3>\nIl n\u2019est pas possible d\u2019avoir un lifting permanent de la cuisse sans chirurgie.\n\nIl existe de nombreux appareils ou produits sur le march\u00e9 affirmant qu\u2019ils peuvent le faire. Cependant, quelques-uns d\u2019entre eux peuvent \u00eatre d\u2019une certaine utilit\u00e9 uniquement chez les personnes ayant un laxisme tr\u00e8s doux et aucune histoire de gain de poids excessif et la perte.\t\t\t\t\t\t<\/div>\n\t\t\t\t<\/div>\n\t\t\t\t\t<\/div>\n\t\t<\/div>\n\t\t\t\t\t\t\t<\/div>\n\t\t<\/section>\n\t\t\t\t\t\t<\/div>\n\t\t\t\t\t<\/div>\n\t\t","protected":false},"excerpt":{"rendered":"<p>Lifting des Jambes Qu\u2019est-ce que le lifting des cuisses? Cette op\u00e9ration est effectu\u00e9e pour \u00e9liminer le probl\u00e8me de l\u2019affaissement prolong\u00e9<\/p>\n","protected":false},"author":1,"featured_media":0,"parent":0,"menu_order":0,"comment_status":"closed","ping_status":"closed","template":"","meta":{"footnotes":""},"class_list":["post-11869","page","type-page","status-publish","hentry"],"_links":{"self":[{"href":"https:\/\/mahmutnurikaratoprak.com\/fr\/wp-json\/wp\/v2\/pages\/11869","targetHints":{"allow":["GET"]}}],"collection":[{"href":"https:\/\/mahmutnurikaratoprak.com\/fr\/wp-json\/wp\/v2\/pages"}],"about":[{"href":"https:\/\/mahmutnurikaratoprak.com\/fr\/wp-json\/wp\/v2\/types\/page"}],"author":[{"embeddable":true,"href":"https:\/\/mahmutnurikaratoprak.com\/fr\/wp-json\/wp\/v2\/users\/1"}],"replies":[{"embeddable":true,"href":"https:\/\/mahmutnurikaratoprak.com\/fr\/wp-json\/wp\/v2\/comments?post=11869"}],"version-history":[{"count":14,"href":"https:\/\/mahmutnurikaratoprak.com\/fr\/wp-json\/wp\/v2\/pages\/11869\/revisions"}],"predecessor-version":[{"id":12430,"href":"https:\/\/mahmutnurikaratoprak.com\/fr\/wp-json\/wp\/v2\/pages\/11869\/revisions\/12430"}],"wp:attachment":[{"href":"https:\/\/mahmutnurikaratoprak.com\/fr\/wp-json\/wp\/v2\/media?parent=11869"}],"curies":[{"name":"wp","href":"https:\/\/api.w.org\/{rel}","templated":true}]}}