{"id":850,"date":"2017-07-13T07:19:33","date_gmt":"2017-07-13T07:19:33","guid":{"rendered":"http:\/\/dummy.xtemos.com\/woodmart-elementor\/demos\/?page_id=850"},"modified":"2021-08-23T14:34:00","modified_gmt":"2021-08-23T11:34:00","slug":"dr-mahmut-nuri-karatoprak","status":"publish","type":"page","link":"https:\/\/mahmutnurikaratoprak.com\/fr\/dr-mahmut-nuri-karatoprak","title":{"rendered":"Dr. Mahmut Nuri Karatoprak"},"content":{"rendered":"\t\t<div data-elementor-type=\"wp-page\" data-elementor-id=\"850\" class=\"elementor elementor-850\" data-elementor-settings=\"[]\">\n\t\t\t\t\t\t\t<div class=\"elementor-section-wrap\">\n\t\t\t\t\t\t\t<section class=\"elementor-section elementor-top-section elementor-element elementor-element-02cf08b elementor-section-content-middle elementor-section-boxed elementor-section-height-default elementor-section-height-default wd-section-disabled\" data-id=\"02cf08b\" data-element_type=\"section\" data-settings=\"{&quot;background_background&quot;:&quot;classic&quot;}\">\n\t\t\t\t\t\t<div class=\"elementor-container elementor-column-gap-default\">\n\t\t\t\t\t<div class=\"elementor-column elementor-col-50 elementor-top-column elementor-element elementor-element-4aad5fc\" data-id=\"4aad5fc\" data-element_type=\"column\">\n\t\t\t<div class=\"elementor-widget-wrap elementor-element-populated\">\n\t\t\t\t\t\t\t\t<div class=\"elementor-element elementor-element-07281e9 color-scheme-inherit text-left elementor-widget elementor-widget-text-editor\" data-id=\"07281e9\" data-element_type=\"widget\" data-widget_type=\"text-editor.default\">\n\t\t\t\t<div class=\"elementor-widget-container\">\n\t\t\t\t\t\t\t\t<img loading=\"lazy\" decoding=\"async\" class=\"alignnone size-full wp-image-10857\" src=\"https:\/\/mahmutnurikaratoprak.com\/wp-content\/uploads\/2021\/06\/about-me-1.jpg\" alt=\"\" width=\"951\" height=\"797\" \/>\t\t\t\t\t\t<\/div>\n\t\t\t\t<\/div>\n\t\t\t\t\t<\/div>\n\t\t<\/div>\n\t\t\t\t<div class=\"elementor-column elementor-col-50 elementor-top-column elementor-element elementor-element-eafbe34 wd-elementor-sticky-column wd_sticky_offset_150\" data-id=\"eafbe34\" data-element_type=\"column\">\n\t\t\t<div class=\"elementor-widget-wrap elementor-element-populated\">\n\t\t\t\t\t\t\t\t<div class=\"elementor-element elementor-element-b0ae9eb elementor-widget elementor-widget-wd_title\" data-id=\"b0ae9eb\" data-element_type=\"widget\" data-widget_type=\"wd_title.default\">\n\t\t\t\t<div class=\"elementor-widget-container\">\n\t\t\t\t\t<div class=\"title-wrapper woodmart-title-color-default woodmart-title-style-default woodmart-title-size-extra-large text-left\">\n\n\t\t\t\n\t\t\t<div class=\"liner-continer\">\n\t\t\t\t<span class=\"left-line\"><\/span>\n\n\t\t\t\t<h4 class=\"woodmart-title-container title\">\n\t\t\t\t\t\u00c0 propos de moi\t\t\t\t<\/h4>\n\n\t\t\t\t\n\t\t\t\t<span class=\"right-line\"><\/span>\n\t\t\t<\/div>\n\n\t\t\t\t\t<\/div>\n\t\t\t\t<\/div>\n\t\t\t\t<\/div>\n\t\t\t\t<div class=\"elementor-element elementor-element-2f27eee color-scheme-dark text-left elementor-widget elementor-widget-text-editor\" data-id=\"2f27eee\" data-element_type=\"widget\" data-widget_type=\"text-editor.default\">\n\t\t\t\t<div class=\"elementor-widget-container\">\n\t\t\t\t\t\t\t\t<p>Il est n\u00e9 en 1978 en Turquie. Il est dipl\u00f4m\u00e9 de la facult\u00e9 de m\u00e9decine de l\u2019Universit\u00e9 de \u00c7ukurova en 2003. Il a obtenu un doctorat en op\u00e9rateur entre 2005 et 2011 de la facult\u00e9 de m\u00e9decine de l\u2019Universit\u00e9 gaziantep.<\/p><p>Il a travaill\u00e9 comme m\u00e9decin dans diverses provinces du pays depuis 2003. Entre 2003 et 2005, il a travaill\u00e9 comme m\u00e9decin g\u00e9n\u00e9raliste \u00e0 <strong>80. H\u00f4pital d\u2019\u00c9tat de Y\u0131l Pozant\u0131.<\/strong>\u00a0Entre 2011 et 2013, il a travaill\u00e9 comme sp\u00e9cialiste en chirurgie plastique, reconstructive et esth\u00e9tique \u00e0 l\u2019h\u00f4pital d\u2019\u00c9tat <strong>Bilecik.<\/strong>\u00a0Entre 2013 et 2011, il a travaill\u00e9 comme sp\u00e9cialiste en chirurgie plastique, reconstructive et esth\u00e9tique \u00e0 l\u2019h\u00f4pital d\u2019\u00c9tat <strong>Boz\u00fcy\u00fck.<\/strong>\u00a0Entre 2013 et 2015, il a travaill\u00e9 comme sp\u00e9cialiste en chirurgie plastique, reconstructive et esth\u00e9tique \u00e0 l\u2019h\u00f4pital d\u2019\u00c9tat <strong>Izmit Seka.<\/strong>\u00a0Entre 2015 et 2016, il a travaill\u00e9 comme sp\u00e9cialiste en chirurgie plastique, reconstructive et esth\u00e9tique au sein du groupe hospitalier <strong>Private Safa.<\/strong>\u00a0Entre 2016 et 2017, il a travaill\u00e9 comme m\u00e9decin ex\u00e9cutif \u00e0 la clinique priv\u00e9e <strong>Mahmut Nuri KARATOPRAK.<\/strong> En 2017-2019, il a travaill\u00e9 comme sp\u00e9cialiste en chirurgie plastique, reconstructive et esth\u00e9tique chez <strong>Atlas Universit\u00e9 Medicine H\u00f4pital G\u00fcne\u015fli Istanbul<\/strong><strong>.<\/strong>\u00a0Depuis 2019, il effectue des op\u00e9rations de chirurgie plastique, reconstructive et esth\u00e9tique \u00e0<strong> l\u2019h\u00f4pital \u0130S\u00dc Medical Park Gaziosmanpa\u015fa<\/strong> au sein de la clinique priv\u00e9e <strong>europ\u00e9enne.<\/strong><\/p>\t\t\t\t\t\t<\/div>\n\t\t\t\t<\/div>\n\t\t\t\t\t<\/div>\n\t\t<\/div>\n\t\t\t\t\t\t\t<\/div>\n\t\t<\/section>\n\t\t\t\t<section class=\"elementor-section elementor-top-section elementor-element elementor-element-8d825d9 elementor-section-content-middle elementor-section-stretched elementor-section-boxed elementor-section-height-default elementor-section-height-default wd-section-disabled\" data-id=\"8d825d9\" data-element_type=\"section\" data-settings=\"{&quot;stretch_section&quot;:&quot;section-stretched&quot;,&quot;background_background&quot;:&quot;classic&quot;}\">\n\t\t\t\t\t\t<div class=\"elementor-container elementor-column-gap-default\">\n\t\t\t\t\t<div class=\"elementor-column elementor-col-100 elementor-top-column elementor-element elementor-element-9d8c806 wd-elementor-sticky-column wd_sticky_offset_150\" data-id=\"9d8c806\" data-element_type=\"column\">\n\t\t\t<div class=\"elementor-widget-wrap elementor-element-populated\">\n\t\t\t\t\t\t\t\t<div class=\"elementor-element elementor-element-44fec8f elementor-widget elementor-widget-wd_title\" data-id=\"44fec8f\" data-element_type=\"widget\" data-widget_type=\"wd_title.default\">\n\t\t\t\t<div class=\"elementor-widget-container\">\n\t\t\t\t\t<div class=\"title-wrapper woodmart-title-color-default woodmart-title-style-default woodmart-title-size-extra-large text-left\">\n\n\t\t\t\n\t\t\t<div class=\"liner-continer\">\n\t\t\t\t<span class=\"left-line\"><\/span>\n\n\t\t\t\t<h4 class=\"woodmart-title-container title\">\n\t\t\t\t\tUsine\t\t\t\t<\/h4>\n\n\t\t\t\t\n\t\t\t\t<span class=\"right-line\"><\/span>\n\t\t\t<\/div>\n\n\t\t\t\t\t<\/div>\n\t\t\t\t<\/div>\n\t\t\t\t<\/div>\n\t\t\t\t<div class=\"elementor-element elementor-element-592f73c color-scheme-dark text-left elementor-widget elementor-widget-text-editor\" data-id=\"592f73c\" data-element_type=\"widget\" data-widget_type=\"text-editor.default\">\n\t\t\t\t<div class=\"elementor-widget-container\">\n\t\t\t\t\t\t\t\t<p><em>Research and Publications:<\/em><\/p><p><strong>Domestic Publications<\/strong><\/p><p>1- T\u00fcrkmen A., Berbero\u011flu \u00d6., Karatoprak M.N., Bekerecio\u011flu M., Mutaf M. (2011) Lower lip cancers: a 10-year retrospective review, Gaziantep Medical Journal, 17 (2): 73-76<\/p>\t\t\t\t\t\t<\/div>\n\t\t\t\t<\/div>\n\t\t\t\t\t<\/div>\n\t\t<\/div>\n\t\t\t\t\t\t\t<\/div>\n\t\t<\/section>\n\t\t\t\t<section class=\"elementor-section elementor-top-section elementor-element elementor-element-bbbb519 elementor-section-content-middle elementor-section-stretched elementor-section-boxed elementor-section-height-default elementor-section-height-default wd-section-disabled\" data-id=\"bbbb519\" data-element_type=\"section\" data-settings=\"{&quot;stretch_section&quot;:&quot;section-stretched&quot;,&quot;background_background&quot;:&quot;classic&quot;}\">\n\t\t\t\t\t\t<div class=\"elementor-container elementor-column-gap-default\">\n\t\t\t\t\t<div class=\"elementor-column elementor-col-100 elementor-top-column elementor-element elementor-element-ca79029 wd-elementor-sticky-column wd_sticky_offset_150\" data-id=\"ca79029\" data-element_type=\"column\">\n\t\t\t<div class=\"elementor-widget-wrap elementor-element-populated\">\n\t\t\t\t\t\t\t\t<div class=\"elementor-element elementor-element-f57a48a elementor-widget elementor-widget-wd_title\" data-id=\"f57a48a\" data-element_type=\"widget\" data-widget_type=\"wd_title.default\">\n\t\t\t\t<div class=\"elementor-widget-container\">\n\t\t\t\t\t<div class=\"title-wrapper woodmart-title-color-default woodmart-title-style-default woodmart-title-size-extra-large text-left\">\n\n\t\t\t\n\t\t\t<div class=\"liner-continer\">\n\t\t\t\t<span class=\"left-line\"><\/span>\n\n\t\t\t\t<h4 class=\"woodmart-title-container title\">\n\t\t\t\t\tPapiers\t\t\t\t<\/h4>\n\n\t\t\t\t\n\t\t\t\t<span class=\"right-line\"><\/span>\n\t\t\t<\/div>\n\n\t\t\t\t\t<\/div>\n\t\t\t\t<\/div>\n\t\t\t\t<\/div>\n\t\t\t\t<div class=\"elementor-element elementor-element-aa6b763 color-scheme-dark text-left elementor-widget elementor-widget-text-editor\" data-id=\"aa6b763\" data-element_type=\"widget\" data-widget_type=\"text-editor.default\">\n\t\t\t\t<div class=\"elementor-widget-container\">\n\t\t\t\t\t\t\t\t<p><strong>Domestic Papers<\/strong><\/p><p><strong><em>Domestic Oral Presentations<\/em><\/strong><\/p><p><em>1- Mutaf M, I\u015f\u0131k D, Bulut \u00d6, Karatoprak M.N., Sunay M, A New Technique for Closure of Lateral Cantal Defects; Spider Procedure. 28th National Turkish Plastic Reconstructive and Aesthetic Surgery Congress, Ankara September 2006 (Oral Presentation, Speaker)<\/em><\/p><p><em>2- Mutaf M, I\u015f\u0131k D, Karatoprak M.N., Bulut \u00d6., G\u00fcnal E. Bilateral Sideband Reconstruction with Occipital Artery Island Flap; Case Report, 28th National Turkish Plastic Reconstructive and Aesthetic Surgery Congress, Konya September 2005 (Oral Presentation, Speaker)<\/em><\/p><p><em>3- Mutaf M, Is\u0131k D, Bulut \u00d6, Karatoprak M.N., Sunay M, The Use of Sartorius Perforator Flap in Fournier Gangrene. 28th National Turkish Plastic, Reconstructive and Aesthetic Surgery Congress, Konya September 2005 (Oral Presentation, Speaker)<\/em><\/p><p><em>4- Mutaf M., I\u015f\u0131k D., Do\u011fan M., Bulut \u00d6., Karatoprak M.N. Soles is off the heel of Achilles and Defect Area a New teknik.28.t\u00fcrk Plastic Reconstructive and Aesthetic Surgery National Congress, Sept. 20-23, Ankara, Turkey, 2006. (Oral presentation)<\/em><\/p><p><strong><em>Domestic Poster Papers<\/em><\/strong><\/p><p><em>1- Sunay M, B\u00fcy\u00fckg\u00fcral B, Do\u011fan M, Karatoprak M. N, Mutaf M \u201cScalp Replantation with Single Artery and Vein Anastomosis\u201d 29th National Turkish Plastic Reconstructive and Aesthetic Surgery Congress Eski\u015fehir September 2007 (Poster)<\/em><\/p><p><em>2- Mutaf M, Bulut \u00d6, Karatoprak M.N., Sunay M, A New Technique for Closure of Lateral Cantal Defects; Spider ProcedureOculoplasty Symposium Gaziantep April 2008. (Poster)<\/em><\/p>\t\t\t\t\t\t<\/div>\n\t\t\t\t<\/div>\n\t\t\t\t\t<\/div>\n\t\t<\/div>\n\t\t\t\t\t\t\t<\/div>\n\t\t<\/section>\n\t\t\t\t<section class=\"elementor-section elementor-top-section elementor-element elementor-element-7d2a475 elementor-section-content-middle elementor-section-stretched elementor-section-boxed elementor-section-height-default elementor-section-height-default wd-section-disabled\" data-id=\"7d2a475\" data-element_type=\"section\" data-settings=\"{&quot;stretch_section&quot;:&quot;section-stretched&quot;,&quot;background_background&quot;:&quot;classic&quot;}\">\n\t\t\t\t\t\t<div class=\"elementor-container elementor-column-gap-default\">\n\t\t\t\t\t<div class=\"elementor-column elementor-col-100 elementor-top-column elementor-element elementor-element-d278c8a wd-elementor-sticky-column wd_sticky_offset_150\" data-id=\"d278c8a\" data-element_type=\"column\">\n\t\t\t<div class=\"elementor-widget-wrap elementor-element-populated\">\n\t\t\t\t\t\t\t\t<div class=\"elementor-element elementor-element-5c7271e elementor-widget elementor-widget-wd_title\" data-id=\"5c7271e\" data-element_type=\"widget\" data-widget_type=\"wd_title.default\">\n\t\t\t\t<div class=\"elementor-widget-container\">\n\t\t\t\t\t<div class=\"title-wrapper woodmart-title-color-default woodmart-title-style-default woodmart-title-size-extra-large text-left\">\n\n\t\t\t\n\t\t\t<div class=\"liner-continer\">\n\t\t\t\t<span class=\"left-line\"><\/span>\n\n\t\t\t\t<h4 class=\"woodmart-title-container title\">\n\t\t\t\t\tSymposium de cours et participation au Congr\u00e8s\t\t\t\t<\/h4>\n\n\t\t\t\t\n\t\t\t\t<span class=\"right-line\"><\/span>\n\t\t\t<\/div>\n\n\t\t\t\t\t<\/div>\n\t\t\t\t<\/div>\n\t\t\t\t<\/div>\n\t\t\t\t<div class=\"elementor-element elementor-element-603471d color-scheme-dark text-left elementor-widget elementor-widget-text-editor\" data-id=\"603471d\" data-element_type=\"widget\" data-widget_type=\"text-editor.default\">\n\t\t\t\t<div class=\"elementor-widget-container\">\n\t\t\t\t\t\t\t\t<p><em>1- Non-Invasive Aesthetic Approaches (Botox and Filling Materials) \u00c7ukurova University Faculty of Medicine Plastic Surgery Department, Adana 2006<\/em><\/p><p><em>2- Rhinoplasty Symposium, Mersin University Medical Faculty Hospital Plastic Surgery Department, Mersin 2006<\/em><\/p><p>3- Maxillofacial Surgeons Association Course, Basic Principles and Applications of Maxillofacial Surgery, Uluda\u011f, Bursa March 2007<\/p><p>4- Rhinoplasty Winter Symposium Uluda\u011f Bursa March 2007<\/p><p>5- Oculoplasty Symposium, Gaziantep University, Faculty of Medicine, Department of Plastic Surgery, Gaziantep April 2008<\/p><p>6- Residency Student Basic Training Course Gaziantep University, Faculty of Medicine December 2008<\/p><p>7- Experiment Animal Course in Scientific Research Gaziantep University, Faculty of Medicine November 2009<\/p><p>8- 28. Turkish Plastic, Reconstructive and Aesthetic Surgery National Congress, Ankara, September 2006<\/p><p>9- 5. National Wound Care Congress Gaziantep October 2010<\/p><p>10- Aesthetic Plastic Surgery Association 15th National Congress Istanbul January 2011<\/p>\t\t\t\t\t\t<\/div>\n\t\t\t\t<\/div>\n\t\t\t\t\t<\/div>\n\t\t<\/div>\n\t\t\t\t\t\t\t<\/div>\n\t\t<\/section>\n\t\t\t\t\t\t<\/div>\n\t\t\t\t\t<\/div>\n\t\t","protected":false},"excerpt":{"rendered":"<p>\u00c0 propos de moi Il est n\u00e9 en 1978 en Turquie. Il est dipl\u00f4m\u00e9 de la facult\u00e9 de m\u00e9decine de<\/p>\n","protected":false},"author":1,"featured_media":0,"parent":0,"menu_order":0,"comment_status":"closed","ping_status":"closed","template":"","meta":{"footnotes":""},"class_list":["post-850","page","type-page","status-publish","hentry"],"_links":{"self":[{"href":"https:\/\/mahmutnurikaratoprak.com\/fr\/wp-json\/wp\/v2\/pages\/850","targetHints":{"allow":["GET"]}}],"collection":[{"href":"https:\/\/mahmutnurikaratoprak.com\/fr\/wp-json\/wp\/v2\/pages"}],"about":[{"href":"https:\/\/mahmutnurikaratoprak.com\/fr\/wp-json\/wp\/v2\/types\/page"}],"author":[{"embeddable":true,"href":"https:\/\/mahmutnurikaratoprak.com\/fr\/wp-json\/wp\/v2\/users\/1"}],"replies":[{"embeddable":true,"href":"https:\/\/mahmutnurikaratoprak.com\/fr\/wp-json\/wp\/v2\/comments?post=850"}],"version-history":[{"count":229,"href":"https:\/\/mahmutnurikaratoprak.com\/fr\/wp-json\/wp\/v2\/pages\/850\/revisions"}],"predecessor-version":[{"id":12534,"href":"https:\/\/mahmutnurikaratoprak.com\/fr\/wp-json\/wp\/v2\/pages\/850\/revisions\/12534"}],"wp:attachment":[{"href":"https:\/\/mahmutnurikaratoprak.com\/fr\/wp-json\/wp\/v2\/media?parent=850"}],"curies":[{"name":"wp","href":"https:\/\/api.w.org\/{rel}","templated":true}]}}