{"id":11815,"date":"2021-06-02T10:58:46","date_gmt":"2021-06-02T07:58:46","guid":{"rendered":"https:\/\/mahmutnurikaratoprak.com\/tr\/?page_id=11815"},"modified":"2021-07-30T14:10:00","modified_gmt":"2021-07-30T11:10:00","slug":"yuz-germe","status":"publish","type":"page","link":"https:\/\/mahmutnurikaratoprak.com\/tr\/yuz-germe","title":{"rendered":"Y\u00fcz Germe"},"content":{"rendered":"\t\t<div data-elementor-type=\"wp-page\" data-elementor-id=\"11815\" class=\"elementor elementor-11815\" data-elementor-settings=\"[]\">\n\t\t\t\t\t\t\t<div class=\"elementor-section-wrap\">\n\t\t\t\t\t\t\t<section class=\"elementor-section elementor-top-section elementor-element elementor-element-e9a5845 elementor-section-content-middle elementor-section-stretched elementor-section-boxed elementor-section-height-default elementor-section-height-default wd-section-disabled\" data-id=\"e9a5845\" data-element_type=\"section\" data-settings=\"{&quot;stretch_section&quot;:&quot;section-stretched&quot;,&quot;background_background&quot;:&quot;classic&quot;}\">\n\t\t\t\t\t\t<div class=\"elementor-container elementor-column-gap-extended\">\n\t\t\t\t\t<div class=\"elementor-column elementor-col-100 elementor-top-column elementor-element elementor-element-ece56e4 color-scheme-dark\" data-id=\"ece56e4\" data-element_type=\"column\">\n\t\t\t<div class=\"elementor-widget-wrap elementor-element-populated\">\n\t\t\t\t\t\t\t\t<div class=\"elementor-element elementor-element-99c18ce elementor-widget elementor-widget-wd_title\" data-id=\"99c18ce\" data-element_type=\"widget\" data-widget_type=\"wd_title.default\">\n\t\t\t\t<div class=\"elementor-widget-container\">\n\t\t\t\t\t<div class=\"title-wrapper woodmart-title-color-default woodmart-title-style-default woodmart-title-size-large text-left\">\n\n\t\t\t\n\t\t\t<div class=\"liner-continer\">\n\t\t\t\t<span class=\"left-line\"><\/span>\n\n\t\t\t\t<h4 class=\"woodmart-title-container title wd-underline-colored\">\n\t\t\t\t\tY\u00fcz Germe\t\t\t\t<\/h4>\n\n\t\t\t\t\n\t\t\t\t<span class=\"right-line\"><\/span>\n\t\t\t<\/div>\n\n\t\t\t\t\t<\/div>\n\t\t\t\t<\/div>\n\t\t\t\t<\/div>\n\t\t\t\t<div class=\"elementor-element elementor-element-0de72b9 elementor-widget elementor-widget-spacer\" data-id=\"0de72b9\" data-element_type=\"widget\" data-widget_type=\"spacer.default\">\n\t\t\t\t<div class=\"elementor-widget-container\">\n\t\t\t\t\t<div class=\"elementor-spacer\">\n\t\t\t<div class=\"elementor-spacer-inner\"><\/div>\n\t\t<\/div>\n\t\t\t\t<\/div>\n\t\t\t\t<\/div>\n\t\t\t\t<div class=\"elementor-element elementor-element-d2373de color-scheme-inherit text-left elementor-widget elementor-widget-text-editor\" data-id=\"d2373de\" data-element_type=\"widget\" data-widget_type=\"text-editor.default\">\n\t\t\t\t<div class=\"elementor-widget-container\">\n\t\t\t\t\t\t\t\t<p>Zaman\u0131n varl\u0131\u011f\u0131n\u0131 elle tutulur bir \u015fekilde kan\u0131tlayamamam\u0131za ra\u011fmen, ge\u00e7ti\u011fi her yerde izler bulmak m\u00fcmk\u00fcnd\u00fcr. B\u00fcy\u00fcyen \u00e7ocuklarda, eski binalarda, de\u011fi\u015fen mevsimlerde, solmu\u015f resimlerde ve bir\u00e7ok de\u011fi\u015fiklikte, onun ad\u0131n\u0131 anmadan ge\u00e7emeyiz. Ayn\u0131 \u015fekilde, t\u00fcm v\u00fccudumuz, hatta d\u00fc\u015f\u00fcncelerimiz, oksijen kullanan akci\u011ferler gibi, d\u00fcnyaya gelen t\u00fcm insanlar yok olana kadar zamanla ya\u015far ve ya\u015flar.<\/p><p>21. y\u00fczy\u0131l\u0131n zaman i\u00e7inde m\u00fccadelesi tarihte hi\u00e7 bu kadar tart\u0131\u015fmal\u0131 olmam\u0131\u015ft\u0131. G\u00fcnl\u00fck hayat\u0131m\u0131zda bir\u00e7ok \u015feyi h\u0131zland\u0131rabilsek de, her aynaya bakt\u0131\u011f\u0131m\u0131zda, baz\u0131 \u015feyleri kar\u015f\u0131layamad\u0131\u011f\u0131m\u0131z\u0131 g\u00f6rebiliriz. Bu noktada plastik cerrahi devreye girer ve y\u00fcz germe ameliyat\u0131n\u0131n g\u00fczelli\u011fi ortaya \u00e7\u0131kar.<\/p><p>\u0130lerleyen ya\u015fla birlikte hem doku ile ilgili hem de yer \u00e7ekiminin etkisi ile al\u0131n, g\u00f6z \u00e7evresi, boyun b\u00f6lgelerinde sarkmalar, yanak hacminde azalma ile sarkmalar ve buna ba\u011fl\u0131 olarak k\u0131r\u0131\u015f\u0131kl\u0131klar meydana gelir. Bazen sadece y\u00fcz-boyun germe ve bazen ya\u011f enjeksiyonu ekleyerek daha canl\u0131 ve k\u0131r\u0131\u015f\u0131ks\u0131z bir y\u00fcz olu\u015fturabiliriz.<\/p><p><strong>Operasyon Tekni\u011fi<\/strong><\/p><p>Genel olarak, kula\u011f\u0131n \u00f6n\u00fcnden arkaya do\u011fru ve kafa derisine uzanan bir kesi yap\u0131l\u0131r. San\u0131lan\u0131n aksine, gev\u015fek cildi \u00e7\u0131karmak operasyonun ana operasyonu de\u011fildir. Gev\u015fek cilt yap\u0131s\u0131 serbest b\u0131rak\u0131ld\u0131ktan sonra erimeyen cerrahi ipliklerle germe yap\u0131lacak noktalara SMAS ad\u0131 verilen tabaka da dikilir. Bu, y\u00fczdeki ana esnemeyi sa\u011flayan i\u015flemdir. Bu noktalar elmac\u0131k kemi\u011fi \u00fcst, kula\u011f\u0131n \u00f6n\u00fc, kula\u011f\u0131n arkas\u0131d\u0131r. Bu i\u015flemden sonra fazla cilt yap\u0131s\u0131 \u00e7\u0131kar\u0131l\u0131r ve kesim hatt\u0131 dikilir.<\/p><p>Operasyonun ana ba\u015far\u0131s\u0131n\u0131 belirleyen SMAS yap\u0131s\u0131na yap\u0131lan ask\u0131lamad\u0131r . Bu yap\u0131n\u0131n ask\u0131ya al\u0131nmas\u0131 i\u00e7in bir\u00e7ok teknik tan\u0131mlanm\u0131\u015ft\u0131r. S\u00fcspansiyon ba\u015far\u0131yla yap\u0131l\u0131rsa, hangi tekni\u011fin uyguland\u0131\u011f\u0131 \u00f6nemli de\u011fildir.<\/p>\t\t\t\t\t\t<\/div>\n\t\t\t\t<\/div>\n\t\t\t\t\t<\/div>\n\t\t<\/div>\n\t\t\t\t\t\t\t<\/div>\n\t\t<\/section>\n\t\t\t\t<section class=\"elementor-section elementor-top-section elementor-element elementor-element-98a31cc elementor-section-stretched elementor-section-boxed elementor-section-height-default elementor-section-height-default wd-section-disabled\" data-id=\"98a31cc\" data-element_type=\"section\" data-settings=\"{&quot;stretch_section&quot;:&quot;section-stretched&quot;,&quot;background_background&quot;:&quot;classic&quot;}\">\n\t\t\t\t\t\t<div class=\"elementor-container elementor-column-gap-default\">\n\t\t\t\t\t<div class=\"elementor-column elementor-col-50 elementor-top-column elementor-element elementor-element-a5ecceb color-scheme-dark\" data-id=\"a5ecceb\" data-element_type=\"column\">\n\t\t\t<div class=\"elementor-widget-wrap elementor-element-populated\">\n\t\t\t\t\t\t\t\t<div class=\"elementor-element elementor-element-a5a0bb3 color-scheme-inherit text-left elementor-widget elementor-widget-text-editor\" data-id=\"a5a0bb3\" data-element_type=\"widget\" data-widget_type=\"text-editor.default\">\n\t\t\t\t<div class=\"elementor-widget-container\">\n\t\t\t\t\t\t\t\t<p><strong>Mini Y\u00fcz Germe<\/strong><\/p><p>Sarkan y\u00fcz ilerlemi\u015f de\u011filse kula\u011f\u0131n hemen \u00f6n\u00fcnde yap\u0131lan daha k\u00fc\u00e7\u00fck bir kesi ile yap\u0131l\u0131r. Bununla birlikte, diki\u015f \u00e7izgisi cilt kenarlar\u0131nda saks\u0131 olmayacak \u015fekilde k\u00fc\u00e7\u00fcltuld\u00fc\u011f\u00fc i\u00e7in kozmetik g\u00f6r\u00fcn\u00fcm erken d\u00f6nemde tolere edilmeyebilir. \u015eahsen tercih etti\u011fim bir teknik de\u011fil. Hastalar\u0131ma biraz daha beklemelerini ve normal bir y\u00fcz gerdirme ameliyat\u0131 olmalar\u0131n\u0131 tavsiye ediyorum.<\/p><p>Genel olarak 50 ya\u015f \u00fcst\u00fc kad\u0131n ve erkekler bu ameliyat\u0131 olabilir. Klinik muayene sonras\u0131 sarkma miktar\u0131 daha y\u00fcksekse bu ameliyat daha gen\u00e7 ya\u015flarda yap\u0131labilir.<\/p><p><strong>Ameliyat \u00d6ncesi De\u011ferlendirme<\/strong><\/p><p>Sarkma miktar\u0131, k\u0131r\u0131\u015f\u0131kl\u0131klar, yanaklardaki hacim kayb\u0131 ve sarkan boyun de\u011ferlendirilir. Yanaklarda ciddi hacim kayb\u0131 varsa ayn\u0131 ameliyatta liposuction ile elde edilen ya\u011flarla doldurulmas\u0131 gerekebilir. Hasta ameliyat s\u00fcreci ve sonras\u0131 hakk\u0131nda bilgilendirilir. Bu t\u00fcr sorunlara olas\u0131 riskler ve m\u00fcdahaleler a\u00e7\u0131klanmaktad\u0131r.<\/p><p>Daha \u00f6nce ameliyat\u0131n\u0131z, y\u00fcksek tansiyon, diyabet, guatr gibi kronik hastal\u0131klar\u0131n\u0131z, herhangi bir ilaca veya yiyece\u011fe alerjiniz varsa, kullanman\u0131z gereken ila\u00e7lar olup olmad\u0131\u011f\u0131n\u0131 mutlaka bilgilendirmelisiniz. Sigara i\u00e7iyorsan\u0131z ameliyattan \u00f6nce b\u0131rakmal\u0131, diki\u015fler sonra iyile\u015fene kadar i\u00e7memelisiniz.<\/p>\t\t\t\t\t\t<\/div>\n\t\t\t\t<\/div>\n\t\t\t\t\t<\/div>\n\t\t<\/div>\n\t\t\t\t<div class=\"elementor-column elementor-col-50 elementor-top-column elementor-element elementor-element-d8af63b\" data-id=\"d8af63b\" data-element_type=\"column\">\n\t\t\t<div class=\"elementor-widget-wrap elementor-element-populated\">\n\t\t\t\t\t\t\t\t<div class=\"elementor-element elementor-element-9b3fe7c elementor-widget elementor-widget-image\" data-id=\"9b3fe7c\" data-element_type=\"widget\" data-widget_type=\"image.default\">\n\t\t\t\t<div class=\"elementor-widget-container\">\n\t\t\t\t\t\t\t\t\t\t\t\t\t\t\t<img loading=\"lazy\" decoding=\"async\" width=\"795\" height=\"765\" src=\"https:\/\/mahmutnurikaratoprak.com\/tr\/wp-content\/uploads\/2021\/06\/facelift-icerik1.jpg\" class=\"attachment-full size-full\" alt=\"\" srcset=\"https:\/\/mahmutnurikaratoprak.com\/tr\/wp-content\/uploads\/2021\/06\/facelift-icerik1.jpg 795w, https:\/\/mahmutnurikaratoprak.com\/tr\/wp-content\/uploads\/2021\/06\/facelift-icerik1-300x289.jpg 300w, https:\/\/mahmutnurikaratoprak.com\/tr\/wp-content\/uploads\/2021\/06\/facelift-icerik1-768x739.jpg 768w\" sizes=\"auto, (max-width: 795px) 100vw, 795px\" \/>\t\t\t\t\t\t\t\t\t\t\t\t\t\t\t<\/div>\n\t\t\t\t<\/div>\n\t\t\t\t\t<\/div>\n\t\t<\/div>\n\t\t\t\t\t\t\t<\/div>\n\t\t<\/section>\n\t\t\t\t<section class=\"elementor-section elementor-top-section elementor-element elementor-element-7978624 elementor-section-content-middle elementor-section-stretched elementor-section-boxed elementor-section-height-default elementor-section-height-default wd-section-disabled\" data-id=\"7978624\" data-element_type=\"section\" data-settings=\"{&quot;stretch_section&quot;:&quot;section-stretched&quot;,&quot;background_background&quot;:&quot;classic&quot;}\">\n\t\t\t\t\t\t<div class=\"elementor-container elementor-column-gap-extended\">\n\t\t\t\t\t<div class=\"elementor-column elementor-col-100 elementor-top-column elementor-element elementor-element-786180 color-scheme-dark\" data-id=\"786180\" data-element_type=\"column\">\n\t\t\t<div class=\"elementor-widget-wrap elementor-element-populated\">\n\t\t\t\t\t\t\t\t<div class=\"elementor-element elementor-element-0de5e50 elementor-widget elementor-widget-wd_title\" data-id=\"0de5e50\" data-element_type=\"widget\" data-widget_type=\"wd_title.default\">\n\t\t\t\t<div class=\"elementor-widget-container\">\n\t\t\t\t\t<div class=\"title-wrapper woodmart-title-color-default woodmart-title-style-default woodmart-title-size-large text-center\">\n\n\t\t\t\n\t\t\t<div class=\"liner-continer\">\n\t\t\t\t<span class=\"left-line\"><\/span>\n\n\t\t\t\t<h4 class=\"woodmart-title-container title wd-underline-colored\">\n\t\t\t\t\tRandevu Talep Et\t\t\t\t<\/h4>\n\n\t\t\t\t\n\t\t\t\t<span class=\"right-line\"><\/span>\n\t\t\t<\/div>\n\n\t\t\t\t\t<\/div>\n\t\t\t\t<\/div>\n\t\t\t\t<\/div>\n\t\t\t\t<div class=\"elementor-element elementor-element-7f83964 color-scheme-inherit text-left elementor-widget elementor-widget-text-editor\" data-id=\"7f83964\" data-element_type=\"widget\" data-widget_type=\"text-editor.default\">\n\t\t\t\t<div class=\"elementor-widget-container\">\n\t\t\t\t\t\t\t\tBilgilerinizi bize g\u00f6nderin. Sizi aray\u0131p randevunuzu ayarlayal\u0131m !\t\t\t\t\t\t<\/div>\n\t\t\t\t<\/div>\n\t\t\t\t<section class=\"elementor-section elementor-inner-section elementor-element elementor-element-3b4ad17 elementor-section-boxed elementor-section-height-default elementor-section-height-default wd-section-disabled\" data-id=\"3b4ad17\" data-element_type=\"section\">\n\t\t\t\t\t\t<div class=\"elementor-container elementor-column-gap-default\">\n\t\t\t\t\t<div class=\"elementor-column elementor-col-33 elementor-inner-column elementor-element elementor-element-1297f45\" data-id=\"1297f45\" data-element_type=\"column\">\n\t\t\t<div class=\"elementor-widget-wrap\">\n\t\t\t\t\t\t\t\t\t<\/div>\n\t\t<\/div>\n\t\t\t\t<div class=\"elementor-column elementor-col-33 elementor-inner-column elementor-element elementor-element-ceaf1cb\" data-id=\"ceaf1cb\" data-element_type=\"column\">\n\t\t\t<div class=\"elementor-widget-wrap elementor-element-populated\">\n\t\t\t\t\t\t\t\t<div class=\"elementor-element elementor-element-bc5cfc8 color-scheme-inherit text-left elementor-widget elementor-widget-text-editor\" data-id=\"bc5cfc8\" data-element_type=\"widget\" data-widget_type=\"text-editor.default\">\n\t\t\t\t<div class=\"elementor-widget-container\">\n\t\t\t\t\t\t\t\t<div role=\"form\" class=\"wpcf7\" id=\"wpcf7-f9402-o1\" lang=\"en-US\" dir=\"ltr\">\n<div class=\"screen-reader-response\"><p role=\"status\" aria-live=\"polite\" aria-atomic=\"true\"><\/p> <ul><\/ul><\/div>\n<form action=\"\/tr\/wp-json\/wp\/v2\/pages\/11815#wpcf7-f9402-o1\" method=\"post\" class=\"wpcf7-form init\" novalidate=\"novalidate\" data-status=\"init\">\n<div style=\"display: none;\">\n<input type=\"hidden\" name=\"_wpcf7\" value=\"9402\" \/>\n<input type=\"hidden\" name=\"_wpcf7_version\" value=\"5.4.1\" \/>\n<input type=\"hidden\" name=\"_wpcf7_locale\" value=\"en_US\" \/>\n<input type=\"hidden\" name=\"_wpcf7_unit_tag\" value=\"wpcf7-f9402-o1\" \/>\n<input type=\"hidden\" name=\"_wpcf7_container_post\" value=\"0\" \/>\n<input type=\"hidden\" name=\"_wpcf7_posted_data_hash\" value=\"\" \/>\n<\/div>\n<div class=\"row\">\n<div class=\"col-lg\">\n<p><span class=\"wpcf7-form-control-wrap adi\"><input type=\"text\" name=\"adi\" value=\"\" size=\"40\" class=\"wpcf7-form-control wpcf7-text wpcf7-validates-as-required\" aria-required=\"true\" aria-invalid=\"false\" placeholder=\"Ad\" \/><\/span><\/p>\n<\/div>\n<div class=\"col-lg\">\n<p><span class=\"wpcf7-form-control-wrap telefon\"><input type=\"text\" name=\"telefon\" value=\"\" size=\"40\" class=\"wpcf7-form-control wpcf7-text wpcf7-validates-as-required\" aria-required=\"true\" aria-invalid=\"false\" placeholder=\"Telefon Numaran\u0131z\" \/><\/span><\/p>\n<\/div>\n<div class=\"col-lg\">\n<p><span class=\"wpcf7-form-control-wrap mail\"><input type=\"text\" name=\"mail\" value=\"\" size=\"40\" class=\"wpcf7-form-control wpcf7-text\" aria-invalid=\"false\" placeholder=\"E-Mail\" \/><\/span><\/p>\n<\/div>\n<div class=\"col-lg-auto\">\n<p><input type=\"submit\" value=\"Form G\u00f6nder\" class=\"wpcf7-form-control wpcf7-submit btn btn-color-primary\" \/><\/p>\n<\/div>\n<\/div>\n<div class=\"wpcf7-response-output\" aria-hidden=\"true\"><\/div><\/form><\/div>\t\t\t\t\t\t<\/div>\n\t\t\t\t<\/div>\n\t\t\t\t\t<\/div>\n\t\t<\/div>\n\t\t\t\t<div class=\"elementor-column elementor-col-33 elementor-inner-column elementor-element elementor-element-c44b51d\" data-id=\"c44b51d\" data-element_type=\"column\">\n\t\t\t<div class=\"elementor-widget-wrap\">\n\t\t\t\t\t\t\t\t\t<\/div>\n\t\t<\/div>\n\t\t\t\t\t\t\t<\/div>\n\t\t<\/section>\n\t\t\t\t\t<\/div>\n\t\t<\/div>\n\t\t\t\t\t\t\t<\/div>\n\t\t<\/section>\n\t\t\t\t<section class=\"elementor-section elementor-top-section elementor-element elementor-element-ca259a3 elementor-section-content-middle elementor-section-stretched elementor-section-boxed elementor-section-height-default elementor-section-height-default wd-section-disabled\" data-id=\"ca259a3\" data-element_type=\"section\" data-settings=\"{&quot;stretch_section&quot;:&quot;section-stretched&quot;,&quot;background_background&quot;:&quot;classic&quot;}\">\n\t\t\t\t\t\t<div class=\"elementor-container elementor-column-gap-extended\">\n\t\t\t\t\t<div class=\"elementor-column elementor-col-100 elementor-top-column elementor-element elementor-element-535ec85 color-scheme-dark\" data-id=\"535ec85\" data-element_type=\"column\">\n\t\t\t<div class=\"elementor-widget-wrap elementor-element-populated\">\n\t\t\t\t\t\t\t\t<div class=\"elementor-element elementor-element-8bd828f color-scheme-inherit text-left elementor-widget elementor-widget-text-editor\" data-id=\"8bd828f\" data-element_type=\"widget\" data-widget_type=\"text-editor.default\">\n\t\t\t\t<div class=\"elementor-widget-container\">\n\t\t\t\t\t\t\t\t<p><strong>Hastane ve Ameliyathane s\u00fcreci<\/strong><\/p><p>Ameliyat \u00f6ncesi muayeneler ayn\u0131 g\u00fcn veya 1 g\u00fcn \u00f6nce haz\u0131rlan\u0131r. Ameliyattan 8 saat \u00f6nce hi\u00e7bir \u015fey yememeli ve i\u00e7memelisiniz. Sonu\u00e7lar anestezi uzman\u0131 taraf\u0131ndan de\u011ferlendirilirse ve herhangi bir engel yoksa ameliyat\u0131n\u0131z yap\u0131labilir. Genel anestezi alt\u0131nda yap\u0131ld\u0131\u011f\u0131 i\u00e7in hasta i\u015flem s\u0131ras\u0131nda herhangi bir a\u011fr\u0131 hissetmeyecektir. Ortalama ameliyat s\u00fcresi 3 saattir ve hasta uyutulup uyand\u0131ktan sonra ameliyathanede ge\u00e7irilen s\u00fcre daha uzun olacakt\u0131r.<\/p><p>Ameliyat sonras\u0131 serviste size antibiyotik ve a\u011fr\u0131 kesici verilecektir. Ertesi g\u00fcn kontrol muayenesi yap\u0131larak ve 3.<\/p><p>Y\u00fcz germe ameliyat\u0131ndan sonra, s\u0131v\u0131y\u0131 \u00e7\u0131karmak ve dokular aras\u0131nda kan s\u0131zd\u0131rmak i\u00e7in bir dren yerle\u015ftirilir. Gelen miktar azald\u0131\u011f\u0131nda (3-7 g\u00fcn sonra) drenajlar \u00e7\u0131kar\u0131l\u0131r.<\/p><p>Y\u00fcz\u00fcn\u00fczde ilk g\u00fcnlerde olu\u015fabilecek \u00f6demi azaltmak i\u00e7in y\u00fcz bandaj\u0131n\u0131 5-7 g\u00fcn kullanmal\u0131s\u0131n\u0131z.<\/p><p>Ameliyattan sonra sigara i\u00e7ilmemeli veya alkol t\u00fcketilmemelidir. Sigara i\u00e7tikten sonra diki\u015flerde a\u00e7\u0131lma ve cildin kenarlar\u0131nda doku \u00e7\u00fcr\u00fcmesi riski vard\u0131r.<\/p>\t\t\t\t\t\t<\/div>\n\t\t\t\t<\/div>\n\t\t\t\t\t<\/div>\n\t\t<\/div>\n\t\t\t\t\t\t\t<\/div>\n\t\t<\/section>\n\t\t\t\t<section class=\"elementor-section elementor-top-section elementor-element elementor-element-1ee516b elementor-section-content-middle elementor-section-stretched elementor-section-boxed elementor-section-height-default elementor-section-height-default wd-section-disabled\" data-id=\"1ee516b\" data-element_type=\"section\" data-settings=\"{&quot;stretch_section&quot;:&quot;section-stretched&quot;,&quot;background_background&quot;:&quot;classic&quot;}\">\n\t\t\t\t\t\t<div class=\"elementor-container elementor-column-gap-extended\">\n\t\t\t\t\t<div class=\"elementor-column elementor-col-100 elementor-top-column elementor-element elementor-element-c894971 color-scheme-dark\" data-id=\"c894971\" data-element_type=\"column\">\n\t\t\t<div class=\"elementor-widget-wrap elementor-element-populated\">\n\t\t\t\t\t\t\t\t<div class=\"elementor-element elementor-element-826c68a color-scheme-inherit text-left elementor-widget elementor-widget-text-editor\" data-id=\"826c68a\" data-element_type=\"widget\" data-widget_type=\"text-editor.default\">\n\t\t\t\t<div class=\"elementor-widget-container\">\n\t\t\t\t\t\t\t\t<p><strong> Ameliyattan Sonra \u0130\u015fe Ne Zaman D\u00f6neriz ?<\/strong><\/p><p>Y\u00fczdeki \u015fi\u015flik genellikle yakla\u015f\u0131k 5-7 g\u00fcn i\u00e7inde azalacakt\u0131r. A\u011fr\u0131l\u0131 bir ameliyat olmad\u0131\u011f\u0131 i\u00e7in 7-10 g\u00fcn sonra i\u015fe d\u00f6nebilirsiniz.<\/p><p><strong>Diki\u015f \u0130zi Var M\u0131?<\/strong><\/p><p>Y\u00fcz germe ameliyat\u0131nda diki\u015fin \u00e7o\u011fu kafa derisinde kal\u0131r ve g\u00f6r\u00fcnmez. Kula\u011f\u0131n \u00f6n\u00fcnde, yakla\u015f\u0131k 3 cm&#8217;lik diki\u015fin bir k\u0131sm\u0131 kula\u011f\u0131n i\u00e7inden yap\u0131l\u0131r. Kalan yerde, erken d\u00f6nemdeki a\u00e7\u0131k k\u0131rm\u0131z\u0131 \u00e7izgi zamanla kaybolur ve neredeyse 6 ay sonra neredeyse hepsi kaybolur.<\/p>\t\t\t\t\t\t<\/div>\n\t\t\t\t<\/div>\n\t\t\t\t\t<\/div>\n\t\t<\/div>\n\t\t\t\t\t\t\t<\/div>\n\t\t<\/section>\n\t\t\t\t\t\t<\/div>\n\t\t\t\t\t<\/div>\n\t\t","protected":false},"excerpt":{"rendered":"<p>Y\u00fcz Germe Zaman\u0131n varl\u0131\u011f\u0131n\u0131 elle tutulur bir \u015fekilde kan\u0131tlayamamam\u0131za ra\u011fmen, ge\u00e7ti\u011fi her yerde izler bulmak m\u00fcmk\u00fcnd\u00fcr. B\u00fcy\u00fcyen \u00e7ocuklarda, eski binalarda,<\/p>\n","protected":false},"author":1,"featured_media":0,"parent":0,"menu_order":0,"comment_status":"closed","ping_status":"closed","template":"","meta":{"_monsterinsights_skip_tracking":false,"_monsterinsights_sitenote_active":false,"_monsterinsights_sitenote_note":"","_monsterinsights_sitenote_category":0,"footnotes":""},"class_list":["post-11815","page","type-page","status-publish","hentry"],"_links":{"self":[{"href":"https:\/\/mahmutnurikaratoprak.com\/tr\/wp-json\/wp\/v2\/pages\/11815","targetHints":{"allow":["GET"]}}],"collection":[{"href":"https:\/\/mahmutnurikaratoprak.com\/tr\/wp-json\/wp\/v2\/pages"}],"about":[{"href":"https:\/\/mahmutnurikaratoprak.com\/tr\/wp-json\/wp\/v2\/types\/page"}],"author":[{"embeddable":true,"href":"https:\/\/mahmutnurikaratoprak.com\/tr\/wp-json\/wp\/v2\/users\/1"}],"replies":[{"embeddable":true,"href":"https:\/\/mahmutnurikaratoprak.com\/tr\/wp-json\/wp\/v2\/comments?post=11815"}],"version-history":[{"count":23,"href":"https:\/\/mahmutnurikaratoprak.com\/tr\/wp-json\/wp\/v2\/pages\/11815\/revisions"}],"predecessor-version":[{"id":12562,"href":"https:\/\/mahmutnurikaratoprak.com\/tr\/wp-json\/wp\/v2\/pages\/11815\/revisions\/12562"}],"wp:attachment":[{"href":"https:\/\/mahmutnurikaratoprak.com\/tr\/wp-json\/wp\/v2\/media?parent=11815"}],"curies":[{"name":"wp","href":"https:\/\/api.w.org\/{rel}","templated":true}]}}