{"id":11829,"date":"2021-06-02T11:54:07","date_gmt":"2021-06-02T08:54:07","guid":{"rendered":"https:\/\/mahmutnurikaratoprak.com\/tr\/?page_id=11829"},"modified":"2021-07-30T14:16:44","modified_gmt":"2021-07-30T11:16:44","slug":"kulak-estetigi","status":"publish","type":"page","link":"https:\/\/mahmutnurikaratoprak.com\/tr\/kulak-estetigi","title":{"rendered":"Kulak Esteti\u011fi"},"content":{"rendered":"\t\t<div data-elementor-type=\"wp-page\" data-elementor-id=\"11829\" class=\"elementor elementor-11829\" data-elementor-settings=\"[]\">\n\t\t\t\t\t\t\t<div class=\"elementor-section-wrap\">\n\t\t\t\t\t\t\t<section class=\"elementor-section elementor-top-section elementor-element elementor-element-90a4457 elementor-section-content-middle elementor-section-stretched elementor-section-boxed elementor-section-height-default elementor-section-height-default wd-section-disabled\" data-id=\"90a4457\" data-element_type=\"section\" data-settings=\"{&quot;stretch_section&quot;:&quot;section-stretched&quot;,&quot;background_background&quot;:&quot;classic&quot;}\">\n\t\t\t\t\t\t<div class=\"elementor-container elementor-column-gap-extended\">\n\t\t\t\t\t<div class=\"elementor-column elementor-col-100 elementor-top-column elementor-element elementor-element-3c65eaf color-scheme-dark\" data-id=\"3c65eaf\" data-element_type=\"column\">\n\t\t\t<div class=\"elementor-widget-wrap elementor-element-populated\">\n\t\t\t\t\t\t\t\t<div class=\"elementor-element elementor-element-08a7714 elementor-widget elementor-widget-wd_title\" data-id=\"08a7714\" data-element_type=\"widget\" data-widget_type=\"wd_title.default\">\n\t\t\t\t<div class=\"elementor-widget-container\">\n\t\t\t\t\t<div class=\"title-wrapper woodmart-title-color-default woodmart-title-style-default woodmart-title-size-large text-left\">\n\n\t\t\t\n\t\t\t<div class=\"liner-continer\">\n\t\t\t\t<span class=\"left-line\"><\/span>\n\n\t\t\t\t<h4 class=\"woodmart-title-container title wd-underline-colored\">\n\t\t\t\t\tOtoplasti (Kulak Cerrahisi)\t\t\t\t<\/h4>\n\n\t\t\t\t\n\t\t\t\t<span class=\"right-line\"><\/span>\n\t\t\t<\/div>\n\n\t\t\t\t\t<\/div>\n\t\t\t\t<\/div>\n\t\t\t\t<\/div>\n\t\t\t\t<div class=\"elementor-element elementor-element-776eb08 elementor-widget elementor-widget-spacer\" data-id=\"776eb08\" data-element_type=\"widget\" data-widget_type=\"spacer.default\">\n\t\t\t\t<div class=\"elementor-widget-container\">\n\t\t\t\t\t<div class=\"elementor-spacer\">\n\t\t\t<div class=\"elementor-spacer-inner\"><\/div>\n\t\t<\/div>\n\t\t\t\t<\/div>\n\t\t\t\t<\/div>\n\t\t\t\t<div class=\"elementor-element elementor-element-47a05c7 color-scheme-inherit text-left elementor-widget elementor-widget-text-editor\" data-id=\"47a05c7\" data-element_type=\"widget\" data-widget_type=\"text-editor.default\">\n\t\t\t\t<div class=\"elementor-widget-container\">\n\t\t\t\t\t\t\t\t<p>Kulaklar\u0131n g\u00f6r\u00fcn\u00fcm\u00fc t\u00fcm y\u00fcz esteti\u011fi i\u00e7in \u00f6nemlidir. Kep\u00e7e kulaklar baz\u0131 toplumlarda g\u00fczelli\u011fin bir i\u015fareti olarak kabul edilir, ancak \u00f6zellikle \u00e7ocuklar i\u00e7in alay edilmesine ve marjinalle\u015ftirilmesine neden olabilir. Kep\u00e7e kulaklardan ba\u015fka bir \u015fikayet yoksa be\u015f ya\u015f\u0131ndan itibaren \u00e7ocu\u011fun yukar\u0131s\u0131na do\u011fru bir operasyon yap\u0131labilir. \u00c7ocuk ameliyat sonras\u0131 etkilerinden habersiz oldu\u011fu i\u00e7in ameliyat o ya\u015f \u00fczerinde yap\u0131l\u0131rsa sorun erken \u00e7\u00f6z\u00fclebilir. Kep\u00e7e kulak esteti\u011fi operasyonlar\u0131 hem yeti\u015fkinler hem de \u00e7ocuklar i\u00e7in risk ta\u015f\u0131yan uygulamalar de\u011fildir.<\/p><p>Bu operasyon genel veya lokal anestezi alt\u0131nda uygulan\u0131r ve hastan\u0131n hastanede kalmas\u0131n\u0131 gerektirmez. Kula\u011f\u0131n arkas\u0131nda kesiler yap\u0131l\u0131r ve kulaklar\u0131n k\u0131k\u0131rdaklar\u0131 yeniden yap\u0131ld\u0131ktan sonra kafa derisine \u00e7ekilir.<\/p>\t\t\t\t\t\t<\/div>\n\t\t\t\t<\/div>\n\t\t\t\t\t<\/div>\n\t\t<\/div>\n\t\t\t\t\t\t\t<\/div>\n\t\t<\/section>\n\t\t\t\t<section class=\"elementor-section elementor-top-section elementor-element elementor-element-98a31cc elementor-section-stretched elementor-section-boxed elementor-section-height-default elementor-section-height-default wd-section-disabled\" data-id=\"98a31cc\" data-element_type=\"section\" data-settings=\"{&quot;stretch_section&quot;:&quot;section-stretched&quot;,&quot;background_background&quot;:&quot;classic&quot;}\">\n\t\t\t\t\t\t<div class=\"elementor-container elementor-column-gap-default\">\n\t\t\t\t\t<div class=\"elementor-column elementor-col-50 elementor-top-column elementor-element elementor-element-a5ecceb color-scheme-dark\" data-id=\"a5ecceb\" data-element_type=\"column\">\n\t\t\t<div class=\"elementor-widget-wrap elementor-element-populated\">\n\t\t\t\t\t\t\t\t<div class=\"elementor-element elementor-element-a5a0bb3 color-scheme-inherit text-left elementor-widget elementor-widget-text-editor\" data-id=\"a5a0bb3\" data-element_type=\"widget\" data-widget_type=\"text-editor.default\">\n\t\t\t\t<div class=\"elementor-widget-container\">\n\t\t\t\t\t\t\t\t<p>Ameliyattan sonra her iki kulak i\u00e7ine bas\u0131n\u00e7 uygulayabilen bir bandaj sar\u0131l\u0131r. Ameliyat sonras\u0131 a\u011fr\u0131lar i\u00e7in a\u011fr\u0131 kesiciler yeterlidir. Ameliyattan sonraki g\u00fcn bandaj \u00e7\u0131kar\u0131l\u0131r ve hasta t\u0131pk\u0131 3 veya 4 hafta boyunca her iki kula\u011f\u0131 da kaplayan bandaj gibi tenis\u00e7i band\u0131 kullan\u0131r.<\/p><p>Kulaklardaki rubescence ve \u015fi\u015flik 3 veya 5 g\u00fcn i\u00e7inde kaybolur. Bu operasyon i\u015fitmeyi etkilemez ve iyile\u015fme s\u00fcresi bir veya iki hafta i\u00e7inde sona erecektir. Kulak ameliyatlar\u0131 iz kalmaz ve h\u0131zl\u0131 iyile\u015fme s\u00fcreleri hastan\u0131n hayat\u0131n\u0131 olumlu y\u00f6nde etkiler.<\/p><p>\u0130\u015flem uygun bir y\u00f6ntemle uygulan\u0131rsa, geri d\u00f6nmek uzak bir olas\u0131l\u0131kt\u0131r.<\/p><p>Kulak ameliyatlar\u0131 s\u0131ras\u0131nda hasta a\u011fr\u0131 hissetmez \u00e7\u00fcnk\u00fc bu operasyonlar lokal anestezi alt\u0131nda uygulan\u0131r. Ameliyat sonras\u0131 a\u011fr\u0131lar a\u011fr\u0131 kesici al\u0131narak rahatlat\u0131labilir.<\/p>\t\t\t\t\t\t<\/div>\n\t\t\t\t<\/div>\n\t\t\t\t\t<\/div>\n\t\t<\/div>\n\t\t\t\t<div class=\"elementor-column elementor-col-50 elementor-top-column elementor-element elementor-element-d8af63b\" data-id=\"d8af63b\" data-element_type=\"column\">\n\t\t\t<div class=\"elementor-widget-wrap elementor-element-populated\">\n\t\t\t\t\t\t\t\t<div class=\"elementor-element elementor-element-9b3fe7c elementor-widget elementor-widget-image\" data-id=\"9b3fe7c\" data-element_type=\"widget\" data-widget_type=\"image.default\">\n\t\t\t\t<div class=\"elementor-widget-container\">\n\t\t\t\t\t\t\t\t\t\t\t\t\t\t\t<img loading=\"lazy\" decoding=\"async\" width=\"633\" height=\"370\" src=\"https:\/\/mahmutnurikaratoprak.com\/tr\/wp-content\/uploads\/2021\/06\/Basliksiz-2.jpg\" class=\"attachment-full size-full\" alt=\"\" srcset=\"https:\/\/mahmutnurikaratoprak.com\/tr\/wp-content\/uploads\/2021\/06\/Basliksiz-2.jpg 633w, https:\/\/mahmutnurikaratoprak.com\/tr\/wp-content\/uploads\/2021\/06\/Basliksiz-2-300x175.jpg 300w\" sizes=\"auto, (max-width: 633px) 100vw, 633px\" \/>\t\t\t\t\t\t\t\t\t\t\t\t\t\t\t<\/div>\n\t\t\t\t<\/div>\n\t\t\t\t\t<\/div>\n\t\t<\/div>\n\t\t\t\t\t\t\t<\/div>\n\t\t<\/section>\n\t\t\t\t<section class=\"elementor-section elementor-top-section elementor-element elementor-element-7978624 elementor-section-content-middle elementor-section-stretched elementor-section-boxed elementor-section-height-default elementor-section-height-default wd-section-disabled\" data-id=\"7978624\" data-element_type=\"section\" data-settings=\"{&quot;stretch_section&quot;:&quot;section-stretched&quot;,&quot;background_background&quot;:&quot;classic&quot;}\">\n\t\t\t\t\t\t<div class=\"elementor-container elementor-column-gap-extended\">\n\t\t\t\t\t<div class=\"elementor-column elementor-col-100 elementor-top-column elementor-element elementor-element-786180 color-scheme-dark\" data-id=\"786180\" data-element_type=\"column\">\n\t\t\t<div class=\"elementor-widget-wrap elementor-element-populated\">\n\t\t\t\t\t\t\t\t<div class=\"elementor-element elementor-element-0de5e50 elementor-widget elementor-widget-wd_title\" data-id=\"0de5e50\" data-element_type=\"widget\" data-widget_type=\"wd_title.default\">\n\t\t\t\t<div class=\"elementor-widget-container\">\n\t\t\t\t\t<div class=\"title-wrapper woodmart-title-color-default woodmart-title-style-default woodmart-title-size-large text-center\">\n\n\t\t\t\n\t\t\t<div class=\"liner-continer\">\n\t\t\t\t<span class=\"left-line\"><\/span>\n\n\t\t\t\t<h4 class=\"woodmart-title-container title wd-underline-colored\">\n\t\t\t\t\tRandevu Talep Et\t\t\t\t<\/h4>\n\n\t\t\t\t\n\t\t\t\t<span class=\"right-line\"><\/span>\n\t\t\t<\/div>\n\n\t\t\t\t\t<\/div>\n\t\t\t\t<\/div>\n\t\t\t\t<\/div>\n\t\t\t\t<div class=\"elementor-element elementor-element-7f83964 color-scheme-inherit text-left elementor-widget elementor-widget-text-editor\" data-id=\"7f83964\" data-element_type=\"widget\" data-widget_type=\"text-editor.default\">\n\t\t\t\t<div class=\"elementor-widget-container\">\n\t\t\t\t\t\t\t\t<p>Bilgilerinizi bize g\u00f6nderin. Sizi aray\u0131p randevunuzu ayarlayal\u0131m !<\/p>\t\t\t\t\t\t<\/div>\n\t\t\t\t<\/div>\n\t\t\t\t<section class=\"elementor-section elementor-inner-section elementor-element elementor-element-3b4ad17 elementor-section-boxed elementor-section-height-default elementor-section-height-default wd-section-disabled\" data-id=\"3b4ad17\" data-element_type=\"section\">\n\t\t\t\t\t\t<div class=\"elementor-container elementor-column-gap-default\">\n\t\t\t\t\t<div class=\"elementor-column elementor-col-33 elementor-inner-column elementor-element elementor-element-1297f45\" data-id=\"1297f45\" data-element_type=\"column\">\n\t\t\t<div class=\"elementor-widget-wrap\">\n\t\t\t\t\t\t\t\t\t<\/div>\n\t\t<\/div>\n\t\t\t\t<div class=\"elementor-column elementor-col-33 elementor-inner-column elementor-element elementor-element-ceaf1cb\" data-id=\"ceaf1cb\" data-element_type=\"column\">\n\t\t\t<div class=\"elementor-widget-wrap elementor-element-populated\">\n\t\t\t\t\t\t\t\t<div class=\"elementor-element elementor-element-bc5cfc8 color-scheme-inherit text-left elementor-widget elementor-widget-text-editor\" data-id=\"bc5cfc8\" data-element_type=\"widget\" data-widget_type=\"text-editor.default\">\n\t\t\t\t<div class=\"elementor-widget-container\">\n\t\t\t\t\t\t\t\t<div role=\"form\" class=\"wpcf7\" id=\"wpcf7-f9402-o1\" lang=\"en-US\" dir=\"ltr\">\n<div class=\"screen-reader-response\"><p role=\"status\" aria-live=\"polite\" aria-atomic=\"true\"><\/p> <ul><\/ul><\/div>\n<form action=\"\/tr\/wp-json\/wp\/v2\/pages\/11829#wpcf7-f9402-o1\" method=\"post\" class=\"wpcf7-form init\" novalidate=\"novalidate\" data-status=\"init\">\n<div style=\"display: none;\">\n<input type=\"hidden\" name=\"_wpcf7\" value=\"9402\" \/>\n<input type=\"hidden\" name=\"_wpcf7_version\" value=\"5.4.1\" \/>\n<input type=\"hidden\" name=\"_wpcf7_locale\" value=\"en_US\" \/>\n<input type=\"hidden\" name=\"_wpcf7_unit_tag\" value=\"wpcf7-f9402-o1\" \/>\n<input type=\"hidden\" name=\"_wpcf7_container_post\" value=\"0\" \/>\n<input type=\"hidden\" name=\"_wpcf7_posted_data_hash\" value=\"\" \/>\n<\/div>\n<div class=\"row\">\n<div class=\"col-lg\">\n<p><span class=\"wpcf7-form-control-wrap adi\"><input type=\"text\" name=\"adi\" value=\"\" size=\"40\" class=\"wpcf7-form-control wpcf7-text wpcf7-validates-as-required\" aria-required=\"true\" aria-invalid=\"false\" placeholder=\"Ad\" \/><\/span><\/p>\n<\/div>\n<div class=\"col-lg\">\n<p><span class=\"wpcf7-form-control-wrap telefon\"><input type=\"text\" name=\"telefon\" value=\"\" size=\"40\" class=\"wpcf7-form-control wpcf7-text wpcf7-validates-as-required\" aria-required=\"true\" aria-invalid=\"false\" placeholder=\"Telefon Numaran\u0131z\" \/><\/span><\/p>\n<\/div>\n<div class=\"col-lg\">\n<p><span class=\"wpcf7-form-control-wrap mail\"><input type=\"text\" name=\"mail\" value=\"\" size=\"40\" class=\"wpcf7-form-control wpcf7-text\" aria-invalid=\"false\" placeholder=\"E-Mail\" \/><\/span><\/p>\n<\/div>\n<div class=\"col-lg-auto\">\n<p><input type=\"submit\" value=\"Form G\u00f6nder\" class=\"wpcf7-form-control wpcf7-submit btn btn-color-primary\" \/><\/p>\n<\/div>\n<\/div>\n<div class=\"wpcf7-response-output\" aria-hidden=\"true\"><\/div><\/form><\/div>\t\t\t\t\t\t<\/div>\n\t\t\t\t<\/div>\n\t\t\t\t\t<\/div>\n\t\t<\/div>\n\t\t\t\t<div class=\"elementor-column elementor-col-33 elementor-inner-column elementor-element elementor-element-c44b51d\" data-id=\"c44b51d\" data-element_type=\"column\">\n\t\t\t<div class=\"elementor-widget-wrap\">\n\t\t\t\t\t\t\t\t\t<\/div>\n\t\t<\/div>\n\t\t\t\t\t\t\t<\/div>\n\t\t<\/section>\n\t\t\t\t\t<\/div>\n\t\t<\/div>\n\t\t\t\t\t\t\t<\/div>\n\t\t<\/section>\n\t\t\t\t<section class=\"elementor-section elementor-top-section elementor-element elementor-element-7db5a3a elementor-section-stretched elementor-section-boxed elementor-section-height-default elementor-section-height-default wd-section-disabled\" data-id=\"7db5a3a\" data-element_type=\"section\" data-settings=\"{&quot;stretch_section&quot;:&quot;section-stretched&quot;,&quot;background_background&quot;:&quot;classic&quot;}\">\n\t\t\t\t\t\t<div class=\"elementor-container elementor-column-gap-default\">\n\t\t\t\t\t<div class=\"elementor-column elementor-col-100 elementor-top-column elementor-element elementor-element-a8be6cd color-scheme-dark\" data-id=\"a8be6cd\" data-element_type=\"column\">\n\t\t\t<div class=\"elementor-widget-wrap elementor-element-populated\">\n\t\t\t\t\t\t\t\t<div class=\"elementor-element elementor-element-f3b3264 color-scheme-inherit text-left elementor-widget elementor-widget-text-editor\" data-id=\"f3b3264\" data-element_type=\"widget\" data-widget_type=\"text-editor.default\">\n\t\t\t\t<div class=\"elementor-widget-container\">\n\t\t\t\t\t\t\t\t<h3><strong> Kulak Esteti\u011fi Ameliyat\u0131 Nas\u0131l Yap\u0131l\u0131r?<\/strong><\/h3><p>Genel veya lokal anestezi alt\u0131nda kulaklardan birine veya her ikisine de yap\u0131labilen kulak esteti\u011fi ameliyat\u0131nda kulak arkas\u0131ndan kesi yap\u0131l\u0131r. \u00a0Kula\u011f\u0131n \u015feklini bozan k\u0131k\u0131rdak yap\u0131s\u0131na kulak arkas\u0131ndan yap\u0131lan kesi ile ula\u015f\u0131l\u0131r ve kulak k\u0131k\u0131rd\u0131lmas\u0131n\u0131n fazla k\u0131s\u0131mlar\u0131 \u00e7\u0131kar\u0131l\u0131r, dikilir ve kula\u011fa yeni \u015fekil verilir B\u00f6lge sterilize edilir, kulaklar bandajlan\u0131r ve kep\u00e7e kulak ameliyat\u0131ndan sonra operasyon sonland\u0131r\u0131l\u0131r.<\/p><p>Otoplasti s\u0131ras\u0131nda sadece kep\u00e7e kulak problemi \u00e7\u00f6z\u00fclemez; kulaklar\u0131n \u015fekilleri birbiriyle uyumlu olacak \u015fekilde yeniden yap\u0131land\u0131r\u0131labilir, b\u00fcy\u00fck kulaklardaki fazla deri ve k\u0131k\u0131rdak \u00e7\u0131kar\u0131labilir veya kulak lobu \u015fekillendirilebilir.<\/p><p>Kulak esteti\u011fi sonras\u0131 en uygun, do\u011fal ve ki\u015finin g\u00f6r\u00fcn\u00fcm\u00fcn\u00fc iyile\u015ftirecek kulak \u015fekline ula\u015f\u0131lmas\u0131 hedeflenmektedir.<\/p><h3><strong>Estetik Cerrahi Sonras\u0131<\/strong><\/h3><p>Minimal invaziv bir teknikle yap\u0131lan otoplastiden sonra ortalama 1 hafta i\u00e7inde hasta g\u00fcnl\u00fck hayat\u0131na d\u00f6nebilir. \u00a0\u0130yile\u015fme s\u00fcreci olduk\u00e7a h\u0131zl\u0131d\u0131r, ancak enfeksiyonu \u00f6nlemek i\u00e7in bandajlar\u0131n uzman cerrahlar taraf\u0131ndan \u00f6nerilen \u015fekilde belirlenen saat dilimlerinde yenilenmesi \u00f6nemlidir.<\/p>\t\t\t\t\t\t<\/div>\n\t\t\t\t<\/div>\n\t\t\t\t\t<\/div>\n\t\t<\/div>\n\t\t\t\t\t\t\t<\/div>\n\t\t<\/section>\n\t\t\t\t<section class=\"elementor-section elementor-top-section elementor-element elementor-element-e9a5845 elementor-section-content-middle elementor-section-stretched elementor-section-boxed elementor-section-height-default elementor-section-height-default wd-section-disabled\" data-id=\"e9a5845\" data-element_type=\"section\" data-settings=\"{&quot;stretch_section&quot;:&quot;section-stretched&quot;,&quot;background_background&quot;:&quot;classic&quot;}\">\n\t\t\t\t\t\t<div class=\"elementor-container elementor-column-gap-extended\">\n\t\t\t\t\t<div class=\"elementor-column elementor-col-100 elementor-top-column elementor-element elementor-element-ece56e4 color-scheme-dark\" data-id=\"ece56e4\" data-element_type=\"column\">\n\t\t\t<div class=\"elementor-widget-wrap elementor-element-populated\">\n\t\t\t\t\t\t\t\t<div class=\"elementor-element elementor-element-d2373de color-scheme-inherit text-left elementor-widget elementor-widget-text-editor\" data-id=\"d2373de\" data-element_type=\"widget\" data-widget_type=\"text-editor.default\">\n\t\t\t\t<div class=\"elementor-widget-container\">\n\t\t\t\t\t\t\t\t<h3><strong>Kulak Esteti\u011finin \u00d6nemi<\/strong><\/h3><p>Kulaklar\u0131nda \u015fekil bozukluklar\u0131 olan insanlar g\u00f6r\u00fcn\u00fc\u015flerinden psikolojik olarak rahats\u0131z hissederler. \u00d6zellikle \u00e7ocukluk d\u00f6nemlerinde okul hayatlar\u0131n\u0131n ba\u015flamas\u0131yla alayc\u0131 s\u00f6ylemlerle kar\u015f\u0131la\u015f\u0131yorlar. Bu nedenle kep\u00e7e kulak ameliyat\u0131n\u0131n kulak geli\u015fimi tamamland\u0131\u011f\u0131nda 5 ila 6 ya\u015flar\u0131nda yap\u0131lmas\u0131 \u00f6nerilir. Akranlar\u0131 istemsizce alayc\u0131 s\u00f6zler s\u00f6ylediklerinde, kep\u00e7e kulak sorunu ya\u015fayan \u00e7ocuklar\u0131n t\u00fcm ya\u015famlar\u0131n\u0131 derinden etkileyebilir. \u00a0Tedavi edilmezse \u00f6zg\u00fcven kayb\u0131na ve sosyal hayattan yabanc\u0131la\u015fmaya yol a\u00e7abilen bu sorun, \u00e7ocu\u011fun okul hayat\u0131na ba\u015flamadan \u00e7\u00f6z\u00fclmesi halinde psikolojik olarak zarar g\u00f6rmesine engel olur.<\/p><p>Kulak esteti\u011fi ameliyat\u0131 yeti\u015fkinlere de uygulanabilir. Ayr\u0131ca, g\u00f6r\u00fcn\u00fc\u015flerini iyile\u015ftirmek ve y\u0131llard\u0131r onlar\u0131 rahats\u0131z eden kulak yap\u0131s\u0131yla sorunlardan kurtulmak isteyen yeti\u015fkinlerin ya\u015famlar\u0131n\u0131 \u00f6nemli \u00f6l\u00e7\u00fcde iyile\u015ftirir. \u00d6zg\u00fcven kazan\u0131rlar ve b\u00f6ylece hem i\u015f hayatlar\u0131nda hem de sosyal ya\u015famlar\u0131nda daha ba\u015far\u0131l\u0131 olabilirler.<\/p><h3><strong>Cerrahi Olmayan Kep\u00e7e Kulak Esteti\u011fi<\/strong><\/h3><p>T\u0131bbi teknolojilerin ilerlemesi ve yeni uygulamalar\u0131n ortaya \u00e7\u0131kmas\u0131yla birlikte, kep\u00e7e kulak sorunu ya\u015fayanlara yeni bir alternatif sunulmu\u015ft\u0131r. Herhangi bir cerrahi m\u00fcdahale yap\u0131lmadan ger\u00e7ekle\u015ftirilen &#8220;Kesisiz kep\u00e7e kulak esteti\u011fi&#8221;, kulak deformasyonu fazla olmayan ki\u015filer taraf\u0131ndan tercih edilir. \u00a0G\u00f6r\u00fcnmez diki\u015f ile kula\u011f\u0131n k\u0131k\u0131rdaklar\u0131n\u0131n kulak arkas\u0131ndan gerilmesi yap\u0131lan bu i\u015flem \u00e7ocukluk d\u00f6neminde yap\u0131l\u0131rken daha etkilidir.<\/p>\t\t\t\t\t\t<\/div>\n\t\t\t\t<\/div>\n\t\t\t\t\t<\/div>\n\t\t<\/div>\n\t\t\t\t\t\t\t<\/div>\n\t\t<\/section>\n\t\t\t\t\t\t<\/div>\n\t\t\t\t\t<\/div>\n\t\t","protected":false},"excerpt":{"rendered":"<p>Otoplasti (Kulak Cerrahisi) Kulaklar\u0131n g\u00f6r\u00fcn\u00fcm\u00fc t\u00fcm y\u00fcz esteti\u011fi i\u00e7in \u00f6nemlidir. Kep\u00e7e kulaklar baz\u0131 toplumlarda g\u00fczelli\u011fin bir i\u015fareti olarak kabul edilir,<\/p>\n","protected":false},"author":1,"featured_media":0,"parent":0,"menu_order":0,"comment_status":"closed","ping_status":"closed","template":"","meta":{"_monsterinsights_skip_tracking":false,"_monsterinsights_sitenote_active":false,"_monsterinsights_sitenote_note":"","_monsterinsights_sitenote_category":0,"footnotes":""},"class_list":["post-11829","page","type-page","status-publish","hentry"],"_links":{"self":[{"href":"https:\/\/mahmutnurikaratoprak.com\/tr\/wp-json\/wp\/v2\/pages\/11829","targetHints":{"allow":["GET"]}}],"collection":[{"href":"https:\/\/mahmutnurikaratoprak.com\/tr\/wp-json\/wp\/v2\/pages"}],"about":[{"href":"https:\/\/mahmutnurikaratoprak.com\/tr\/wp-json\/wp\/v2\/types\/page"}],"author":[{"embeddable":true,"href":"https:\/\/mahmutnurikaratoprak.com\/tr\/wp-json\/wp\/v2\/users\/1"}],"replies":[{"embeddable":true,"href":"https:\/\/mahmutnurikaratoprak.com\/tr\/wp-json\/wp\/v2\/comments?post=11829"}],"version-history":[{"count":20,"href":"https:\/\/mahmutnurikaratoprak.com\/tr\/wp-json\/wp\/v2\/pages\/11829\/revisions"}],"predecessor-version":[{"id":12569,"href":"https:\/\/mahmutnurikaratoprak.com\/tr\/wp-json\/wp\/v2\/pages\/11829\/revisions\/12569"}],"wp:attachment":[{"href":"https:\/\/mahmutnurikaratoprak.com\/tr\/wp-json\/wp\/v2\/media?parent=11829"}],"curies":[{"name":"wp","href":"https:\/\/api.w.org\/{rel}","templated":true}]}}