{"id":11830,"date":"2021-06-02T11:54:19","date_gmt":"2021-06-02T08:54:19","guid":{"rendered":"https:\/\/mahmutnurikaratoprak.com\/tr\/?page_id=11830"},"modified":"2021-07-30T14:14:58","modified_gmt":"2021-07-30T11:14:58","slug":"goz-kapagi-estetigi","status":"publish","type":"page","link":"https:\/\/mahmutnurikaratoprak.com\/tr\/goz-kapagi-estetigi","title":{"rendered":"G\u00f6z Kapa\u011f\u0131 Esteti\u011fi"},"content":{"rendered":"\t\t<div data-elementor-type=\"wp-page\" data-elementor-id=\"11830\" class=\"elementor elementor-11830\" data-elementor-settings=\"[]\">\n\t\t\t\t\t\t\t<div class=\"elementor-section-wrap\">\n\t\t\t\t\t\t\t<section class=\"elementor-section elementor-top-section elementor-element elementor-element-e9a5845 elementor-section-content-middle elementor-section-stretched elementor-section-boxed elementor-section-height-default elementor-section-height-default wd-section-disabled\" data-id=\"e9a5845\" data-element_type=\"section\" data-settings=\"{&quot;stretch_section&quot;:&quot;section-stretched&quot;,&quot;background_background&quot;:&quot;classic&quot;}\">\n\t\t\t\t\t\t<div class=\"elementor-container elementor-column-gap-extended\">\n\t\t\t\t\t<div class=\"elementor-column elementor-col-100 elementor-top-column elementor-element elementor-element-ece56e4 color-scheme-dark\" data-id=\"ece56e4\" data-element_type=\"column\">\n\t\t\t<div class=\"elementor-widget-wrap elementor-element-populated\">\n\t\t\t\t\t\t\t\t<div class=\"elementor-element elementor-element-99c18ce elementor-widget elementor-widget-wd_title\" data-id=\"99c18ce\" data-element_type=\"widget\" data-widget_type=\"wd_title.default\">\n\t\t\t\t<div class=\"elementor-widget-container\">\n\t\t\t\t\t<div class=\"title-wrapper woodmart-title-color-default woodmart-title-style-default woodmart-title-size-large text-left\">\n\n\t\t\t\n\t\t\t<div class=\"liner-continer\">\n\t\t\t\t<span class=\"left-line\"><\/span>\n\n\t\t\t\t<h4 class=\"woodmart-title-container title wd-underline-colored\">\n\t\t\t\t\tG\u00f6z Kapa\u011f\u0131 Esteti\u011fi\t\t\t\t<\/h4>\n\n\t\t\t\t\n\t\t\t\t<span class=\"right-line\"><\/span>\n\t\t\t<\/div>\n\n\t\t\t\t\t<\/div>\n\t\t\t\t<\/div>\n\t\t\t\t<\/div>\n\t\t\t\t<div class=\"elementor-element elementor-element-0de72b9 elementor-widget elementor-widget-spacer\" data-id=\"0de72b9\" data-element_type=\"widget\" data-widget_type=\"spacer.default\">\n\t\t\t\t<div class=\"elementor-widget-container\">\n\t\t\t\t\t<div class=\"elementor-spacer\">\n\t\t\t<div class=\"elementor-spacer-inner\"><\/div>\n\t\t<\/div>\n\t\t\t\t<\/div>\n\t\t\t\t<\/div>\n\t\t\t\t<div class=\"elementor-element elementor-element-d2373de color-scheme-inherit text-left elementor-widget elementor-widget-text-editor\" data-id=\"d2373de\" data-element_type=\"widget\" data-widget_type=\"text-editor.default\">\n\t\t\t\t<div class=\"elementor-widget-container\">\n\t\t\t\t\t\t\t\t<p><strong>Genel Bak\u0131\u015f<\/strong><\/p><p>Cilt, g\u00f6z \u00e7evremizdeki kaslar ve destekleyici dokular g\u00f6z kapaklar\u0131n\u0131n sarkmas\u0131n\u0131 \u00f6nlemek i\u00e7in sorumlu fakt\u00f6rlerdir. Ya\u015fland\u0131k\u00e7a cilt elastikiyetini kaybeder ve kaslar ve destekleyici dokular zay\u0131flar, bu da \u00fcst g\u00f6z kapa\u011f\u0131nda sarkma ve sarkma ve alt g\u00f6z kapa\u011f\u0131nda g\u00f6z alt\u0131 torbalar\u0131na e\u015flik eder. G\u00f6z kapaklar\u0131ndaki bu yap\u0131sal de\u011fi\u015fiklikler yorgun ve ya\u015fl\u0131 bir y\u00fcz g\u00f6r\u00fcn\u00fcm\u00fcne neden olur. G\u00f6z kapa\u011f\u0131 ameliyat\u0131 (blefaroplasti olarak da bilinir) genellikle kozmetik nedenlerle yap\u0131l\u0131r. Bu ameliyat \u00f6zellikle \u00fcst g\u00f6z kapaklar\u0131nda sarkma olan hastalarda ba\u015far\u0131l\u0131 sonu\u00e7lar vermektedir. G\u00f6z kapa\u011f\u0131ndaki sarkma \u015fiddetli oldu\u011funda g\u00f6rme sorunlar\u0131na da neden olabilir. G\u00f6z kapa\u011f\u0131 ameliyatlar\u0131 g\u00f6z alt\u0131 koyu renk de\u011fi\u015fikli\u011fine ve g\u00f6z alt\u0131 k\u0131r\u0131\u015f\u0131kl\u0131klar\u0131na (kaz ayaklar\u0131) yard\u0131mc\u0131 olmaz. G\u00f6z kapa\u011f\u0131 ameliyatlar\u0131 genellikle lazerle yeniden ortaya \u00e7\u0131karmak, dolgu enjeksiyonlar\u0131 veya al\u0131n germe gibi di\u011fer i\u015flemlerin bir par\u00e7as\u0131 olarak birle\u015ftirilir veya yap\u0131l\u0131r. G\u00f6z kapa\u011f\u0131 ameliyat\u0131 olmak istiyorsan\u0131z, teknikler, beklentiler, g\u00f6z kapa\u011f\u0131 ameliyat\u0131n\u0131 kontrendike olan durumlar ve potansiyel riskler i\u00e7in l\u00fctfen plastik cerrahlar\u0131m\u0131za dan\u0131\u015f\u0131n.<\/p><p><strong>G\u00f6z Kapa\u011f\u0131 Ameliyat\u0131 \u0130\u015flemi Neden Yap\u0131l\u0131r?<\/strong><\/p><p>Ya\u015flanma g\u00f6z kapaklar\u0131n\u0131n derisinde elastikiyet kayb\u0131na neden olur ve kaslar\u0131n ve destekleyici dokular\u0131n zay\u0131flamas\u0131 e\u015flik etti\u011finde yer\u00e7ekimi kuvveti g\u00f6z kapaklar\u0131n\u0131 sark\u0131r. \u00dcst ve alt g\u00f6z kapaklar\u0131nda ekstra cilt k\u0131vr\u0131mlar\u0131 geli\u015fir. G\u00f6z kapa\u011f\u0131 ameliyat\u0131 i\u00e7in en iyi adaylar, genel sa\u011fl\u0131\u011f\u0131 iyi ve ger\u00e7ek\u00e7i beklentileri olan ki\u015filerdir. Bu ameliyat daha \u00e7ok orta ya\u015fl\u0131 ve ya\u015fl\u0131 ki\u015filer taraf\u0131ndan tercih edilir. Ancak t\u0131bbi ihtiya\u00e7lar nedeniyle gen\u00e7 hastalarda yap\u0131labiliyor. G\u00f6z kapa\u011f\u0131 ameliyat\u0131, g\u00f6zlerinizin g\u00f6r\u00fcn\u00fcm\u00fcn\u00fc iyile\u015ftirerek \u00f6zg\u00fcveninizi art\u0131rabilir. \u00dcst g\u00f6z kapaklar\u0131 \u00fczerindeki etkileri genellikle uzun s\u00fcreli olsa da, ya\u015flanmaya ba\u011fl\u0131 olarak gelecekte sarkmalar fark edebilirsiniz. Ancak alt g\u00f6z kapaklar\u0131 i\u00e7in ameliyat nadiren tekrarlan\u0131r. En ger\u00e7ek\u00e7i ve tatmin edici sonu\u00e7lar elde etmek i\u00e7in g\u00f6z kapa\u011f\u0131 ameliyat\u0131n\u0131n amac\u0131n\u0131 plastik cerrah\u0131m\u0131zla tart\u0131\u015fmal\u0131s\u0131n\u0131z.<\/p>\t\t\t\t\t\t<\/div>\n\t\t\t\t<\/div>\n\t\t\t\t\t<\/div>\n\t\t<\/div>\n\t\t\t\t\t\t\t<\/div>\n\t\t<\/section>\n\t\t\t\t<section class=\"elementor-section elementor-top-section elementor-element elementor-element-98a31cc elementor-section-stretched elementor-section-boxed elementor-section-height-default elementor-section-height-default wd-section-disabled\" data-id=\"98a31cc\" data-element_type=\"section\" data-settings=\"{&quot;stretch_section&quot;:&quot;section-stretched&quot;,&quot;background_background&quot;:&quot;classic&quot;}\">\n\t\t\t\t\t\t<div class=\"elementor-container elementor-column-gap-default\">\n\t\t\t\t\t<div class=\"elementor-column elementor-col-50 elementor-top-column elementor-element elementor-element-a5ecceb color-scheme-dark\" data-id=\"a5ecceb\" data-element_type=\"column\">\n\t\t\t<div class=\"elementor-widget-wrap elementor-element-populated\">\n\t\t\t\t\t\t\t\t<div class=\"elementor-element elementor-element-a5a0bb3 color-scheme-inherit text-left elementor-widget elementor-widget-text-editor\" data-id=\"a5a0bb3\" data-element_type=\"widget\" data-widget_type=\"text-editor.default\">\n\t\t\t\t<div class=\"elementor-widget-container\">\n\t\t\t\t\t\t\t\t<p><strong>Risk<\/strong><\/p><p>G\u00f6z kapa\u011f\u0131 ameliyat\u0131nda potansiyel komplikasyonlar \u00e7ok nadirdir. Bu riskler \u015funlard\u0131r:<\/p><p>&#8211; Kanama<\/p><p>&#8211; Enfeksiyon<\/p><p>&#8211; G\u00f6z kurulu\u011fu<\/p><p>&#8211; G\u00f6z kapaklar\u0131n\u0131n derisinde koyu renk de\u011fi\u015fikli\u011fi veya anormal skar olu\u015fumu<\/p><p>&#8211; G\u00f6zleri veya di\u011fer anormallikleri kapatma zorlu\u011fu<\/p><p>&#8211; G\u00f6rsel sorunlar<\/p><p>&#8211; Anesteziye ba\u011fl\u0131 komplikasyonlar<\/p><p>Modern t\u0131bb\u0131n izin verdi\u011fi t\u00fcm olas\u0131 \u00f6nlemler risklerin olu\u015fmas\u0131n\u0131 \u00f6nlemek i\u00e7in al\u0131nsa da, risklerin tamamen ortadan kald\u0131r\u0131laca\u011f\u0131n\u0131 garanti etmek m\u00fcmk\u00fcn de\u011fildir.<\/p><p>Uzman cerrahi ekibimiz komplikasyon riskini en aza indirmek i\u00e7in t\u00fcm uygulamalar\u0131 kullanacak ve plastik cerrahlar\u0131m\u0131z yukar\u0131da listelenen riskler ve di\u011fer t\u00fcm olas\u0131 komplikasyonlar hakk\u0131nda sizi \u00f6nceden bilgilendirecek ve t\u00fcm endi\u015felerinizi giderecektir.<\/p>\t\t\t\t\t\t<\/div>\n\t\t\t\t<\/div>\n\t\t\t\t\t<\/div>\n\t\t<\/div>\n\t\t\t\t<div class=\"elementor-column elementor-col-50 elementor-top-column elementor-element elementor-element-d8af63b\" data-id=\"d8af63b\" data-element_type=\"column\">\n\t\t\t<div class=\"elementor-widget-wrap elementor-element-populated\">\n\t\t\t\t\t\t\t\t<div class=\"elementor-element elementor-element-9b3fe7c elementor-widget elementor-widget-image\" data-id=\"9b3fe7c\" data-element_type=\"widget\" data-widget_type=\"image.default\">\n\t\t\t\t<div class=\"elementor-widget-container\">\n\t\t\t\t\t\t\t\t\t\t\t\t\t\t\t<img loading=\"lazy\" decoding=\"async\" width=\"627\" height=\"586\" src=\"https:\/\/mahmutnurikaratoprak.com\/tr\/wp-content\/uploads\/2021\/06\/Basliksiz-1.jpg\" class=\"attachment-full size-full\" alt=\"\" srcset=\"https:\/\/mahmutnurikaratoprak.com\/tr\/wp-content\/uploads\/2021\/06\/Basliksiz-1.jpg 627w, https:\/\/mahmutnurikaratoprak.com\/tr\/wp-content\/uploads\/2021\/06\/Basliksiz-1-300x280.jpg 300w\" sizes=\"auto, (max-width: 627px) 100vw, 627px\" \/>\t\t\t\t\t\t\t\t\t\t\t\t\t\t\t<\/div>\n\t\t\t\t<\/div>\n\t\t\t\t\t<\/div>\n\t\t<\/div>\n\t\t\t\t\t\t\t<\/div>\n\t\t<\/section>\n\t\t\t\t<section class=\"elementor-section elementor-top-section elementor-element elementor-element-7978624 elementor-section-content-middle elementor-section-stretched elementor-section-boxed elementor-section-height-default elementor-section-height-default wd-section-disabled\" data-id=\"7978624\" data-element_type=\"section\" data-settings=\"{&quot;stretch_section&quot;:&quot;section-stretched&quot;,&quot;background_background&quot;:&quot;classic&quot;}\">\n\t\t\t\t\t\t<div class=\"elementor-container elementor-column-gap-extended\">\n\t\t\t\t\t<div class=\"elementor-column elementor-col-100 elementor-top-column elementor-element elementor-element-786180 color-scheme-dark\" data-id=\"786180\" data-element_type=\"column\">\n\t\t\t<div class=\"elementor-widget-wrap elementor-element-populated\">\n\t\t\t\t\t\t\t\t<div class=\"elementor-element elementor-element-0de5e50 elementor-widget elementor-widget-wd_title\" data-id=\"0de5e50\" data-element_type=\"widget\" data-widget_type=\"wd_title.default\">\n\t\t\t\t<div class=\"elementor-widget-container\">\n\t\t\t\t\t<div class=\"title-wrapper woodmart-title-color-default woodmart-title-style-default woodmart-title-size-large text-center\">\n\n\t\t\t\n\t\t\t<div class=\"liner-continer\">\n\t\t\t\t<span class=\"left-line\"><\/span>\n\n\t\t\t\t<h4 class=\"woodmart-title-container title wd-underline-colored\">\n\t\t\t\t\tRandevu Talep Et\t\t\t\t<\/h4>\n\n\t\t\t\t\n\t\t\t\t<span class=\"right-line\"><\/span>\n\t\t\t<\/div>\n\n\t\t\t\t\t<\/div>\n\t\t\t\t<\/div>\n\t\t\t\t<\/div>\n\t\t\t\t<div class=\"elementor-element elementor-element-7f83964 color-scheme-inherit text-left elementor-widget elementor-widget-text-editor\" data-id=\"7f83964\" data-element_type=\"widget\" data-widget_type=\"text-editor.default\">\n\t\t\t\t<div class=\"elementor-widget-container\">\n\t\t\t\t\t\t\t\t<p>Bilgilerinizi bize g\u00f6nderin. Sizi aray\u0131p randevunuzu ayarlayal\u0131m !<\/p>\t\t\t\t\t\t<\/div>\n\t\t\t\t<\/div>\n\t\t\t\t<section class=\"elementor-section elementor-inner-section elementor-element elementor-element-3b4ad17 elementor-section-boxed elementor-section-height-default elementor-section-height-default wd-section-disabled\" data-id=\"3b4ad17\" data-element_type=\"section\">\n\t\t\t\t\t\t<div class=\"elementor-container elementor-column-gap-default\">\n\t\t\t\t\t<div class=\"elementor-column elementor-col-33 elementor-inner-column elementor-element elementor-element-1297f45\" data-id=\"1297f45\" data-element_type=\"column\">\n\t\t\t<div class=\"elementor-widget-wrap\">\n\t\t\t\t\t\t\t\t\t<\/div>\n\t\t<\/div>\n\t\t\t\t<div class=\"elementor-column elementor-col-33 elementor-inner-column elementor-element elementor-element-ceaf1cb\" data-id=\"ceaf1cb\" data-element_type=\"column\">\n\t\t\t<div class=\"elementor-widget-wrap elementor-element-populated\">\n\t\t\t\t\t\t\t\t<div class=\"elementor-element elementor-element-bc5cfc8 color-scheme-inherit text-left elementor-widget elementor-widget-text-editor\" data-id=\"bc5cfc8\" data-element_type=\"widget\" data-widget_type=\"text-editor.default\">\n\t\t\t\t<div class=\"elementor-widget-container\">\n\t\t\t\t\t\t\t\t<div role=\"form\" class=\"wpcf7\" id=\"wpcf7-f9402-o1\" lang=\"en-US\" dir=\"ltr\">\n<div class=\"screen-reader-response\"><p role=\"status\" aria-live=\"polite\" aria-atomic=\"true\"><\/p> <ul><\/ul><\/div>\n<form action=\"\/tr\/wp-json\/wp\/v2\/pages\/11830#wpcf7-f9402-o1\" method=\"post\" class=\"wpcf7-form init\" novalidate=\"novalidate\" data-status=\"init\">\n<div style=\"display: none;\">\n<input type=\"hidden\" name=\"_wpcf7\" value=\"9402\" \/>\n<input type=\"hidden\" name=\"_wpcf7_version\" value=\"5.4.1\" \/>\n<input type=\"hidden\" name=\"_wpcf7_locale\" value=\"en_US\" \/>\n<input type=\"hidden\" name=\"_wpcf7_unit_tag\" value=\"wpcf7-f9402-o1\" \/>\n<input type=\"hidden\" name=\"_wpcf7_container_post\" value=\"0\" \/>\n<input type=\"hidden\" name=\"_wpcf7_posted_data_hash\" value=\"\" \/>\n<\/div>\n<div class=\"row\">\n<div class=\"col-lg\">\n<p><span class=\"wpcf7-form-control-wrap adi\"><input type=\"text\" name=\"adi\" value=\"\" size=\"40\" class=\"wpcf7-form-control wpcf7-text wpcf7-validates-as-required\" aria-required=\"true\" aria-invalid=\"false\" placeholder=\"Ad\" \/><\/span><\/p>\n<\/div>\n<div class=\"col-lg\">\n<p><span class=\"wpcf7-form-control-wrap telefon\"><input type=\"text\" name=\"telefon\" value=\"\" size=\"40\" class=\"wpcf7-form-control wpcf7-text wpcf7-validates-as-required\" aria-required=\"true\" aria-invalid=\"false\" placeholder=\"Telefon Numaran\u0131z\" \/><\/span><\/p>\n<\/div>\n<div class=\"col-lg\">\n<p><span class=\"wpcf7-form-control-wrap mail\"><input type=\"text\" name=\"mail\" value=\"\" size=\"40\" class=\"wpcf7-form-control wpcf7-text\" aria-invalid=\"false\" placeholder=\"E-Mail\" \/><\/span><\/p>\n<\/div>\n<div class=\"col-lg-auto\">\n<p><input type=\"submit\" value=\"Form G\u00f6nder\" class=\"wpcf7-form-control wpcf7-submit btn btn-color-primary\" \/><\/p>\n<\/div>\n<\/div>\n<div class=\"wpcf7-response-output\" aria-hidden=\"true\"><\/div><\/form><\/div>\t\t\t\t\t\t<\/div>\n\t\t\t\t<\/div>\n\t\t\t\t\t<\/div>\n\t\t<\/div>\n\t\t\t\t<div class=\"elementor-column elementor-col-33 elementor-inner-column elementor-element elementor-element-c44b51d\" data-id=\"c44b51d\" data-element_type=\"column\">\n\t\t\t<div class=\"elementor-widget-wrap\">\n\t\t\t\t\t\t\t\t\t<\/div>\n\t\t<\/div>\n\t\t\t\t\t\t\t<\/div>\n\t\t<\/section>\n\t\t\t\t\t<\/div>\n\t\t<\/div>\n\t\t\t\t\t\t\t<\/div>\n\t\t<\/section>\n\t\t\t\t<section class=\"elementor-section elementor-top-section elementor-element elementor-element-ca259a3 elementor-section-content-middle elementor-section-stretched elementor-section-boxed elementor-section-height-default elementor-section-height-default wd-section-disabled\" data-id=\"ca259a3\" data-element_type=\"section\" data-settings=\"{&quot;stretch_section&quot;:&quot;section-stretched&quot;,&quot;background_background&quot;:&quot;classic&quot;}\">\n\t\t\t\t\t\t<div class=\"elementor-container elementor-column-gap-extended\">\n\t\t\t\t\t<div class=\"elementor-column elementor-col-100 elementor-top-column elementor-element elementor-element-535ec85 color-scheme-dark\" data-id=\"535ec85\" data-element_type=\"column\">\n\t\t\t<div class=\"elementor-widget-wrap elementor-element-populated\">\n\t\t\t\t\t\t\t\t<div class=\"elementor-element elementor-element-8bd828f color-scheme-inherit text-left elementor-widget elementor-widget-text-editor\" data-id=\"8bd828f\" data-element_type=\"widget\" data-widget_type=\"text-editor.default\">\n\t\t\t\t<div class=\"elementor-widget-container\">\n\t\t\t\t\t\t\t\t<p>G\u00f6z kapa\u011f\u0131 ameliyat\u0131 olmaya karar verdikten ve plastik cerrahlar\u0131m\u0131zla tart\u0131\u015ft\u0131ktan sonra, sizin i\u00e7in bir se\u00e7enek olup olmad\u0131\u011f\u0131na karar vermek i\u00e7in a\u015fa\u011f\u0131daki muayeneler yap\u0131l\u0131r:<\/p><p>&#8211; Sa\u011fl\u0131k ge\u00e7mi\u015finin g\u00f6zden ge\u00e7irilmesi<\/p><p>&#8211; Detayl\u0131 bir fizik muayene<\/p><p>&#8211; Gerekli laboratuvar testleri ve radyoloji \u00e7al\u0131\u015fmalar\u0131<\/p><p>&#8211; Anestezi ile ilgili komplikasyonlar\u0131 en aza indirmek i\u00e7in anestezi uzman\u0131 ve di\u011fer laboratuvar testleri ve radyoloji \u00e7al\u0131\u015fmalar\u0131 taraf\u0131ndan de\u011ferlendirme<\/p><p>Ameliyat\u0131n risk olu\u015fturmad\u0131\u011f\u0131 do\u011fruland\u0131ktan sonra, sigara i\u00e7iyorsan\u0131z sigaray\u0131 b\u0131rakman\u0131z ve kanama riskini art\u0131ran baz\u0131 ila\u00e7lar\u0131 b\u0131rakman\u0131z istenecektir. Re\u00e7eteli ve re\u00e7etesiz kullan\u0131lan di\u011fer t\u00fcm ila\u00e7lar, bitkisel \u00fcr\u00fcnler ve takviyeler de sorgulanacak ve bunlar\u0131 almaya devam etmek veya durdurmak i\u00e7in bilgilendirileceksiniz.<\/p><p>Ayr\u0131ca ameliyattan \u00f6nce belirli bir zamanda yeme i\u00e7meyi b\u0131rakman\u0131z istenecek ve planlanan tarihte ameliyat olmak i\u00e7in bu talimata harfiyen uymal\u0131s\u0131n\u0131z.<\/p><p>G\u00f6z kapa\u011f\u0131 ameliyat\u0131ndan sonra bir refakat\u00e7iniz olmas\u0131 \u00f6nerilir. Ameliyattan sonra birka\u00e7 g\u00fcn boyunca i\u015f ve sosyal aktivitelerinizi s\u0131n\u0131rlaman\u0131z gerekecektir. Ayr\u0131ca, g\u00f6zlerinizi ovmaman\u0131z, a\u011f\u0131r i\u015flerden ka\u00e7\u0131nmaman\u0131z ve y\u00fczmemeniz, g\u00f6zlerinize so\u011fuk kompresyon uygulaman\u0131z ve doktorunuzun di\u011fer talimatlar\u0131na uyman\u0131z kesinlikle \u00f6nemlidir. Baz\u0131 hastalar ameliyattan sonra g\u00f6z kurulu\u011fu ya\u015farlar. Bu nadiren iki haftadan fazla s\u00fcrer. G\u00f6z kurulu\u011fu iki haftadan fazla devam ederse doktorunuza g\u00f6r\u00fcnmelisiniz.<\/p><p>Ayr\u0131ca ameliyat sonras\u0131 d\u00f6nemi daha iyi y\u00f6netebilmek i\u00e7in bu a\u015famada de\u015farj, taburcu sonras\u0131 konaklama ve seyahat planlar\u0131 yapmak mant\u0131kl\u0131d\u0131r.<\/p>\t\t\t\t\t\t<\/div>\n\t\t\t\t<\/div>\n\t\t\t\t\t<\/div>\n\t\t<\/div>\n\t\t\t\t\t\t\t<\/div>\n\t\t<\/section>\n\t\t\t\t<section class=\"elementor-section elementor-top-section elementor-element elementor-element-1ee516b elementor-section-content-middle elementor-section-stretched elementor-section-boxed elementor-section-height-default elementor-section-height-default wd-section-disabled\" data-id=\"1ee516b\" data-element_type=\"section\" data-settings=\"{&quot;stretch_section&quot;:&quot;section-stretched&quot;,&quot;background_background&quot;:&quot;classic&quot;}\">\n\t\t\t\t\t\t<div class=\"elementor-container elementor-column-gap-extended\">\n\t\t\t\t\t<div class=\"elementor-column elementor-col-100 elementor-top-column elementor-element elementor-element-c894971 color-scheme-dark\" data-id=\"c894971\" data-element_type=\"column\">\n\t\t\t<div class=\"elementor-widget-wrap elementor-element-populated\">\n\t\t\t\t\t\t\t\t<div class=\"elementor-element elementor-element-826c68a color-scheme-inherit text-left elementor-widget elementor-widget-text-editor\" data-id=\"826c68a\" data-element_type=\"widget\" data-widget_type=\"text-editor.default\">\n\t\t\t\t<div class=\"elementor-widget-container\">\n\t\t\t\t\t\t\t\t<p><strong>Saat ve Ameliyat Sonras\u0131 Erken D\u00f6nem<\/strong><\/p><p>Hem \u00fcst hem de alt g\u00f6z kapaklar\u0131 ameliyat edilirse, i\u015flem yakla\u015f\u0131k 2 saat s\u00fcrebilir. Operasyon sedasyon ile birlikte lokal anestezi alt\u0131nda ger\u00e7ekle\u015ftirilir. Plastik cerrah\u0131n\u0131z genellikle g\u00f6z kapaklar\u0131n\u0131zdaki do\u011fal cilt k\u0131vr\u0131mlar\u0131 veya k\u0131r\u0131\u015f\u0131kl\u0131klar\u0131 \u00fczerindeki kesileri yapar. Bir kesi yap\u0131ld\u0131ktan sonra fazla ya\u011f, doku ve kas \u00e7\u0131kar\u0131l\u0131r. Kozmetik sonu\u00e7lar\u0131 sa\u011flamak i\u00e7in kesi hatt\u0131na \u00e7ok k\u00fc\u00e7\u00fck diki\u015fler yerle\u015ftirilir. \u00dcst kapak \u00fczerine yerle\u015ftirilen diki\u015fler yakla\u015f\u0131k bir hafta kalacakt\u0131r. Alt g\u00f6z kapaklar\u0131 i\u00e7in tekni\u011fe ba\u011fl\u0131 olarak diki\u015f gerekmeyebilir.<\/p><p>Bu i\u015flemlerden herhangi birine sonra doktorunuz lazerle yeniden ortaya \u00e7\u0131karma \u00f6nerebilir. Ameliyattan sonra a\u011fr\u0131 hissedebilir ve g\u00f6z kapaklar\u0131n\u0131zda \u015fi\u015flik oldu\u011funu fark edebilirsiniz. Ya da b\u00f6lgenin derisinde morarmalar bile fark edebilirsiniz. Bunlar birka\u00e7 hafta i\u00e7inde kendili\u011finden kaybolacak beklenen semptomlard\u0131r. Kesi \u00e7izgisi boyunca olu\u015fan skar dokusu zamanla kaybolacakt\u0131r, ancak rengi asla cilt tonunuzla ayn\u0131 olmayacakt\u0131r. Her ne kadar minimum a\u011fr\u0131 hissedecek olsan\u0131z da, plastik cerrah\u0131n\u0131z a\u011fr\u0131y\u0131 y\u00f6netmek i\u00e7in a\u011fr\u0131 kesici haplar yazacakt\u0131r. Plastik cerrah\u0131n\u0131z emilemeyen diki\u015fler kulland\u0131ysa ve kesi hatt\u0131n\u0131n alt\u0131nda fazla s\u0131v\u0131 ve\/veya kan birikmesini \u00f6nlemek i\u00e7in bir drenaj yerle\u015ftirdiyse, doktorunuz size \u00e7\u0131kar\u0131lacaklar\u0131 tarihi (genellikle ilk ameliyat sonras\u0131 takip ziyareti) \u00f6\u011fretecektir.<\/p><p>Plastik cerrah\u0131n\u0131z, g\u00f6zlemlenmeniz mi yoksa hastanede kalman\u0131z m\u0131 gerekti\u011fini size bildirecektir. Anesteziden kurtulduktan ve y\u00fcr\u00fcmeye haz\u0131r olduktan sonra, sa\u011fl\u0131k \u00e7al\u0131\u015fanlar\u0131m\u0131z taraf\u0131ndan veya g\u00f6zetim alt\u0131nda seferber edileceksiniz. Taburcu olmadan \u00f6nce, plastik cerrah\u0131n\u0131z veya ba\u015fka bir sa\u011fl\u0131k uzman\u0131 dinlenmeniz gereken zaman aral\u0131\u011f\u0131 ve yorucu olmayan egzersizlere ba\u015flayabilece\u011finiz zaman hakk\u0131nda sizi bilgilendirecektir. Rutin g\u00fcnl\u00fck ya\u015fam aktivitelerine izin verilmesine ra\u011fmen, doktorunuz belirli bir s\u00fcre yorucu i\u015flerden ka\u00e7\u0131nman\u0131z\u0131 sa\u011flayacakt\u0131r. \u0130yile\u015fme d\u00f6nemini kolayla\u015ft\u0131rmak ve ameliyattan en iyi sonucu almak i\u00e7in bu talimatlar\u0131 takip etmek \u00f6nemli \u00f6l\u00e7\u00fcde \u00f6nemlidir. Bu nedenle, l\u00fctfen hastaneden ayr\u0131lmadan \u00f6nce t\u00fcm sorular\u0131n\u0131z\u0131 plastik cerrah\u0131n\u0131za sorun. Taburcu olmadan \u00f6nce planlanan takip ziyaretleri i\u00e7in plastik cerrah\u0131n\u0131z\u0131 ziyaret etmelisiniz. Kesi hatt\u0131n\u0131zda s\u0131cakl\u0131k ve k\u0131zar\u0131kl\u0131k ya\u015f\u0131yorsan\u0131z veya taburcu olduktan sonra ate\u015finiz veya ameliyata ba\u011fl\u0131 oldu\u011funu d\u00fc\u015f\u00fcnd\u00fc\u011f\u00fcn\u00fcz herhangi bir semptomunuz varsa hemen plastik cerrah\u0131n\u0131za ba\u015fvurun.<\/p><p><strong>Sonu\u00e7lar<\/strong><\/p><p>G\u00f6z kapa\u011f\u0131 ameliyat\u0131 durumunda g\u00f6zleriniz ve g\u00f6z \u00e7evreniz daha gen\u00e7 ve sa\u011fl\u0131kl\u0131 g\u00f6r\u00fcnecektir. Bu etkilerin \u00f6zg\u00fcveninize katk\u0131da bulunaca\u011f\u0131 tart\u0131\u015f\u0131lmaz bir ger\u00e7ektir. G\u00f6z kapa\u011f\u0131 ameliyat\u0131 sonu\u00e7lar\u0131n\u0131n tam olarak g\u00f6r\u00fclebildi\u011fi i\u00e7in birka\u00e7 hafta s\u00fcrebilir. Etkileri uzun s\u00fcreli olsa da ya\u015flanman\u0131n olumsuz etkileri tamamen ortadan kald\u0131r\u0131lamaz. Etki s\u00fcresini uzatmak i\u00e7in al\u0131nabilecek \u00f6nlemler konusunda plastik cerrah\u0131n\u0131zla konu\u015fmak faydal\u0131 olacakt\u0131r.<\/p>\t\t\t\t\t\t<\/div>\n\t\t\t\t<\/div>\n\t\t\t\t\t<\/div>\n\t\t<\/div>\n\t\t\t\t\t\t\t<\/div>\n\t\t<\/section>\n\t\t\t\t\t\t<\/div>\n\t\t\t\t\t<\/div>\n\t\t","protected":false},"excerpt":{"rendered":"<p>G\u00f6z Kapa\u011f\u0131 Esteti\u011fi Genel Bak\u0131\u015f Cilt, g\u00f6z \u00e7evremizdeki kaslar ve destekleyici dokular g\u00f6z kapaklar\u0131n\u0131n sarkmas\u0131n\u0131 \u00f6nlemek i\u00e7in sorumlu fakt\u00f6rlerdir. Ya\u015fland\u0131k\u00e7a<\/p>\n","protected":false},"author":1,"featured_media":0,"parent":0,"menu_order":0,"comment_status":"closed","ping_status":"closed","template":"","meta":{"_monsterinsights_skip_tracking":false,"_monsterinsights_sitenote_active":false,"_monsterinsights_sitenote_note":"","_monsterinsights_sitenote_category":0,"footnotes":""},"class_list":["post-11830","page","type-page","status-publish","hentry"],"_links":{"self":[{"href":"https:\/\/mahmutnurikaratoprak.com\/tr\/wp-json\/wp\/v2\/pages\/11830","targetHints":{"allow":["GET"]}}],"collection":[{"href":"https:\/\/mahmutnurikaratoprak.com\/tr\/wp-json\/wp\/v2\/pages"}],"about":[{"href":"https:\/\/mahmutnurikaratoprak.com\/tr\/wp-json\/wp\/v2\/types\/page"}],"author":[{"embeddable":true,"href":"https:\/\/mahmutnurikaratoprak.com\/tr\/wp-json\/wp\/v2\/users\/1"}],"replies":[{"embeddable":true,"href":"https:\/\/mahmutnurikaratoprak.com\/tr\/wp-json\/wp\/v2\/comments?post=11830"}],"version-history":[{"count":23,"href":"https:\/\/mahmutnurikaratoprak.com\/tr\/wp-json\/wp\/v2\/pages\/11830\/revisions"}],"predecessor-version":[{"id":12566,"href":"https:\/\/mahmutnurikaratoprak.com\/tr\/wp-json\/wp\/v2\/pages\/11830\/revisions\/12566"}],"wp:attachment":[{"href":"https:\/\/mahmutnurikaratoprak.com\/tr\/wp-json\/wp\/v2\/media?parent=11830"}],"curies":[{"name":"wp","href":"https:\/\/api.w.org\/{rel}","templated":true}]}}