{"id":11841,"date":"2021-06-02T11:56:46","date_gmt":"2021-06-02T08:56:46","guid":{"rendered":"https:\/\/mahmutnurikaratoprak.com\/tr\/?page_id=11841"},"modified":"2021-07-30T13:47:37","modified_gmt":"2021-07-30T10:47:37","slug":"meme-buyutme","status":"publish","type":"page","link":"https:\/\/mahmutnurikaratoprak.com\/tr\/meme-buyutme","title":{"rendered":"Meme B\u00fcy\u00fctme"},"content":{"rendered":"\t\t<div data-elementor-type=\"wp-page\" data-elementor-id=\"11841\" class=\"elementor elementor-11841\" data-elementor-settings=\"[]\">\n\t\t\t\t\t\t\t<div class=\"elementor-section-wrap\">\n\t\t\t\t\t\t\t<section class=\"elementor-section elementor-top-section elementor-element elementor-element-e9a5845 elementor-section-content-middle elementor-section-stretched elementor-section-boxed elementor-section-height-default elementor-section-height-default wd-section-disabled\" data-id=\"e9a5845\" data-element_type=\"section\" data-settings=\"{&quot;stretch_section&quot;:&quot;section-stretched&quot;,&quot;background_background&quot;:&quot;classic&quot;}\">\n\t\t\t\t\t\t<div class=\"elementor-container elementor-column-gap-extended\">\n\t\t\t\t\t<div class=\"elementor-column elementor-col-100 elementor-top-column elementor-element elementor-element-ece56e4 color-scheme-dark\" data-id=\"ece56e4\" data-element_type=\"column\">\n\t\t\t<div class=\"elementor-widget-wrap elementor-element-populated\">\n\t\t\t\t\t\t\t\t<div class=\"elementor-element elementor-element-99c18ce elementor-widget elementor-widget-wd_title\" data-id=\"99c18ce\" data-element_type=\"widget\" data-widget_type=\"wd_title.default\">\n\t\t\t\t<div class=\"elementor-widget-container\">\n\t\t\t\t\t<div class=\"title-wrapper woodmart-title-color-default woodmart-title-style-default woodmart-title-size-large text-left\">\n\n\t\t\t\n\t\t\t<div class=\"liner-continer\">\n\t\t\t\t<span class=\"left-line\"><\/span>\n\n\t\t\t\t<h4 class=\"woodmart-title-container title wd-underline-colored\">\n\t\t\t\t\tMeme B\u00fcy\u00fctme\t\t\t\t<\/h4>\n\n\t\t\t\t\n\t\t\t\t<span class=\"right-line\"><\/span>\n\t\t\t<\/div>\n\n\t\t\t\t\t<\/div>\n\t\t\t\t<\/div>\n\t\t\t\t<\/div>\n\t\t\t\t<div class=\"elementor-element elementor-element-0de72b9 elementor-widget elementor-widget-spacer\" data-id=\"0de72b9\" data-element_type=\"widget\" data-widget_type=\"spacer.default\">\n\t\t\t\t<div class=\"elementor-widget-container\">\n\t\t\t\t\t<div class=\"elementor-spacer\">\n\t\t\t<div class=\"elementor-spacer-inner\"><\/div>\n\t\t<\/div>\n\t\t\t\t<\/div>\n\t\t\t\t<\/div>\n\t\t\t\t<div class=\"elementor-element elementor-element-d2373de color-scheme-inherit text-left elementor-widget elementor-widget-text-editor\" data-id=\"d2373de\" data-element_type=\"widget\" data-widget_type=\"text-editor.default\">\n\t\t\t\t<div class=\"elementor-widget-container\">\n\t\t\t\t\t\t\t\t<p>Temel i\u015flevi emzirme olan meme, insanl\u0131k tarihi boyunca \u00fcreme sistemi d\u0131\u015f\u0131nda kad\u0131n cinsiyetinin tamamlay\u0131c\u0131 bir unsuru olmu\u015ftur. Her \u0131rk\u0131n kendine \u00f6zg\u00fc bir meme \u015fekli vard\u0131r, meme u\u00e7lar\u0131n\u0131n geni\u015fli\u011fi, rengi ve boyutu birbirinden farkl\u0131d\u0131r. Bazen geli\u015fimsel bazen de ailesel \u00f6zellikler ergenlik sonunda yeterince geli\u015fmez ve normalde daha k\u00fc\u00e7\u00fck kalabilir. Emzirme sonras\u0131 memeler k\u00fc\u00e7\u00fclebilir veya meme dokusu azalarak i\u00e7i bo\u015f bir g\u00f6r\u00fcn\u00fcme neden olabilir. Obezite problemi olan ki\u015filerde diyet veya mide k\u00fc\u00e7\u00fcltme ameliyat\u0131ndan sonra memelerde deforme olabilir ve sarkabilir.<\/p><p>Bu t\u00fcr sorunlar\u0131 olan kad\u0131nlar i\u00e7in iki g\u00fcvenli cerrahi prosed\u00fcr vard\u0131r; Silikon protez ile meme b\u00fcy\u00fctme ve ya\u011f greft enjeksiyonu ile meme b\u00fcy\u00fctme.<\/p><p><strong>Silikon Protez \u0130le Meme B\u00fcy\u00fctme<\/strong><\/p><p>Silikon protezler d\u0131\u015fta sert silikon, i\u00e7te yo\u011fun s\u0131v\u0131 silikondan olu\u015fur. \u00dclkemizde farkl\u0131 marka protezler sunulsa da hastalar\u0131m i\u00e7in FDA ve CE belgeli \u00fcr\u00fcnler kullan\u0131yorum.<br \/>Silikon protezler \u015fekillerine g\u00f6re 2&#8217;ye ayr\u0131l\u0131r;<\/p><p>Damla (Anatomik) protez; D\u00fcz bir tabana sahiptir ve yukar\u0131dan a\u015fa\u011f\u0131ya do\u011fru artan bir \u00fcst y\u00fczeye sahiptir. Yuvarlak proteze g\u00f6re daha yo\u011fun sert bir yap\u0131ya sahiptir. Dekolte k\u0131sm\u0131nda yuvarlak bir protez kadar belirgin de\u011fildir. Do\u011fal meme g\u00f6r\u00fcnt\u00fcs\u00fc i\u00e7in daha uygundur.<\/p><p>Yuvarlak protez; Yar\u0131m k\u00fcre \u015feklindedir ve daha yumu\u015fak bir k\u0131vama sahiptir. Dekolte alan\u0131n\u0131 tan\u0131mlamada daha yararl\u0131d\u0131r.<\/p>\t\t\t\t\t\t<\/div>\n\t\t\t\t<\/div>\n\t\t\t\t\t<\/div>\n\t\t<\/div>\n\t\t\t\t\t\t\t<\/div>\n\t\t<\/section>\n\t\t\t\t<section class=\"elementor-section elementor-top-section elementor-element elementor-element-98a31cc elementor-section-stretched elementor-section-boxed elementor-section-height-default elementor-section-height-default wd-section-disabled\" data-id=\"98a31cc\" data-element_type=\"section\" data-settings=\"{&quot;stretch_section&quot;:&quot;section-stretched&quot;,&quot;background_background&quot;:&quot;classic&quot;}\">\n\t\t\t\t\t\t<div class=\"elementor-container elementor-column-gap-default\">\n\t\t\t\t\t<div class=\"elementor-column elementor-col-50 elementor-top-column elementor-element elementor-element-a5ecceb color-scheme-dark\" data-id=\"a5ecceb\" data-element_type=\"column\">\n\t\t\t<div class=\"elementor-widget-wrap elementor-element-populated\">\n\t\t\t\t\t\t\t\t<div class=\"elementor-element elementor-element-a5a0bb3 color-scheme-inherit text-left elementor-widget elementor-widget-text-editor\" data-id=\"a5a0bb3\" data-element_type=\"widget\" data-widget_type=\"text-editor.default\">\n\t\t\t\t<div class=\"elementor-widget-container\">\n\t\t\t\t\t\t\t\t<p><strong>Protezin Yeri:<\/strong><\/p><p>Memenin v\u00fccut ile birle\u015fti\u011fi yer , koltuk alt\u0131 b\u00f6lgeleri implantasyon i\u00e7in tercih edilebilir. Her b\u00f6lgenin kendine g\u00f6re avantajlar\u0131 ve dezavantajlar\u0131 vard\u0131r.<\/p><p>Koltuk alt\u0131 yerle\u015ftirme i\u00e7in yap\u0131lan kesi memede herhangi bir kesi gerektirmez. Ancak ameliyat sonras\u0131 a\u011fr\u0131 daha uzun s\u00fcrebilir ve kronik kas a\u011fr\u0131s\u0131na neden olabilir. Ayr\u0131ca y\u00fcksek hacimli protezler i\u00e7in tercih edilen bir yer de\u011fildir.<\/p><p>Meme alt k\u0131vr\u0131m\u0131, memenin v\u00fccutla birle\u015fti\u011fi b\u00f6lgedir. Protez 3-4 cm&#8217;lik bir kesiden yerle\u015ftirilir. Diki\u015f hatt\u0131n\u0131n tam k\u0131vr\u0131ma denk gelmesi planlan\u0131rsa erken d\u00f6nemde g\u00f6r\u00fclen iz gizlenecek ve 1 y\u0131l sonra neredeyse tamamen kaybolacakt\u0131r.<\/p><p><strong>Steziners seviyesi<\/strong><\/p><p>Silikon protez kas\u0131n alt\u0131na, meme dokusunun alt\u0131na ve kas zar\u0131 alt\u0131na yerlenebilir. Meme dokusu yoksa protezin dokunmas\u0131n\u0131 \u00f6nlemek i\u00e7in kas alt\u0131nda tercih edilebilir. Memenin belli bir kal\u0131nl\u0131\u011f\u0131 varsa meme dokusunun alt\u0131na protez yerle\u015ftirilir. Kas alt\u0131 zar tekni\u011fi di\u011fer 2 tekni\u011fin bir kombinasyonu olarak da d\u00fc\u015f\u00fcn\u00fclebilir. Muayeneden sonra cerrah hangi protez seviyesinin yerle\u015ftirilece\u011fine karar verir ve bu konudaki tercih nedenini a\u00e7\u0131klayacakt\u0131r.<\/p>\t\t\t\t\t\t<\/div>\n\t\t\t\t<\/div>\n\t\t\t\t\t<\/div>\n\t\t<\/div>\n\t\t\t\t<div class=\"elementor-column elementor-col-50 elementor-top-column elementor-element elementor-element-d8af63b\" data-id=\"d8af63b\" data-element_type=\"column\">\n\t\t\t<div class=\"elementor-widget-wrap elementor-element-populated\">\n\t\t\t\t\t\t\t\t<div class=\"elementor-element elementor-element-9b3fe7c elementor-widget elementor-widget-image\" data-id=\"9b3fe7c\" data-element_type=\"widget\" data-widget_type=\"image.default\">\n\t\t\t\t<div class=\"elementor-widget-container\">\n\t\t\t\t\t\t\t\t\t\t\t\t\t\t\t<img loading=\"lazy\" decoding=\"async\" width=\"624\" height=\"663\" src=\"https:\/\/mahmutnurikaratoprak.com\/tr\/wp-content\/uploads\/2021\/06\/Basliksiz-3.jpg\" class=\"attachment-full size-full\" alt=\"\" srcset=\"https:\/\/mahmutnurikaratoprak.com\/tr\/wp-content\/uploads\/2021\/06\/Basliksiz-3.jpg 624w, https:\/\/mahmutnurikaratoprak.com\/tr\/wp-content\/uploads\/2021\/06\/Basliksiz-3-282x300.jpg 282w\" sizes=\"auto, (max-width: 624px) 100vw, 624px\" \/>\t\t\t\t\t\t\t\t\t\t\t\t\t\t\t<\/div>\n\t\t\t\t<\/div>\n\t\t\t\t\t<\/div>\n\t\t<\/div>\n\t\t\t\t\t\t\t<\/div>\n\t\t<\/section>\n\t\t\t\t<section class=\"elementor-section elementor-top-section elementor-element elementor-element-7978624 elementor-section-content-middle elementor-section-stretched elementor-section-boxed elementor-section-height-default elementor-section-height-default wd-section-disabled\" data-id=\"7978624\" data-element_type=\"section\" data-settings=\"{&quot;stretch_section&quot;:&quot;section-stretched&quot;,&quot;background_background&quot;:&quot;classic&quot;}\">\n\t\t\t\t\t\t<div class=\"elementor-container elementor-column-gap-extended\">\n\t\t\t\t\t<div class=\"elementor-column elementor-col-100 elementor-top-column elementor-element elementor-element-786180 color-scheme-dark\" data-id=\"786180\" data-element_type=\"column\">\n\t\t\t<div class=\"elementor-widget-wrap elementor-element-populated\">\n\t\t\t\t\t\t\t\t<div class=\"elementor-element elementor-element-0de5e50 elementor-widget elementor-widget-wd_title\" data-id=\"0de5e50\" data-element_type=\"widget\" data-widget_type=\"wd_title.default\">\n\t\t\t\t<div class=\"elementor-widget-container\">\n\t\t\t\t\t<div class=\"title-wrapper woodmart-title-color-default woodmart-title-style-default woodmart-title-size-large text-center\">\n\n\t\t\t\n\t\t\t<div class=\"liner-continer\">\n\t\t\t\t<span class=\"left-line\"><\/span>\n\n\t\t\t\t<h4 class=\"woodmart-title-container title wd-underline-colored\">\n\t\t\t\t\tRandevu Talep Et\t\t\t\t<\/h4>\n\n\t\t\t\t\n\t\t\t\t<span class=\"right-line\"><\/span>\n\t\t\t<\/div>\n\n\t\t\t\t\t<\/div>\n\t\t\t\t<\/div>\n\t\t\t\t<\/div>\n\t\t\t\t<div class=\"elementor-element elementor-element-7f83964 color-scheme-inherit text-left elementor-widget elementor-widget-text-editor\" data-id=\"7f83964\" data-element_type=\"widget\" data-widget_type=\"text-editor.default\">\n\t\t\t\t<div class=\"elementor-widget-container\">\n\t\t\t\t\t\t\t\t<p>Bilgilerinizi bize g\u00f6nderin. Sizi aray\u0131p randevunuzu ayarlayal\u0131m !<\/p>\t\t\t\t\t\t<\/div>\n\t\t\t\t<\/div>\n\t\t\t\t<section class=\"elementor-section elementor-inner-section elementor-element elementor-element-3b4ad17 elementor-section-boxed elementor-section-height-default elementor-section-height-default wd-section-disabled\" data-id=\"3b4ad17\" data-element_type=\"section\">\n\t\t\t\t\t\t<div class=\"elementor-container elementor-column-gap-default\">\n\t\t\t\t\t<div class=\"elementor-column elementor-col-33 elementor-inner-column elementor-element elementor-element-1297f45\" data-id=\"1297f45\" data-element_type=\"column\">\n\t\t\t<div class=\"elementor-widget-wrap\">\n\t\t\t\t\t\t\t\t\t<\/div>\n\t\t<\/div>\n\t\t\t\t<div class=\"elementor-column elementor-col-33 elementor-inner-column elementor-element elementor-element-ceaf1cb\" data-id=\"ceaf1cb\" data-element_type=\"column\">\n\t\t\t<div class=\"elementor-widget-wrap elementor-element-populated\">\n\t\t\t\t\t\t\t\t<div class=\"elementor-element elementor-element-bc5cfc8 color-scheme-inherit text-left elementor-widget elementor-widget-text-editor\" data-id=\"bc5cfc8\" data-element_type=\"widget\" data-widget_type=\"text-editor.default\">\n\t\t\t\t<div class=\"elementor-widget-container\">\n\t\t\t\t\t\t\t\t<div role=\"form\" class=\"wpcf7\" id=\"wpcf7-f9402-o1\" lang=\"en-US\" dir=\"ltr\">\n<div class=\"screen-reader-response\"><p role=\"status\" aria-live=\"polite\" aria-atomic=\"true\"><\/p> <ul><\/ul><\/div>\n<form action=\"\/tr\/wp-json\/wp\/v2\/pages\/11841#wpcf7-f9402-o1\" method=\"post\" class=\"wpcf7-form init\" novalidate=\"novalidate\" data-status=\"init\">\n<div style=\"display: none;\">\n<input type=\"hidden\" name=\"_wpcf7\" value=\"9402\" \/>\n<input type=\"hidden\" name=\"_wpcf7_version\" value=\"5.4.1\" \/>\n<input type=\"hidden\" name=\"_wpcf7_locale\" value=\"en_US\" \/>\n<input type=\"hidden\" name=\"_wpcf7_unit_tag\" value=\"wpcf7-f9402-o1\" \/>\n<input type=\"hidden\" name=\"_wpcf7_container_post\" value=\"0\" \/>\n<input type=\"hidden\" name=\"_wpcf7_posted_data_hash\" value=\"\" \/>\n<\/div>\n<div class=\"row\">\n<div class=\"col-lg\">\n<p><span class=\"wpcf7-form-control-wrap adi\"><input type=\"text\" name=\"adi\" value=\"\" size=\"40\" class=\"wpcf7-form-control wpcf7-text wpcf7-validates-as-required\" aria-required=\"true\" aria-invalid=\"false\" placeholder=\"Ad\" \/><\/span><\/p>\n<\/div>\n<div class=\"col-lg\">\n<p><span class=\"wpcf7-form-control-wrap telefon\"><input type=\"text\" name=\"telefon\" value=\"\" size=\"40\" class=\"wpcf7-form-control wpcf7-text wpcf7-validates-as-required\" aria-required=\"true\" aria-invalid=\"false\" placeholder=\"Telefon Numaran\u0131z\" \/><\/span><\/p>\n<\/div>\n<div class=\"col-lg\">\n<p><span class=\"wpcf7-form-control-wrap mail\"><input type=\"text\" name=\"mail\" value=\"\" size=\"40\" class=\"wpcf7-form-control wpcf7-text\" aria-invalid=\"false\" placeholder=\"E-Mail\" \/><\/span><\/p>\n<\/div>\n<div class=\"col-lg-auto\">\n<p><input type=\"submit\" value=\"Form G\u00f6nder\" class=\"wpcf7-form-control wpcf7-submit btn btn-color-primary\" \/><\/p>\n<\/div>\n<\/div>\n<div class=\"wpcf7-response-output\" aria-hidden=\"true\"><\/div><\/form><\/div>\t\t\t\t\t\t<\/div>\n\t\t\t\t<\/div>\n\t\t\t\t\t<\/div>\n\t\t<\/div>\n\t\t\t\t<div class=\"elementor-column elementor-col-33 elementor-inner-column elementor-element elementor-element-c44b51d\" data-id=\"c44b51d\" data-element_type=\"column\">\n\t\t\t<div class=\"elementor-widget-wrap\">\n\t\t\t\t\t\t\t\t\t<\/div>\n\t\t<\/div>\n\t\t\t\t\t\t\t<\/div>\n\t\t<\/section>\n\t\t\t\t\t<\/div>\n\t\t<\/div>\n\t\t\t\t\t\t\t<\/div>\n\t\t<\/section>\n\t\t\t\t<section class=\"elementor-section elementor-top-section elementor-element elementor-element-ca259a3 elementor-section-content-middle elementor-section-stretched elementor-section-boxed elementor-section-height-default elementor-section-height-default wd-section-disabled\" data-id=\"ca259a3\" data-element_type=\"section\" data-settings=\"{&quot;stretch_section&quot;:&quot;section-stretched&quot;,&quot;background_background&quot;:&quot;classic&quot;}\">\n\t\t\t\t\t\t<div class=\"elementor-container elementor-column-gap-extended\">\n\t\t\t\t\t<div class=\"elementor-column elementor-col-100 elementor-top-column elementor-element elementor-element-535ec85 color-scheme-dark\" data-id=\"535ec85\" data-element_type=\"column\">\n\t\t\t<div class=\"elementor-widget-wrap elementor-element-populated\">\n\t\t\t\t\t\t\t\t<div class=\"elementor-element elementor-element-8bd828f color-scheme-inherit text-left elementor-widget elementor-widget-text-editor\" data-id=\"8bd828f\" data-element_type=\"widget\" data-widget_type=\"text-editor.default\">\n\t\t\t\t<div class=\"elementor-widget-container\">\n\t\t\t\t\t\t\t\t<p>Daha \u00f6nce ameliyat\u0131n\u0131z, y\u00fcksek tansiyon, diyabet, guatr gibi kronik hastal\u0131klar\u0131n\u0131z, herhangi bir ilaca veya yiyece\u011fe alerjiniz varsa, kullanman\u0131z gereken ila\u00e7lar olup olmad\u0131\u011f\u0131n\u0131 mutlaka bilgilendirmelisiniz.Ailenizde meme kanseri veya hastal\u0131klar\u0131 varsa mutlaka belirtin.Meme ameliyat\u0131 olan hastalara ameliyat \u00f6ncesi meme Usg, ya\u015f uygunsa mamografi \u00e7ektirmelerini \u00f6neriyorum. Meme kitlelerinin tespiti ve ameliyat sonras\u0131 takibi i\u00e7in bu t\u00fcr g\u00f6r\u00fcnt\u00fcleme raporlar\u0131 gerekecektir.<\/p><p><strong>Hastane ve Ameliyathane s\u00fcreci<\/strong><\/p><p>Ameliyat \u00f6ncesi muayeneler ayn\u0131 g\u00fcn veya 1 g\u00fcn \u00f6nce haz\u0131rlan\u0131r. Ameliyattan 8 saat \u00f6nce hi\u00e7bir \u015fey yememeli ve i\u00e7memelisiniz. Sonu\u00e7lar anestezi uzman\u0131 taraf\u0131ndan de\u011ferlendirilirse ve herhangi bir engel yoksa ameliyat\u0131n\u0131z yap\u0131labilir. Genel anestezi alt\u0131nda yap\u0131ld\u0131\u011f\u0131 i\u00e7in hasta i\u015flem s\u0131ras\u0131nda herhangi bir a\u011fr\u0131 hissetmeyecektir. Ortalama ameliyat s\u00fcresi 1 saattir ve hasta uyutulup uyand\u0131ktan sonra ameliyathanede ge\u00e7irilen s\u00fcre daha uzun olacakt\u0131r.<\/p><p><strong>Meme b\u00fcy\u00fctme riskli mi?<\/strong><\/p><p>Genel anestezi alt\u0131nda yap\u0131lan operasyonlarda riskler anestezi ve cerrahiye ba\u011fl\u0131 olarak 2&#8217;ye ayr\u0131labilir. Geli\u015fen anestezik ekipman ve teknoloji g\u00f6z \u00f6n\u00fcne al\u0131nd\u0131\u011f\u0131nda, prosed\u00fcrler ge\u00e7mi\u015fe g\u00f6re \u00e7ok daha g\u00fcvenli bir \u015fekilde ger\u00e7ekle\u015ftirilir. Ameliyat \u00f6ncesi yap\u0131lan laboratuvar testleri kontrol edilir ve gerekirse di\u011fer bran\u015flardan kons\u00fcltasyon istenir. Kronik bir hastal\u0131\u011f\u0131n\u0131z, herhangi bir ilaca alerjiniz, daha \u00f6nceki ameliyat\u0131n\u0131zda ya\u015fad\u0131\u011f\u0131n\u0131z bir sorun varsa mutlaka s\u00f6ylemelisiniz. Ameliyattan 8 saat \u00f6nce hi\u00e7bir \u015fey yememeli ve i\u00e7memelisiniz. Ameliyat s\u0131ras\u0131nda midenizdeki herhangi bir yiyece\u011fin akci\u011ferlerinize s\u0131zmas\u0131n\u0131 ve b\u00fcy\u00fck sorunlar ya\u015famas\u0131n\u0131 \u00f6nlemek i\u00e7in bu kurala uymal\u0131s\u0131n\u0131z.<br \/>Yeni nesil silikon protezler y\u00fcksek bas\u0131nca kar\u015f\u0131 diren\u00e7li oldu\u011fu i\u00e7in memede patlama ve y\u0131rt\u0131lma riski \u00e7ok d\u00fc\u015f\u00fckt\u00fcr. Enfeksiyonu \u00f6nlemek i\u00e7in ameliyat sonras\u0131 antibiyotik tedavisi verilir. Bazen erken d\u00f6nemde s\u0131v\u0131 ve biriken kan\u0131 \u00e7\u0131karmak i\u00e7in memeye drenler yerle\u015ftirilir ve 3. g\u00fcnde drenler al\u0131n\u0131r. Hasta, hekimin talimatlar\u0131na g\u00f6re en az 1 ay t\u0131bbi toplama s\u00fctyeni kullanmal\u0131 ve kas alt\u0131na protez yerle\u015ftirilenlerde kollar\u0131 en az 2 hafta omuz hizas\u0131ndan yukar\u0131 kald\u0131rmamal\u0131d\u0131r.<\/p>\t\t\t\t\t\t<\/div>\n\t\t\t\t<\/div>\n\t\t\t\t\t<\/div>\n\t\t<\/div>\n\t\t\t\t\t\t\t<\/div>\n\t\t<\/section>\n\t\t\t\t<section class=\"elementor-section elementor-top-section elementor-element elementor-element-1ee516b elementor-section-content-middle elementor-section-stretched elementor-section-boxed elementor-section-height-default elementor-section-height-default wd-section-disabled\" data-id=\"1ee516b\" data-element_type=\"section\" data-settings=\"{&quot;stretch_section&quot;:&quot;section-stretched&quot;,&quot;background_background&quot;:&quot;classic&quot;}\">\n\t\t\t\t\t\t<div class=\"elementor-container elementor-column-gap-extended\">\n\t\t\t\t\t<div class=\"elementor-column elementor-col-100 elementor-top-column elementor-element elementor-element-c894971 color-scheme-dark\" data-id=\"c894971\" data-element_type=\"column\">\n\t\t\t<div class=\"elementor-widget-wrap elementor-element-populated\">\n\t\t\t\t\t\t\t\t<div class=\"elementor-element elementor-element-826c68a color-scheme-inherit text-left elementor-widget elementor-widget-text-editor\" data-id=\"826c68a\" data-element_type=\"widget\" data-widget_type=\"text-editor.default\">\n\t\t\t\t<div class=\"elementor-widget-container\">\n\t\t\t\t\t\t\t\t<p><strong>Reaksiyon nedir?<\/strong><\/p><p>V\u00fccudun silikon proteze kar\u015f\u0131 bir reaksiyonudur. Bunun nedeni hastan\u0131n doku hassasiyeti, protez y\u00fczeyi, i\u015flem s\u0131ras\u0131nda sterilite eksikli\u011fi ve bakteriyel nedenler olabilir. Her protezin etraf\u0131nda belirli bir kaps\u00fcl yap\u0131 kal\u0131nl\u0131\u011f\u0131 olu\u015fur, ancak baz\u0131 durumlarda daha kal\u0131n ve sert bir yap\u0131ya d\u00f6n\u00fc\u015f\u00fcr ve ki\u015fide hassasiyet, a\u011fr\u0131 ve k\u0131zar\u0131kl\u0131k gibi \u015fikayetler ortaya \u00e7\u0131kar. Antibiyotikler, a\u011fr\u0131 kesiciler veya steroidler erken tedavi edilir. \u0130yile\u015fme g\u00f6zlenmezse, silikon protezin kaps\u00fcl yap\u0131s\u0131 ile \u00e7\u0131kar\u0131lmas\u0131 gerekebilir.<\/p><p><strong>\u015eekli ne zaman olu\u015fur?<\/strong><\/p><p>Ameliyattan sonraki ilk g\u00fcnlerde silikon protez cilt ve kas gerginli\u011fi nedeniyle dekolte b\u00f6lgesinin \u00fczerinde normalden daha y\u00fcksek g\u00f6r\u00fcnecektir. Protez, \u00f6nerilen masajlar ve yakla\u015f\u0131k 3-4 hafta sonra cilt kas dokusunun gev\u015femesi ile normal konumuna uyum sa\u011flar. Bu s\u00fcre\u00e7te tak\u0131lan protezin boyutu ki\u015finin v\u00fccut yap\u0131s\u0131ndan daha k\u0131sa veya uzun olabilir.<\/p><p><strong>Memeler e\u015fit olacak m\u0131?<\/strong><\/p><p>Hemen hemen t\u00fcm kad\u0131nlar\u0131n g\u00f6\u011f\u00fcslerinde boyut ve \u015fekil bak\u0131m\u0131ndan az \u00e7ok fark vard\u0131r. Ameliyata farkl\u0131 ebatlarda protezler tak\u0131larak senkronizasyon sa\u011flanabilir.<\/p><p><strong>Ameliyat sonras\u0131 \u00e7ok a\u011fr\u0131 var m\u0131?<\/strong><\/p><p>Protez meme dokusunun alt\u0131na yerle\u015ftirildi\u011finde neredeyse hi\u00e7 a\u011fr\u0131 olmaz ancak kas alt\u0131na yerle\u015ftirilen protez ilk g\u00fcnlerde a\u011fr\u0131ya neden olabilir. Bunu \u00f6nlemek i\u00e7in ameliyat s\u0131ras\u0131nda ve serviste narkotik a\u011fr\u0131 kesiciler yap\u0131larak rahats\u0131zl\u0131k minimuma indirilir.<\/p><p><strong>Emzirme sorunu mu var?<\/strong><\/p><p>Silikon protez ile meme b\u00fcy\u00fctme ameliyat\u0131 s\u00fct bezlerine ve kanallar\u0131na herhangi bir zarar vermez. Ameliyat sonras\u0131 emzirme problemi yaratmaz.<\/p>\t\t\t\t\t\t<\/div>\n\t\t\t\t<\/div>\n\t\t\t\t\t<\/div>\n\t\t<\/div>\n\t\t\t\t\t\t\t<\/div>\n\t\t<\/section>\n\t\t\t\t\t\t<\/div>\n\t\t\t\t\t<\/div>\n\t\t","protected":false},"excerpt":{"rendered":"<p>Meme B\u00fcy\u00fctme Temel i\u015flevi emzirme olan meme, insanl\u0131k tarihi boyunca \u00fcreme sistemi d\u0131\u015f\u0131nda kad\u0131n cinsiyetinin tamamlay\u0131c\u0131 bir unsuru olmu\u015ftur. Her<\/p>\n","protected":false},"author":1,"featured_media":0,"parent":0,"menu_order":0,"comment_status":"closed","ping_status":"closed","template":"","meta":{"_monsterinsights_skip_tracking":false,"_monsterinsights_sitenote_active":false,"_monsterinsights_sitenote_note":"","_monsterinsights_sitenote_category":0,"footnotes":""},"class_list":["post-11841","page","type-page","status-publish","hentry"],"_links":{"self":[{"href":"https:\/\/mahmutnurikaratoprak.com\/tr\/wp-json\/wp\/v2\/pages\/11841","targetHints":{"allow":["GET"]}}],"collection":[{"href":"https:\/\/mahmutnurikaratoprak.com\/tr\/wp-json\/wp\/v2\/pages"}],"about":[{"href":"https:\/\/mahmutnurikaratoprak.com\/tr\/wp-json\/wp\/v2\/types\/page"}],"author":[{"embeddable":true,"href":"https:\/\/mahmutnurikaratoprak.com\/tr\/wp-json\/wp\/v2\/users\/1"}],"replies":[{"embeddable":true,"href":"https:\/\/mahmutnurikaratoprak.com\/tr\/wp-json\/wp\/v2\/comments?post=11841"}],"version-history":[{"count":14,"href":"https:\/\/mahmutnurikaratoprak.com\/tr\/wp-json\/wp\/v2\/pages\/11841\/revisions"}],"predecessor-version":[{"id":12544,"href":"https:\/\/mahmutnurikaratoprak.com\/tr\/wp-json\/wp\/v2\/pages\/11841\/revisions\/12544"}],"wp:attachment":[{"href":"https:\/\/mahmutnurikaratoprak.com\/tr\/wp-json\/wp\/v2\/media?parent=11841"}],"curies":[{"name":"wp","href":"https:\/\/api.w.org\/{rel}","templated":true}]}}