{"id":11843,"date":"2021-06-02T11:57:05","date_gmt":"2021-06-02T08:57:05","guid":{"rendered":"https:\/\/mahmutnurikaratoprak.com\/tr\/?page_id=11843"},"modified":"2021-08-10T09:28:24","modified_gmt":"2021-08-10T06:28:24","slug":"meme-diklestirme","status":"publish","type":"page","link":"https:\/\/mahmutnurikaratoprak.com\/tr\/meme-diklestirme","title":{"rendered":"Meme Dikle\u015ftirme"},"content":{"rendered":"\t\t<div data-elementor-type=\"wp-page\" data-elementor-id=\"11843\" class=\"elementor elementor-11843\" data-elementor-settings=\"[]\">\n\t\t\t\t\t\t\t<div class=\"elementor-section-wrap\">\n\t\t\t\t\t\t\t<section class=\"elementor-section elementor-top-section elementor-element elementor-element-e9a5845 elementor-section-content-middle elementor-section-stretched elementor-section-boxed elementor-section-height-default elementor-section-height-default wd-section-disabled\" data-id=\"e9a5845\" data-element_type=\"section\" data-settings=\"{&quot;stretch_section&quot;:&quot;section-stretched&quot;,&quot;background_background&quot;:&quot;classic&quot;}\">\n\t\t\t\t\t\t<div class=\"elementor-container elementor-column-gap-extended\">\n\t\t\t\t\t<div class=\"elementor-column elementor-col-100 elementor-top-column elementor-element elementor-element-ece56e4 color-scheme-dark\" data-id=\"ece56e4\" data-element_type=\"column\">\n\t\t\t<div class=\"elementor-widget-wrap elementor-element-populated\">\n\t\t\t\t\t\t\t\t<div class=\"elementor-element elementor-element-99c18ce elementor-widget elementor-widget-wd_title\" data-id=\"99c18ce\" data-element_type=\"widget\" data-widget_type=\"wd_title.default\">\n\t\t\t\t<div class=\"elementor-widget-container\">\n\t\t\t\t\t<div class=\"title-wrapper woodmart-title-color-default woodmart-title-style-default woodmart-title-size-large text-left\">\n\n\t\t\t\n\t\t\t<div class=\"liner-continer\">\n\t\t\t\t<span class=\"left-line\"><\/span>\n\n\t\t\t\t<h4 class=\"woodmart-title-container title wd-underline-colored\">\n\t\t\t\t\tMeme Dikle\u015ftirme\t\t\t\t<\/h4>\n\n\t\t\t\t\n\t\t\t\t<span class=\"right-line\"><\/span>\n\t\t\t<\/div>\n\n\t\t\t\t\t<\/div>\n\t\t\t\t<\/div>\n\t\t\t\t<\/div>\n\t\t\t\t<div class=\"elementor-element elementor-element-0de72b9 elementor-widget elementor-widget-spacer\" data-id=\"0de72b9\" data-element_type=\"widget\" data-widget_type=\"spacer.default\">\n\t\t\t\t<div class=\"elementor-widget-container\">\n\t\t\t\t\t<div class=\"elementor-spacer\">\n\t\t\t<div class=\"elementor-spacer-inner\"><\/div>\n\t\t<\/div>\n\t\t\t\t<\/div>\n\t\t\t\t<\/div>\n\t\t\t\t<div class=\"elementor-element elementor-element-d2373de color-scheme-inherit text-left elementor-widget elementor-widget-text-editor\" data-id=\"d2373de\" data-element_type=\"widget\" data-widget_type=\"text-editor.default\">\n\t\t\t\t<div class=\"elementor-widget-container\">\n\t\t\t\t\t\t\t\t<p>Ergenlik d\u00f6neminde veya emzirmenin sona ermesine ra\u011fmen veya kilo al\u0131m\u0131na ba\u011fl\u0131 meme sarkmas\u0131 normalden daha b\u00fcy\u00fck olabilir. A\u011f\u0131r ve sark\u0131k meme dokusu boyun ve s\u0131rt a\u011fr\u0131s\u0131na, kamburlu\u011fa, cilt tahri\u015fine-ka\u015f\u0131nt\u0131-k\u0131zar\u0131kl\u0131\u011fa, kollarda uyu\u015fmaya, rahat nefes alamamaya, uygun s\u00fctyen ve k\u0131yafet kullanamamaya ve sosyal hayat\u0131 k\u0131s\u0131tlamaya neden olur<\/p><p>Meme dikle\u015ftirme ameliyat\u0131 ile fazla meme dokusu al\u0131n\u0131r ve sarkan meme dikilerek ki\u015finin boyuna ve v\u00fccut yap\u0131s\u0131na g\u00f6re u\u00e7lar\u0131 uygun noktaya ta\u015f\u0131n\u0131r.<\/p><p><strong>Ameliyattan \u00d6nce<\/strong><\/p><p>Meme sarkmas\u0131 nedeniyle yukar\u0131da belirtilen \u015fikayetleri olan 18 ya\u015f\u0131ndan b\u00fcy\u00fck, genel anestezide herhangi bir engeli olmayan kad\u0131nlar bu ameliyat\u0131 olabilir.<\/p><p>G\u00f6r\u00fc\u015fme s\u0131ras\u0131nda g\u00f6\u011f\u00fcslerin b\u00fcy\u00fckl\u00fc\u011f\u00fc, sarkma uzunlu\u011fu, simetrisi ve v\u00fccut yap\u0131s\u0131 de\u011ferlendirilerek hastan\u0131n istedi\u011fi b\u00fcz\u00fclme miktar\u0131 \u00f6\u011frenilir. Uygulanacak cerrahi teknik, hastane ve sonraki s\u00fcre\u00e7 hakk\u0131nda bilgi verilir. Yap\u0131lacak k\u00fc\u00e7\u00fcltme i\u015flemi hastan\u0131n iste\u011fi \u00fczerine belirli oranlar aras\u0131nda ayarlanabilir.<\/p><p>T\u00fcm hastalara ameliyattan \u00f6nce meme Usg ve 40 ya\u015f\u0131n \u00fczerindekilere meme usg olmas\u0131n\u0131 \u00f6neririm. Cerrahi alanda \u015f\u00fcpheli bir kitle varsa ameliyata al\u0131p par\u00e7an\u0131n incelenmesi i\u00e7in patolojik incelemeye g\u00f6nderiyorum.<\/p>\t\t\t\t\t\t<\/div>\n\t\t\t\t<\/div>\n\t\t\t\t\t<\/div>\n\t\t<\/div>\n\t\t\t\t\t\t\t<\/div>\n\t\t<\/section>\n\t\t\t\t<section class=\"elementor-section elementor-top-section elementor-element elementor-element-98a31cc elementor-section-stretched elementor-section-boxed elementor-section-height-default elementor-section-height-default wd-section-disabled\" data-id=\"98a31cc\" data-element_type=\"section\" data-settings=\"{&quot;stretch_section&quot;:&quot;section-stretched&quot;,&quot;background_background&quot;:&quot;classic&quot;}\">\n\t\t\t\t\t\t<div class=\"elementor-container elementor-column-gap-default\">\n\t\t\t\t\t<div class=\"elementor-column elementor-col-50 elementor-top-column elementor-element elementor-element-a5ecceb color-scheme-dark\" data-id=\"a5ecceb\" data-element_type=\"column\">\n\t\t\t<div class=\"elementor-widget-wrap elementor-element-populated\">\n\t\t\t\t\t\t\t\t<div class=\"elementor-element elementor-element-a5a0bb3 color-scheme-inherit text-left elementor-widget elementor-widget-text-editor\" data-id=\"a5a0bb3\" data-element_type=\"widget\" data-widget_type=\"text-editor.default\">\n\t\t\t\t<div class=\"elementor-widget-container\">\n\t\t\t\t\t\t\t\t<p>Daha \u00f6nce ameliyat\u0131n\u0131z, y\u00fcksek tansiyon, diyabet, guatr gibi kronik hastal\u0131klar\u0131n\u0131z, herhangi bir ilaca veya yiyece\u011fe alerjiniz varsa, kullanman\u0131z gereken ila\u00e7lar olup olmad\u0131\u011f\u0131n\u0131 mutlaka bilgilendirmelisiniz.<\/p><p>Ailenizde meme kanseri veya hastal\u0131klar\u0131 varsa mutlaka belirtin.<br \/>Meme ameliyat\u0131 olan hastalara ameliyat \u00f6ncesi meme Usg, ya\u015f uygunsa mamografi \u00e7ektirmelerini \u00f6neriyorum. Meme kitlelerinin tespiti ve ameliyat sonras\u0131 takibi i\u00e7in bu t\u00fcr g\u00f6r\u00fcnt\u00fcleme raporlar\u0131 gerekecektir.<\/p><p><strong>Hastane ve Ameliyathane s\u00fcreci<\/strong><\/p><p>Ameliyat \u00f6ncesi muayeneler ayn\u0131 g\u00fcn veya 1 g\u00fcn \u00f6nce haz\u0131rlan\u0131r. Ameliyattan 8 saat \u00f6nce hi\u00e7bir \u015fey yememeli ve i\u00e7memelisiniz. Sonu\u00e7lar anestezi uzman\u0131 taraf\u0131ndan de\u011ferlendirilirse ve herhangi bir engel yoksa ameliyat\u0131n\u0131z yap\u0131labilir. Genel anestezi alt\u0131nda yap\u0131ld\u0131\u011f\u0131 i\u00e7in hasta i\u015flem s\u0131ras\u0131nda herhangi bir a\u011fr\u0131 hissetmeyecektir. Ortalama ameliyat s\u00fcresi 2_ 3 saattir ve hasta uyutulup uyand\u0131ktan sonra ameliyathanede ge\u00e7irilen s\u00fcre daha uzun olacakt\u0131r.<\/p><p>Ameliyat sonras\u0131 serviste size antibiyotik ve a\u011fr\u0131 kesici verilecektir. Ertesi g\u00fcn kontrol muayenesi yap\u0131lacak ve 3. g\u00fc muayeneye \u00e7a\u011f\u0131r\u0131l\u0131p taburcu edilebilirsiniz.<\/p><p>Meme k\u00fc\u00e7\u00fcltme ameliyat\u0131ndan sonra, s\u0131v\u0131y\u0131 \u00e7\u0131karmak ve dokular aras\u0131nda kan s\u0131zd\u0131rmamak i\u00e7in bir dren yerle\u015ftirilir. Gelen miktar azald\u0131\u011f\u0131nda 3. g\u00fcnde tampon \u00e7\u0131kar\u0131l\u0131r.<\/p><p>Toplama t\u0131bbi s\u00fctyenini en az 4 hafta kullanmal\u0131s\u0131n\u0131z. Bundan sonraki s\u00fcre\u00e7te sporcu yar\u0131 sporcu s\u00fctyen kullanman\u0131z\u0131 \u00f6neririm.<\/p>\t\t\t\t\t\t<\/div>\n\t\t\t\t<\/div>\n\t\t\t\t\t<\/div>\n\t\t<\/div>\n\t\t\t\t<div class=\"elementor-column elementor-col-50 elementor-top-column elementor-element elementor-element-d8af63b\" data-id=\"d8af63b\" data-element_type=\"column\">\n\t\t\t<div class=\"elementor-widget-wrap elementor-element-populated\">\n\t\t\t\t\t\t\t\t<div class=\"elementor-element elementor-element-9b3fe7c elementor-widget elementor-widget-image\" data-id=\"9b3fe7c\" data-element_type=\"widget\" data-widget_type=\"image.default\">\n\t\t\t\t<div class=\"elementor-widget-container\">\n\t\t\t\t\t\t\t\t\t\t\t\t\t\t\t<img loading=\"lazy\" decoding=\"async\" width=\"625\" height=\"727\" src=\"https:\/\/mahmutnurikaratoprak.com\/tr\/wp-content\/uploads\/2021\/06\/Basliksiz-5.jpg\" class=\"attachment-full size-full\" alt=\"\" srcset=\"https:\/\/mahmutnurikaratoprak.com\/tr\/wp-content\/uploads\/2021\/06\/Basliksiz-5.jpg 625w, https:\/\/mahmutnurikaratoprak.com\/tr\/wp-content\/uploads\/2021\/06\/Basliksiz-5-258x300.jpg 258w\" sizes=\"auto, (max-width: 625px) 100vw, 625px\" \/>\t\t\t\t\t\t\t\t\t\t\t\t\t\t\t<\/div>\n\t\t\t\t<\/div>\n\t\t\t\t\t<\/div>\n\t\t<\/div>\n\t\t\t\t\t\t\t<\/div>\n\t\t<\/section>\n\t\t\t\t<section class=\"elementor-section elementor-top-section elementor-element elementor-element-7978624 elementor-section-content-middle elementor-section-stretched elementor-section-boxed elementor-section-height-default elementor-section-height-default wd-section-disabled\" data-id=\"7978624\" data-element_type=\"section\" data-settings=\"{&quot;stretch_section&quot;:&quot;section-stretched&quot;,&quot;background_background&quot;:&quot;classic&quot;}\">\n\t\t\t\t\t\t<div class=\"elementor-container elementor-column-gap-extended\">\n\t\t\t\t\t<div class=\"elementor-column elementor-col-100 elementor-top-column elementor-element elementor-element-786180 color-scheme-dark\" data-id=\"786180\" data-element_type=\"column\">\n\t\t\t<div class=\"elementor-widget-wrap elementor-element-populated\">\n\t\t\t\t\t\t\t\t<div class=\"elementor-element elementor-element-0de5e50 elementor-widget elementor-widget-wd_title\" data-id=\"0de5e50\" data-element_type=\"widget\" data-widget_type=\"wd_title.default\">\n\t\t\t\t<div class=\"elementor-widget-container\">\n\t\t\t\t\t<div class=\"title-wrapper woodmart-title-color-default woodmart-title-style-default woodmart-title-size-large text-center\">\n\n\t\t\t\n\t\t\t<div class=\"liner-continer\">\n\t\t\t\t<span class=\"left-line\"><\/span>\n\n\t\t\t\t<h4 class=\"woodmart-title-container title wd-underline-colored\">\n\t\t\t\t\tRandevu Talep Et\t\t\t\t<\/h4>\n\n\t\t\t\t\n\t\t\t\t<span class=\"right-line\"><\/span>\n\t\t\t<\/div>\n\n\t\t\t\t\t<\/div>\n\t\t\t\t<\/div>\n\t\t\t\t<\/div>\n\t\t\t\t<div class=\"elementor-element elementor-element-7f83964 color-scheme-inherit text-left elementor-widget elementor-widget-text-editor\" data-id=\"7f83964\" data-element_type=\"widget\" data-widget_type=\"text-editor.default\">\n\t\t\t\t<div class=\"elementor-widget-container\">\n\t\t\t\t\t\t\t\t<p>Bilgilerinizi bize g\u00f6nderin. Sizi aray\u0131p randevunuzu ayarlayal\u0131m!<\/p>\t\t\t\t\t\t<\/div>\n\t\t\t\t<\/div>\n\t\t\t\t<section class=\"elementor-section elementor-inner-section elementor-element elementor-element-3b4ad17 elementor-section-boxed elementor-section-height-default elementor-section-height-default wd-section-disabled\" data-id=\"3b4ad17\" data-element_type=\"section\">\n\t\t\t\t\t\t<div class=\"elementor-container elementor-column-gap-default\">\n\t\t\t\t\t<div class=\"elementor-column elementor-col-33 elementor-inner-column elementor-element elementor-element-1297f45\" data-id=\"1297f45\" data-element_type=\"column\">\n\t\t\t<div class=\"elementor-widget-wrap\">\n\t\t\t\t\t\t\t\t\t<\/div>\n\t\t<\/div>\n\t\t\t\t<div class=\"elementor-column elementor-col-33 elementor-inner-column elementor-element elementor-element-ceaf1cb\" data-id=\"ceaf1cb\" data-element_type=\"column\">\n\t\t\t<div class=\"elementor-widget-wrap elementor-element-populated\">\n\t\t\t\t\t\t\t\t<div class=\"elementor-element elementor-element-bc5cfc8 color-scheme-inherit text-left elementor-widget elementor-widget-text-editor\" data-id=\"bc5cfc8\" data-element_type=\"widget\" data-widget_type=\"text-editor.default\">\n\t\t\t\t<div class=\"elementor-widget-container\">\n\t\t\t\t\t\t\t\t<div role=\"form\" class=\"wpcf7\" id=\"wpcf7-f9402-o1\" lang=\"en-US\" dir=\"ltr\">\n<div class=\"screen-reader-response\"><p role=\"status\" aria-live=\"polite\" aria-atomic=\"true\"><\/p> <ul><\/ul><\/div>\n<form action=\"\/tr\/wp-json\/wp\/v2\/pages\/11843#wpcf7-f9402-o1\" method=\"post\" class=\"wpcf7-form init\" novalidate=\"novalidate\" data-status=\"init\">\n<div style=\"display: none;\">\n<input type=\"hidden\" name=\"_wpcf7\" value=\"9402\" \/>\n<input type=\"hidden\" name=\"_wpcf7_version\" value=\"5.4.1\" \/>\n<input type=\"hidden\" name=\"_wpcf7_locale\" value=\"en_US\" \/>\n<input type=\"hidden\" name=\"_wpcf7_unit_tag\" value=\"wpcf7-f9402-o1\" \/>\n<input type=\"hidden\" name=\"_wpcf7_container_post\" value=\"0\" \/>\n<input type=\"hidden\" name=\"_wpcf7_posted_data_hash\" value=\"\" \/>\n<\/div>\n<div class=\"row\">\n<div class=\"col-lg\">\n<p><span class=\"wpcf7-form-control-wrap adi\"><input type=\"text\" name=\"adi\" value=\"\" size=\"40\" class=\"wpcf7-form-control wpcf7-text wpcf7-validates-as-required\" aria-required=\"true\" aria-invalid=\"false\" placeholder=\"Ad\" \/><\/span><\/p>\n<\/div>\n<div class=\"col-lg\">\n<p><span class=\"wpcf7-form-control-wrap telefon\"><input type=\"text\" name=\"telefon\" value=\"\" size=\"40\" class=\"wpcf7-form-control wpcf7-text wpcf7-validates-as-required\" aria-required=\"true\" aria-invalid=\"false\" placeholder=\"Telefon Numaran\u0131z\" \/><\/span><\/p>\n<\/div>\n<div class=\"col-lg\">\n<p><span class=\"wpcf7-form-control-wrap mail\"><input type=\"text\" name=\"mail\" value=\"\" size=\"40\" class=\"wpcf7-form-control wpcf7-text\" aria-invalid=\"false\" placeholder=\"E-Mail\" \/><\/span><\/p>\n<\/div>\n<div class=\"col-lg-auto\">\n<p><input type=\"submit\" value=\"Form G\u00f6nder\" class=\"wpcf7-form-control wpcf7-submit btn btn-color-primary\" \/><\/p>\n<\/div>\n<\/div>\n<div class=\"wpcf7-response-output\" aria-hidden=\"true\"><\/div><\/form><\/div>\t\t\t\t\t\t<\/div>\n\t\t\t\t<\/div>\n\t\t\t\t\t<\/div>\n\t\t<\/div>\n\t\t\t\t<div class=\"elementor-column elementor-col-33 elementor-inner-column elementor-element elementor-element-c44b51d\" data-id=\"c44b51d\" data-element_type=\"column\">\n\t\t\t<div class=\"elementor-widget-wrap\">\n\t\t\t\t\t\t\t\t\t<\/div>\n\t\t<\/div>\n\t\t\t\t\t\t\t<\/div>\n\t\t<\/section>\n\t\t\t\t\t<\/div>\n\t\t<\/div>\n\t\t\t\t\t\t\t<\/div>\n\t\t<\/section>\n\t\t\t\t<section class=\"elementor-section elementor-top-section elementor-element elementor-element-ca259a3 elementor-section-content-middle elementor-section-stretched elementor-section-boxed elementor-section-height-default elementor-section-height-default wd-section-disabled\" data-id=\"ca259a3\" data-element_type=\"section\" data-settings=\"{&quot;stretch_section&quot;:&quot;section-stretched&quot;,&quot;background_background&quot;:&quot;classic&quot;}\">\n\t\t\t\t\t\t<div class=\"elementor-container elementor-column-gap-extended\">\n\t\t\t\t\t<div class=\"elementor-column elementor-col-100 elementor-top-column elementor-element elementor-element-535ec85 color-scheme-dark\" data-id=\"535ec85\" data-element_type=\"column\">\n\t\t\t<div class=\"elementor-widget-wrap elementor-element-populated\">\n\t\t\t\t\t\t\t\t<div class=\"elementor-element elementor-element-8bd828f color-scheme-inherit text-left elementor-widget elementor-widget-text-editor\" data-id=\"8bd828f\" data-element_type=\"widget\" data-widget_type=\"text-editor.default\">\n\t\t\t\t<div class=\"elementor-widget-container\">\n\t\t\t\t\t\t\t\t<p><strong>Emzirme Riski Nedir?<\/strong><\/p><p>Emzirme riski k\u00fc\u00e7\u00fclme tekni\u011fine g\u00f6re de\u011fi\u015fmektedir. Sarkma miktar\u0131 d\u00fc\u015f\u00fckse kullan\u0131lacak tekni\u011fe g\u00f6re risk \u00e7ok d\u00fc\u015f\u00fckt\u00fcr. Ancak meme ucu yakla\u015f\u0131k 18-20 cm sark\u0131yorsa ve meme dokusu zay\u0131fsa emzirmeme riski daha y\u00fcksektir. \u015eimdiye kadar herhangi bir emzirme sorunu ya\u015famam\u0131\u015f olsam da, bu t\u00fcr riskler her zaman ortaya \u00e7\u0131kabilir. Ters T ve dikey skar tekni\u011finde bu riskler d\u00fc\u015f\u00fck olmakla birlikte serbest noz\u00fcl tekni\u011finde \u00e7ok daha y\u00fcksektir.<\/p><p><strong>Operasyon Sonras\u0131 A\u011fr\u0131 Ve\u0130\u015fe Geri D\u00f6n\u00fc\u015f ?<\/strong><\/p><p>Ameliyattan sonraki ilk g\u00fcn memede hafif a\u011fr\u0131 (dren \u00e7\u0131k\u0131\u015f noktalar\u0131) ve gerginlik hissedebilirsiniz. 3. g\u00fcn re\u00e7eteli ila\u00e7lar\u0131n kullan\u0131m\u0131 ve drenaj\u0131n \u00e7\u0131kmas\u0131\u00a0 ile a\u011fr\u0131n\u0131z azalacak ve yakla\u015f\u0131k 6-7 g\u00fcn sonra i\u015fe d\u00f6nebileceksiniz.<\/p><p><strong>Diki\u015f \u0130zi Var M\u0131?<\/strong><\/p><p>Cerrahi kesiden sonra kalan iz miktar\u0131 hastan\u0131n doku iyile\u015fmesine, diki\u015f tekni\u011fine ve cerrah\u0131n bak\u0131m\u0131na ba\u011fl\u0131d\u0131r. T\u00fcm hastalar ayn\u0131 diki\u015f tekni\u011fi ve materyali kullan\u0131larak dikilmi\u015f olsa bile, ki\u015fiden ki\u015fiye kalacak yara izi miktar\u0131 farkl\u0131l\u0131k g\u00f6sterecektir. Ya\u015f, cilt rengi, meme b\u00fcy\u00fckl\u00fc\u011f\u00fc, e\u015flik eden hastal\u0131klar, sigara, ameliyat sonras\u0131 bak\u0131m ve hijyen yara izi i\u00e7in belirleyici fakt\u00f6rlerdir. Erken d\u00f6nemde pembe \u00e7izgi \u015feklindeki diki\u015f \u00e7izgisi yakla\u015f\u0131k 12 ay sonra iyile\u015fmeyi tamamlar ve ten renginizle uyumlu hale gelir. Hastalar genellikle sezaryen diki\u015f izi ile kar\u015f\u0131la\u015ft\u0131rabilir, ancak meme k\u00fc\u00e7\u00fcltme ameliyat\u0131 s\u0131ras\u0131nda daha gerilmi\u015f bir cilt diki\u015fi. Sezaryen ameliyat\u0131 ise gev\u015fek bir cilt diki\u015fi oldu\u011fu i\u00e7in iz kalmad\u0131\u011f\u0131 s\u00f6ylenebilir.<\/p>\t\t\t\t\t\t<\/div>\n\t\t\t\t<\/div>\n\t\t\t\t\t<\/div>\n\t\t<\/div>\n\t\t\t\t\t\t\t<\/div>\n\t\t<\/section>\n\t\t\t\t\t\t<\/div>\n\t\t\t\t\t<\/div>\n\t\t","protected":false},"excerpt":{"rendered":"<p>Meme Dikle\u015ftirme Ergenlik d\u00f6neminde veya emzirmenin sona ermesine ra\u011fmen veya kilo al\u0131m\u0131na ba\u011fl\u0131 meme sarkmas\u0131 normalden daha b\u00fcy\u00fck olabilir. A\u011f\u0131r<\/p>\n","protected":false},"author":1,"featured_media":0,"parent":0,"menu_order":0,"comment_status":"closed","ping_status":"closed","template":"","meta":{"_monsterinsights_skip_tracking":false,"_monsterinsights_sitenote_active":false,"_monsterinsights_sitenote_note":"","_monsterinsights_sitenote_category":0,"footnotes":""},"class_list":["post-11843","page","type-page","status-publish","hentry"],"_links":{"self":[{"href":"https:\/\/mahmutnurikaratoprak.com\/tr\/wp-json\/wp\/v2\/pages\/11843","targetHints":{"allow":["GET"]}}],"collection":[{"href":"https:\/\/mahmutnurikaratoprak.com\/tr\/wp-json\/wp\/v2\/pages"}],"about":[{"href":"https:\/\/mahmutnurikaratoprak.com\/tr\/wp-json\/wp\/v2\/types\/page"}],"author":[{"embeddable":true,"href":"https:\/\/mahmutnurikaratoprak.com\/tr\/wp-json\/wp\/v2\/users\/1"}],"replies":[{"embeddable":true,"href":"https:\/\/mahmutnurikaratoprak.com\/tr\/wp-json\/wp\/v2\/comments?post=11843"}],"version-history":[{"count":23,"href":"https:\/\/mahmutnurikaratoprak.com\/tr\/wp-json\/wp\/v2\/pages\/11843\/revisions"}],"predecessor-version":[{"id":12635,"href":"https:\/\/mahmutnurikaratoprak.com\/tr\/wp-json\/wp\/v2\/pages\/11843\/revisions\/12635"}],"wp:attachment":[{"href":"https:\/\/mahmutnurikaratoprak.com\/tr\/wp-json\/wp\/v2\/media?parent=11843"}],"curies":[{"name":"wp","href":"https:\/\/api.w.org\/{rel}","templated":true}]}}