{"id":11844,"date":"2021-06-02T11:57:14","date_gmt":"2021-06-02T08:57:14","guid":{"rendered":"https:\/\/mahmutnurikaratoprak.com\/tr\/?page_id=11844"},"modified":"2021-07-26T16:28:44","modified_gmt":"2021-07-26T13:28:44","slug":"jinekomasti","status":"publish","type":"page","link":"https:\/\/mahmutnurikaratoprak.com\/tr\/jinekomasti","title":{"rendered":"Jinekomasti"},"content":{"rendered":"\t\t<div data-elementor-type=\"wp-page\" data-elementor-id=\"11844\" class=\"elementor elementor-11844\" data-elementor-settings=\"[]\">\n\t\t\t\t\t\t\t<div class=\"elementor-section-wrap\">\n\t\t\t\t\t\t\t<section class=\"elementor-section elementor-top-section elementor-element elementor-element-e9a5845 elementor-section-content-middle elementor-section-stretched elementor-section-boxed elementor-section-height-default elementor-section-height-default wd-section-disabled\" data-id=\"e9a5845\" data-element_type=\"section\" data-settings=\"{&quot;stretch_section&quot;:&quot;section-stretched&quot;,&quot;background_background&quot;:&quot;classic&quot;}\">\n\t\t\t\t\t\t<div class=\"elementor-container elementor-column-gap-extended\">\n\t\t\t\t\t<div class=\"elementor-column elementor-col-100 elementor-top-column elementor-element elementor-element-ece56e4 color-scheme-dark\" data-id=\"ece56e4\" data-element_type=\"column\">\n\t\t\t<div class=\"elementor-widget-wrap elementor-element-populated\">\n\t\t\t\t\t\t\t\t<div class=\"elementor-element elementor-element-99c18ce elementor-widget elementor-widget-wd_title\" data-id=\"99c18ce\" data-element_type=\"widget\" data-widget_type=\"wd_title.default\">\n\t\t\t\t<div class=\"elementor-widget-container\">\n\t\t\t\t\t<div class=\"title-wrapper woodmart-title-color-default woodmart-title-style-default woodmart-title-size-large text-left\">\n\n\t\t\t\n\t\t\t<div class=\"liner-continer\">\n\t\t\t\t<span class=\"left-line\"><\/span>\n\n\t\t\t\t<h4 class=\"woodmart-title-container title wd-underline-colored\">\n\t\t\t\t\tJinekomasti\t\t\t\t<\/h4>\n\n\t\t\t\t\n\t\t\t\t<span class=\"right-line\"><\/span>\n\t\t\t<\/div>\n\n\t\t\t\t\t<\/div>\n\t\t\t\t<\/div>\n\t\t\t\t<\/div>\n\t\t\t\t<div class=\"elementor-element elementor-element-0de72b9 elementor-widget elementor-widget-spacer\" data-id=\"0de72b9\" data-element_type=\"widget\" data-widget_type=\"spacer.default\">\n\t\t\t\t<div class=\"elementor-widget-container\">\n\t\t\t\t\t<div class=\"elementor-spacer\">\n\t\t\t<div class=\"elementor-spacer-inner\"><\/div>\n\t\t<\/div>\n\t\t\t\t<\/div>\n\t\t\t\t<\/div>\n\t\t\t\t<div class=\"elementor-element elementor-element-d2373de color-scheme-inherit text-left elementor-widget elementor-widget-text-editor\" data-id=\"d2373de\" data-element_type=\"widget\" data-widget_type=\"text-editor.default\">\n\t\t\t\t<div class=\"elementor-widget-container\">\n\t\t\t\t\t\t\t\t<p>Erkeklerde meme b\u00fcy\u00fctmeye jinekomasti denir. Bu asl\u0131nda \u00e7ok yayg\u0131n bir durumdur. Meme b\u00fcy\u00fctmenin nedenleri hormonal problemler, ergenlik, tiroid hastal\u0131klar\u0131, karaci\u011fer bozukluklar\u0131, ya\u015fl\u0131l\u0131k, a\u015f\u0131r\u0131 alkol kullan\u0131m\u0131 ve baz\u0131 ila\u00e7lar\u0131n kullan\u0131m\u0131d\u0131r.<\/p><p>Erkek meme dokusu kad\u0131n meme dokusundan farkl\u0131 de\u011fildir. S\u00fct sentezleyen bezleri, kanallar\u0131 ve ya\u011f dokusu vard\u0131r. Erkeklerde g\u00f6r\u00fclen jinekomasti yani meme b\u00fcy\u00fctme farkl\u0131 \u015fekillerde ortaya \u00e7\u0131kar. Sadece meme dokusunda, sadece ya\u011f dokusunda veya hem meme dokusunda hem de ya\u011f dokusunda bir art\u0131\u015fa ba\u011fl\u0131 olarak ortaya \u00e7\u0131kabilir. Jinekomasti hastalar\u0131n\u0131n \u00e7o\u011funda, meme b\u00fcy\u00fctme hi\u00e7bir neden olmad\u0131\u011f\u0131nda ortaya \u00e7\u0131kar.<\/p><p>Meme b\u00fcy\u00fctme sa\u011fl\u0131k a\u00e7\u0131s\u0131ndan zararl\u0131 de\u011fildir. Ancak erkeklerde sosyal ve psikolojik sorunlara neden olan bir durumdur. \u00d6zellikle hasta ergen bir ki\u015fi ise, bu sorun daha b\u00fcy\u00fck sorunlar ya\u015famas\u0131na neden olacakt\u0131r. Bu nedenle derhal m\u00fcdahale edilmeli ve ki\u015finin psikolojik durumu kontrol alt\u0131na al\u0131nmal\u0131d\u0131r.<\/p>\t\t\t\t\t\t<\/div>\n\t\t\t\t<\/div>\n\t\t\t\t\t<\/div>\n\t\t<\/div>\n\t\t\t\t\t\t\t<\/div>\n\t\t<\/section>\n\t\t\t\t<section class=\"elementor-section elementor-top-section elementor-element elementor-element-98a31cc elementor-section-stretched elementor-section-boxed elementor-section-height-default elementor-section-height-default wd-section-disabled\" data-id=\"98a31cc\" data-element_type=\"section\" data-settings=\"{&quot;stretch_section&quot;:&quot;section-stretched&quot;,&quot;background_background&quot;:&quot;classic&quot;}\">\n\t\t\t\t\t\t<div class=\"elementor-container elementor-column-gap-default\">\n\t\t\t\t\t<div class=\"elementor-column elementor-col-50 elementor-top-column elementor-element elementor-element-a5ecceb color-scheme-dark\" data-id=\"a5ecceb\" data-element_type=\"column\">\n\t\t\t<div class=\"elementor-widget-wrap elementor-element-populated\">\n\t\t\t\t\t\t\t\t<div class=\"elementor-element elementor-element-a5a0bb3 color-scheme-inherit text-left elementor-widget elementor-widget-text-editor\" data-id=\"a5a0bb3\" data-element_type=\"widget\" data-widget_type=\"text-editor.default\">\n\t\t\t\t<div class=\"elementor-widget-container\">\n\t\t\t\t\t\t\t\t<p>Bu durum herhangi bir hastal\u0131\u011f\u0131n sonucu olarak ortaya \u00e7\u0131karsa ve ergenlikte de\u011filseniz cerrahi bir m\u00fcdahaleye ihtiya\u00e7 duyulacakt\u0131r. Jinekomasti genellikle estetik olarak rahats\u0131z edici durumlara ve psikolojik sorunlara neden olur. Bu nedenle hastan\u0131n jinekomasti ameliyat\u0131 olmas\u0131 m\u00fcmk\u00fcn de\u011filse jinekomasti kompresyon g\u00f6mlekleri giymesi \u00f6nerilir. Jinekomasti kompresyon g\u00f6mlekleri, kad\u0131nlar taraf\u0131ndan giyilen korseler gibi, meme hacminizin fazlal\u0131\u011f\u0131n\u0131 gizler.<\/p><p>Jinekomasti ameliyat\u0131 i\u00e7in ya\u015f s\u0131n\u0131r\u0131 yoktur. Ancak hasta ergenlik d\u00f6nemindeyse \u00f6ncelikle ergenli\u011fin sonuna kadar beklemesini tavsiye ediyoruz. Bunun nedeni ergenlikte g\u00f6r\u00fclen meme b\u00fcy\u00fctmenin bu d\u00f6nemden sonra kendili\u011finden yok oldu\u011fu g\u00f6zlenmi\u015f olmas\u0131d\u0131r. Bu cerrahi i\u015flem ergenlik tamamland\u0131ktan sonra kolayca yap\u0131labilir. \u00d6ncelikle ki\u015fiye gerekli testleri yapt\u0131rmas\u0131 talimat\u0131 verilmeli, daha sonra gecikmeden jinekomasti ameliyat\u0131 yap\u0131lmal\u0131d\u0131r. Bu vesileyle psikolojik sorunlar ortaya \u00e7\u0131kmadan meme b\u00fcy\u00fctmenin \u00f6n\u00fcne ge\u00e7ilecektir.<\/p><p>Meme b\u00fcy\u00fctmenin nedeni b\u00f6lgedeki ya\u011f miktar\u0131ndaki art\u0131\u015f ise liposuction ile sorun \u00e7\u00f6z\u00fclebilir. Liposuction i\u015flemi k\u00fc\u00e7\u00fck delikler a\u00e7\u0131larak yap\u0131ld\u0131\u011f\u0131 i\u00e7in cerrahi iz kalmayacakt\u0131r. Ancak meme b\u00fcy\u00fcmesi meme bezi dokusunun b\u00fcy\u00fcmesinden kaynaklan\u0131yorsa meme ucunun alt\u0131na yap\u0131lacak bir kesi ile daha fazla doku \u00e7\u0131kar\u0131lmal\u0131d\u0131r. Kesi koyu renkli b\u00f6lgenin alt\u0131nda yap\u0131laca\u011f\u0131ndan, izler fark edilmeyecek ve zamanla belirsiz hale gelecektir.<\/p>\t\t\t\t\t\t<\/div>\n\t\t\t\t<\/div>\n\t\t\t\t\t<\/div>\n\t\t<\/div>\n\t\t\t\t<div class=\"elementor-column elementor-col-50 elementor-top-column elementor-element elementor-element-d8af63b\" data-id=\"d8af63b\" data-element_type=\"column\">\n\t\t\t<div class=\"elementor-widget-wrap elementor-element-populated\">\n\t\t\t\t\t\t\t\t<div class=\"elementor-element elementor-element-9b3fe7c elementor-widget elementor-widget-image\" data-id=\"9b3fe7c\" data-element_type=\"widget\" data-widget_type=\"image.default\">\n\t\t\t\t<div class=\"elementor-widget-container\">\n\t\t\t\t\t\t\t\t\t\t\t\t\t\t\t<img loading=\"lazy\" decoding=\"async\" width=\"625\" height=\"550\" src=\"https:\/\/mahmutnurikaratoprak.com\/tr\/wp-content\/uploads\/2021\/06\/Basliksiz-1-1.jpg\" class=\"attachment-full size-full\" alt=\"\" srcset=\"https:\/\/mahmutnurikaratoprak.com\/tr\/wp-content\/uploads\/2021\/06\/Basliksiz-1-1.jpg 625w, https:\/\/mahmutnurikaratoprak.com\/tr\/wp-content\/uploads\/2021\/06\/Basliksiz-1-1-300x264.jpg 300w\" sizes=\"auto, (max-width: 625px) 100vw, 625px\" \/>\t\t\t\t\t\t\t\t\t\t\t\t\t\t\t<\/div>\n\t\t\t\t<\/div>\n\t\t\t\t\t<\/div>\n\t\t<\/div>\n\t\t\t\t\t\t\t<\/div>\n\t\t<\/section>\n\t\t\t\t<section class=\"elementor-section elementor-top-section elementor-element elementor-element-7978624 elementor-section-content-middle elementor-section-stretched elementor-section-boxed elementor-section-height-default elementor-section-height-default wd-section-disabled\" data-id=\"7978624\" data-element_type=\"section\" data-settings=\"{&quot;stretch_section&quot;:&quot;section-stretched&quot;,&quot;background_background&quot;:&quot;classic&quot;}\">\n\t\t\t\t\t\t<div class=\"elementor-container elementor-column-gap-extended\">\n\t\t\t\t\t<div class=\"elementor-column elementor-col-100 elementor-top-column elementor-element elementor-element-786180 color-scheme-dark\" data-id=\"786180\" data-element_type=\"column\">\n\t\t\t<div class=\"elementor-widget-wrap elementor-element-populated\">\n\t\t\t\t\t\t\t\t<div class=\"elementor-element elementor-element-0de5e50 elementor-widget elementor-widget-wd_title\" data-id=\"0de5e50\" data-element_type=\"widget\" data-widget_type=\"wd_title.default\">\n\t\t\t\t<div class=\"elementor-widget-container\">\n\t\t\t\t\t<div class=\"title-wrapper woodmart-title-color-default woodmart-title-style-default woodmart-title-size-large text-center\">\n\n\t\t\t\n\t\t\t<div class=\"liner-continer\">\n\t\t\t\t<span class=\"left-line\"><\/span>\n\n\t\t\t\t<h4 class=\"woodmart-title-container title wd-underline-colored\">\n\t\t\t\t\tRandevu Talep Et\t\t\t\t<\/h4>\n\n\t\t\t\t\n\t\t\t\t<span class=\"right-line\"><\/span>\n\t\t\t<\/div>\n\n\t\t\t\t\t<\/div>\n\t\t\t\t<\/div>\n\t\t\t\t<\/div>\n\t\t\t\t<div class=\"elementor-element elementor-element-7f83964 color-scheme-inherit text-left elementor-widget elementor-widget-text-editor\" data-id=\"7f83964\" data-element_type=\"widget\" data-widget_type=\"text-editor.default\">\n\t\t\t\t<div class=\"elementor-widget-container\">\n\t\t\t\t\t\t\t\t<p>Bilgilerinizi bize g\u00f6nderin. Sizi aray\u0131p randevunuzu ayarlayal\u0131m !<\/p>\t\t\t\t\t\t<\/div>\n\t\t\t\t<\/div>\n\t\t\t\t<section class=\"elementor-section elementor-inner-section elementor-element elementor-element-3b4ad17 elementor-section-boxed elementor-section-height-default elementor-section-height-default wd-section-disabled\" data-id=\"3b4ad17\" data-element_type=\"section\">\n\t\t\t\t\t\t<div class=\"elementor-container elementor-column-gap-default\">\n\t\t\t\t\t<div class=\"elementor-column elementor-col-33 elementor-inner-column elementor-element elementor-element-1297f45\" data-id=\"1297f45\" data-element_type=\"column\">\n\t\t\t<div class=\"elementor-widget-wrap\">\n\t\t\t\t\t\t\t\t\t<\/div>\n\t\t<\/div>\n\t\t\t\t<div class=\"elementor-column elementor-col-33 elementor-inner-column elementor-element elementor-element-ceaf1cb\" data-id=\"ceaf1cb\" data-element_type=\"column\">\n\t\t\t<div class=\"elementor-widget-wrap elementor-element-populated\">\n\t\t\t\t\t\t\t\t<div class=\"elementor-element elementor-element-bc5cfc8 color-scheme-inherit text-left elementor-widget elementor-widget-text-editor\" data-id=\"bc5cfc8\" data-element_type=\"widget\" data-widget_type=\"text-editor.default\">\n\t\t\t\t<div class=\"elementor-widget-container\">\n\t\t\t\t\t\t\t\t<div role=\"form\" class=\"wpcf7\" id=\"wpcf7-f9402-o1\" lang=\"en-US\" dir=\"ltr\">\n<div class=\"screen-reader-response\"><p role=\"status\" aria-live=\"polite\" aria-atomic=\"true\"><\/p> <ul><\/ul><\/div>\n<form action=\"\/tr\/wp-json\/wp\/v2\/pages\/11844#wpcf7-f9402-o1\" method=\"post\" class=\"wpcf7-form init\" novalidate=\"novalidate\" data-status=\"init\">\n<div style=\"display: none;\">\n<input type=\"hidden\" name=\"_wpcf7\" value=\"9402\" \/>\n<input type=\"hidden\" name=\"_wpcf7_version\" value=\"5.4.1\" \/>\n<input type=\"hidden\" name=\"_wpcf7_locale\" value=\"en_US\" \/>\n<input type=\"hidden\" name=\"_wpcf7_unit_tag\" value=\"wpcf7-f9402-o1\" \/>\n<input type=\"hidden\" name=\"_wpcf7_container_post\" value=\"0\" \/>\n<input type=\"hidden\" name=\"_wpcf7_posted_data_hash\" value=\"\" \/>\n<\/div>\n<div class=\"row\">\n<div class=\"col-lg\">\n<p><span class=\"wpcf7-form-control-wrap adi\"><input type=\"text\" name=\"adi\" value=\"\" size=\"40\" class=\"wpcf7-form-control wpcf7-text wpcf7-validates-as-required\" aria-required=\"true\" aria-invalid=\"false\" placeholder=\"Ad\" \/><\/span><\/p>\n<\/div>\n<div class=\"col-lg\">\n<p><span class=\"wpcf7-form-control-wrap telefon\"><input type=\"text\" name=\"telefon\" value=\"\" size=\"40\" class=\"wpcf7-form-control wpcf7-text wpcf7-validates-as-required\" aria-required=\"true\" aria-invalid=\"false\" placeholder=\"Telefon Numaran\u0131z\" \/><\/span><\/p>\n<\/div>\n<div class=\"col-lg\">\n<p><span class=\"wpcf7-form-control-wrap mail\"><input type=\"text\" name=\"mail\" value=\"\" size=\"40\" class=\"wpcf7-form-control wpcf7-text\" aria-invalid=\"false\" placeholder=\"E-Mail\" \/><\/span><\/p>\n<\/div>\n<div class=\"col-lg-auto\">\n<p><input type=\"submit\" value=\"Form G\u00f6nder\" class=\"wpcf7-form-control wpcf7-submit btn btn-color-primary\" \/><\/p>\n<\/div>\n<\/div>\n<div class=\"wpcf7-response-output\" aria-hidden=\"true\"><\/div><\/form><\/div>\t\t\t\t\t\t<\/div>\n\t\t\t\t<\/div>\n\t\t\t\t\t<\/div>\n\t\t<\/div>\n\t\t\t\t<div class=\"elementor-column elementor-col-33 elementor-inner-column elementor-element elementor-element-c44b51d\" data-id=\"c44b51d\" data-element_type=\"column\">\n\t\t\t<div class=\"elementor-widget-wrap\">\n\t\t\t\t\t\t\t\t\t<\/div>\n\t\t<\/div>\n\t\t\t\t\t\t\t<\/div>\n\t\t<\/section>\n\t\t\t\t\t<\/div>\n\t\t<\/div>\n\t\t\t\t\t\t\t<\/div>\n\t\t<\/section>\n\t\t\t\t<section class=\"elementor-section elementor-top-section elementor-element elementor-element-ca259a3 elementor-section-content-middle elementor-section-stretched elementor-section-boxed elementor-section-height-default elementor-section-height-default wd-section-disabled\" data-id=\"ca259a3\" data-element_type=\"section\" data-settings=\"{&quot;stretch_section&quot;:&quot;section-stretched&quot;,&quot;background_background&quot;:&quot;classic&quot;}\">\n\t\t\t\t\t\t<div class=\"elementor-container elementor-column-gap-extended\">\n\t\t\t\t\t<div class=\"elementor-column elementor-col-100 elementor-top-column elementor-element elementor-element-535ec85 color-scheme-dark\" data-id=\"535ec85\" data-element_type=\"column\">\n\t\t\t<div class=\"elementor-widget-wrap elementor-element-populated\">\n\t\t\t\t\t\t\t\t<div class=\"elementor-element elementor-element-8bd828f color-scheme-inherit text-left elementor-widget elementor-widget-text-editor\" data-id=\"8bd828f\" data-element_type=\"widget\" data-widget_type=\"text-editor.default\">\n\t\t\t\t<div class=\"elementor-widget-container\">\n\t\t\t\t\t\t\t\t<p>Jinekomasti ameliyat\u0131 yani meme k\u00fc\u00e7\u00fcltme ameliyat\u0131 sedasyon anestezisi veya genel anestezi alt\u0131nda yap\u0131l\u0131r. Tercihen sedasyon anestezisi alt\u0131nda yap\u0131lan ameliyatlardan sonra hastalar ayn\u0131 g\u00fcn evlerine gidebilirler. Jinekomasti i\u015fleminin \u00e7al\u0131\u015fma s\u00fcresi, g\u00f6\u011f\u00fcslerin b\u00fcy\u00fckl\u00fc\u011f\u00fcne ve kullan\u0131lan y\u00f6nteme ba\u011fl\u0131 olarak yar\u0131m saat ile bir saat aras\u0131nda de\u011fi\u015fmektedir. Dokular\u0131n alt\u0131na verilen anestezikler yard\u0131m\u0131yla ameliyat sonras\u0131 a\u011fr\u0131 hissetmezsiniz. Ancak, birka\u00e7 g\u00fcn sonra hafif a\u011fr\u0131lar hissedebilirsiniz. Bu son derece normal. Genellikle doktorlar, hastalara jinekomasti ameliyat\u0131ndan sonra yakla\u015f\u0131k bir ay boyunca, meme dokular\u0131n\u0131n yeni yerlerine daha iyi yap\u0131\u015fmas\u0131n\u0131 sa\u011flamak ve ayn\u0131 zamanda bu b\u00f6lgeyi s\u0131k\u0131la\u015ft\u0131rmak amac\u0131yla bir korse giymelerini tavsiye eder.<\/p><p>Erkeklerde meme k\u00fc\u00e7\u00fcltme ameliyat\u0131ndan kal\u0131c\u0131 sonu\u00e7lar elde etmek i\u00e7in kilonun korunmas\u0131 gerekir. Ya\u011f dokular\u0131 b\u00f6lgeden tamamen \u00e7\u0131kar\u0131laca\u011f\u0131 i\u00e7in kilo al\u0131m\u0131 ger\u00e7ekle\u015fmedi\u011fi s\u00fcrece meme b\u00fcy\u00fcmesi bir daha g\u00f6r\u00fclmeyecektir. K\u0131sacas\u0131 jinekomasti ameliyat\u0131ndan sonra meme b\u00fcy\u00fctme probleminden tamamen kurtulacaks\u0131n\u0131z.<\/p>\t\t\t\t\t\t<\/div>\n\t\t\t\t<\/div>\n\t\t\t\t\t<\/div>\n\t\t<\/div>\n\t\t\t\t\t\t\t<\/div>\n\t\t<\/section>\n\t\t\t\t\t\t<\/div>\n\t\t\t\t\t<\/div>\n\t\t","protected":false},"excerpt":{"rendered":"<p>Jinekomasti Erkeklerde meme b\u00fcy\u00fctmeye jinekomasti denir. Bu asl\u0131nda \u00e7ok yayg\u0131n bir durumdur. Meme b\u00fcy\u00fctmenin nedenleri hormonal problemler, ergenlik, tiroid hastal\u0131klar\u0131,<\/p>\n","protected":false},"author":1,"featured_media":0,"parent":0,"menu_order":0,"comment_status":"closed","ping_status":"closed","template":"","meta":{"_monsterinsights_skip_tracking":false,"_monsterinsights_sitenote_active":false,"_monsterinsights_sitenote_note":"","_monsterinsights_sitenote_category":0,"footnotes":""},"class_list":["post-11844","page","type-page","status-publish","hentry"],"_links":{"self":[{"href":"https:\/\/mahmutnurikaratoprak.com\/tr\/wp-json\/wp\/v2\/pages\/11844","targetHints":{"allow":["GET"]}}],"collection":[{"href":"https:\/\/mahmutnurikaratoprak.com\/tr\/wp-json\/wp\/v2\/pages"}],"about":[{"href":"https:\/\/mahmutnurikaratoprak.com\/tr\/wp-json\/wp\/v2\/types\/page"}],"author":[{"embeddable":true,"href":"https:\/\/mahmutnurikaratoprak.com\/tr\/wp-json\/wp\/v2\/users\/1"}],"replies":[{"embeddable":true,"href":"https:\/\/mahmutnurikaratoprak.com\/tr\/wp-json\/wp\/v2\/comments?post=11844"}],"version-history":[{"count":11,"href":"https:\/\/mahmutnurikaratoprak.com\/tr\/wp-json\/wp\/v2\/pages\/11844\/revisions"}],"predecessor-version":[{"id":12450,"href":"https:\/\/mahmutnurikaratoprak.com\/tr\/wp-json\/wp\/v2\/pages\/11844\/revisions\/12450"}],"wp:attachment":[{"href":"https:\/\/mahmutnurikaratoprak.com\/tr\/wp-json\/wp\/v2\/media?parent=11844"}],"curies":[{"name":"wp","href":"https:\/\/api.w.org\/{rel}","templated":true}]}}