{"id":11865,"date":"2021-06-02T12:00:02","date_gmt":"2021-06-02T09:00:02","guid":{"rendered":"https:\/\/mahmutnurikaratoprak.com\/tr\/?page_id=11865"},"modified":"2021-07-30T14:31:22","modified_gmt":"2021-07-30T11:31:22","slug":"karin-germe","status":"publish","type":"page","link":"https:\/\/mahmutnurikaratoprak.com\/tr\/karin-germe","title":{"rendered":"Kar\u0131n Germe"},"content":{"rendered":"\t\t<div data-elementor-type=\"wp-page\" data-elementor-id=\"11865\" class=\"elementor elementor-11865\" data-elementor-settings=\"[]\">\n\t\t\t\t\t\t\t<div class=\"elementor-section-wrap\">\n\t\t\t\t\t\t\t<section class=\"elementor-section elementor-top-section elementor-element elementor-element-e9a5845 elementor-section-content-middle elementor-section-stretched elementor-section-boxed elementor-section-height-default elementor-section-height-default wd-section-disabled\" data-id=\"e9a5845\" data-element_type=\"section\" data-settings=\"{&quot;stretch_section&quot;:&quot;section-stretched&quot;,&quot;background_background&quot;:&quot;classic&quot;}\">\n\t\t\t\t\t\t<div class=\"elementor-container elementor-column-gap-extended\">\n\t\t\t\t\t<div class=\"elementor-column elementor-col-100 elementor-top-column elementor-element elementor-element-ece56e4 color-scheme-dark\" data-id=\"ece56e4\" data-element_type=\"column\">\n\t\t\t<div class=\"elementor-widget-wrap elementor-element-populated\">\n\t\t\t\t\t\t\t\t<div class=\"elementor-element elementor-element-99c18ce elementor-widget elementor-widget-wd_title\" data-id=\"99c18ce\" data-element_type=\"widget\" data-widget_type=\"wd_title.default\">\n\t\t\t\t<div class=\"elementor-widget-container\">\n\t\t\t\t\t<div class=\"title-wrapper woodmart-title-color-default woodmart-title-style-default woodmart-title-size-large text-left\">\n\n\t\t\t\n\t\t\t<div class=\"liner-continer\">\n\t\t\t\t<span class=\"left-line\"><\/span>\n\n\t\t\t\t<h4 class=\"woodmart-title-container title wd-underline-colored\">\n\t\t\t\t\tKar\u0131n Germe (Abdominoplasty)\t\t\t\t<\/h4>\n\n\t\t\t\t\n\t\t\t\t<span class=\"right-line\"><\/span>\n\t\t\t<\/div>\n\n\t\t\t\t\t<\/div>\n\t\t\t\t<\/div>\n\t\t\t\t<\/div>\n\t\t\t\t<div class=\"elementor-element elementor-element-0de72b9 elementor-widget elementor-widget-spacer\" data-id=\"0de72b9\" data-element_type=\"widget\" data-widget_type=\"spacer.default\">\n\t\t\t\t<div class=\"elementor-widget-container\">\n\t\t\t\t\t<div class=\"elementor-spacer\">\n\t\t\t<div class=\"elementor-spacer-inner\"><\/div>\n\t\t<\/div>\n\t\t\t\t<\/div>\n\t\t\t\t<\/div>\n\t\t\t\t<div class=\"elementor-element elementor-element-d2373de color-scheme-inherit text-left elementor-widget elementor-widget-text-editor\" data-id=\"d2373de\" data-element_type=\"widget\" data-widget_type=\"text-editor.default\">\n\t\t\t\t<div class=\"elementor-widget-container\">\n\t\t\t\t\t\t\t\t<p>Diyet veya mide k\u00fc\u00e7\u00fcltme sonras\u0131 ve gebelik nedeniyle kar\u0131n b\u00f6lgesindeki sarkma ve geni\u015flemeyi d\u00fczeltmek i\u00e7in kar\u0131n germe ameliyat\u0131 yap\u0131labilir. Operasyonun temel prensibi, fazla cilt yap\u0131s\u0131n\u0131 gidermek ve rahat kar\u0131n kas\u0131 gerginli\u011fini geri kazanmak i\u00e7in s\u0131k\u0131la\u015ft\u0131rma diki\u015fleri uygulamakt\u0131r. Bu ameliyatla kar\u0131n b\u00f6lgesinde kilo veya hamilelik nedeniyle olu\u015fan ciltteki y\u0131rt\u0131klar (stria) da giderilir.<\/p><p><strong>Mini Kar\u0131n Germe<\/strong><\/p><p>Sadece sarkan cilt \u00e7\u0131kar\u0131l\u0131r ve s\u0131k\u0131la\u015fma diki\u015fleri kar\u0131n kas\u0131 yap\u0131s\u0131na uygulanmazsa buna mini kar\u0131n germe denir. Kaslarda g\u00fc\u00e7l\u00fc bir gev\u015feme yoksa veya g\u00fc\u00e7l\u00fc bir kas yap\u0131s\u0131 ve hafif cilt sarkmas\u0131 varsa uygulanabilir.<\/p><p><strong>Ameliyat \u00d6ncesi De\u011ferlendirme<\/strong><\/p><p>Kar\u0131n b\u00f6lgeniz incelenir ve kar\u0131n kaslar\u0131n\u0131n fazlal\u0131\u011f\u0131 ve gev\u015fekli\u011fi de\u011ferlendirilir. G\u00f6bek ve g\u00f6vde taraflar\u0131nda ya\u011f dokusunda art\u0131\u015f varsa ayn\u0131 ameliyatta Liposuction i\u015flemi yap\u0131labilir. Hasta cerrahi s\u00fcre\u00e7, ameliyat sonras\u0131 ve olas\u0131 riskler hakk\u0131nda bilgilendirilir. Kar\u0131n germe ameliyat\u0131 olabilmek i\u00e7in v\u00fccut kitle indeksinizin uygun olmas\u0131 gerekir. Bunun i\u00e7in muayene s\u0131ras\u0131nda cilt ya\u011f kal\u0131nl\u0131\u011f\u0131 ve gerginli\u011fi de\u011ferlendirilir. Yeterli incelik ve sarkma yoksa kilo vermeniz gerekecektir. Do\u011fumdan 6 ay \u00f6nce yap\u0131lmas\u0131n\u0131 uygun bulmuyorum. Daha \u00f6nce ameliyat\u0131n\u0131z, y\u00fcksek tansiyon, diyabet, guatr gibi kronik hastal\u0131klar\u0131n\u0131z, herhangi bir ilaca veya yiyece\u011fe alerjiniz varsa, kullanman\u0131z gereken ila\u00e7lar olup olmad\u0131\u011f\u0131n\u0131 mutlaka bilgilendirmelisiniz. Sigara i\u00e7iyorsan\u0131z ameliyattan \u00f6nce b\u0131rakmal\u0131, diki\u015fler sonra iyile\u015fene kadar i\u00e7memelisiniz.<\/p>\t\t\t\t\t\t<\/div>\n\t\t\t\t<\/div>\n\t\t\t\t\t<\/div>\n\t\t<\/div>\n\t\t\t\t\t\t\t<\/div>\n\t\t<\/section>\n\t\t\t\t<section class=\"elementor-section elementor-top-section elementor-element elementor-element-98a31cc elementor-section-stretched elementor-section-boxed elementor-section-height-default elementor-section-height-default wd-section-disabled\" data-id=\"98a31cc\" data-element_type=\"section\" data-settings=\"{&quot;stretch_section&quot;:&quot;section-stretched&quot;,&quot;background_background&quot;:&quot;classic&quot;}\">\n\t\t\t\t\t\t<div class=\"elementor-container elementor-column-gap-default\">\n\t\t\t\t\t<div class=\"elementor-column elementor-col-50 elementor-top-column elementor-element elementor-element-a5ecceb color-scheme-dark\" data-id=\"a5ecceb\" data-element_type=\"column\">\n\t\t\t<div class=\"elementor-widget-wrap elementor-element-populated\">\n\t\t\t\t\t\t\t\t<div class=\"elementor-element elementor-element-a5a0bb3 color-scheme-inherit text-left elementor-widget elementor-widget-text-editor\" data-id=\"a5a0bb3\" data-element_type=\"widget\" data-widget_type=\"text-editor.default\">\n\t\t\t\t<div class=\"elementor-widget-container\">\n\t\t\t\t\t\t\t\t<p><strong>Hastane ve Ameliyathane S\u00fcreci<\/strong><\/p><p>Ameliyat \u00f6ncesi muayeneler ayn\u0131 g\u00fcn veya 1 g\u00fcn \u00f6nce haz\u0131rlan\u0131r. Ameliyattan 8 saat \u00f6nce hi\u00e7bir \u015fey yememeli ve i\u00e7memelisiniz. Sonu\u00e7lar anestezi uzman\u0131 taraf\u0131ndan de\u011ferlendirilirse ve herhangi bir engel yoksa ameliyat\u0131n\u0131z yap\u0131labilir. Genel anestezi alt\u0131nda yap\u0131ld\u0131\u011f\u0131 i\u00e7in hasta i\u015flem s\u0131ras\u0131nda herhangi bir a\u011fr\u0131 hissetmeyecektir. Ortalama ameliyat s\u00fcresi 2 saattir ve hasta uyutulup uyand\u0131ktan sonra ameliyathanede ge\u00e7irilen s\u00fcre daha uzun olacakt\u0131r.<\/p><p>Ameliyat sonras\u0131 serviste size antibiyotik ve a\u011fr\u0131 kesici verilecektir. Ertesi g\u00fcn kontrol muayenesi yap\u0131larak ve 3.<\/p><p>Kar\u0131n germe ameliyat\u0131ndan sonra, s\u0131v\u0131y\u0131 \u00e7\u0131karmak ve dokular aras\u0131nda kan s\u0131zd\u0131rmak i\u00e7in bir dren yerle\u015ftirilir. Gelen miktar azald\u0131\u011f\u0131nda (3-7 g\u00fcn sonra) drenajlar \u00e7\u0131kar\u0131l\u0131r.<\/p><p><strong>Operasyon Sonras\u0131 A\u011fr\u0131 Ve \u0130\u015fe Geri D\u00f6n\u00fc\u015f?<\/strong><\/p><p>Ameliyattan sonraki ilk g\u00fcnlerde karn\u0131n\u0131zda gerginlik ve a\u011fr\u0131 (dren \u00e7\u0131k\u0131\u015f noktalar\u0131) hissedebilirsiniz. A\u011fr\u0131n\u0131z, re\u00e7ete edilen ila\u00e7lar\u0131 kullanarak ve drenaj\u0131 \u00e7\u0131kararak yakla\u015f\u0131k 7-10 g\u00fcn oran\u0131nda azalacakt\u0131r. Bu g\u00fcnler sonras\u0131nda i\u015fe geri d\u00f6nebileceksiniz.<\/p><p><strong>Diki\u015f \u0130zi Var M\u0131?<\/strong><\/p><p>Cerrahi kesiden sonra kalan iz miktar\u0131 hastan\u0131n doku iyile\u015fmesine, diki\u015f tekni\u011fine ve cerrah\u0131n bak\u0131m\u0131na ba\u011fl\u0131d\u0131r. T\u00fcm hastalar ayn\u0131 diki\u015f tekni\u011fi ve materyali kullan\u0131larak dikilmi\u015f olsa bile, ki\u015fiden ki\u015fiye kalacak yara izi miktar\u0131 farkl\u0131l\u0131k g\u00f6sterecektir. Ya\u015f, cilt rengi, cilt gerginli\u011finin e\u015flik etti\u011fi hastal\u0131klar, sigara, ameliyat sonras\u0131 bak\u0131m ve hijyen yara izi i\u00e7in belirleyici fakt\u00f6rlerdir. Erken d\u00f6nemde pembe \u00e7izgi \u015feklindeki diki\u015f \u00e7izgisi yakla\u015f\u0131k 12 ay sonra iyile\u015fmeyi tamamlar ve ten renginizle uyumlu hale gelir. Baz\u0131 hastalarda s\u0131n\u0131rs\u0131z yara iyile\u015fmesine ba\u011fl\u0131 hipertrofik skar olu\u015fabilir. Bu durumda k\u0131rm\u0131z\u0131 z\u0131playan diki\u015f hatlar\u0131nda silikon pres plakalar\u0131, silikon jeller kullan\u0131l\u0131r ve son olarak steroid enjeksiyonu gerekebilir.<\/p>\t\t\t\t\t\t<\/div>\n\t\t\t\t<\/div>\n\t\t\t\t\t<\/div>\n\t\t<\/div>\n\t\t\t\t<div class=\"elementor-column elementor-col-50 elementor-top-column elementor-element elementor-element-d8af63b\" data-id=\"d8af63b\" data-element_type=\"column\">\n\t\t\t<div class=\"elementor-widget-wrap elementor-element-populated\">\n\t\t\t\t\t\t\t\t<div class=\"elementor-element elementor-element-9b3fe7c elementor-widget elementor-widget-image\" data-id=\"9b3fe7c\" data-element_type=\"widget\" data-widget_type=\"image.default\">\n\t\t\t\t<div class=\"elementor-widget-container\">\n\t\t\t\t\t\t\t\t\t\t\t\t\t\t\t<img loading=\"lazy\" decoding=\"async\" width=\"625\" height=\"800\" src=\"https:\/\/mahmutnurikaratoprak.com\/tr\/wp-content\/uploads\/2021\/06\/tummy.jpg\" class=\"attachment-full size-full\" alt=\"\" srcset=\"https:\/\/mahmutnurikaratoprak.com\/tr\/wp-content\/uploads\/2021\/06\/tummy.jpg 625w, https:\/\/mahmutnurikaratoprak.com\/tr\/wp-content\/uploads\/2021\/06\/tummy-234x300.jpg 234w\" sizes=\"auto, (max-width: 625px) 100vw, 625px\" \/>\t\t\t\t\t\t\t\t\t\t\t\t\t\t\t<\/div>\n\t\t\t\t<\/div>\n\t\t\t\t\t<\/div>\n\t\t<\/div>\n\t\t\t\t\t\t\t<\/div>\n\t\t<\/section>\n\t\t\t\t<section class=\"elementor-section elementor-top-section elementor-element elementor-element-7978624 elementor-section-content-middle elementor-section-stretched elementor-section-boxed elementor-section-height-default elementor-section-height-default wd-section-disabled\" data-id=\"7978624\" data-element_type=\"section\" data-settings=\"{&quot;stretch_section&quot;:&quot;section-stretched&quot;,&quot;background_background&quot;:&quot;classic&quot;}\">\n\t\t\t\t\t\t<div class=\"elementor-container elementor-column-gap-extended\">\n\t\t\t\t\t<div class=\"elementor-column elementor-col-100 elementor-top-column elementor-element elementor-element-786180 color-scheme-dark\" data-id=\"786180\" data-element_type=\"column\">\n\t\t\t<div class=\"elementor-widget-wrap elementor-element-populated\">\n\t\t\t\t\t\t\t\t<div class=\"elementor-element elementor-element-0de5e50 elementor-widget elementor-widget-wd_title\" data-id=\"0de5e50\" data-element_type=\"widget\" data-widget_type=\"wd_title.default\">\n\t\t\t\t<div class=\"elementor-widget-container\">\n\t\t\t\t\t<div class=\"title-wrapper woodmart-title-color-default woodmart-title-style-default woodmart-title-size-large text-center\">\n\n\t\t\t\n\t\t\t<div class=\"liner-continer\">\n\t\t\t\t<span class=\"left-line\"><\/span>\n\n\t\t\t\t<h4 class=\"woodmart-title-container title wd-underline-colored\">\n\t\t\t\t\tRandevu Talep Et\t\t\t\t<\/h4>\n\n\t\t\t\t\n\t\t\t\t<span class=\"right-line\"><\/span>\n\t\t\t<\/div>\n\n\t\t\t\t\t<\/div>\n\t\t\t\t<\/div>\n\t\t\t\t<\/div>\n\t\t\t\t<div class=\"elementor-element elementor-element-7f83964 color-scheme-inherit text-left elementor-widget elementor-widget-text-editor\" data-id=\"7f83964\" data-element_type=\"widget\" data-widget_type=\"text-editor.default\">\n\t\t\t\t<div class=\"elementor-widget-container\">\n\t\t\t\t\t\t\t\tBilgilerinizi bize g\u00f6nderin. Sizi aray\u0131p randevunuzu ayarlayal\u0131m !\t\t\t\t\t\t<\/div>\n\t\t\t\t<\/div>\n\t\t\t\t<section class=\"elementor-section elementor-inner-section elementor-element elementor-element-3b4ad17 elementor-section-boxed elementor-section-height-default elementor-section-height-default wd-section-disabled\" data-id=\"3b4ad17\" data-element_type=\"section\">\n\t\t\t\t\t\t<div class=\"elementor-container elementor-column-gap-default\">\n\t\t\t\t\t<div class=\"elementor-column elementor-col-33 elementor-inner-column elementor-element elementor-element-1297f45\" data-id=\"1297f45\" data-element_type=\"column\">\n\t\t\t<div class=\"elementor-widget-wrap\">\n\t\t\t\t\t\t\t\t\t<\/div>\n\t\t<\/div>\n\t\t\t\t<div class=\"elementor-column elementor-col-33 elementor-inner-column elementor-element elementor-element-ceaf1cb\" data-id=\"ceaf1cb\" data-element_type=\"column\">\n\t\t\t<div class=\"elementor-widget-wrap elementor-element-populated\">\n\t\t\t\t\t\t\t\t<div class=\"elementor-element elementor-element-bc5cfc8 color-scheme-inherit text-left elementor-widget elementor-widget-text-editor\" data-id=\"bc5cfc8\" data-element_type=\"widget\" data-widget_type=\"text-editor.default\">\n\t\t\t\t<div class=\"elementor-widget-container\">\n\t\t\t\t\t\t\t\t<div role=\"form\" class=\"wpcf7\" id=\"wpcf7-f9402-o1\" lang=\"en-US\" dir=\"ltr\">\n<div class=\"screen-reader-response\"><p role=\"status\" aria-live=\"polite\" aria-atomic=\"true\"><\/p> <ul><\/ul><\/div>\n<form action=\"\/tr\/wp-json\/wp\/v2\/pages\/11865#wpcf7-f9402-o1\" method=\"post\" class=\"wpcf7-form init\" novalidate=\"novalidate\" data-status=\"init\">\n<div style=\"display: none;\">\n<input type=\"hidden\" name=\"_wpcf7\" value=\"9402\" \/>\n<input type=\"hidden\" name=\"_wpcf7_version\" value=\"5.4.1\" \/>\n<input type=\"hidden\" name=\"_wpcf7_locale\" value=\"en_US\" \/>\n<input type=\"hidden\" name=\"_wpcf7_unit_tag\" value=\"wpcf7-f9402-o1\" \/>\n<input type=\"hidden\" name=\"_wpcf7_container_post\" value=\"0\" \/>\n<input type=\"hidden\" name=\"_wpcf7_posted_data_hash\" value=\"\" \/>\n<\/div>\n<div class=\"row\">\n<div class=\"col-lg\">\n<p><span class=\"wpcf7-form-control-wrap adi\"><input type=\"text\" name=\"adi\" value=\"\" size=\"40\" class=\"wpcf7-form-control wpcf7-text wpcf7-validates-as-required\" aria-required=\"true\" aria-invalid=\"false\" placeholder=\"Ad\" \/><\/span><\/p>\n<\/div>\n<div class=\"col-lg\">\n<p><span class=\"wpcf7-form-control-wrap telefon\"><input type=\"text\" name=\"telefon\" value=\"\" size=\"40\" class=\"wpcf7-form-control wpcf7-text wpcf7-validates-as-required\" aria-required=\"true\" aria-invalid=\"false\" placeholder=\"Telefon Numaran\u0131z\" \/><\/span><\/p>\n<\/div>\n<div class=\"col-lg\">\n<p><span class=\"wpcf7-form-control-wrap mail\"><input type=\"text\" name=\"mail\" value=\"\" size=\"40\" class=\"wpcf7-form-control wpcf7-text\" aria-invalid=\"false\" placeholder=\"E-Mail\" \/><\/span><\/p>\n<\/div>\n<div class=\"col-lg-auto\">\n<p><input type=\"submit\" value=\"Form G\u00f6nder\" class=\"wpcf7-form-control wpcf7-submit btn btn-color-primary\" \/><\/p>\n<\/div>\n<\/div>\n<div class=\"wpcf7-response-output\" aria-hidden=\"true\"><\/div><\/form><\/div>\t\t\t\t\t\t<\/div>\n\t\t\t\t<\/div>\n\t\t\t\t\t<\/div>\n\t\t<\/div>\n\t\t\t\t<div class=\"elementor-column elementor-col-33 elementor-inner-column elementor-element elementor-element-c44b51d\" data-id=\"c44b51d\" data-element_type=\"column\">\n\t\t\t<div class=\"elementor-widget-wrap\">\n\t\t\t\t\t\t\t\t\t<\/div>\n\t\t<\/div>\n\t\t\t\t\t\t\t<\/div>\n\t\t<\/section>\n\t\t\t\t\t<\/div>\n\t\t<\/div>\n\t\t\t\t\t\t\t<\/div>\n\t\t<\/section>\n\t\t\t\t<section class=\"elementor-section elementor-top-section elementor-element elementor-element-ca259a3 elementor-section-content-middle elementor-section-stretched elementor-section-boxed elementor-section-height-default elementor-section-height-default wd-section-disabled\" data-id=\"ca259a3\" data-element_type=\"section\" data-settings=\"{&quot;stretch_section&quot;:&quot;section-stretched&quot;,&quot;background_background&quot;:&quot;classic&quot;}\">\n\t\t\t\t\t\t<div class=\"elementor-container elementor-column-gap-extended\">\n\t\t\t\t\t<div class=\"elementor-column elementor-col-100 elementor-top-column elementor-element elementor-element-535ec85 color-scheme-dark\" data-id=\"535ec85\" data-element_type=\"column\">\n\t\t\t<div class=\"elementor-widget-wrap elementor-element-populated\">\n\t\t\t\t\t\t\t\t<div class=\"elementor-element elementor-element-8bd828f color-scheme-inherit text-left elementor-widget elementor-widget-text-editor\" data-id=\"8bd828f\" data-element_type=\"widget\" data-widget_type=\"text-editor.default\">\n\t\t\t\t<div class=\"elementor-widget-container\">\n\t\t\t\t\t\t\t\t<p><strong>Kar\u0131n Germe Riskli Mi?<\/strong><\/p><p>Genel anestezi alt\u0131nda yap\u0131lan operasyonlarda riskler anestezi ve cerrahiye ba\u011fl\u0131 olarak 2&#8217;ye ayr\u0131labilir. Geli\u015fen anestezik ekipman ve teknoloji g\u00f6z \u00f6n\u00fcne al\u0131nd\u0131\u011f\u0131nda, prosed\u00fcrler ge\u00e7mi\u015fe g\u00f6re \u00e7ok daha g\u00fcvenli bir \u015fekilde ger\u00e7ekle\u015ftirilir. Ameliyat \u00f6ncesi yap\u0131lan laboratuvar testleri kontrol edilir ve gerekirse di\u011fer bran\u015flardan kons\u00fcltasyon istenir. Kronik bir hastal\u0131\u011f\u0131n\u0131z, herhangi bir ilaca alerjiniz, daha \u00f6nceki ameliyat\u0131n\u0131zda ya\u015fad\u0131\u011f\u0131n\u0131z bir sorun varsa mutlaka s\u00f6ylemelisiniz. Ameliyattan 8 saat \u00f6nce hi\u00e7bir \u015fey yememeli ve i\u00e7memelisiniz. Ameliyat s\u0131ras\u0131nda midenizdeki herhangi bir yiyece\u011fin akci\u011ferlerinize s\u0131zmas\u0131n\u0131 ve b\u00fcy\u00fck sorunlar ya\u015famas\u0131n\u0131 \u00f6nlemek i\u00e7in bu kurala uymal\u0131s\u0131n\u0131z.<br \/>Cerrahi riskler; Enfeksiyon, kar\u0131nda s\u0131v\u0131 birikmesi, diki\u015flerde a\u00e7\u0131lmas\u0131, kar\u0131n kas\u0131 zar\u0131nda at\u0131lan diki\u015flerin gev\u015femesidir. Enfeksiyonu \u00f6nlemek i\u00e7in ameliyat sonras\u0131 antibiyotik tedavisi verilir. D\u00fczenli pansuman yap\u0131lmal\u0131 ve cerrah izin verene kadar ameliyat yeri a\u00e7\u0131k b\u0131rak\u0131lmamal\u0131d\u0131r.<\/p><p>Erken d\u00f6nemde kar\u0131nda biriken s\u0131v\u0131 ve kan\u0131n al\u0131nmas\u0131 i\u00e7in bir dren yerle\u015ftirilir ve gelen miktar azalana kadar \u00e7\u0131kar\u0131lmaz (3-7 g\u00fcn beklenebilir).<\/p><p>Kar\u0131n germe ameliyat\u0131nda cilt alt\u0131na ve alt\u0131na diki\u015fler dikilse de bazen belli noktalar a\u00e7\u0131labilir. Buna cilt gerginli\u011fi, hastan\u0131n doku iyile\u015fmesindeki problemler, e\u015flik eden diyabet, guatr, sigara kullan\u0131m\u0131, d\u00fczenli korse kullan\u0131m\u0131, yanl\u0131\u015f hareket, a\u011f\u0131r e\u015fyalar\u0131n kald\u0131r\u0131lmas\u0131 neden olabilir. B\u00f6yle bir durumda ya a\u00e7\u0131lma miktar\u0131na g\u00f6re pansuman yap\u0131larak takip edilebilir ya da o b\u00f6lgeye tekrar diki\u015f yap\u0131labilir. Hasta doktorun talimatlar\u0131na g\u00f6re kar\u0131n korsesini en az 1 ay kullanmal\u0131, ilk 7-10 g\u00fcn hafif\u00e7e \u00f6ne do\u011fru b\u00fck\u00fclmeli ve a\u011f\u0131r e\u015fyalar\u0131 kald\u0131rmamal\u0131d\u0131r.<\/p><p>Nadir durumlarda kar\u0131n i\u00e7i kas zar\u0131nda diki\u015flerde a\u00e7\u0131kl\u0131k veya gev\u015feme varsa hastan\u0131n durumuna g\u00f6re d\u00fczeltilmesi gerekebilir.<\/p>\t\t\t\t\t\t<\/div>\n\t\t\t\t<\/div>\n\t\t\t\t\t<\/div>\n\t\t<\/div>\n\t\t\t\t\t\t\t<\/div>\n\t\t<\/section>\n\t\t\t\t\t\t<\/div>\n\t\t\t\t\t<\/div>\n\t\t","protected":false},"excerpt":{"rendered":"<p>Kar\u0131n Germe (Abdominoplasty) Diyet veya mide k\u00fc\u00e7\u00fcltme sonras\u0131 ve gebelik nedeniyle kar\u0131n b\u00f6lgesindeki sarkma ve geni\u015flemeyi d\u00fczeltmek i\u00e7in kar\u0131n germe<\/p>\n","protected":false},"author":1,"featured_media":0,"parent":0,"menu_order":0,"comment_status":"closed","ping_status":"closed","template":"","meta":{"_monsterinsights_skip_tracking":false,"_monsterinsights_sitenote_active":false,"_monsterinsights_sitenote_note":"","_monsterinsights_sitenote_category":0,"footnotes":""},"class_list":["post-11865","page","type-page","status-publish","hentry"],"_links":{"self":[{"href":"https:\/\/mahmutnurikaratoprak.com\/tr\/wp-json\/wp\/v2\/pages\/11865","targetHints":{"allow":["GET"]}}],"collection":[{"href":"https:\/\/mahmutnurikaratoprak.com\/tr\/wp-json\/wp\/v2\/pages"}],"about":[{"href":"https:\/\/mahmutnurikaratoprak.com\/tr\/wp-json\/wp\/v2\/types\/page"}],"author":[{"embeddable":true,"href":"https:\/\/mahmutnurikaratoprak.com\/tr\/wp-json\/wp\/v2\/users\/1"}],"replies":[{"embeddable":true,"href":"https:\/\/mahmutnurikaratoprak.com\/tr\/wp-json\/wp\/v2\/comments?post=11865"}],"version-history":[{"count":14,"href":"https:\/\/mahmutnurikaratoprak.com\/tr\/wp-json\/wp\/v2\/pages\/11865\/revisions"}],"predecessor-version":[{"id":12588,"href":"https:\/\/mahmutnurikaratoprak.com\/tr\/wp-json\/wp\/v2\/pages\/11865\/revisions\/12588"}],"wp:attachment":[{"href":"https:\/\/mahmutnurikaratoprak.com\/tr\/wp-json\/wp\/v2\/media?parent=11865"}],"curies":[{"name":"wp","href":"https:\/\/api.w.org\/{rel}","templated":true}]}}