{"id":11866,"date":"2021-06-02T12:00:13","date_gmt":"2021-06-02T09:00:13","guid":{"rendered":"https:\/\/mahmutnurikaratoprak.com\/tr\/?page_id=11866"},"modified":"2021-07-30T14:26:41","modified_gmt":"2021-07-30T11:26:41","slug":"liposuction","status":"publish","type":"page","link":"https:\/\/mahmutnurikaratoprak.com\/tr\/liposuction","title":{"rendered":"Liposuction"},"content":{"rendered":"\t\t<div data-elementor-type=\"wp-page\" data-elementor-id=\"11866\" class=\"elementor elementor-11866\" data-elementor-settings=\"[]\">\n\t\t\t\t\t\t\t<div class=\"elementor-section-wrap\">\n\t\t\t\t\t\t\t<section class=\"elementor-section elementor-top-section elementor-element elementor-element-e9a5845 elementor-section-content-middle elementor-section-stretched elementor-section-boxed elementor-section-height-default elementor-section-height-default wd-section-disabled\" data-id=\"e9a5845\" data-element_type=\"section\" data-settings=\"{&quot;stretch_section&quot;:&quot;section-stretched&quot;,&quot;background_background&quot;:&quot;classic&quot;}\">\n\t\t\t\t\t\t<div class=\"elementor-container elementor-column-gap-extended\">\n\t\t\t\t\t<div class=\"elementor-column elementor-col-100 elementor-top-column elementor-element elementor-element-ece56e4 color-scheme-dark\" data-id=\"ece56e4\" data-element_type=\"column\">\n\t\t\t<div class=\"elementor-widget-wrap elementor-element-populated\">\n\t\t\t\t\t\t\t\t<div class=\"elementor-element elementor-element-99c18ce elementor-widget elementor-widget-wd_title\" data-id=\"99c18ce\" data-element_type=\"widget\" data-widget_type=\"wd_title.default\">\n\t\t\t\t<div class=\"elementor-widget-container\">\n\t\t\t\t\t<div class=\"title-wrapper woodmart-title-color-default woodmart-title-style-default woodmart-title-size-large text-left\">\n\n\t\t\t\n\t\t\t<div class=\"liner-continer\">\n\t\t\t\t<span class=\"left-line\"><\/span>\n\n\t\t\t\t<h4 class=\"woodmart-title-container title wd-underline-colored\">\n\t\t\t\t\tLiposuction\t\t\t\t<\/h4>\n\n\t\t\t\t\n\t\t\t\t<span class=\"right-line\"><\/span>\n\t\t\t<\/div>\n\n\t\t\t\t\t<\/div>\n\t\t\t\t<\/div>\n\t\t\t\t<\/div>\n\t\t\t\t<div class=\"elementor-element elementor-element-0de72b9 elementor-widget elementor-widget-spacer\" data-id=\"0de72b9\" data-element_type=\"widget\" data-widget_type=\"spacer.default\">\n\t\t\t\t<div class=\"elementor-widget-container\">\n\t\t\t\t\t<div class=\"elementor-spacer\">\n\t\t\t<div class=\"elementor-spacer-inner\"><\/div>\n\t\t<\/div>\n\t\t\t\t<\/div>\n\t\t\t\t<\/div>\n\t\t\t\t<div class=\"elementor-element elementor-element-d2373de color-scheme-inherit text-left elementor-widget elementor-widget-text-editor\" data-id=\"d2373de\" data-element_type=\"widget\" data-widget_type=\"text-editor.default\">\n\t\t\t\t<div class=\"elementor-widget-container\">\n\t\t\t\t\t\t\t\t<p>Vakum yard\u0131m\u0131yla v\u00fccutta \u015fekil bozuklu\u011funa neden olan kal\u0131nla\u015fm\u0131\u015f deri alt\u0131 ya\u011f dokusunun al\u0131nmas\u0131d\u0131r. Erkeklerde genellikle g\u00f6bek ve g\u00f6vdenin yanlar\u0131nda ya\u011flanma olurken, kad\u0131nlarda kal\u00e7a, uyluk, g\u00f6bek, g\u00f6vde kenarlar\u0131, kollar, s\u0131rt ve yiyecek alanlar\u0131nda ya\u011flama vard\u0131r. Diyet ve spora ra\u011fmen erimede soruna neden olan b\u00f6lgelerde, v\u00fccut \u015feklinde asimetrik \u00e7\u0131k\u0131nt\u0131ya neden olan ve kal\u0131n kollar g\u00f6stererek kad\u0131nlar\u0131 erkeksi g\u00f6steren b\u00f6lgelerde ba\u015far\u0131yla uygulan\u0131r.<\/p><p><strong>Liposuction Tekni\u011fi Nedir ?<\/strong><br \/>\u0130nternette ara\u015ft\u0131rma yapt\u0131\u011f\u0131n\u0131zda liposuction ile ilgili \u00e7ok farkl\u0131 teknik isimlerle kar\u015f\u0131la\u015fabilirsiniz. Baz\u0131lar\u0131; Bu liste Lipoplasti, Liposhaping, Liposculpture, Ultrasonik Liposuction, Smart Lipo, Microcannula Liposuction, 3D Liposuction, Lipomatic gibi devam ediyor. Ama bu kadar \u00e7ok farkl\u0131 teknik ya da ameliyat var m\u0131? Cevap veriyorum: KESINLIKLE HAYIR. Ekonomi a\u00e7\u0131s\u0131ndan talebi art\u0131rmak i\u00e7in farkl\u0131 isimler yaz\u0131l\u0131rken, ayn\u0131 i\u015flemlerin \u00e7o\u011fu yap\u0131lmaktad\u0131r. Bunun nedeni ise farkl\u0131 firmalar taraf\u0131ndan \u00fcretilen ayn\u0131 i\u015flevi sa\u011flayan makinelere farkl\u0131 isimler verilmesi ve kendi ad\u0131yla an\u0131lmak \u00fczere teknik ad\u0131yla reklam\u0131n\u0131n yap\u0131lmas\u0131d\u0131r. Ba\u015fka bir deyi\u015fle, Liposuction&#8217;dan \u00f6nce gelen her yabanc\u0131 kelimeyi farkl\u0131 bir teknik olarak alg\u0131lamay\u0131n.<br \/>Di\u011fer konularda da belirtti\u011fim gibi, cerrah sizi ameliyat edecek. Sonu\u00e7 cerrah\u0131n becerilerine ve doku iyile\u015fmenize ba\u011fl\u0131d\u0131r. Bunun i\u00e7in kullan\u0131lan hi\u00e7bir teknik tek ba\u015f\u0131na en iyisi olarak kabul edilemez. Her birinin kendi avantajlar\u0131 ve dezavantajlar\u0131 vard\u0131r. Cerrah seni teknik de\u011fil kurtaracak.<\/p><p>T\u00fcm liposuction ameliyatlar\u0131nda ya\u011f al\u0131nacak b\u00f6lgedeki 5 mm&#8217;lik kesi ile a\u011fr\u0131 kesiciler ve damarlar\u0131 s\u0131k\u0131la\u015ft\u0131ran ila\u00e7lar i\u00e7eren bir serum verilir ve \u015fi\u015firilir. Teknik farkl\u0131l\u0131klar bu noktadan sonra ba\u015flar.<\/p>\t\t\t\t\t\t<\/div>\n\t\t\t\t<\/div>\n\t\t\t\t\t<\/div>\n\t\t<\/div>\n\t\t\t\t\t\t\t<\/div>\n\t\t<\/section>\n\t\t\t\t<section class=\"elementor-section elementor-top-section elementor-element elementor-element-98a31cc elementor-section-stretched elementor-section-boxed elementor-section-height-default elementor-section-height-default wd-section-disabled\" data-id=\"98a31cc\" data-element_type=\"section\" data-settings=\"{&quot;stretch_section&quot;:&quot;section-stretched&quot;,&quot;background_background&quot;:&quot;classic&quot;}\">\n\t\t\t\t\t\t<div class=\"elementor-container elementor-column-gap-default\">\n\t\t\t\t\t<div class=\"elementor-column elementor-col-50 elementor-top-column elementor-element elementor-element-a5ecceb color-scheme-dark\" data-id=\"a5ecceb\" data-element_type=\"column\">\n\t\t\t<div class=\"elementor-widget-wrap elementor-element-populated\">\n\t\t\t\t\t\t\t\t<div class=\"elementor-element elementor-element-a5a0bb3 color-scheme-inherit text-left elementor-widget elementor-widget-text-editor\" data-id=\"a5a0bb3\" data-element_type=\"widget\" data-widget_type=\"text-editor.default\">\n\t\t\t\t<div class=\"elementor-widget-container\">\n\t\t\t\t\t\t\t\t<p>Klasik liposuctionda cerrah kolun kuvveti ile ilerler ve vakum yard\u0131m\u0131yla v\u00fccuttaki ya\u011flar\u0131 \u00e7\u0131kar\u0131r. Avantaj\u0131, lazer ve Vaser liposuction&#8217;da cilt ve cilt renk de\u011fi\u015fikli\u011fi riskinin olmamas\u0131d\u0131r. Dezavantaj\u0131, cerrah\u0131n daha fazla \u00e7aba harcamas\u0131d\u0131r, erken morarma biraz daha fazla olabilir.<\/p><p>Vaser Liposuction s\u0131v\u0131s\u0131 verildikten sonra ya\u011flar ayn\u0131 delikten \u00f6zel bir makine probu ile k\u0131r\u0131l\u0131r. Ayr\u0131lan ya\u011flar, konserveler kullan\u0131larak vakum etkisi alt\u0131nda \u00e7\u0131kar\u0131l\u0131r. Makinenin prob ucu saniyede binlerce kez titre\u015fir ve i\u00e7indeki ya\u011flar\u0131 par\u00e7alar, damara ve sinire zarar vermez. Cerrah\u0131n avantaj\u0131 daha az \u00e7aba, damar sinir yap\u0131s\u0131 daha iyi korunur, morluk daha azd\u0131r.<\/p><p>Lazer Liposuction&#8217;da probun ucundaki y\u00fcksek \u0131s\u0131 \u00fcreten nokta cilt alt\u0131ndaki ya\u011flar\u0131 eritir. Eritilen ya\u011flar yine konserveler kullan\u0131larak vakum etkisi alt\u0131nda \u00e7ekilir. Damar ve sinir yap\u0131s\u0131n\u0131n korunmas\u0131, Vaser kadar ive olmasa da, sert ya\u011flar\u0131 bile kolayca par\u00e7alayabilir ve eritebilir<\/p><p>\u0130nfrasonik Liposuction probu, dokudaki dairesel mekanik titre\u015fimlerle ya\u011f dokusunu par\u00e7alar ve ayn\u0131 zamanda vakumun etkisiyle ya\u011f\u0131n at\u0131lmas\u0131n\u0131 sa\u011flar. Ameliyat s\u00fcresini k\u0131saltan pratik ve kullan\u0131\u015fl\u0131 bir y\u00f6ntemdir. Damar ve sinir yap\u0131s\u0131n\u0131 korur. Micro Air Liposuction&#8217;da prob ileri geri hareket eder ve ya\u011f\u0131 mekanik kuvvetle par\u00e7alar.<\/p><p>J Plasma Liposuction \u00e7al\u0131\u015fma prensibi \u00e7ok ileri bir teknolojiye sahiptir. Helyum gaz\u0131n\u0131n radyofrekans etkisi ile plazmaya aktar\u0131lmas\u0131 ile elde edilen enerji ile ya\u011f dokusu par\u00e7alan\u0131r. En iyi \u00f6zelli\u011fi, v\u00fccuda zarar vermek i\u00e7in yeterli \u0131s\u0131 \u00fcretmemesidir. Ancak, maliyeti \u015fimdilik di\u011fer y\u00f6ntemlerden \u00e7ok daha y\u00fcksektir.<\/p><p><strong>Ameliyat \u00d6ncesi De\u011ferlendirme<\/strong><\/p><p>Liposuction kesinlikle bir zay\u0131flama y\u00f6ntemi de\u011fildir. Tedavi edilen b\u00f6lgedeki ya\u011flar giderilir ve inceltme sa\u011flan\u0131r, ancak buradaki ama\u00e7 ki\u015fiyi zay\u0131flatmak de\u011fil, v\u00fccut \u015feklini \u015fekillendirmektir. \u00d6ncelikle \u015fikayet etti\u011finiz b\u00f6lgeler de\u011ferlendirilir. Uygulanacak teknik ve ameliyat sonras\u0131 d\u00f6nem hakk\u0131nda bilgilendirileceksiniz.<\/p>\t\t\t\t\t\t<\/div>\n\t\t\t\t<\/div>\n\t\t\t\t\t<\/div>\n\t\t<\/div>\n\t\t\t\t<div class=\"elementor-column elementor-col-50 elementor-top-column elementor-element elementor-element-d8af63b\" data-id=\"d8af63b\" data-element_type=\"column\">\n\t\t\t<div class=\"elementor-widget-wrap elementor-element-populated\">\n\t\t\t\t\t\t\t\t<div class=\"elementor-element elementor-element-9b3fe7c elementor-widget elementor-widget-image\" data-id=\"9b3fe7c\" data-element_type=\"widget\" data-widget_type=\"image.default\">\n\t\t\t\t<div class=\"elementor-widget-container\">\n\t\t\t\t\t\t\t\t\t\t\t\t\t\t\t<img loading=\"lazy\" decoding=\"async\" width=\"569\" height=\"784\" src=\"https:\/\/mahmutnurikaratoprak.com\/tr\/wp-content\/uploads\/2021\/06\/Basliksiz-2-3.jpg\" class=\"attachment-full size-full\" alt=\"\" srcset=\"https:\/\/mahmutnurikaratoprak.com\/tr\/wp-content\/uploads\/2021\/06\/Basliksiz-2-3.jpg 569w, https:\/\/mahmutnurikaratoprak.com\/tr\/wp-content\/uploads\/2021\/06\/Basliksiz-2-3-218x300.jpg 218w\" sizes=\"auto, (max-width: 569px) 100vw, 569px\" \/>\t\t\t\t\t\t\t\t\t\t\t\t\t\t\t<\/div>\n\t\t\t\t<\/div>\n\t\t\t\t\t<\/div>\n\t\t<\/div>\n\t\t\t\t\t\t\t<\/div>\n\t\t<\/section>\n\t\t\t\t<section class=\"elementor-section elementor-top-section elementor-element elementor-element-7978624 elementor-section-content-middle elementor-section-stretched elementor-section-boxed elementor-section-height-default elementor-section-height-default wd-section-disabled\" data-id=\"7978624\" data-element_type=\"section\" data-settings=\"{&quot;stretch_section&quot;:&quot;section-stretched&quot;,&quot;background_background&quot;:&quot;classic&quot;}\">\n\t\t\t\t\t\t<div class=\"elementor-container elementor-column-gap-extended\">\n\t\t\t\t\t<div class=\"elementor-column elementor-col-100 elementor-top-column elementor-element elementor-element-786180 color-scheme-dark\" data-id=\"786180\" data-element_type=\"column\">\n\t\t\t<div class=\"elementor-widget-wrap elementor-element-populated\">\n\t\t\t\t\t\t\t\t<div class=\"elementor-element elementor-element-0de5e50 elementor-widget elementor-widget-wd_title\" data-id=\"0de5e50\" data-element_type=\"widget\" data-widget_type=\"wd_title.default\">\n\t\t\t\t<div class=\"elementor-widget-container\">\n\t\t\t\t\t<div class=\"title-wrapper woodmart-title-color-default woodmart-title-style-default woodmart-title-size-large text-center\">\n\n\t\t\t\n\t\t\t<div class=\"liner-continer\">\n\t\t\t\t<span class=\"left-line\"><\/span>\n\n\t\t\t\t<h4 class=\"woodmart-title-container title wd-underline-colored\">\n\t\t\t\t\tRandevu Talep Et\t\t\t\t<\/h4>\n\n\t\t\t\t\n\t\t\t\t<span class=\"right-line\"><\/span>\n\t\t\t<\/div>\n\n\t\t\t\t\t<\/div>\n\t\t\t\t<\/div>\n\t\t\t\t<\/div>\n\t\t\t\t<div class=\"elementor-element elementor-element-7f83964 color-scheme-inherit text-left elementor-widget elementor-widget-text-editor\" data-id=\"7f83964\" data-element_type=\"widget\" data-widget_type=\"text-editor.default\">\n\t\t\t\t<div class=\"elementor-widget-container\">\n\t\t\t\t\t\t\t\t<p>Bilgilerinizi bize g\u00f6nderin. Seni aray\u0131p randevunuzu ayarlayal\u0131m!<\/p>\t\t\t\t\t\t<\/div>\n\t\t\t\t<\/div>\n\t\t\t\t<section class=\"elementor-section elementor-inner-section elementor-element elementor-element-3b4ad17 elementor-section-boxed elementor-section-height-default elementor-section-height-default wd-section-disabled\" data-id=\"3b4ad17\" data-element_type=\"section\">\n\t\t\t\t\t\t<div class=\"elementor-container elementor-column-gap-default\">\n\t\t\t\t\t<div class=\"elementor-column elementor-col-33 elementor-inner-column elementor-element elementor-element-1297f45\" data-id=\"1297f45\" data-element_type=\"column\">\n\t\t\t<div class=\"elementor-widget-wrap\">\n\t\t\t\t\t\t\t\t\t<\/div>\n\t\t<\/div>\n\t\t\t\t<div class=\"elementor-column elementor-col-33 elementor-inner-column elementor-element elementor-element-ceaf1cb\" data-id=\"ceaf1cb\" data-element_type=\"column\">\n\t\t\t<div class=\"elementor-widget-wrap elementor-element-populated\">\n\t\t\t\t\t\t\t\t<div class=\"elementor-element elementor-element-bc5cfc8 color-scheme-inherit text-left elementor-widget elementor-widget-text-editor\" data-id=\"bc5cfc8\" data-element_type=\"widget\" data-widget_type=\"text-editor.default\">\n\t\t\t\t<div class=\"elementor-widget-container\">\n\t\t\t\t\t\t\t\t<div role=\"form\" class=\"wpcf7\" id=\"wpcf7-f9402-o1\" lang=\"en-US\" dir=\"ltr\">\n<div class=\"screen-reader-response\"><p role=\"status\" aria-live=\"polite\" aria-atomic=\"true\"><\/p> <ul><\/ul><\/div>\n<form action=\"\/tr\/wp-json\/wp\/v2\/pages\/11866#wpcf7-f9402-o1\" method=\"post\" class=\"wpcf7-form init\" novalidate=\"novalidate\" data-status=\"init\">\n<div style=\"display: none;\">\n<input type=\"hidden\" name=\"_wpcf7\" value=\"9402\" \/>\n<input type=\"hidden\" name=\"_wpcf7_version\" value=\"5.4.1\" \/>\n<input type=\"hidden\" name=\"_wpcf7_locale\" value=\"en_US\" \/>\n<input type=\"hidden\" name=\"_wpcf7_unit_tag\" value=\"wpcf7-f9402-o1\" \/>\n<input type=\"hidden\" name=\"_wpcf7_container_post\" value=\"0\" \/>\n<input type=\"hidden\" name=\"_wpcf7_posted_data_hash\" value=\"\" \/>\n<\/div>\n<div class=\"row\">\n<div class=\"col-lg\">\n<p><span class=\"wpcf7-form-control-wrap adi\"><input type=\"text\" name=\"adi\" value=\"\" size=\"40\" class=\"wpcf7-form-control wpcf7-text wpcf7-validates-as-required\" aria-required=\"true\" aria-invalid=\"false\" placeholder=\"Ad\" \/><\/span><\/p>\n<\/div>\n<div class=\"col-lg\">\n<p><span class=\"wpcf7-form-control-wrap telefon\"><input type=\"text\" name=\"telefon\" value=\"\" size=\"40\" class=\"wpcf7-form-control wpcf7-text wpcf7-validates-as-required\" aria-required=\"true\" aria-invalid=\"false\" placeholder=\"Telefon Numaran\u0131z\" \/><\/span><\/p>\n<\/div>\n<div class=\"col-lg\">\n<p><span class=\"wpcf7-form-control-wrap mail\"><input type=\"text\" name=\"mail\" value=\"\" size=\"40\" class=\"wpcf7-form-control wpcf7-text\" aria-invalid=\"false\" placeholder=\"E-Mail\" \/><\/span><\/p>\n<\/div>\n<div class=\"col-lg-auto\">\n<p><input type=\"submit\" value=\"Form G\u00f6nder\" class=\"wpcf7-form-control wpcf7-submit btn btn-color-primary\" \/><\/p>\n<\/div>\n<\/div>\n<div class=\"wpcf7-response-output\" aria-hidden=\"true\"><\/div><\/form><\/div>\t\t\t\t\t\t<\/div>\n\t\t\t\t<\/div>\n\t\t\t\t\t<\/div>\n\t\t<\/div>\n\t\t\t\t<div class=\"elementor-column elementor-col-33 elementor-inner-column elementor-element elementor-element-c44b51d\" data-id=\"c44b51d\" data-element_type=\"column\">\n\t\t\t<div class=\"elementor-widget-wrap\">\n\t\t\t\t\t\t\t\t\t<\/div>\n\t\t<\/div>\n\t\t\t\t\t\t\t<\/div>\n\t\t<\/section>\n\t\t\t\t\t<\/div>\n\t\t<\/div>\n\t\t\t\t\t\t\t<\/div>\n\t\t<\/section>\n\t\t\t\t<section class=\"elementor-section elementor-top-section elementor-element elementor-element-ca259a3 elementor-section-content-middle elementor-section-stretched elementor-section-boxed elementor-section-height-default elementor-section-height-default wd-section-disabled\" data-id=\"ca259a3\" data-element_type=\"section\" data-settings=\"{&quot;stretch_section&quot;:&quot;section-stretched&quot;,&quot;background_background&quot;:&quot;classic&quot;}\">\n\t\t\t\t\t\t<div class=\"elementor-container elementor-column-gap-extended\">\n\t\t\t\t\t<div class=\"elementor-column elementor-col-100 elementor-top-column elementor-element elementor-element-535ec85 color-scheme-dark\" data-id=\"535ec85\" data-element_type=\"column\">\n\t\t\t<div class=\"elementor-widget-wrap elementor-element-populated\">\n\t\t\t\t\t\t\t\t<div class=\"elementor-element elementor-element-8bd828f color-scheme-inherit text-left elementor-widget elementor-widget-text-editor\" data-id=\"8bd828f\" data-element_type=\"widget\" data-widget_type=\"text-editor.default\">\n\t\t\t\t<div class=\"elementor-widget-container\">\n\t\t\t\t\t\t\t\t<p><strong>Ameliyat Ve Hastane S\u00fcreci.<\/strong><\/p><p>Ameliyat \u00f6ncesi muayeneler ayn\u0131 g\u00fcn veya 1 g\u00fcn \u00f6nce haz\u0131rlan\u0131r. Ameliyattan 8 saat \u00f6nce hi\u00e7bir \u015fey yememeli ve i\u00e7memelisiniz. Sonu\u00e7lar anestezi uzman\u0131 taraf\u0131ndan de\u011ferlendirilirse ve herhangi bir engel yoksa ameliyat\u0131n\u0131z yap\u0131labilir. Genel anestezi alt\u0131nda yap\u0131ld\u0131\u011f\u0131 i\u00e7in hasta i\u015flem s\u0131ras\u0131nda herhangi bir a\u011fr\u0131 hissetmeyecektir. ameliyat s\u00fcresi liposuction yap\u0131lacak b\u00f6lge say\u0131s\u0131na ve ya\u011f miktar\u0131na g\u00f6re de\u011fi\u015fmektedir. Sadece g\u0131da b\u00f6lgesi s\u00fcreci 20 dakika s\u00fcrerken, 2-3 b\u00f6lge s\u00fcreci daha uzun s\u00fcrecektir. Hasta uyuttuktan ve anestezi ile uyand\u0131ktan sonra ameliyathanede ge\u00e7irilen s\u00fcre daha uzun olacakt\u0131r.<\/p><p>Ameliyat sonras\u0131 serviste size antibiyotik ve a\u011fr\u0131 kesici verilecektir. Ertesi g\u00fcn kontrol muayenesi yap\u0131larak ve 3. Vaser veya Lazer liposuction uygulanan kar\u0131n ve s\u0131rt b\u00f6lgelerine dren tak\u0131labilir. Bu, v\u00fccutta biriken s\u0131v\u0131n\u0131n ve kalan erimi\u015f ya\u011f\u0131n d\u0131\u015far\u0131 at\u0131lmas\u0131n\u0131 sa\u011flar. Ortalama 3 g\u00fcn sonra drenler \u00e7\u0131kar\u0131l\u0131r.<\/p><p><strong>Operasyon Sonras\u0131<\/strong><\/p><p>\u0130\u015flemden sonra, bu b\u00f6lgelerde belirli bir inceltme g\u00f6receksiniz, ancak cilt alt\u0131ndaki \u00f6dem azald\u0131ktan ve dokular s\u0131k\u0131la\u015ft\u0131ktan ve alttaki y\u00fczeye uyum sa\u011flad\u0131ktan sonra, orijinal \u015fekil yakla\u015f\u0131k 4-5 hafta sonra ortaya \u00e7\u0131kmaya ba\u015flayacakt\u0131r. Bu d\u00f6nemde ya\u011f \u00e7\u0131kar\u0131lan b\u00f6lgelere nemlendirici krem ile g\u00fcnl\u00fck masaj \u00f6nerilir.<\/p><p><strong>Liposuction Riskleri Nelerdir?<\/strong><br \/>Her ameliyatta oldu\u011fu gibi liposuctionda da baz\u0131 riskler vard\u0131r. \u0130\u015flem alan\u0131nda kan veya s\u0131v\u0131 birikebilir. B\u00f6yle bir durumda, miktar\u0131na ba\u011fl\u0131 olarak, s\u0131v\u0131 poliklinik ko\u015fullar\u0131nda bo\u015falt\u0131labilir. \u00c7ok nadiren, bir enfeksiyondan \u015f\u00fcphelenilirse, ek antibiyotik tedavisi ba\u015flat\u0131l\u0131r.<\/p>\t\t\t\t\t\t<\/div>\n\t\t\t\t<\/div>\n\t\t\t\t\t<\/div>\n\t\t<\/div>\n\t\t\t\t\t\t\t<\/div>\n\t\t<\/section>\n\t\t\t\t<section class=\"elementor-section elementor-top-section elementor-element elementor-element-1ee516b elementor-section-content-middle elementor-section-stretched elementor-section-boxed elementor-section-height-default elementor-section-height-default wd-section-disabled\" data-id=\"1ee516b\" data-element_type=\"section\" data-settings=\"{&quot;stretch_section&quot;:&quot;section-stretched&quot;,&quot;background_background&quot;:&quot;classic&quot;}\">\n\t\t\t\t\t\t<div class=\"elementor-container elementor-column-gap-extended\">\n\t\t\t\t\t<div class=\"elementor-column elementor-col-100 elementor-top-column elementor-element elementor-element-c894971 color-scheme-dark\" data-id=\"c894971\" data-element_type=\"column\">\n\t\t\t<div class=\"elementor-widget-wrap elementor-element-populated\">\n\t\t\t\t\t\t\t\t<div class=\"elementor-element elementor-element-826c68a color-scheme-inherit text-left elementor-widget elementor-widget-text-editor\" data-id=\"826c68a\" data-element_type=\"widget\" data-widget_type=\"text-editor.default\">\n\t\t\t\t<div class=\"elementor-widget-container\">\n\t\t\t\t\t\t\t\t<p><strong>Liposuction Sonras\u0131 Sarkmalar Olur Mu?<\/strong><br \/>Ki\u015finin ya\u015f\u0131na, cinsiyetine ve ya\u011f miktar\u0131na g\u00f6re de\u011fi\u015fen bir durumdur. T\u00fcm ya\u011flar a\u015f\u0131r\u0131 ya\u011fl\u0131 bir b\u00f6lgeden al\u0131n\u0131rsa ve hasta orta ya\u015f ve \u00fczerindeyse, cilt yap\u0131s\u0131 esnek de\u011fildir ve tamamen iyile\u015femez ve belirli miktarda k\u0131r\u0131\u015f\u0131kl\u0131k ortaya \u00e7\u0131kabilir. Bunun i\u00e7in hastaya \u00f6nceden bilgi verilmeli ve \u00e7\u0131kar\u0131lacak ya\u011f miktar\u0131 s\u0131n\u0131rland\u0131r\u0131lmal\u0131d\u0131r. Hasta gen\u00e7se, cilt daha iyi iyile\u015fece\u011fi i\u00e7in sarkma olmaz.<\/p><p><strong>\u00c7ok litre ya\u011f al\u0131n\u0131r m\u0131?<\/strong><br \/>Liposuction&#8217;\u0131n amac\u0131 o b\u00f6lgedeki fazla ya\u011f dokular\u0131n\u0131 \u00e7\u0131karmak ve \u015fekillendirmektir. \u00c7al\u0131\u015ft\u0131r\u0131lacak herhangi bir miktarda petrol girmiyorum. Ortalama bir tahmin yap\u0131labilir, ancak bu i\u015flemin ba\u015far\u0131s\u0131n\u0131 etkileyen bir fakt\u00f6r de\u011fildir. Ayr\u0131ca, dokudan \u00e7ok fazla ya\u011f \u00e7\u0131karmaya \u00e7al\u0131\u015fmak, ya\u011f ve kan p\u0131ht\u0131s\u0131n\u0131n damarlara girmesine ve hayati organlara zarar etmesine neden olabilir.<\/p><p><strong>Ayn\u0131 B\u00f6lgeden Tekrar Kilo Al\u0131r M\u0131y\u0131m?<\/strong><br \/>Liposuction&#8217;\u0131n en iyi k\u0131sm\u0131 ya\u011flarla birlikte ya\u011f h\u00fccrelerinin depolanmas\u0131d\u0131r. Bu nedenle tedavi edilen b\u00f6lgelerde a\u015f\u0131r\u0131 ya\u011flama olu\u015fmaz. Bununla birlikte, diyetinize dikkat etmezseniz, bu ya\u011flar v\u00fccudunuzun di\u011fer b\u00f6lgelerinde depolan\u0131r ve kal\u0131nla\u015fmaya neden olur.<\/p>\t\t\t\t\t\t<\/div>\n\t\t\t\t<\/div>\n\t\t\t\t\t<\/div>\n\t\t<\/div>\n\t\t\t\t\t\t\t<\/div>\n\t\t<\/section>\n\t\t\t\t\t\t<\/div>\n\t\t\t\t\t<\/div>\n\t\t","protected":false},"excerpt":{"rendered":"<p>Liposuction Vakum yard\u0131m\u0131yla v\u00fccutta \u015fekil bozuklu\u011funa neden olan kal\u0131nla\u015fm\u0131\u015f deri alt\u0131 ya\u011f dokusunun al\u0131nmas\u0131d\u0131r. Erkeklerde genellikle g\u00f6bek ve g\u00f6vdenin yanlar\u0131nda<\/p>\n","protected":false},"author":1,"featured_media":0,"parent":0,"menu_order":0,"comment_status":"closed","ping_status":"closed","template":"","meta":{"_monsterinsights_skip_tracking":false,"_monsterinsights_sitenote_active":false,"_monsterinsights_sitenote_note":"","_monsterinsights_sitenote_category":0,"footnotes":""},"class_list":["post-11866","page","type-page","status-publish","hentry"],"_links":{"self":[{"href":"https:\/\/mahmutnurikaratoprak.com\/tr\/wp-json\/wp\/v2\/pages\/11866","targetHints":{"allow":["GET"]}}],"collection":[{"href":"https:\/\/mahmutnurikaratoprak.com\/tr\/wp-json\/wp\/v2\/pages"}],"about":[{"href":"https:\/\/mahmutnurikaratoprak.com\/tr\/wp-json\/wp\/v2\/types\/page"}],"author":[{"embeddable":true,"href":"https:\/\/mahmutnurikaratoprak.com\/tr\/wp-json\/wp\/v2\/users\/1"}],"replies":[{"embeddable":true,"href":"https:\/\/mahmutnurikaratoprak.com\/tr\/wp-json\/wp\/v2\/comments?post=11866"}],"version-history":[{"count":22,"href":"https:\/\/mahmutnurikaratoprak.com\/tr\/wp-json\/wp\/v2\/pages\/11866\/revisions"}],"predecessor-version":[{"id":12584,"href":"https:\/\/mahmutnurikaratoprak.com\/tr\/wp-json\/wp\/v2\/pages\/11866\/revisions\/12584"}],"wp:attachment":[{"href":"https:\/\/mahmutnurikaratoprak.com\/tr\/wp-json\/wp\/v2\/media?parent=11866"}],"curies":[{"name":"wp","href":"https:\/\/api.w.org\/{rel}","templated":true}]}}