{"id":11867,"date":"2021-06-02T12:00:25","date_gmt":"2021-06-02T09:00:25","guid":{"rendered":"https:\/\/mahmutnurikaratoprak.com\/tr\/?page_id=11867"},"modified":"2021-08-10T13:23:39","modified_gmt":"2021-08-10T10:23:39","slug":"popo-kaldirma-bbl","status":"publish","type":"page","link":"https:\/\/mahmutnurikaratoprak.com\/tr\/popo-kaldirma-bbl","title":{"rendered":"Popo Kald\u0131rma (BBL)"},"content":{"rendered":"\t\t<div data-elementor-type=\"wp-page\" data-elementor-id=\"11867\" class=\"elementor elementor-11867\" data-elementor-settings=\"[]\">\n\t\t\t\t\t\t\t<div class=\"elementor-section-wrap\">\n\t\t\t\t\t\t\t<section class=\"elementor-section elementor-top-section elementor-element elementor-element-e9a5845 elementor-section-content-middle elementor-section-stretched elementor-section-boxed elementor-section-height-default elementor-section-height-default wd-section-disabled\" data-id=\"e9a5845\" data-element_type=\"section\" data-settings=\"{&quot;stretch_section&quot;:&quot;section-stretched&quot;,&quot;background_background&quot;:&quot;classic&quot;}\">\n\t\t\t\t\t\t<div class=\"elementor-container elementor-column-gap-extended\">\n\t\t\t\t\t<div class=\"elementor-column elementor-col-100 elementor-top-column elementor-element elementor-element-ece56e4 color-scheme-dark\" data-id=\"ece56e4\" data-element_type=\"column\">\n\t\t\t<div class=\"elementor-widget-wrap elementor-element-populated\">\n\t\t\t\t\t\t\t\t<div class=\"elementor-element elementor-element-99c18ce elementor-widget elementor-widget-wd_title\" data-id=\"99c18ce\" data-element_type=\"widget\" data-widget_type=\"wd_title.default\">\n\t\t\t\t<div class=\"elementor-widget-container\">\n\t\t\t\t\t<div class=\"title-wrapper woodmart-title-color-default woodmart-title-style-default woodmart-title-size-large text-left\">\n\n\t\t\t\n\t\t\t<div class=\"liner-continer\">\n\t\t\t\t<span class=\"left-line\"><\/span>\n\n\t\t\t\t<h4 class=\"woodmart-title-container title wd-underline-colored\">\n\t\t\t\t\tPopo Kald\u0131rma  (BBL)\t\t\t\t<\/h4>\n\n\t\t\t\t\n\t\t\t\t<span class=\"right-line\"><\/span>\n\t\t\t<\/div>\n\n\t\t\t\t\t<\/div>\n\t\t\t\t<\/div>\n\t\t\t\t<\/div>\n\t\t\t\t<div class=\"elementor-element elementor-element-0de72b9 elementor-widget elementor-widget-spacer\" data-id=\"0de72b9\" data-element_type=\"widget\" data-widget_type=\"spacer.default\">\n\t\t\t\t<div class=\"elementor-widget-container\">\n\t\t\t\t\t<div class=\"elementor-spacer\">\n\t\t\t<div class=\"elementor-spacer-inner\"><\/div>\n\t\t<\/div>\n\t\t\t\t<\/div>\n\t\t\t\t<\/div>\n\t\t\t\t<div class=\"elementor-element elementor-element-d2373de color-scheme-inherit text-left elementor-widget elementor-widget-text-editor\" data-id=\"d2373de\" data-element_type=\"widget\" data-widget_type=\"text-editor.default\">\n\t\t\t\t<div class=\"elementor-widget-container\">\n\t\t\t\t\t\t\t\t<p>\u0130deal popoyu ortaya \u00e7\u0131karan noktalar; Poponun yuvarlak olmas\u0131, bel-popo s\u0131n\u0131r\u0131na kadar uzanan iki popo aras\u0131ndaki \u00e7izgi, bel-popo a\u00e7\u0131s\u0131n\u0131n 45 dereceden y\u00fcksek olmas\u0131, popo bacak ge\u00e7i\u015finin belirgin olmas\u0131, boy ve kilonun uyumlu olmas\u0131 gibi kriterler. Ancak, g\u00fczel bir popo i\u00e7in, bu kriterlerin hepsine ayn\u0131 anda sahip olmak gerekli de\u011fildir. \u00c7\u00fcnk\u00fc de\u011fi\u015ftirilemeyen baz\u0131 yap\u0131lar (kal\u00e7a ve bacak kemik yap\u0131s\u0131 ve uzunlu\u011fu, popo kaslar\u0131n\u0131n \u015fekli, cilt kal\u0131nl\u0131\u011f\u0131) t\u00fcm kriterlerin kar\u015f\u0131lanmas\u0131n\u0131 engeller.<\/p><p>Ailesel yatk\u0131nl\u0131k veya kilo al\u0131m\u0131 nedeniyle erkek veya kad\u0131nda popo b\u00f6lgesinde sark\u0131k d\u00fcz bir g\u00f6r\u00fcn\u00fcm olu\u015fabilir. Asimetrik ya\u011f depolama, v\u00fccut havzalar\u0131n\u0131n ya\u011fl\u0131 ve kal\u0131n,\u00a0 k\u00fc\u00e7\u00fck ve d\u00fcz g\u00f6r\u00fcnmesine neden olur.<\/p><p><strong>Estetik Cerrahi \u0130le \u0130deal Popo Nas\u0131l Olu\u015fturulur?<\/strong><\/p><p>Ana ba\u015fl\u0131klar alt\u0131nda yap\u0131lacak i\u015flemler;<\/p><p>* Liposuction-Ya\u011f ile popo b\u00fcy\u00fctme<br \/>* Silikon protez ile popo b\u00fcy\u00fctme<br \/>* Sarkan cildin cerrahi olarak \u00e7\u0131kar\u0131lmas\u0131.<\/p><p>Her hastan\u0131n sorunu benzer olmad\u0131\u011f\u0131 i\u00e7in kullan\u0131lacak teknik farkl\u0131l\u0131k g\u00f6sterir. Muayeneden sonra neler yap\u0131labilece\u011fi belirlenir.<\/p>\t\t\t\t\t\t<\/div>\n\t\t\t\t<\/div>\n\t\t\t\t\t<\/div>\n\t\t<\/div>\n\t\t\t\t\t\t\t<\/div>\n\t\t<\/section>\n\t\t\t\t<section class=\"elementor-section elementor-top-section elementor-element elementor-element-98a31cc elementor-section-stretched elementor-section-boxed elementor-section-height-default elementor-section-height-default wd-section-disabled\" data-id=\"98a31cc\" data-element_type=\"section\" data-settings=\"{&quot;stretch_section&quot;:&quot;section-stretched&quot;,&quot;background_background&quot;:&quot;classic&quot;}\">\n\t\t\t\t\t\t<div class=\"elementor-container elementor-column-gap-default\">\n\t\t\t\t\t<div class=\"elementor-column elementor-col-50 elementor-top-column elementor-element elementor-element-a5ecceb color-scheme-dark\" data-id=\"a5ecceb\" data-element_type=\"column\">\n\t\t\t<div class=\"elementor-widget-wrap elementor-element-populated\">\n\t\t\t\t\t\t\t\t<div class=\"elementor-element elementor-element-a5a0bb3 color-scheme-inherit text-left elementor-widget elementor-widget-text-editor\" data-id=\"a5a0bb3\" data-element_type=\"widget\" data-widget_type=\"text-editor.default\">\n\t\t\t\t<div class=\"elementor-widget-container\">\n\t\t\t\t\t\t\t\t<p><strong>Liposuction \u0130le Estetik<\/strong><\/p><p>\u00d6ncelikle bel, kar\u0131n, kal\u00e7a ba\u015fta olmak \u00fczere v\u00fccudun farkl\u0131 b\u00f6lgelerinde yap\u0131lan Liposuction ile elde edilen ya\u011flar belirli filtreleme ve santrif\u00fcj i\u015flemlerinden ge\u00e7irilerek poponun yuvarlak ve dik g\u00f6r\u00fcnmesi i\u00e7in belirli noktalara verilir. Verilecek miktar ki\u015finin ihtiyac\u0131na ve dokuyu alabilmesine ba\u011fl\u0131d\u0131r. Bel ve bacak kal\u00e7alar\u0131na uygulanan liposuction i\u015flemi ile v\u00fccut yap\u0131s\u0131 incelir ve popo \u00f6ne \u00e7\u0131kar\u0131l\u0131r. Hastaya verilen ya\u011f dolgusu zamanla belli bir miktarda \u00e7\u00f6z\u00fcnece\u011finden normalden daha fazla uygulama yap\u0131lmaktad\u0131r.<\/p><p><strong>Slikon Protez \u0130le Estetik<\/strong><\/p><p>V\u00fccutta yeterli de\u011filse silikon protez ile b\u00fcy\u00fctme tercih edilebilir. Kullan\u0131lan protezler meme protezlerine g\u00f6re daha sert ve farkl\u0131 \u015fekillerdir. Kuyruk sokumunun i\u00e7inden yap\u0131lan kesilerle popo kas\u0131n\u0131n i\u00e7ine veya alt\u0131na yerle\u015ftirilen popo protezi, \u00f6m\u00fcr boyu hacmini kaybetmeden dik ve dolgun bir popo g\u00f6r\u00fcn\u00fcm\u00fc sa\u011flar. Bu operasyonda bel b\u00f6lgesine liposuction uygulanarak v\u00fccut daha ince hale getirilebilir. Ya\u011f dolgusunun yan\u0131na g\u00f6re daha a\u011fr\u0131l\u0131 bir i\u015flemdir ve 1 ay s\u0131rt \u00fcst\u00fc yatman\u0131za ve \u00f6zel bir popo minderi kullanarak oturman\u0131za gerek kalmayacakt\u0131r.<\/p>\t\t\t\t\t\t<\/div>\n\t\t\t\t<\/div>\n\t\t\t\t\t<\/div>\n\t\t<\/div>\n\t\t\t\t<div class=\"elementor-column elementor-col-50 elementor-top-column elementor-element elementor-element-d8af63b\" data-id=\"d8af63b\" data-element_type=\"column\">\n\t\t\t<div class=\"elementor-widget-wrap elementor-element-populated\">\n\t\t\t\t\t\t\t\t<div class=\"elementor-element elementor-element-9b3fe7c elementor-widget elementor-widget-image\" data-id=\"9b3fe7c\" data-element_type=\"widget\" data-widget_type=\"image.default\">\n\t\t\t\t<div class=\"elementor-widget-container\">\n\t\t\t\t\t\t\t\t\t\t\t\t\t\t\t<img loading=\"lazy\" decoding=\"async\" width=\"625\" height=\"525\" src=\"https:\/\/mahmutnurikaratoprak.com\/tr\/wp-content\/uploads\/2021\/06\/Basliksiz-3-1.png\" class=\"attachment-full size-full\" alt=\"\" srcset=\"https:\/\/mahmutnurikaratoprak.com\/tr\/wp-content\/uploads\/2021\/06\/Basliksiz-3-1.png 625w, https:\/\/mahmutnurikaratoprak.com\/tr\/wp-content\/uploads\/2021\/06\/Basliksiz-3-1-300x252.png 300w\" sizes=\"auto, (max-width: 625px) 100vw, 625px\" \/>\t\t\t\t\t\t\t\t\t\t\t\t\t\t\t<\/div>\n\t\t\t\t<\/div>\n\t\t\t\t\t<\/div>\n\t\t<\/div>\n\t\t\t\t\t\t\t<\/div>\n\t\t<\/section>\n\t\t\t\t<section class=\"elementor-section elementor-top-section elementor-element elementor-element-7978624 elementor-section-content-middle elementor-section-stretched elementor-section-boxed elementor-section-height-default elementor-section-height-default wd-section-disabled\" data-id=\"7978624\" data-element_type=\"section\" data-settings=\"{&quot;stretch_section&quot;:&quot;section-stretched&quot;,&quot;background_background&quot;:&quot;classic&quot;}\">\n\t\t\t\t\t\t<div class=\"elementor-container elementor-column-gap-extended\">\n\t\t\t\t\t<div class=\"elementor-column elementor-col-100 elementor-top-column elementor-element elementor-element-786180 color-scheme-dark\" data-id=\"786180\" data-element_type=\"column\">\n\t\t\t<div class=\"elementor-widget-wrap elementor-element-populated\">\n\t\t\t\t\t\t\t\t<div class=\"elementor-element elementor-element-0de5e50 elementor-widget elementor-widget-wd_title\" data-id=\"0de5e50\" data-element_type=\"widget\" data-widget_type=\"wd_title.default\">\n\t\t\t\t<div class=\"elementor-widget-container\">\n\t\t\t\t\t<div class=\"title-wrapper woodmart-title-color-default woodmart-title-style-default woodmart-title-size-large text-center\">\n\n\t\t\t\n\t\t\t<div class=\"liner-continer\">\n\t\t\t\t<span class=\"left-line\"><\/span>\n\n\t\t\t\t<h4 class=\"woodmart-title-container title wd-underline-colored\">\n\t\t\t\t\tRandevu Talep Et\t\t\t\t<\/h4>\n\n\t\t\t\t\n\t\t\t\t<span class=\"right-line\"><\/span>\n\t\t\t<\/div>\n\n\t\t\t\t\t<\/div>\n\t\t\t\t<\/div>\n\t\t\t\t<\/div>\n\t\t\t\t<section class=\"elementor-section elementor-inner-section elementor-element elementor-element-3b4ad17 elementor-section-boxed elementor-section-height-default elementor-section-height-default wd-section-disabled\" data-id=\"3b4ad17\" data-element_type=\"section\">\n\t\t\t\t\t\t<div class=\"elementor-container elementor-column-gap-default\">\n\t\t\t\t\t<div class=\"elementor-column elementor-col-33 elementor-inner-column elementor-element elementor-element-1297f45\" data-id=\"1297f45\" data-element_type=\"column\">\n\t\t\t<div class=\"elementor-widget-wrap\">\n\t\t\t\t\t\t\t\t\t<\/div>\n\t\t<\/div>\n\t\t\t\t<div class=\"elementor-column elementor-col-33 elementor-inner-column elementor-element elementor-element-ceaf1cb\" data-id=\"ceaf1cb\" data-element_type=\"column\">\n\t\t\t<div class=\"elementor-widget-wrap elementor-element-populated\">\n\t\t\t\t\t\t\t\t<div class=\"elementor-element elementor-element-7f83964 color-scheme-inherit text-left elementor-widget elementor-widget-text-editor\" data-id=\"7f83964\" data-element_type=\"widget\" data-widget_type=\"text-editor.default\">\n\t\t\t\t<div class=\"elementor-widget-container\">\n\t\t\t\t\t\t\t\t<p>Bilgilerinizi bize g\u00f6nderin. Seni aray\u0131p randevunuzu ayarlayal\u0131m !<\/p>\t\t\t\t\t\t<\/div>\n\t\t\t\t<\/div>\n\t\t\t\t<div class=\"elementor-element elementor-element-bc5cfc8 color-scheme-inherit text-left elementor-widget elementor-widget-text-editor\" data-id=\"bc5cfc8\" data-element_type=\"widget\" data-widget_type=\"text-editor.default\">\n\t\t\t\t<div class=\"elementor-widget-container\">\n\t\t\t\t\t\t\t\t<div role=\"form\" class=\"wpcf7\" id=\"wpcf7-f9402-o1\" lang=\"en-US\" dir=\"ltr\">\n<div class=\"screen-reader-response\"><p role=\"status\" aria-live=\"polite\" aria-atomic=\"true\"><\/p> <ul><\/ul><\/div>\n<form action=\"\/tr\/wp-json\/wp\/v2\/pages\/11867#wpcf7-f9402-o1\" method=\"post\" class=\"wpcf7-form init\" novalidate=\"novalidate\" data-status=\"init\">\n<div style=\"display: none;\">\n<input type=\"hidden\" name=\"_wpcf7\" value=\"9402\" \/>\n<input type=\"hidden\" name=\"_wpcf7_version\" value=\"5.4.1\" \/>\n<input type=\"hidden\" name=\"_wpcf7_locale\" value=\"en_US\" \/>\n<input type=\"hidden\" name=\"_wpcf7_unit_tag\" value=\"wpcf7-f9402-o1\" \/>\n<input type=\"hidden\" name=\"_wpcf7_container_post\" value=\"0\" \/>\n<input type=\"hidden\" name=\"_wpcf7_posted_data_hash\" value=\"\" \/>\n<\/div>\n<div class=\"row\">\n<div class=\"col-lg\">\n<p><span class=\"wpcf7-form-control-wrap adi\"><input type=\"text\" name=\"adi\" value=\"\" size=\"40\" class=\"wpcf7-form-control wpcf7-text wpcf7-validates-as-required\" aria-required=\"true\" aria-invalid=\"false\" placeholder=\"Ad\" \/><\/span><\/p>\n<\/div>\n<div class=\"col-lg\">\n<p><span class=\"wpcf7-form-control-wrap telefon\"><input type=\"text\" name=\"telefon\" value=\"\" size=\"40\" class=\"wpcf7-form-control wpcf7-text wpcf7-validates-as-required\" aria-required=\"true\" aria-invalid=\"false\" placeholder=\"Telefon Numaran\u0131z\" \/><\/span><\/p>\n<\/div>\n<div class=\"col-lg\">\n<p><span class=\"wpcf7-form-control-wrap mail\"><input type=\"text\" name=\"mail\" value=\"\" size=\"40\" class=\"wpcf7-form-control wpcf7-text\" aria-invalid=\"false\" placeholder=\"E-Mail\" \/><\/span><\/p>\n<\/div>\n<div class=\"col-lg-auto\">\n<p><input type=\"submit\" value=\"Form G\u00f6nder\" class=\"wpcf7-form-control wpcf7-submit btn btn-color-primary\" \/><\/p>\n<\/div>\n<\/div>\n<div class=\"wpcf7-response-output\" aria-hidden=\"true\"><\/div><\/form><\/div>\t\t\t\t\t\t<\/div>\n\t\t\t\t<\/div>\n\t\t\t\t\t<\/div>\n\t\t<\/div>\n\t\t\t\t<div class=\"elementor-column elementor-col-33 elementor-inner-column elementor-element elementor-element-c44b51d\" data-id=\"c44b51d\" data-element_type=\"column\">\n\t\t\t<div class=\"elementor-widget-wrap\">\n\t\t\t\t\t\t\t\t\t<\/div>\n\t\t<\/div>\n\t\t\t\t\t\t\t<\/div>\n\t\t<\/section>\n\t\t\t\t\t<\/div>\n\t\t<\/div>\n\t\t\t\t\t\t\t<\/div>\n\t\t<\/section>\n\t\t\t\t<section class=\"elementor-section elementor-top-section elementor-element elementor-element-ca259a3 elementor-section-content-middle elementor-section-stretched elementor-section-boxed elementor-section-height-default elementor-section-height-default wd-section-disabled\" data-id=\"ca259a3\" data-element_type=\"section\" data-settings=\"{&quot;stretch_section&quot;:&quot;section-stretched&quot;,&quot;background_background&quot;:&quot;classic&quot;}\">\n\t\t\t\t\t\t<div class=\"elementor-container elementor-column-gap-extended\">\n\t\t\t\t\t<div class=\"elementor-column elementor-col-100 elementor-top-column elementor-element elementor-element-535ec85 color-scheme-dark\" data-id=\"535ec85\" data-element_type=\"column\">\n\t\t\t<div class=\"elementor-widget-wrap elementor-element-populated\">\n\t\t\t\t\t\t\t\t<div class=\"elementor-element elementor-element-8bd828f color-scheme-inherit text-left elementor-widget elementor-widget-text-editor\" data-id=\"8bd828f\" data-element_type=\"widget\" data-widget_type=\"text-editor.default\">\n\t\t\t\t<div class=\"elementor-widget-container\">\n\t\t\t\t\t\t\t\t<p><strong>Popo Germe Ameliyat\u0131<\/strong><\/p><p>\u00d6zellikle poposu d\u00fc\u015f\u00fck, fazla kilo kayb\u0131 sonras\u0131 cilt sarkmas\u0131 olan hastalara uygulan\u0131r. Popo bel ge\u00e7i\u015f noktas\u0131ndan yap\u0131lan cilt \u00e7\u0131karma i\u015flemi ile popo kald\u0131r\u0131l\u0131r. Ayn\u0131 operasyonda liposuction ile elde edilen ya\u011f ile poponun doldurulmas\u0131 yap\u0131l\u0131r.<\/p><p><strong>Ameliyat \u00d6ncesi De\u011ferlendirme<\/strong><\/p><p>Bacaklar\u0131n sarkmas\u0131 ve \u00e7\u0131kar\u0131lacak cilt miktar\u0131 de\u011ferlendirilir. Hasta ameliyat s\u00fcreci ve sonras\u0131 hakk\u0131nda bilgilendirilir. Bu t\u00fcr sorunlara olas\u0131 riskler ve m\u00fcdahaleler a\u00e7\u0131klanmaktad\u0131r.<\/p><p>Daha \u00f6nce ameliyat\u0131n\u0131z, y\u00fcksek tansiyon, diyabet, guatr gibi kronik hastal\u0131klar\u0131n\u0131z, herhangi bir ilaca veya yiyece\u011fe alerjiniz varsa, kullanman\u0131z gereken ila\u00e7lar olup olmad\u0131\u011f\u0131n\u0131 mutlaka bilgilendirmelisiniz. Sigara i\u00e7iyorsan\u0131z ameliyattan \u00f6nce b\u0131rakmal\u0131, diki\u015fler sonra iyile\u015fene kadar i\u00e7memelisiniz.<\/p>\t\t\t\t\t\t<\/div>\n\t\t\t\t<\/div>\n\t\t\t\t\t<\/div>\n\t\t<\/div>\n\t\t\t\t\t\t\t<\/div>\n\t\t<\/section>\n\t\t\t\t<section class=\"elementor-section elementor-top-section elementor-element elementor-element-1ee516b elementor-section-content-middle elementor-section-stretched elementor-section-boxed elementor-section-height-default elementor-section-height-default wd-section-disabled\" data-id=\"1ee516b\" data-element_type=\"section\" data-settings=\"{&quot;stretch_section&quot;:&quot;section-stretched&quot;,&quot;background_background&quot;:&quot;classic&quot;}\">\n\t\t\t\t\t\t<div class=\"elementor-container elementor-column-gap-extended\">\n\t\t\t\t\t<div class=\"elementor-column elementor-col-100 elementor-top-column elementor-element elementor-element-c894971 color-scheme-dark\" data-id=\"c894971\" data-element_type=\"column\">\n\t\t\t<div class=\"elementor-widget-wrap elementor-element-populated\">\n\t\t\t\t\t\t\t\t<div class=\"elementor-element elementor-element-826c68a color-scheme-inherit text-left elementor-widget elementor-widget-text-editor\" data-id=\"826c68a\" data-element_type=\"widget\" data-widget_type=\"text-editor.default\">\n\t\t\t\t<div class=\"elementor-widget-container\">\n\t\t\t\t\t\t\t\t<p><strong>Hastane ve Ameliyathane s\u00fcreci<\/strong><\/p><p>Ameliyat \u00f6ncesi muayeneler ayn\u0131 g\u00fcn veya 1 g\u00fcn \u00f6nce haz\u0131rlan\u0131r. Ameliyattan 8 saat \u00f6nce hi\u00e7bir \u015fey yememeli ve i\u00e7memelisiniz. Sonu\u00e7lar anestezi uzman\u0131 taraf\u0131ndan de\u011ferlendirilirse ve herhangi bir engel yoksa ameliyat\u0131n\u0131z yap\u0131labilir. Genel anestezi alt\u0131nda yap\u0131ld\u0131\u011f\u0131 i\u00e7in hasta i\u015flem s\u0131ras\u0131nda herhangi bir a\u011fr\u0131 hissetmeyecektir. Ortalama ameliyat s\u00fcresi 2 saattir ve hasta uyutulup uyand\u0131ktan sonra ameliyathanede ge\u00e7irilen s\u00fcre daha uzun olacakt\u0131r.<\/p><p>Ameliyat sonras\u0131 serviste size antibiyotik ve a\u011fr\u0131 kesici verilecektir. Ertesi g\u00fcn kontrol muayenesi yap\u0131larak ve 3.<\/p><p>\u00c7ok nadiren, kal\u00e7a ameliyat\u0131ndan sonra s\u0131v\u0131y\u0131 \u00e7\u0131karmak ve dokular aras\u0131nda kan s\u0131zd\u0131rmak i\u00e7in bir dren tak\u0131labilir. Gelen miktar azald\u0131\u011f\u0131nda (3-7 g\u00fcn sonra) drenajlar \u00e7\u0131kar\u0131l\u0131r.<\/p><p>Ameliyattan sonraki ilk g\u00fcnlerde olu\u015fabilecek \u00f6demi azaltmak i\u00e7in 20 g\u00fcn boyunca \u00f6zel bir korse kullanmal\u0131s\u0131n\u0131z.<\/p><p>Ameliyattan sonra sigara i\u00e7ilmemeli veya alkol t\u00fcketilmemelidir. Sigara i\u00e7tikten sonra diki\u015flerde a\u00e7\u0131lma ve cildin kenarlar\u0131nda doku \u00e7\u00fcr\u00fcmesi riski vard\u0131r.<\/p>\t\t\t\t\t\t<\/div>\n\t\t\t\t<\/div>\n\t\t\t\t\t<\/div>\n\t\t<\/div>\n\t\t\t\t\t\t\t<\/div>\n\t\t<\/section>\n\t\t\t\t\t\t<\/div>\n\t\t\t\t\t<\/div>\n\t\t","protected":false},"excerpt":{"rendered":"<p>Popo Kald\u0131rma (BBL) \u0130deal popoyu ortaya \u00e7\u0131karan noktalar; Poponun yuvarlak olmas\u0131, bel-popo s\u0131n\u0131r\u0131na kadar uzanan iki popo aras\u0131ndaki \u00e7izgi, bel-popo<\/p>\n","protected":false},"author":1,"featured_media":0,"parent":0,"menu_order":0,"comment_status":"closed","ping_status":"closed","template":"","meta":{"_monsterinsights_skip_tracking":false,"_monsterinsights_sitenote_active":false,"_monsterinsights_sitenote_note":"","_monsterinsights_sitenote_category":0,"footnotes":""},"class_list":["post-11867","page","type-page","status-publish","hentry"],"_links":{"self":[{"href":"https:\/\/mahmutnurikaratoprak.com\/tr\/wp-json\/wp\/v2\/pages\/11867","targetHints":{"allow":["GET"]}}],"collection":[{"href":"https:\/\/mahmutnurikaratoprak.com\/tr\/wp-json\/wp\/v2\/pages"}],"about":[{"href":"https:\/\/mahmutnurikaratoprak.com\/tr\/wp-json\/wp\/v2\/types\/page"}],"author":[{"embeddable":true,"href":"https:\/\/mahmutnurikaratoprak.com\/tr\/wp-json\/wp\/v2\/users\/1"}],"replies":[{"embeddable":true,"href":"https:\/\/mahmutnurikaratoprak.com\/tr\/wp-json\/wp\/v2\/comments?post=11867"}],"version-history":[{"count":29,"href":"https:\/\/mahmutnurikaratoprak.com\/tr\/wp-json\/wp\/v2\/pages\/11867\/revisions"}],"predecessor-version":[{"id":12655,"href":"https:\/\/mahmutnurikaratoprak.com\/tr\/wp-json\/wp\/v2\/pages\/11867\/revisions\/12655"}],"wp:attachment":[{"href":"https:\/\/mahmutnurikaratoprak.com\/tr\/wp-json\/wp\/v2\/media?parent=11867"}],"curies":[{"name":"wp","href":"https:\/\/api.w.org\/{rel}","templated":true}]}}