{"id":11868,"date":"2021-06-02T12:00:33","date_gmt":"2021-06-02T09:00:33","guid":{"rendered":"https:\/\/mahmutnurikaratoprak.com\/tr\/?page_id=11868"},"modified":"2021-07-26T15:38:26","modified_gmt":"2021-07-26T12:38:26","slug":"kol-germe","status":"publish","type":"page","link":"https:\/\/mahmutnurikaratoprak.com\/tr\/kol-germe","title":{"rendered":"Kol Germe"},"content":{"rendered":"\t\t<div data-elementor-type=\"wp-page\" data-elementor-id=\"11868\" class=\"elementor elementor-11868\" data-elementor-settings=\"[]\">\n\t\t\t\t\t\t\t<div class=\"elementor-section-wrap\">\n\t\t\t\t\t\t\t<section class=\"elementor-section elementor-top-section elementor-element elementor-element-e9a5845 elementor-section-content-middle elementor-section-stretched elementor-section-boxed elementor-section-height-default elementor-section-height-default wd-section-disabled\" data-id=\"e9a5845\" data-element_type=\"section\" data-settings=\"{&quot;stretch_section&quot;:&quot;section-stretched&quot;,&quot;background_background&quot;:&quot;classic&quot;}\">\n\t\t\t\t\t\t<div class=\"elementor-container elementor-column-gap-extended\">\n\t\t\t\t\t<div class=\"elementor-column elementor-col-100 elementor-top-column elementor-element elementor-element-ece56e4 color-scheme-dark\" data-id=\"ece56e4\" data-element_type=\"column\">\n\t\t\t<div class=\"elementor-widget-wrap elementor-element-populated\">\n\t\t\t\t\t\t\t\t<div class=\"elementor-element elementor-element-99c18ce elementor-widget elementor-widget-wd_title\" data-id=\"99c18ce\" data-element_type=\"widget\" data-widget_type=\"wd_title.default\">\n\t\t\t\t<div class=\"elementor-widget-container\">\n\t\t\t\t\t<div class=\"title-wrapper woodmart-title-color-default woodmart-title-style-default woodmart-title-size-large text-left\">\n\n\t\t\t\n\t\t\t<div class=\"liner-continer\">\n\t\t\t\t<span class=\"left-line\"><\/span>\n\n\t\t\t\t<h4 class=\"woodmart-title-container title wd-underline-colored\">\n\t\t\t\t\tKol Germe\t\t\t\t<\/h4>\n\n\t\t\t\t\n\t\t\t\t<span class=\"right-line\"><\/span>\n\t\t\t<\/div>\n\n\t\t\t\t\t<\/div>\n\t\t\t\t<\/div>\n\t\t\t\t<\/div>\n\t\t\t\t<div class=\"elementor-element elementor-element-0de72b9 elementor-widget elementor-widget-spacer\" data-id=\"0de72b9\" data-element_type=\"widget\" data-widget_type=\"spacer.default\">\n\t\t\t\t<div class=\"elementor-widget-container\">\n\t\t\t\t\t<div class=\"elementor-spacer\">\n\t\t\t<div class=\"elementor-spacer-inner\"><\/div>\n\t\t<\/div>\n\t\t\t\t<\/div>\n\t\t\t\t<\/div>\n\t\t\t\t<div class=\"elementor-element elementor-element-d2373de color-scheme-inherit text-left elementor-widget elementor-widget-text-editor\" data-id=\"d2373de\" data-element_type=\"widget\" data-widget_type=\"text-editor.default\">\n\t\t\t\t<div class=\"elementor-widget-container\">\n\t\t\t\t\t\t\t\t<p>\u00dcst kolun sarkan arka k\u0131sm\u0131 ve i\u00e7 taraflar\u0131 \u00e7o\u011funlukla fazla ya\u011f birikimleri ve sarkan cilt ile ortaya \u00e7\u0131kar. Sarkmalar\u0131n di\u011fer nedenleri ya\u015fl\u0131l\u0131k, yer \u00e7ekimi ve aral\u0131kl\u0131 kilo kayb\u0131 ile ilgilidir. Bunun nedeni, bu b\u00f6lgelerdeki cilt ve deri alt\u0131 dokular\u0131n daha gev\u015fek olmas\u0131d\u0131r. Sarkma ve biriken ya\u011f dokular\u0131n\u0131n oran\u0131 ki\u015fiden ki\u015fiye farkl\u0131l\u0131k g\u00f6sterir. Bu nedenle kol germe ameliyat\u0131 ile tedavi edilecek her hasta ayr\u0131 ayr\u0131 de\u011ferlendirilmelidir. Kol germe operasyonlar\u0131 tek ba\u015f\u0131na veya meme k\u00fc\u00e7\u00fcltme, meme dikle\u015ftirme, abdominoplasti, bacak germe, reklam liposuction ile birlikte yap\u0131labilir. Yeterli donan\u0131ml\u0131 bir hastanede kol germe ameliyat\u0131 yap\u0131lmal\u0131d\u0131r. Ameliyat genel anestezi alt\u0131nda yap\u0131l\u0131r ve yakla\u015f\u0131k 1 ila 3 saat s\u00fcrer. Ameliyat sonras\u0131 ilk g\u00fcn\u00fc hastanede t\u0131bbi g\u00f6zetim alt\u0131nda ge\u00e7irmek yeterli olacakt\u0131r \u00e7\u00fcnk\u00fc rahats\u0131z edici derecede a\u011fr\u0131 olmayacakt\u0131r.<\/p>\t\t\t\t\t\t<\/div>\n\t\t\t\t<\/div>\n\t\t\t\t\t<\/div>\n\t\t<\/div>\n\t\t\t\t\t\t\t<\/div>\n\t\t<\/section>\n\t\t\t\t<section class=\"elementor-section elementor-top-section elementor-element elementor-element-98a31cc elementor-section-stretched elementor-section-boxed elementor-section-height-default elementor-section-height-default wd-section-disabled\" data-id=\"98a31cc\" data-element_type=\"section\" data-settings=\"{&quot;stretch_section&quot;:&quot;section-stretched&quot;,&quot;background_background&quot;:&quot;classic&quot;}\">\n\t\t\t\t\t\t<div class=\"elementor-container elementor-column-gap-default\">\n\t\t\t\t\t<div class=\"elementor-column elementor-col-50 elementor-top-column elementor-element elementor-element-a5ecceb color-scheme-dark\" data-id=\"a5ecceb\" data-element_type=\"column\">\n\t\t\t<div class=\"elementor-widget-wrap elementor-element-populated\">\n\t\t\t\t\t\t\t\t<div class=\"elementor-element elementor-element-a5a0bb3 color-scheme-inherit text-left elementor-widget elementor-widget-text-editor\" data-id=\"a5a0bb3\" data-element_type=\"widget\" data-widget_type=\"text-editor.default\">\n\t\t\t\t<div class=\"elementor-widget-container\">\n\t\t\t\t\t\t\t\t<p>Bir ki\u015finin kollar\u0131ndaki fazla ya\u011f ve fazla derinin, kollar\u0131n daha ince ve s\u0131k\u0131 g\u00f6r\u00fcnmesini sa\u011flayacak \u015fekilde \u00e7\u0131kar\u0131lmas\u0131n\u0131 i\u00e7eren i\u015flem, kol germe (brakioplasti) Kol germe operasyonlar\u0131 genellikle 40 ya\u015f\u0131n \u00fczerindeki kad\u0131nlara yap\u0131l\u0131r. Kol germe i\u015flemi, kolunda fazla ya\u011f ve fazla deri olan ve ortaya \u00e7\u0131kan g\u00f6r\u00fcn\u00fcmden rahats\u0131z olan herkese yap\u0131labilir.<\/p><p>T\u00fcm ameliyatlarda oldu\u011fu gibi kol germe ameliyat\u0131ndan yakla\u015f\u0131k 3 hafta \u00f6nce sigaray\u0131 ve aspirin, kan su sulay\u0131c\u0131 ve benzeri di\u011fer maddelerin kullan\u0131m\u0131n\u0131 b\u0131rakman\u0131z gerekir. Ameliyattan hemen \u00f6nce doktorunuza genel sa\u011fl\u0131k durumunuz ve kulland\u0131\u011f\u0131n\u0131z ila\u00e7lar hakk\u0131nda gerekli bilgileri de vermeniz gerekecektir. Ayr\u0131ca Apranax, Vermidon ve Voltaren, multivitamin haplar\u0131, ye\u015fil \u00e7ay, domates tohumu, kiraz saplar\u0131 ve keten tohumu gibi bitkisel \u00fcr\u00fcnler ve t\u00fcm kilo verme \u00fcr\u00fcnleri dahil olmak \u00fczere baz\u0131 a\u011fr\u0131 kesici ila\u00e7lar kullanmaktan ka\u00e7\u0131nmal\u0131s\u0131n\u0131z.<\/p><p>Koltuk alt\u0131ndan boyuna do\u011fru uzanan &#8220;L \u015feklinde&#8221; bir kesi yap\u0131larak kol germe i\u015flemine ba\u015flan\u0131r. Genellikle kol sadece fazla deri hastadan al\u0131narak daha s\u0131k\u0131 hale getirilir. Bununla birlikte, son derece kal\u0131n kollara sahip hastalara ger\u00e7ekle\u015ftirildi\u011finde, kol germe i\u015flemi liposuction&#8217;\u0131 da i\u00e7erir. Bu i\u015flem eklenirse ameliyat daha ba\u015far\u0131l\u0131 hale gelir. Cerrahi i\u015flem genel anestezi alt\u0131nda yap\u0131l\u0131r ve ameliyat s\u00fcresi yar\u0131m saat ile \u00fc\u00e7 saat aras\u0131nda de\u011fi\u015fir.<\/p>\t\t\t\t\t\t<\/div>\n\t\t\t\t<\/div>\n\t\t\t\t\t<\/div>\n\t\t<\/div>\n\t\t\t\t<div class=\"elementor-column elementor-col-50 elementor-top-column elementor-element elementor-element-d8af63b\" data-id=\"d8af63b\" data-element_type=\"column\">\n\t\t\t<div class=\"elementor-widget-wrap elementor-element-populated\">\n\t\t\t\t\t\t\t\t<div class=\"elementor-element elementor-element-9b3fe7c elementor-widget elementor-widget-image\" data-id=\"9b3fe7c\" data-element_type=\"widget\" data-widget_type=\"image.default\">\n\t\t\t\t<div class=\"elementor-widget-container\">\n\t\t\t\t\t\t\t\t\t\t\t\t\t\t\t<img loading=\"lazy\" decoding=\"async\" width=\"625\" height=\"503\" src=\"https:\/\/mahmutnurikaratoprak.com\/tr\/wp-content\/uploads\/2021\/06\/arm-ltf.jpg\" class=\"attachment-full size-full\" alt=\"\" srcset=\"https:\/\/mahmutnurikaratoprak.com\/tr\/wp-content\/uploads\/2021\/06\/arm-ltf.jpg 625w, https:\/\/mahmutnurikaratoprak.com\/tr\/wp-content\/uploads\/2021\/06\/arm-ltf-300x241.jpg 300w\" sizes=\"auto, (max-width: 625px) 100vw, 625px\" \/>\t\t\t\t\t\t\t\t\t\t\t\t\t\t\t<\/div>\n\t\t\t\t<\/div>\n\t\t\t\t\t<\/div>\n\t\t<\/div>\n\t\t\t\t\t\t\t<\/div>\n\t\t<\/section>\n\t\t\t\t<section class=\"elementor-section elementor-top-section elementor-element elementor-element-7978624 elementor-section-content-middle elementor-section-stretched elementor-section-boxed elementor-section-height-default elementor-section-height-default wd-section-disabled\" data-id=\"7978624\" data-element_type=\"section\" data-settings=\"{&quot;stretch_section&quot;:&quot;section-stretched&quot;,&quot;background_background&quot;:&quot;classic&quot;}\">\n\t\t\t\t\t\t<div class=\"elementor-container elementor-column-gap-extended\">\n\t\t\t\t\t<div class=\"elementor-column elementor-col-100 elementor-top-column elementor-element elementor-element-786180 color-scheme-dark\" data-id=\"786180\" data-element_type=\"column\">\n\t\t\t<div class=\"elementor-widget-wrap elementor-element-populated\">\n\t\t\t\t\t\t\t\t<div class=\"elementor-element elementor-element-0de5e50 elementor-widget elementor-widget-wd_title\" data-id=\"0de5e50\" data-element_type=\"widget\" data-widget_type=\"wd_title.default\">\n\t\t\t\t<div class=\"elementor-widget-container\">\n\t\t\t\t\t<div class=\"title-wrapper woodmart-title-color-default woodmart-title-style-default woodmart-title-size-large text-center\">\n\n\t\t\t\n\t\t\t<div class=\"liner-continer\">\n\t\t\t\t<span class=\"left-line\"><\/span>\n\n\t\t\t\t<h4 class=\"woodmart-title-container title wd-underline-colored\">\n\t\t\t\t\tRandevu Talep Et\t\t\t\t<\/h4>\n\n\t\t\t\t\n\t\t\t\t<span class=\"right-line\"><\/span>\n\t\t\t<\/div>\n\n\t\t\t\t\t<\/div>\n\t\t\t\t<\/div>\n\t\t\t\t<\/div>\n\t\t\t\t<div class=\"elementor-element elementor-element-7f83964 color-scheme-inherit text-left elementor-widget elementor-widget-text-editor\" data-id=\"7f83964\" data-element_type=\"widget\" data-widget_type=\"text-editor.default\">\n\t\t\t\t<div class=\"elementor-widget-container\">\n\t\t\t\t\t\t\t\t<p>Bilgilerinizi bize g\u00f6nderin. Seni aray\u0131p randevunuzu ayarlayal\u0131m!<\/p>\t\t\t\t\t\t<\/div>\n\t\t\t\t<\/div>\n\t\t\t\t<section class=\"elementor-section elementor-inner-section elementor-element elementor-element-3b4ad17 elementor-section-boxed elementor-section-height-default elementor-section-height-default wd-section-disabled\" data-id=\"3b4ad17\" data-element_type=\"section\">\n\t\t\t\t\t\t<div class=\"elementor-container elementor-column-gap-default\">\n\t\t\t\t\t<div class=\"elementor-column elementor-col-33 elementor-inner-column elementor-element elementor-element-1297f45\" data-id=\"1297f45\" data-element_type=\"column\">\n\t\t\t<div class=\"elementor-widget-wrap\">\n\t\t\t\t\t\t\t\t\t<\/div>\n\t\t<\/div>\n\t\t\t\t<div class=\"elementor-column elementor-col-33 elementor-inner-column elementor-element elementor-element-ceaf1cb\" data-id=\"ceaf1cb\" data-element_type=\"column\">\n\t\t\t<div class=\"elementor-widget-wrap elementor-element-populated\">\n\t\t\t\t\t\t\t\t<div class=\"elementor-element elementor-element-bc5cfc8 color-scheme-inherit text-left elementor-widget elementor-widget-text-editor\" data-id=\"bc5cfc8\" data-element_type=\"widget\" data-widget_type=\"text-editor.default\">\n\t\t\t\t<div class=\"elementor-widget-container\">\n\t\t\t\t\t\t\t\t<div role=\"form\" class=\"wpcf7\" id=\"wpcf7-f9402-o1\" lang=\"en-US\" dir=\"ltr\">\n<div class=\"screen-reader-response\"><p role=\"status\" aria-live=\"polite\" aria-atomic=\"true\"><\/p> <ul><\/ul><\/div>\n<form action=\"\/tr\/wp-json\/wp\/v2\/pages\/11868#wpcf7-f9402-o1\" method=\"post\" class=\"wpcf7-form init\" novalidate=\"novalidate\" data-status=\"init\">\n<div style=\"display: none;\">\n<input type=\"hidden\" name=\"_wpcf7\" value=\"9402\" \/>\n<input type=\"hidden\" name=\"_wpcf7_version\" value=\"5.4.1\" \/>\n<input type=\"hidden\" name=\"_wpcf7_locale\" value=\"en_US\" \/>\n<input type=\"hidden\" name=\"_wpcf7_unit_tag\" value=\"wpcf7-f9402-o1\" \/>\n<input type=\"hidden\" name=\"_wpcf7_container_post\" value=\"0\" \/>\n<input type=\"hidden\" name=\"_wpcf7_posted_data_hash\" value=\"\" \/>\n<\/div>\n<div class=\"row\">\n<div class=\"col-lg\">\n<p><span class=\"wpcf7-form-control-wrap adi\"><input type=\"text\" name=\"adi\" value=\"\" size=\"40\" class=\"wpcf7-form-control wpcf7-text wpcf7-validates-as-required\" aria-required=\"true\" aria-invalid=\"false\" placeholder=\"Ad\" \/><\/span><\/p>\n<\/div>\n<div class=\"col-lg\">\n<p><span class=\"wpcf7-form-control-wrap telefon\"><input type=\"text\" name=\"telefon\" value=\"\" size=\"40\" class=\"wpcf7-form-control wpcf7-text wpcf7-validates-as-required\" aria-required=\"true\" aria-invalid=\"false\" placeholder=\"Telefon Numaran\u0131z\" \/><\/span><\/p>\n<\/div>\n<div class=\"col-lg\">\n<p><span class=\"wpcf7-form-control-wrap mail\"><input type=\"text\" name=\"mail\" value=\"\" size=\"40\" class=\"wpcf7-form-control wpcf7-text\" aria-invalid=\"false\" placeholder=\"E-Mail\" \/><\/span><\/p>\n<\/div>\n<div class=\"col-lg-auto\">\n<p><input type=\"submit\" value=\"Form G\u00f6nder\" class=\"wpcf7-form-control wpcf7-submit btn btn-color-primary\" \/><\/p>\n<\/div>\n<\/div>\n<div class=\"wpcf7-response-output\" aria-hidden=\"true\"><\/div><\/form><\/div>\t\t\t\t\t\t<\/div>\n\t\t\t\t<\/div>\n\t\t\t\t\t<\/div>\n\t\t<\/div>\n\t\t\t\t<div class=\"elementor-column elementor-col-33 elementor-inner-column elementor-element elementor-element-c44b51d\" data-id=\"c44b51d\" data-element_type=\"column\">\n\t\t\t<div class=\"elementor-widget-wrap\">\n\t\t\t\t\t\t\t\t\t<\/div>\n\t\t<\/div>\n\t\t\t\t\t\t\t<\/div>\n\t\t<\/section>\n\t\t\t\t\t<\/div>\n\t\t<\/div>\n\t\t\t\t\t\t\t<\/div>\n\t\t<\/section>\n\t\t\t\t<section class=\"elementor-section elementor-top-section elementor-element elementor-element-ca259a3 elementor-section-content-middle elementor-section-stretched elementor-section-boxed elementor-section-height-default elementor-section-height-default wd-section-disabled\" data-id=\"ca259a3\" data-element_type=\"section\" data-settings=\"{&quot;stretch_section&quot;:&quot;section-stretched&quot;,&quot;background_background&quot;:&quot;classic&quot;}\">\n\t\t\t\t\t\t<div class=\"elementor-container elementor-column-gap-extended\">\n\t\t\t\t\t<div class=\"elementor-column elementor-col-100 elementor-top-column elementor-element elementor-element-535ec85 color-scheme-dark\" data-id=\"535ec85\" data-element_type=\"column\">\n\t\t\t<div class=\"elementor-widget-wrap elementor-element-populated\">\n\t\t\t\t\t\t\t\t<div class=\"elementor-element elementor-element-8bd828f color-scheme-inherit text-left elementor-widget elementor-widget-text-editor\" data-id=\"8bd828f\" data-element_type=\"widget\" data-widget_type=\"text-editor.default\">\n\t\t\t\t<div class=\"elementor-widget-container\">\n\t\t\t\t\t\t\t\t<p>Hastalar kol germe ameliyat\u0131ndan sonra taburcu edilebilirler. Ameliyat sonras\u0131 iki g\u00fcn boyunca diki\u015flerde koruyucu bir bandaj olacakt\u0131r. T\u00fcm diki\u015fler cildin alt\u0131nda kald\u0131\u011f\u0131ndan, bunlar\u0131 \u00e7\u0131karmaya gerek yoktur. \u0130ki g\u00fcn\u00fcn sonunda hastalar kolayca banyo yapabilir. Ameliyat sonras\u0131 ilk \u00fc\u00e7 hafta boyunca hastalar a\u015f\u0131r\u0131 kol hareketlerinden ka\u00e7\u0131nmal\u0131d\u0131r. Kol germe ameliyat\u0131 sonras\u0131 kar\u015f\u0131la\u015f\u0131lacak en b\u00fcy\u00fck sorun kollarda kalan cerrahi izler olacakt\u0131r. Bu t\u00fcr izler \u00f6nden bak\u0131ld\u0131\u011f\u0131nda g\u00f6r\u00fclebilecek izler de\u011fildir. \u0130zler kollar\u0131n i\u00e7 taraflar\u0131nda olaca\u011f\u0131ndan sadece hasta taraf\u0131ndan g\u00f6r\u00fclecektir. Bu izler sorunsuz bir \u015fekilde iyile\u015firse, alt\u0131 ay sonra belirsiz hale gelir. Kol germe operasyonundan sonra 4 hafta boyunca s\u00fcrekli korse giymeniz gerekecektir. Ameliyattan sonraki 5. g\u00fcnde yara pansuman\u0131 ilk kez de\u011fi\u015ftirilecektir. Bu s\u00fcre\u00e7te hafif uyu\u015fukluk, morarma ve \u00f6dem ya\u015fayabilirsiniz, ancak h\u0131zl\u0131 bir \u015fekilde ge\u00e7erler. Ameliyat sonras\u0131 ilk hafta i\u00e7inde kolayca i\u015fe d\u00f6nebilirsiniz.<\/p><p>Kol germe ameliyat\u0131ndan sonra ya\u015flanma s\u00fcreci devam edece\u011fi i\u00e7in cilt belli \u00f6l\u00e7\u00fcde gev\u015feyecektir. Bundan sonraki kilo al\u0131m\u0131 ve kay\u0131plar\u0131 bu s\u00fcreci h\u0131zland\u0131racakt\u0131r. Ancak, kollar\u0131n\u0131z asla eski hallerine d\u00f6nmeyecek. Hastalar, sonucu s\u00fcrd\u00fcrebilmek i\u00e7in kilolar\u0131na dikkat etmeli ve ameliyattan sonra d\u00fczenli egzersiz yapmal\u0131d\u0131r.<\/p>\t\t\t\t\t\t<\/div>\n\t\t\t\t<\/div>\n\t\t\t\t\t<\/div>\n\t\t<\/div>\n\t\t\t\t\t\t\t<\/div>\n\t\t<\/section>\n\t\t\t\t\t\t<\/div>\n\t\t\t\t\t<\/div>\n\t\t","protected":false},"excerpt":{"rendered":"<p>Kol Germe \u00dcst kolun sarkan arka k\u0131sm\u0131 ve i\u00e7 taraflar\u0131 \u00e7o\u011funlukla fazla ya\u011f birikimleri ve sarkan cilt ile ortaya \u00e7\u0131kar.<\/p>\n","protected":false},"author":1,"featured_media":0,"parent":0,"menu_order":0,"comment_status":"closed","ping_status":"closed","template":"","meta":{"_monsterinsights_skip_tracking":false,"_monsterinsights_sitenote_active":false,"_monsterinsights_sitenote_note":"","_monsterinsights_sitenote_category":0,"footnotes":""},"class_list":["post-11868","page","type-page","status-publish","hentry"],"_links":{"self":[{"href":"https:\/\/mahmutnurikaratoprak.com\/tr\/wp-json\/wp\/v2\/pages\/11868","targetHints":{"allow":["GET"]}}],"collection":[{"href":"https:\/\/mahmutnurikaratoprak.com\/tr\/wp-json\/wp\/v2\/pages"}],"about":[{"href":"https:\/\/mahmutnurikaratoprak.com\/tr\/wp-json\/wp\/v2\/types\/page"}],"author":[{"embeddable":true,"href":"https:\/\/mahmutnurikaratoprak.com\/tr\/wp-json\/wp\/v2\/users\/1"}],"replies":[{"embeddable":true,"href":"https:\/\/mahmutnurikaratoprak.com\/tr\/wp-json\/wp\/v2\/comments?post=11868"}],"version-history":[{"count":14,"href":"https:\/\/mahmutnurikaratoprak.com\/tr\/wp-json\/wp\/v2\/pages\/11868\/revisions"}],"predecessor-version":[{"id":12429,"href":"https:\/\/mahmutnurikaratoprak.com\/tr\/wp-json\/wp\/v2\/pages\/11868\/revisions\/12429"}],"wp:attachment":[{"href":"https:\/\/mahmutnurikaratoprak.com\/tr\/wp-json\/wp\/v2\/media?parent=11868"}],"curies":[{"name":"wp","href":"https:\/\/api.w.org\/{rel}","templated":true}]}}