{"id":11869,"date":"2021-06-02T12:00:40","date_gmt":"2021-06-02T09:00:40","guid":{"rendered":"https:\/\/mahmutnurikaratoprak.com\/tr\/?page_id=11869"},"modified":"2021-07-30T14:43:40","modified_gmt":"2021-07-30T11:43:40","slug":"uyluk-germe","status":"publish","type":"page","link":"https:\/\/mahmutnurikaratoprak.com\/tr\/uyluk-germe","title":{"rendered":"Uyluk Germe"},"content":{"rendered":"\t\t<div data-elementor-type=\"wp-page\" data-elementor-id=\"11869\" class=\"elementor elementor-11869\" data-elementor-settings=\"[]\">\n\t\t\t\t\t\t\t<div class=\"elementor-section-wrap\">\n\t\t\t\t\t\t\t<section class=\"elementor-section elementor-top-section elementor-element elementor-element-e9a5845 elementor-section-content-middle elementor-section-stretched elementor-section-boxed elementor-section-height-default elementor-section-height-default wd-section-disabled\" data-id=\"e9a5845\" data-element_type=\"section\" data-settings=\"{&quot;stretch_section&quot;:&quot;section-stretched&quot;,&quot;background_background&quot;:&quot;classic&quot;}\">\n\t\t\t\t\t\t<div class=\"elementor-container elementor-column-gap-extended\">\n\t\t\t\t\t<div class=\"elementor-column elementor-col-100 elementor-top-column elementor-element elementor-element-ece56e4 color-scheme-dark\" data-id=\"ece56e4\" data-element_type=\"column\">\n\t\t\t<div class=\"elementor-widget-wrap elementor-element-populated\">\n\t\t\t\t\t\t\t\t<div class=\"elementor-element elementor-element-99c18ce elementor-widget elementor-widget-wd_title\" data-id=\"99c18ce\" data-element_type=\"widget\" data-widget_type=\"wd_title.default\">\n\t\t\t\t<div class=\"elementor-widget-container\">\n\t\t\t\t\t<div class=\"title-wrapper woodmart-title-color-default woodmart-title-style-default woodmart-title-size-large text-left\">\n\n\t\t\t\n\t\t\t<div class=\"liner-continer\">\n\t\t\t\t<span class=\"left-line\"><\/span>\n\n\t\t\t\t<h4 class=\"woodmart-title-container title wd-underline-colored\">\n\t\t\t\t\tUyluk Germe\t\t\t\t<\/h4>\n\n\t\t\t\t\n\t\t\t\t<span class=\"right-line\"><\/span>\n\t\t\t<\/div>\n\n\t\t\t\t\t<\/div>\n\t\t\t\t<\/div>\n\t\t\t\t<\/div>\n\t\t\t\t<div class=\"elementor-element elementor-element-0de72b9 elementor-widget elementor-widget-spacer\" data-id=\"0de72b9\" data-element_type=\"widget\" data-widget_type=\"spacer.default\">\n\t\t\t\t<div class=\"elementor-widget-container\">\n\t\t\t\t\t<div class=\"elementor-spacer\">\n\t\t\t<div class=\"elementor-spacer-inner\"><\/div>\n\t\t<\/div>\n\t\t\t\t<\/div>\n\t\t\t\t<\/div>\n\t\t\t\t<div class=\"elementor-element elementor-element-d2373de color-scheme-inherit text-left elementor-widget elementor-widget-text-editor\" data-id=\"d2373de\" data-element_type=\"widget\" data-widget_type=\"text-editor.default\">\n\t\t\t\t<div class=\"elementor-widget-container\">\n\t\t\t\t\t\t\t\t<h2><strong> Uyluk Germe Nedir?<\/strong><\/h2><p>Bu operasyon, a\u015f\u0131r\u0131 kilo al\u0131m\u0131 veya ilerleyen ya\u015f\u0131n etkisiyle v\u00fccudun uyluk b\u00f6lgesindeki cildin uzun s\u00fcreli sarkmas\u0131 sorununu ortadan kald\u0131rmak i\u00e7in ger\u00e7ekle\u015ftirilir.<\/p><h2><strong>Neden Yap\u0131l\u0131yor?<\/strong><\/h2><p>Bu operasyon, v\u00fccudun uyluk b\u00f6lgesinde fazla kilo al\u0131m\u0131 ve kayb\u0131 veya ya\u015flanmadan kaynaklanan ciltte gev\u015feme ve sarkma sorununu gidermek i\u00e7in ger\u00e7ekle\u015ftirilir.<\/p><h2><strong> Uyluk Sarkmas\u0131 Nedir? Neden Olu\u015fur?<\/strong><\/h2><p>Cilt ya\u015flanma ile elastikiyetini kaybetti\u011fi gibi a\u015f\u0131r\u0131 kilo al\u0131m\u0131 ve kayb\u0131 ile s\u0131k\u0131l\u0131\u011f\u0131n\u0131 ve deri alt\u0131 ya\u011f dokusu incelir, bu da bacak derisinin \u00f6zellikle i\u00e7 uylukta a\u015fa\u011f\u0131 do\u011fru sarkmas\u0131na neden olur. Cilt k\u0131vr\u0131mlar\u0131n\u0131 d\u00fc\u015f\u00fcrmek genellikle uylu\u011fun ortas\u0131na ve bazen de dizine do\u011fru birikir.<\/p><h2><strong> Uyluk Germe Nas\u0131l Yap\u0131l\u0131r?<\/strong><\/h2><p>Uyluk germe ameliyat\u0131, bacaklar\u0131n \u00fcst ve i\u00e7 taraflar\u0131ndaki fazla cilt k\u0131vr\u0131mlar\u0131n\u0131 ve besiyi giderir. K\u00fc\u00e7\u00fck fazla cilt k\u0131vr\u0131mlar\u0131 olan ince hastalarda, fazla deri \u00e7\u0131kar\u0131l\u0131r ve cilt gerilir ve dikilir, kas\u0131k i\u00e7 taraflar\u0131nda d\u00fcz bir iz b\u0131rak\u0131r. Cilt k\u0131vr\u0131mlar\u0131 ve besisi fazla olan hastalarda liposuction y\u00f6ntemi ile birlikte uygulan\u0131r.<\/p><h3><strong> Uyluk Germe Operasyonu Ne Kadar S\u00fcrer?<\/strong><\/h3><p>Hastan\u0131n v\u00fccut durumuna g\u00f6re de\u011fi\u015fir. Uyluk germe ameliyat\u0131 genellikle yakla\u015f\u0131k 2-3 saat s\u00fcrer.<\/p><h3><strong> Uyluk Kald\u0131rma A\u011fr\u0131l\u0131 Bir \u0130\u015flem Midir?<\/strong><\/h3><p>Uyluk germe ameliyat\u0131 \u015fiddetli a\u011fr\u0131larla sonu\u00e7 vermez. \u0130lk birka\u00e7 g\u00fcn i\u00e7inde herhangi bir a\u011fr\u0131 ve a\u011fr\u0131 basit a\u011fr\u0131 kesiciler ile \u00e7\u00f6z\u00fclebilir.<\/p><h3><strong>Estetiyati T\u00fcr\u00fc<\/strong><\/h3><p>Uyluk germe ameliyat\u0131 genel anestezi alt\u0131nda yap\u0131l\u0131r.<\/p>\t\t\t\t\t\t<\/div>\n\t\t\t\t<\/div>\n\t\t\t\t\t<\/div>\n\t\t<\/div>\n\t\t\t\t\t\t\t<\/div>\n\t\t<\/section>\n\t\t\t\t<section class=\"elementor-section elementor-top-section elementor-element elementor-element-98a31cc elementor-section-stretched elementor-section-boxed elementor-section-height-default elementor-section-height-default wd-section-disabled\" data-id=\"98a31cc\" data-element_type=\"section\" data-settings=\"{&quot;stretch_section&quot;:&quot;section-stretched&quot;,&quot;background_background&quot;:&quot;classic&quot;}\">\n\t\t\t\t\t\t<div class=\"elementor-container elementor-column-gap-default\">\n\t\t\t\t\t<div class=\"elementor-column elementor-col-50 elementor-top-column elementor-element elementor-element-a5ecceb color-scheme-dark\" data-id=\"a5ecceb\" data-element_type=\"column\">\n\t\t\t<div class=\"elementor-widget-wrap elementor-element-populated\">\n\t\t\t\t\t\t\t\t<div class=\"elementor-element elementor-element-a5a0bb3 color-scheme-inherit text-left elementor-widget elementor-widget-text-editor\" data-id=\"a5a0bb3\" data-element_type=\"widget\" data-widget_type=\"text-editor.default\">\n\t\t\t\t<div class=\"elementor-widget-container\">\n\t\t\t\t\t\t\t\t<h2><strong>Bu uyluk germe ameliyat\u0131<\/strong><\/h2><h3><strong> Uyluk germe ameliyat\u0131 kimler yapt\u0131rabilir?<\/strong><\/h3><p>Bacak derisinde orta ila \u015fiddetli gev\u015feklik, gev\u015feklik ve fazla deri olan herkes uyluk germe ameliyat\u0131 olabilir.<\/p><p>Obezite tedavisi g\u00f6ren hasta grubunda artan kilo kayb\u0131 ve ya\u011f dokusunun azalmas\u0131 ile uyluk \u00e7ap\u0131 azal\u0131r ve bu nedenle gev\u015feyen cilt yeterince iyile\u015femez ve sark\u0131r.<\/p><h3><strong>Doktor Se\u00e7imi<\/strong><\/h3><p>Uyluk germe operasyonlar\u0131 estetik ve plastik cerrahlar taraf\u0131ndan ger\u00e7ekle\u015ftirilir.<\/p><h3><strong> Ameliyattan \u00f6nce dikkate al\u0131nmas\u0131 gereken her \u015fey<\/strong><\/h3><p>Bu ameliyat i\u00e7in \u00f6zel bir haz\u0131rl\u0131k yoktur. Her operasyonda oldu\u011fu gibi ameliyattan en az 1 hafta \u00f6nce sigara ve alkol kullan\u0131m\u0131n\u0131 b\u0131rak\u0131n ve kan sulay\u0131c\u0131 almay\u0131 b\u0131rak\u0131n.<\/p><p>So\u011fuk alg\u0131nl\u0131\u011f\u0131 veya ba\u015fka bir enfeksiyon geli\u015ftirirseniz, operasyonu ertelemek gerekebilir.<\/p><h2><strong> Uyluk kald\u0131rmadan sonra<\/strong><\/h2><h3>\u00a0<\/h3><p>Ameliyattan 1 hafta sonra y\u00fcr\u00fcy\u00fc\u015fe ba\u015flayabilir ancak 4 hafta boyunca yorucu spor ve fiziksel aktivitelerden ka\u00e7\u0131nabilirsiniz.<\/p><p>H\u0131zl\u0131 bir iyile\u015fme i\u00e7in sigara i\u00e7mekten ka\u00e7\u0131nman\u0131z \u00f6nerilir.<\/p>\t\t\t\t\t\t<\/div>\n\t\t\t\t<\/div>\n\t\t\t\t\t<\/div>\n\t\t<\/div>\n\t\t\t\t<div class=\"elementor-column elementor-col-50 elementor-top-column elementor-element elementor-element-d8af63b\" data-id=\"d8af63b\" data-element_type=\"column\">\n\t\t\t<div class=\"elementor-widget-wrap elementor-element-populated\">\n\t\t\t\t\t\t\t\t<div class=\"elementor-element elementor-element-9b3fe7c elementor-widget elementor-widget-image\" data-id=\"9b3fe7c\" data-element_type=\"widget\" data-widget_type=\"image.default\">\n\t\t\t\t<div class=\"elementor-widget-container\">\n\t\t\t\t\t\t\t\t\t\t\t\t\t\t\t<img loading=\"lazy\" decoding=\"async\" width=\"795\" height=\"875\" src=\"https:\/\/mahmutnurikaratoprak.com\/tr\/wp-content\/uploads\/2021\/06\/ll5.png\" class=\"attachment-full size-full\" alt=\"\" srcset=\"https:\/\/mahmutnurikaratoprak.com\/tr\/wp-content\/uploads\/2021\/06\/ll5.png 795w, https:\/\/mahmutnurikaratoprak.com\/tr\/wp-content\/uploads\/2021\/06\/ll5-273x300.png 273w, https:\/\/mahmutnurikaratoprak.com\/tr\/wp-content\/uploads\/2021\/06\/ll5-768x845.png 768w\" sizes=\"auto, (max-width: 795px) 100vw, 795px\" \/>\t\t\t\t\t\t\t\t\t\t\t\t\t\t\t<\/div>\n\t\t\t\t<\/div>\n\t\t\t\t\t<\/div>\n\t\t<\/div>\n\t\t\t\t\t\t\t<\/div>\n\t\t<\/section>\n\t\t\t\t<section class=\"elementor-section elementor-top-section elementor-element elementor-element-7978624 elementor-section-content-middle elementor-section-stretched elementor-section-boxed elementor-section-height-default elementor-section-height-default wd-section-disabled\" data-id=\"7978624\" data-element_type=\"section\" data-settings=\"{&quot;stretch_section&quot;:&quot;section-stretched&quot;,&quot;background_background&quot;:&quot;classic&quot;}\">\n\t\t\t\t\t\t<div class=\"elementor-container elementor-column-gap-extended\">\n\t\t\t\t\t<div class=\"elementor-column elementor-col-100 elementor-top-column elementor-element elementor-element-786180 color-scheme-dark\" data-id=\"786180\" data-element_type=\"column\">\n\t\t\t<div class=\"elementor-widget-wrap elementor-element-populated\">\n\t\t\t\t\t\t\t\t<div class=\"elementor-element elementor-element-0de5e50 elementor-widget elementor-widget-wd_title\" data-id=\"0de5e50\" data-element_type=\"widget\" data-widget_type=\"wd_title.default\">\n\t\t\t\t<div class=\"elementor-widget-container\">\n\t\t\t\t\t<div class=\"title-wrapper woodmart-title-color-default woodmart-title-style-default woodmart-title-size-large text-center\">\n\n\t\t\t\n\t\t\t<div class=\"liner-continer\">\n\t\t\t\t<span class=\"left-line\"><\/span>\n\n\t\t\t\t<h4 class=\"woodmart-title-container title wd-underline-colored\">\n\t\t\t\t\tRandevu Talep Et\t\t\t\t<\/h4>\n\n\t\t\t\t\n\t\t\t\t<span class=\"right-line\"><\/span>\n\t\t\t<\/div>\n\n\t\t\t\t\t<\/div>\n\t\t\t\t<\/div>\n\t\t\t\t<\/div>\n\t\t\t\t<div class=\"elementor-element elementor-element-7f83964 color-scheme-inherit text-left elementor-widget elementor-widget-text-editor\" data-id=\"7f83964\" data-element_type=\"widget\" data-widget_type=\"text-editor.default\">\n\t\t\t\t<div class=\"elementor-widget-container\">\n\t\t\t\t\t\t\t\t<p>Bilgilerinizi bize g\u00f6nderin. Sizi aray\u0131p randevunuzu ayarlayal\u0131m!<\/p>\t\t\t\t\t\t<\/div>\n\t\t\t\t<\/div>\n\t\t\t\t<section class=\"elementor-section elementor-inner-section elementor-element elementor-element-3b4ad17 elementor-section-boxed elementor-section-height-default elementor-section-height-default wd-section-disabled\" data-id=\"3b4ad17\" data-element_type=\"section\">\n\t\t\t\t\t\t<div class=\"elementor-container elementor-column-gap-default\">\n\t\t\t\t\t<div class=\"elementor-column elementor-col-33 elementor-inner-column elementor-element elementor-element-1297f45\" data-id=\"1297f45\" data-element_type=\"column\">\n\t\t\t<div class=\"elementor-widget-wrap\">\n\t\t\t\t\t\t\t\t\t<\/div>\n\t\t<\/div>\n\t\t\t\t<div class=\"elementor-column elementor-col-33 elementor-inner-column elementor-element elementor-element-ceaf1cb\" data-id=\"ceaf1cb\" data-element_type=\"column\">\n\t\t\t<div class=\"elementor-widget-wrap elementor-element-populated\">\n\t\t\t\t\t\t\t\t<div class=\"elementor-element elementor-element-bc5cfc8 color-scheme-inherit text-left elementor-widget elementor-widget-text-editor\" data-id=\"bc5cfc8\" data-element_type=\"widget\" data-widget_type=\"text-editor.default\">\n\t\t\t\t<div class=\"elementor-widget-container\">\n\t\t\t\t\t\t\t\t<div role=\"form\" class=\"wpcf7\" id=\"wpcf7-f9402-o1\" lang=\"en-US\" dir=\"ltr\">\n<div class=\"screen-reader-response\"><p role=\"status\" aria-live=\"polite\" aria-atomic=\"true\"><\/p> <ul><\/ul><\/div>\n<form action=\"\/tr\/wp-json\/wp\/v2\/pages\/11869#wpcf7-f9402-o1\" method=\"post\" class=\"wpcf7-form init\" novalidate=\"novalidate\" data-status=\"init\">\n<div style=\"display: none;\">\n<input type=\"hidden\" name=\"_wpcf7\" value=\"9402\" \/>\n<input type=\"hidden\" name=\"_wpcf7_version\" value=\"5.4.1\" \/>\n<input type=\"hidden\" name=\"_wpcf7_locale\" value=\"en_US\" \/>\n<input type=\"hidden\" name=\"_wpcf7_unit_tag\" value=\"wpcf7-f9402-o1\" \/>\n<input type=\"hidden\" name=\"_wpcf7_container_post\" value=\"0\" \/>\n<input type=\"hidden\" name=\"_wpcf7_posted_data_hash\" value=\"\" \/>\n<\/div>\n<div class=\"row\">\n<div class=\"col-lg\">\n<p><span class=\"wpcf7-form-control-wrap adi\"><input type=\"text\" name=\"adi\" value=\"\" size=\"40\" class=\"wpcf7-form-control wpcf7-text wpcf7-validates-as-required\" aria-required=\"true\" aria-invalid=\"false\" placeholder=\"Ad\" \/><\/span><\/p>\n<\/div>\n<div class=\"col-lg\">\n<p><span class=\"wpcf7-form-control-wrap telefon\"><input type=\"text\" name=\"telefon\" value=\"\" size=\"40\" class=\"wpcf7-form-control wpcf7-text wpcf7-validates-as-required\" aria-required=\"true\" aria-invalid=\"false\" placeholder=\"Telefon Numaran\u0131z\" \/><\/span><\/p>\n<\/div>\n<div class=\"col-lg\">\n<p><span class=\"wpcf7-form-control-wrap mail\"><input type=\"text\" name=\"mail\" value=\"\" size=\"40\" class=\"wpcf7-form-control wpcf7-text\" aria-invalid=\"false\" placeholder=\"E-Mail\" \/><\/span><\/p>\n<\/div>\n<div class=\"col-lg-auto\">\n<p><input type=\"submit\" value=\"Form G\u00f6nder\" class=\"wpcf7-form-control wpcf7-submit btn btn-color-primary\" \/><\/p>\n<\/div>\n<\/div>\n<div class=\"wpcf7-response-output\" aria-hidden=\"true\"><\/div><\/form><\/div>\t\t\t\t\t\t<\/div>\n\t\t\t\t<\/div>\n\t\t\t\t\t<\/div>\n\t\t<\/div>\n\t\t\t\t<div class=\"elementor-column elementor-col-33 elementor-inner-column elementor-element elementor-element-c44b51d\" data-id=\"c44b51d\" data-element_type=\"column\">\n\t\t\t<div class=\"elementor-widget-wrap\">\n\t\t\t\t\t\t\t\t\t<\/div>\n\t\t<\/div>\n\t\t\t\t\t\t\t<\/div>\n\t\t<\/section>\n\t\t\t\t\t<\/div>\n\t\t<\/div>\n\t\t\t\t\t\t\t<\/div>\n\t\t<\/section>\n\t\t\t\t<section class=\"elementor-section elementor-top-section elementor-element elementor-element-ca259a3 elementor-section-content-middle elementor-section-stretched elementor-section-boxed elementor-section-height-default elementor-section-height-default wd-section-disabled\" data-id=\"ca259a3\" data-element_type=\"section\" data-settings=\"{&quot;stretch_section&quot;:&quot;section-stretched&quot;,&quot;background_background&quot;:&quot;classic&quot;}\">\n\t\t\t\t\t\t<div class=\"elementor-container elementor-column-gap-extended\">\n\t\t\t\t\t<div class=\"elementor-column elementor-col-100 elementor-top-column elementor-element elementor-element-535ec85 color-scheme-dark\" data-id=\"535ec85\" data-element_type=\"column\">\n\t\t\t<div class=\"elementor-widget-wrap elementor-element-populated\">\n\t\t\t\t\t\t\t\t<div class=\"elementor-element elementor-element-8bd828f color-scheme-inherit text-left elementor-widget elementor-widget-text-editor\" data-id=\"8bd828f\" data-element_type=\"widget\" data-widget_type=\"text-editor.default\">\n\t\t\t\t<div class=\"elementor-widget-container\">\n\t\t\t\t\t\t\t\t<h3><strong>Yenilendirme \u0130\u015flemi<\/strong><\/h3><p>&#8211; Ameliyattan sonra \u015fiddetli a\u011fr\u0131lar\u0131n\u0131z olmaz. A\u011fr\u0131 kesicilerle kontrol edilebilen hafif a\u011fr\u0131lar\u0131n\u0131z olabilir.<\/p><p>&#8211; Ayn\u0131 g\u00fcn aya\u011fa kalkabilirsiniz ve sadece hastanede gecelemeniz gerekir.<\/p><p>&#8211; Ameliyattan sonra 2 veya 3. g\u00fcnde banyo yapabilirsiniz.<\/p><p>&#8211; Uyluk germe ameliyat\u0131 olduktan sonra bacaklar\u0131n\u0131z\u0131n i\u00e7 y\u00fczeyinde hafif morarma ve \u015fi\u015flikler olabilir ve bu da yakla\u015f\u0131k birka\u00e7 hafta sonra tamamen d\u00fczelir.<\/p><p>&#8211; Ameliyattan yakla\u015f\u0131k bir hafta sonra \u00e7al\u0131\u015fmaya devam edebilirsiniz.<\/p><h2><strong> Uyluk Germe Operasyonu<\/strong><\/h2><p>Uyluk germe operasyonunun fiyat politikas\u0131, ameliyat edilecek b\u00f6lgenin durumuna ve operasyon planlamas\u0131 s\u0131ras\u0131nda se\u00e7ilen y\u00f6ntemlere g\u00f6re de\u011fi\u015fmektedir.<\/p><h2><strong> Uyluk germe operasyonu riskleri nelerdir?<\/strong><\/h2><p>T\u00fcm cerrahi operasyonlardan sonra, kanama ve ge\u00e7 iyile\u015fme de dahil olmak \u00fczere riskler olabilir, ancak \u00e7ok nadirdir. \u0130lerleyen t\u0131bbi teknikler sayesinde uyluk germe ameliyat\u0131n\u0131n potansiyel riskleri en aza indirilmi\u015ftir.<\/p><h2><strong>\u00d6zer s\u0131k sorulanlar uyluk germe hakk\u0131nda<\/strong><\/h2><h3><strong>Soshaping i\u00e7 uyluk b\u00f6lgesini yeniden \u015fekillendirmek i\u00e7in yeterli de\u011fil mi?<\/strong><\/h3><p>Liposhaping ya\u011f alma ve ya\u011f uygulama ile yeniden \u015fekillendirme anlam\u0131na gelir. Elastikiyetini kaybetmi\u015f ve etiketlenmi\u015f cildi iyile\u015ftirmek kendi ba\u015f\u0131na yeterli olmayacakt\u0131r.<\/p>\t\t\t\t\t\t<\/div>\n\t\t\t\t<\/div>\n\t\t\t\t\t<\/div>\n\t\t<\/div>\n\t\t\t\t\t\t\t<\/div>\n\t\t<\/section>\n\t\t\t\t<section class=\"elementor-section elementor-top-section elementor-element elementor-element-1ee516b elementor-section-content-middle elementor-section-stretched elementor-section-boxed elementor-section-height-default elementor-section-height-default wd-section-disabled\" data-id=\"1ee516b\" data-element_type=\"section\" data-settings=\"{&quot;stretch_section&quot;:&quot;section-stretched&quot;,&quot;background_background&quot;:&quot;classic&quot;}\">\n\t\t\t\t\t\t<div class=\"elementor-container elementor-column-gap-extended\">\n\t\t\t\t\t<div class=\"elementor-column elementor-col-100 elementor-top-column elementor-element elementor-element-c894971 color-scheme-dark\" data-id=\"c894971\" data-element_type=\"column\">\n\t\t\t<div class=\"elementor-widget-wrap elementor-element-populated\">\n\t\t\t\t\t\t\t\t<div class=\"elementor-element elementor-element-826c68a color-scheme-inherit text-left elementor-widget elementor-widget-text-editor\" data-id=\"826c68a\" data-element_type=\"widget\" data-widget_type=\"text-editor.default\">\n\t\t\t\t<div class=\"elementor-widget-container\">\n\t\t\t\t\t\t\t\t<h3><strong>Bu ameliyatla liposuction yap\u0131labilir mi?<\/strong><\/h3>\nUyluk b\u00f6lgesinde y\u00fcksek miktarda ya\u011f bulunan hastalarda operasyon iki ayr\u0131 seans \u015feklinde planlanabilir. \u0130lk olarak liposuction ile fazla ya\u011f al\u0131n\u0131r, daha sonra sarkan cilt uyluk germe ameliyat\u0131 ile yeniden \u015fekillendirilir, bu nedenle operasyon tamamlan\u0131r.\n<h3><strong> Uyluk germe ameliyat\u0131ndan sonra iz kalacak m\u0131?<\/strong><\/h3>\nDiki\u015f izleri kas\u0131k gibi v\u00fccut k\u0131vr\u0131mlar\u0131nda gizleniyor, b\u00f6ylece i\u00e7 \u00e7ama\u015f\u0131r\u0131n\u0131n alt\u0131nda kal\u0131yorlar. Bu izler zamanla kaybolur ve sert bir \u015fekilde fark edilir hale gelir.\n<h3><strong>\u0130kit ve krem kullanarak uyluk sarkmas\u0131n\u0131 \u00f6nlemek m\u00fcmk\u00fcn de\u011fil mi?<\/strong><\/h3>\n\u00d6zel kremler veya ila\u00e7larla belirli miktarda s\u0131k\u0131la\u015fma elde edilebilir, ancak sarkmalar\u0131 tamamen \u00e7\u00f6zemezler.\n<h3><strong> Uyluk germe operasyonu kal\u0131c\u0131 sonu\u00e7lar verir mi?<\/strong><\/h3>\nUyluk germe ameliyat\u0131n\u0131n sonu\u00e7lar\u0131 a\u015fa\u011f\u0131daki durumlar d\u0131\u015f\u0131nda kal\u0131c\u0131d\u0131r:\n\nKilo vermeye devam ederseniz ciltte sarkan cepler olu\u015fmaya devam edecektir.\n\nH\u0131zl\u0131 bir \u015fekilde kilo al\u0131p verme olas\u0131l\u0131\u011f\u0131n\u0131z varsa, zaten inceltilmi\u015f olan cilt daha fazla esnemeye maruz kalacak ve buna ba\u011fl\u0131 olarak cilt \u00e7atlak izleri ve b\u00fcy\u00fck yara izleri g\u00f6r\u00fcn\u00fcr hale gelecektir.\n<h3><strong>Bu operasyonun ya\u015f s\u0131n\u0131r\u0131 var m\u0131?<\/strong><\/h3>\nKilo kayb\u0131 stabil hale gelen ve v\u00fccut \u015fekillendirme operasyonundan ger\u00e7ek\u00e7i beklentileri olan herhangi bir riskli t\u0131bbi durumu olmayan yeti\u015fkinler bu operasyonu yapt\u0131rabilir.\n<h3><strong>Emnemden sonra spor yapabilir miyim?<\/strong><\/h3>\nAmeliyattan yakla\u015f\u0131k bir ay sonra spor yapmaya ba\u015flayabilirsiniz.\n<h3><strong>Karakt sonras\u0131 bacak tekrar sark\u0131yor mu?<\/strong><\/h3>\nA\u015f\u0131r\u0131 kilo al\u0131p verirseniz ve sa\u011fl\u0131kl\u0131 bir ya\u015fam tarz\u0131 benimsemezseniz, bacak derisinde tekrar sarkma olmas\u0131 muhtemeldir.\n<h3><strong>Meklemden sonra ne zaman \u00e7al\u0131\u015fmaya devam edebilirim?<\/strong><\/h3>\nAmeliyattan bir hafta sonra \u00e7al\u0131\u015fmaya devam edebilirsiniz.\n<h3><strong>Emetemeden uyluk gerdirme ameliyat\u0131 olabilir misiniz?<\/strong><\/h3>\nAmeliyat olmadan kal\u0131c\u0131 uyluk germe ameliyat\u0131 olmak m\u00fcmk\u00fcn de\u011fildir.\n\nPiyasada bunu yapabileceklerini iddia eden bir\u00e7ok cihaz veya \u00fcr\u00fcn var. Bununla birlikte, bunlardan birka\u00e7\u0131 sadece \u00e7ok hafif gev\u015fekli\u011fi olan ve a\u015f\u0131r\u0131 kilo alma ve kaybetme \u00f6yk\u00fcs\u00fc olmayan bireylerde kullan\u0131labilir.\t\t\t\t\t\t<\/div>\n\t\t\t\t<\/div>\n\t\t\t\t\t<\/div>\n\t\t<\/div>\n\t\t\t\t\t\t\t<\/div>\n\t\t<\/section>\n\t\t\t\t\t\t<\/div>\n\t\t\t\t\t<\/div>\n\t\t","protected":false},"excerpt":{"rendered":"<p>Uyluk Germe Uyluk Germe Nedir? Bu operasyon, a\u015f\u0131r\u0131 kilo al\u0131m\u0131 veya ilerleyen ya\u015f\u0131n etkisiyle v\u00fccudun uyluk b\u00f6lgesindeki cildin uzun s\u00fcreli<\/p>\n","protected":false},"author":1,"featured_media":0,"parent":0,"menu_order":0,"comment_status":"closed","ping_status":"closed","template":"","meta":{"_monsterinsights_skip_tracking":false,"_monsterinsights_sitenote_active":false,"_monsterinsights_sitenote_note":"","_monsterinsights_sitenote_category":0,"footnotes":""},"class_list":["post-11869","page","type-page","status-publish","hentry"],"_links":{"self":[{"href":"https:\/\/mahmutnurikaratoprak.com\/tr\/wp-json\/wp\/v2\/pages\/11869","targetHints":{"allow":["GET"]}}],"collection":[{"href":"https:\/\/mahmutnurikaratoprak.com\/tr\/wp-json\/wp\/v2\/pages"}],"about":[{"href":"https:\/\/mahmutnurikaratoprak.com\/tr\/wp-json\/wp\/v2\/types\/page"}],"author":[{"embeddable":true,"href":"https:\/\/mahmutnurikaratoprak.com\/tr\/wp-json\/wp\/v2\/users\/1"}],"replies":[{"embeddable":true,"href":"https:\/\/mahmutnurikaratoprak.com\/tr\/wp-json\/wp\/v2\/comments?post=11869"}],"version-history":[{"count":18,"href":"https:\/\/mahmutnurikaratoprak.com\/tr\/wp-json\/wp\/v2\/pages\/11869\/revisions"}],"predecessor-version":[{"id":12597,"href":"https:\/\/mahmutnurikaratoprak.com\/tr\/wp-json\/wp\/v2\/pages\/11869\/revisions\/12597"}],"wp:attachment":[{"href":"https:\/\/mahmutnurikaratoprak.com\/tr\/wp-json\/wp\/v2\/media?parent=11869"}],"curies":[{"name":"wp","href":"https:\/\/api.w.org\/{rel}","templated":true}]}}