{"id":850,"date":"2017-07-13T07:19:33","date_gmt":"2017-07-13T07:19:33","guid":{"rendered":"http:\/\/dummy.xtemos.com\/woodmart-elementor\/demos\/?page_id=850"},"modified":"2021-08-23T14:32:12","modified_gmt":"2021-08-23T11:32:12","slug":"dr-mahmut-nuri-karatoprak","status":"publish","type":"page","link":"https:\/\/mahmutnurikaratoprak.com\/tr\/dr-mahmut-nuri-karatoprak","title":{"rendered":"Dr. Mahmut Nuri Karatoprak"},"content":{"rendered":"\t\t<div data-elementor-type=\"wp-page\" data-elementor-id=\"850\" class=\"elementor elementor-850\" data-elementor-settings=\"[]\">\n\t\t\t\t\t\t\t<div class=\"elementor-section-wrap\">\n\t\t\t\t\t\t\t<section class=\"elementor-section elementor-top-section elementor-element elementor-element-02cf08b elementor-section-content-middle elementor-section-boxed elementor-section-height-default elementor-section-height-default wd-section-disabled\" data-id=\"02cf08b\" data-element_type=\"section\" data-settings=\"{&quot;background_background&quot;:&quot;classic&quot;}\">\n\t\t\t\t\t\t<div class=\"elementor-container elementor-column-gap-default\">\n\t\t\t\t\t<div class=\"elementor-column elementor-col-50 elementor-top-column elementor-element elementor-element-4aad5fc\" data-id=\"4aad5fc\" data-element_type=\"column\">\n\t\t\t<div class=\"elementor-widget-wrap elementor-element-populated\">\n\t\t\t\t\t\t\t\t<div class=\"elementor-element elementor-element-07281e9 color-scheme-inherit text-left elementor-widget elementor-widget-text-editor\" data-id=\"07281e9\" data-element_type=\"widget\" data-widget_type=\"text-editor.default\">\n\t\t\t\t<div class=\"elementor-widget-container\">\n\t\t\t\t\t\t\t\t<img loading=\"lazy\" decoding=\"async\" class=\"alignnone size-full wp-image-10857\" src=\"https:\/\/mahmutnurikaratoprak.com\/wp-content\/uploads\/2021\/06\/about-me-1.jpg\" alt=\"\" width=\"951\" height=\"797\" \/>\t\t\t\t\t\t<\/div>\n\t\t\t\t<\/div>\n\t\t\t\t\t<\/div>\n\t\t<\/div>\n\t\t\t\t<div class=\"elementor-column elementor-col-50 elementor-top-column elementor-element elementor-element-eafbe34 wd-elementor-sticky-column wd_sticky_offset_150\" data-id=\"eafbe34\" data-element_type=\"column\">\n\t\t\t<div class=\"elementor-widget-wrap elementor-element-populated\">\n\t\t\t\t\t\t\t\t<div class=\"elementor-element elementor-element-b0ae9eb elementor-widget elementor-widget-wd_title\" data-id=\"b0ae9eb\" data-element_type=\"widget\" data-widget_type=\"wd_title.default\">\n\t\t\t\t<div class=\"elementor-widget-container\">\n\t\t\t\t\t<div class=\"title-wrapper woodmart-title-color-default woodmart-title-style-default woodmart-title-size-extra-large text-left\">\n\n\t\t\t\n\t\t\t<div class=\"liner-continer\">\n\t\t\t\t<span class=\"left-line\"><\/span>\n\n\t\t\t\t<h4 class=\"woodmart-title-container title\">\n\t\t\t\t\tHakk\u0131mda\t\t\t\t<\/h4>\n\n\t\t\t\t\n\t\t\t\t<span class=\"right-line\"><\/span>\n\t\t\t<\/div>\n\n\t\t\t\t\t<\/div>\n\t\t\t\t<\/div>\n\t\t\t\t<\/div>\n\t\t\t\t<div class=\"elementor-element elementor-element-2f27eee color-scheme-dark text-left elementor-widget elementor-widget-text-editor\" data-id=\"2f27eee\" data-element_type=\"widget\" data-widget_type=\"text-editor.default\">\n\t\t\t\t<div class=\"elementor-widget-container\">\n\t\t\t\t\t\t\t\t<p>1978 y\u0131l\u0131nda T\u00fcrkiye&#8217;de do\u011fdu. 2003 y\u0131l\u0131nda \u00c7ukurova \u00dcniversitesi T\u0131p Fak\u00fcltesinden mezun oldu. 2005-2011 y\u0131llar\u0131 aras\u0131nda Gaziantep \u00dcniversitesi T\u0131p Fak\u00fcltesi&#8217;nden Operat\u00f6r Doktora derecesi ald\u0131.2003 y\u0131l\u0131ndan bu yana \u00fclkenin \u00e7e\u015fitli illerinde doktor olarak g\u00f6rev yapt\u0131.<\/p><p>2003-2005 y\u0131llar\u0131 aras\u0131nda <strong>80. Y\u0131l Pozant\u0131 Devlet Hastanesinde hekim olarak \u00e7al\u0131\u015ft\u0131.<\/strong><\/p><p>2011-2013 y\u0131llar\u0131 aras\u0131nda <strong>Bilecik Devlet Hastanesinde plastik, rekonstr\u00fcktif ve estetik cerrahi uzman\u0131 olarak g\u00f6rev yapt\u0131.<\/strong><\/p><p>2011-2013 y\u0131llar\u0131 aras\u0131nda <strong>Boz\u00fcy\u00fck Devlet Hastanesinde plastik, rekonstr\u00fcktif ve estetik cerrahi uzman\u0131 olarak g\u00f6rev yapt\u0131.<\/strong><\/p><p>2013-2015 y\u0131llar\u0131 aras\u0131nda <strong>\u0130zmit Seka Devlet Hastanesinde plastik, rekonstr\u00fcktif ve estetik cerrahi uzman\u0131 olarak g\u00f6rev yapt\u0131.<\/strong><\/p><p>2015-2016 y\u0131llar\u0131 aras\u0131nda <strong>\u00d6zel Safa Hastane Grubunda plastik, rekonstr\u00fcktif ve estetik cerrahi uzman\u0131 olarak g\u00f6rev yapt\u0131.<\/strong><\/p><p>2016-2017 y\u0131llar\u0131 aras\u0131nda <strong>Mahmut Nuri KARATOPRAK \u00d6zel Klini\u011finde y\u00f6netici doktor olarak \u00e7al\u0131\u015ft\u0131.<\/strong><\/p><p>2017-2019 d\u00f6neminde <strong>Atlas \u00dcniversitesi Medicine Hastanesinde<\/strong>\u00a0plastik, rekonstr\u00fcktif ve estetik cerrahi uzman\u0131 olarak \u00e7al\u0131\u015ft\u0131.\u00a02019 y\u0131l\u0131ndan bu yana <strong>Avrupa \u00d6zel Klini\u011fi b\u00fcnyesinde \u0130S\u00dc Medical Park Gaziosmanpa\u015fa Hastanesinde<\/strong> <strong>plastik rekonstr\u00fcktif ve estetik cerrahi operasyonlar\u0131 yapmaktad\u0131r.<\/strong><\/p>\t\t\t\t\t\t<\/div>\n\t\t\t\t<\/div>\n\t\t\t\t\t<\/div>\n\t\t<\/div>\n\t\t\t\t\t\t\t<\/div>\n\t\t<\/section>\n\t\t\t\t<section class=\"elementor-section elementor-top-section elementor-element elementor-element-8d825d9 elementor-section-content-middle elementor-section-stretched elementor-section-boxed elementor-section-height-default elementor-section-height-default wd-section-disabled\" data-id=\"8d825d9\" data-element_type=\"section\" data-settings=\"{&quot;stretch_section&quot;:&quot;section-stretched&quot;,&quot;background_background&quot;:&quot;classic&quot;}\">\n\t\t\t\t\t\t<div class=\"elementor-container elementor-column-gap-default\">\n\t\t\t\t\t<div class=\"elementor-column elementor-col-100 elementor-top-column elementor-element elementor-element-9d8c806 wd-elementor-sticky-column wd_sticky_offset_150\" data-id=\"9d8c806\" data-element_type=\"column\">\n\t\t\t<div class=\"elementor-widget-wrap elementor-element-populated\">\n\t\t\t\t\t\t\t\t<div class=\"elementor-element elementor-element-44fec8f elementor-widget elementor-widget-wd_title\" data-id=\"44fec8f\" data-element_type=\"widget\" data-widget_type=\"wd_title.default\">\n\t\t\t\t<div class=\"elementor-widget-container\">\n\t\t\t\t\t<div class=\"title-wrapper woodmart-title-color-default woodmart-title-style-default woodmart-title-size-extra-large text-left\">\n\n\t\t\t\n\t\t\t<div class=\"liner-continer\">\n\t\t\t\t<span class=\"left-line\"><\/span>\n\n\t\t\t\t<h4 class=\"woodmart-title-container title\">\n\t\t\t\t\t\u00c7al\u0131\u015fmalar\t\t\t\t<\/h4>\n\n\t\t\t\t\n\t\t\t\t<span class=\"right-line\"><\/span>\n\t\t\t<\/div>\n\n\t\t\t\t\t<\/div>\n\t\t\t\t<\/div>\n\t\t\t\t<\/div>\n\t\t\t\t<div class=\"elementor-element elementor-element-592f73c color-scheme-dark text-left elementor-widget elementor-widget-text-editor\" data-id=\"592f73c\" data-element_type=\"widget\" data-widget_type=\"text-editor.default\">\n\t\t\t\t<div class=\"elementor-widget-container\">\n\t\t\t\t\t\t\t\t<em>Research and Publications:<\/em>\n\n<strong>Domestic Publications<\/strong>\n\n1- T\u00fcrkmen A., Berbero\u011flu \u00d6., Karatoprak M.N., Bekerecio\u011flu M., Mutaf M. (2011) Lower lip cancers: a 10-year retrospective review, Gaziantep Medical Journal, 17 (2): 73-76\t\t\t\t\t\t<\/div>\n\t\t\t\t<\/div>\n\t\t\t\t\t<\/div>\n\t\t<\/div>\n\t\t\t\t\t\t\t<\/div>\n\t\t<\/section>\n\t\t\t\t<section class=\"elementor-section elementor-top-section elementor-element elementor-element-bbbb519 elementor-section-content-middle elementor-section-stretched elementor-section-boxed elementor-section-height-default elementor-section-height-default wd-section-disabled\" data-id=\"bbbb519\" data-element_type=\"section\" data-settings=\"{&quot;stretch_section&quot;:&quot;section-stretched&quot;,&quot;background_background&quot;:&quot;classic&quot;}\">\n\t\t\t\t\t\t<div class=\"elementor-container elementor-column-gap-default\">\n\t\t\t\t\t<div class=\"elementor-column elementor-col-100 elementor-top-column elementor-element elementor-element-ca79029 wd-elementor-sticky-column wd_sticky_offset_150\" data-id=\"ca79029\" data-element_type=\"column\">\n\t\t\t<div class=\"elementor-widget-wrap elementor-element-populated\">\n\t\t\t\t\t\t\t\t<div class=\"elementor-element elementor-element-f57a48a elementor-widget elementor-widget-wd_title\" data-id=\"f57a48a\" data-element_type=\"widget\" data-widget_type=\"wd_title.default\">\n\t\t\t\t<div class=\"elementor-widget-container\">\n\t\t\t\t\t<div class=\"title-wrapper woodmart-title-color-default woodmart-title-style-default woodmart-title-size-extra-large text-left\">\n\n\t\t\t\n\t\t\t<div class=\"liner-continer\">\n\t\t\t\t<span class=\"left-line\"><\/span>\n\n\t\t\t\t<h4 class=\"woodmart-title-container title\">\n\t\t\t\t\tMakaleler\t\t\t\t<\/h4>\n\n\t\t\t\t\n\t\t\t\t<span class=\"right-line\"><\/span>\n\t\t\t<\/div>\n\n\t\t\t\t\t<\/div>\n\t\t\t\t<\/div>\n\t\t\t\t<\/div>\n\t\t\t\t<div class=\"elementor-element elementor-element-aa6b763 color-scheme-dark text-left elementor-widget elementor-widget-text-editor\" data-id=\"aa6b763\" data-element_type=\"widget\" data-widget_type=\"text-editor.default\">\n\t\t\t\t<div class=\"elementor-widget-container\">\n\t\t\t\t\t\t\t\t<p><strong>Yurti\u00e7i Makaleler<\/strong><\/p><p><strong><em>Yurti\u00e7i S\u00f6zl\u00fc Sunumlar<\/em><\/strong><\/p><p><em>1- Mutaf M, I\u015f\u0131k D, Bulut \u00d6, Karatoprak M.N., Sunay M, A New Technique for Closure of Lateral Cantal Defects; Spider Procedure. 28th National Turkish Plastic Reconstructive and Aesthetic Surgery Congress, Ankara September 2006 (Oral Presentation, Speaker)<\/em><\/p><p><em>2- Mutaf M, I\u015f\u0131k D, Karatoprak M.N., Bulut \u00d6., G\u00fcnal E. Bilateral Sideband Reconstruction with Occipital Artery Island Flap; Case Report, 28th National Turkish Plastic Reconstructive and Aesthetic Surgery Congress, Konya September 2005 (Oral Presentation, Speaker)<\/em><\/p><p><em>3- Mutaf M, Is\u0131k D, Bulut \u00d6, Karatoprak M.N., Sunay M, The Use of Sartorius Perforator Flap in Fournier Gangrene. 28th National Turkish Plastic, Reconstructive and Aesthetic Surgery Congress, Konya September 2005 (Oral Presentation, Speaker)<\/em><\/p><p><em>4- Mutaf M., I\u015f\u0131k D., Do\u011fan M., Bulut \u00d6., Karatoprak M.N. Soles is off the heel of Achilles and Defect Area a New teknik.28.t\u00fcrk Plastic Reconstructive and Aesthetic Surgery National Congress, Sept. 20-23, Ankara, Turkey, 2006. (Oral presentation)<\/em><\/p><p><strong><em>Yurti\u00e7i Poster Makaleler <\/em><\/strong><\/p><p><em>1- Sunay M, B\u00fcy\u00fckg\u00fcral B, Do\u011fan M, Karatoprak M. N, Mutaf M \u201cScalp Replantation with Single Artery and Vein Anastomosis\u201d 29th National Turkish Plastic Reconstructive and Aesthetic Surgery Congress Eski\u015fehir September 2007 (Poster)<\/em><\/p><p><em>2- Mutaf M, Bulut \u00d6, Karatoprak M.N., Sunay M, A New Technique for Closure of Lateral Cantal Defects; Spider ProcedureOculoplasty Symposium Gaziantep April 2008. (Poster)<\/em><\/p>\t\t\t\t\t\t<\/div>\n\t\t\t\t<\/div>\n\t\t\t\t\t<\/div>\n\t\t<\/div>\n\t\t\t\t\t\t\t<\/div>\n\t\t<\/section>\n\t\t\t\t<section class=\"elementor-section elementor-top-section elementor-element elementor-element-7d2a475 elementor-section-content-middle elementor-section-stretched elementor-section-boxed elementor-section-height-default elementor-section-height-default wd-section-disabled\" data-id=\"7d2a475\" data-element_type=\"section\" data-settings=\"{&quot;stretch_section&quot;:&quot;section-stretched&quot;,&quot;background_background&quot;:&quot;classic&quot;}\">\n\t\t\t\t\t\t<div class=\"elementor-container elementor-column-gap-default\">\n\t\t\t\t\t<div class=\"elementor-column elementor-col-100 elementor-top-column elementor-element elementor-element-d278c8a wd-elementor-sticky-column wd_sticky_offset_150\" data-id=\"d278c8a\" data-element_type=\"column\">\n\t\t\t<div class=\"elementor-widget-wrap elementor-element-populated\">\n\t\t\t\t\t\t\t\t<div class=\"elementor-element elementor-element-5c7271e elementor-widget elementor-widget-wd_title\" data-id=\"5c7271e\" data-element_type=\"widget\" data-widget_type=\"wd_title.default\">\n\t\t\t\t<div class=\"elementor-widget-container\">\n\t\t\t\t\t<div class=\"title-wrapper woodmart-title-color-default woodmart-title-style-default woodmart-title-size-extra-large text-left\">\n\n\t\t\t\n\t\t\t<div class=\"liner-continer\">\n\t\t\t\t<span class=\"left-line\"><\/span>\n\n\t\t\t\t<h4 class=\"woodmart-title-container title\">\n\t\t\t\t\tDers Sempozyumu ve Kongre Kat\u0131l\u0131m\u0131\t\t\t\t<\/h4>\n\n\t\t\t\t\n\t\t\t\t<span class=\"right-line\"><\/span>\n\t\t\t<\/div>\n\n\t\t\t\t\t<\/div>\n\t\t\t\t<\/div>\n\t\t\t\t<\/div>\n\t\t\t\t<div class=\"elementor-element elementor-element-603471d color-scheme-dark text-left elementor-widget elementor-widget-text-editor\" data-id=\"603471d\" data-element_type=\"widget\" data-widget_type=\"text-editor.default\">\n\t\t\t\t<div class=\"elementor-widget-container\">\n\t\t\t\t\t\t\t\t<p><em>1- Non-Invasive Aesthetic Approaches (Botox and Filling Materials) \u00c7ukurova University Faculty of Medicine Plastic Surgery Department, Adana 2006<\/em><\/p><p><em>2- Rhinoplasty Symposium, Mersin University Medical Faculty Hospital Plastic Surgery Department, Mersin 2006<\/em><\/p><p>3- Maxillofacial Surgeons Association Course, Basic Principles and Applications of Maxillofacial Surgery, Uluda\u011f, Bursa March 2007<\/p><p>4- Rhinoplasty Winter Symposium Uluda\u011f Bursa March 2007<\/p><p>5- Oculoplasty Symposium, Gaziantep University, Faculty of Medicine, Department of Plastic Surgery, Gaziantep April 2008<\/p><p>6- Residency Student Basic Training Course Gaziantep University, Faculty of Medicine December 2008<\/p><p>7- Experiment Animal Course in Scientific Research Gaziantep University, Faculty of Medicine November 2009<\/p><p>8- 28. Turkish Plastic, Reconstructive and Aesthetic Surgery National Congress, Ankara, September 2006<\/p><p>9- 5. National Wound Care Congress Gaziantep October 2010<\/p><p>10- Aesthetic Plastic Surgery Association 15th National Congress Istanbul January 2011<\/p>\t\t\t\t\t\t<\/div>\n\t\t\t\t<\/div>\n\t\t\t\t\t<\/div>\n\t\t<\/div>\n\t\t\t\t\t\t\t<\/div>\n\t\t<\/section>\n\t\t\t\t\t\t<\/div>\n\t\t\t\t\t<\/div>\n\t\t","protected":false},"excerpt":{"rendered":"<p>Hakk\u0131mda 1978 y\u0131l\u0131nda T\u00fcrkiye&#8217;de do\u011fdu. 2003 y\u0131l\u0131nda \u00c7ukurova \u00dcniversitesi T\u0131p Fak\u00fcltesinden mezun oldu. 2005-2011 y\u0131llar\u0131 aras\u0131nda Gaziantep \u00dcniversitesi T\u0131p Fak\u00fcltesi&#8217;nden<\/p>\n","protected":false},"author":1,"featured_media":0,"parent":0,"menu_order":0,"comment_status":"closed","ping_status":"closed","template":"","meta":{"_monsterinsights_skip_tracking":false,"_monsterinsights_sitenote_active":false,"_monsterinsights_sitenote_note":"","_monsterinsights_sitenote_category":0,"footnotes":""},"class_list":["post-850","page","type-page","status-publish","hentry"],"_links":{"self":[{"href":"https:\/\/mahmutnurikaratoprak.com\/tr\/wp-json\/wp\/v2\/pages\/850","targetHints":{"allow":["GET"]}}],"collection":[{"href":"https:\/\/mahmutnurikaratoprak.com\/tr\/wp-json\/wp\/v2\/pages"}],"about":[{"href":"https:\/\/mahmutnurikaratoprak.com\/tr\/wp-json\/wp\/v2\/types\/page"}],"author":[{"embeddable":true,"href":"https:\/\/mahmutnurikaratoprak.com\/tr\/wp-json\/wp\/v2\/users\/1"}],"replies":[{"embeddable":true,"href":"https:\/\/mahmutnurikaratoprak.com\/tr\/wp-json\/wp\/v2\/comments?post=850"}],"version-history":[{"count":247,"href":"https:\/\/mahmutnurikaratoprak.com\/tr\/wp-json\/wp\/v2\/pages\/850\/revisions"}],"predecessor-version":[{"id":12676,"href":"https:\/\/mahmutnurikaratoprak.com\/tr\/wp-json\/wp\/v2\/pages\/850\/revisions\/12676"}],"wp:attachment":[{"href":"https:\/\/mahmutnurikaratoprak.com\/tr\/wp-json\/wp\/v2\/media?parent=850"}],"curies":[{"name":"wp","href":"https:\/\/api.w.org\/{rel}","templated":true}]}}